{"id":792,"date":"2023-12-11T16:58:21","date_gmt":"2023-12-11T15:58:21","guid":{"rendered":"https:\/\/www.hkm.ch\/?page_id=792"},"modified":"2024-03-15T12:44:09","modified_gmt":"2024-03-15T11:44:09","slug":"renovation-linoleum-pvc-caoutchouc","status":"publish","type":"page","link":"https:\/\/www.hkm.ch\/fr\/nos-prestations\/renovation-linoleum-pvc-caoutchouc\/","title":{"rendered":"R\u00e9novation linol\u00e9um, PVC &#038; caoutchouc"},"content":{"rendered":"\t\t<div data-elementor-type=\"wp-page\" data-elementor-id=\"792\" class=\"elementor elementor-792\" data-elementor-post-type=\"page\">\n\t\t\t\t<div class=\"elementor-element elementor-element-dfaa460 e-flex e-con-boxed e-con e-parent\" data-id=\"dfaa460\" data-element_type=\"container\" data-e-type=\"container\" data-settings=\"{&quot;background_background&quot;:&quot;classic&quot;}\">\n\t\t\t\t\t<div class=\"e-con-inner\">\n\t\t\t\t\t<\/div>\n\t\t\t\t<\/div>\n\t\t<div class=\"elementor-element elementor-element-21764ec e-flex e-con-boxed e-con e-parent\" data-id=\"21764ec\" data-element_type=\"container\" data-e-type=\"container\">\n\t\t\t\t\t<div class=\"e-con-inner\">\n\t\t\t\t<div class=\"elementor-element elementor-element-4beb99e elementor-widget elementor-widget-heading\" data-id=\"4beb99e\" data-element_type=\"widget\" data-e-type=\"widget\" data-widget_type=\"heading.default\">\n\t\t\t\t<div class=\"elementor-widget-container\">\n\t\t\t\t\t<h1 class=\"elementor-heading-title elementor-size-default\">R\u00c9NOVATION LINOL\u00c9UM, PVC &amp; CAOUTCHOUC\n<\/h1>\t\t\t\t<\/div>\n\t\t\t\t<\/div>\n\t\t<div class=\"elementor-element elementor-element-0aa46cc e-flex e-con-boxed e-con e-child\" data-id=\"0aa46cc\" data-element_type=\"container\" data-e-type=\"container\">\n\t\t\t\t\t<div class=\"e-con-inner\">\n\t\t<div class=\"elementor-element elementor-element-4baf096 e-con-full e-flex e-con e-child\" data-id=\"4baf096\" data-element_type=\"container\" data-e-type=\"container\">\n\t\t\t\t<div class=\"elementor-element elementor-element-97aa7db elementor-widget elementor-widget-text-editor\" data-id=\"97aa7db\" data-element_type=\"widget\" data-e-type=\"widget\" data-widget_type=\"text-editor.default\">\n\t\t\t\t<div class=\"elementor-widget-container\">\n\t\t\t\t\t\t\t\t\t<p>Votre rev\u00eatement linol\u00e9um\/PVC\/caoutchouc est devenu sale, d\u00e9fraichi et griff\u00e9. Avec nos divers traitements et solutions, nous pouvons donner une seconde vie \u00e0 votre rev\u00eatement. Finition transparente, teint\u00e9e, incrustation de logos, un choix vari\u00e9 peut vous \u00eatre propos\u00e9.\u00a0<\/p>\t\t\t\t\t\t\t\t<\/div>\n\t\t\t\t<\/div>\n\t\t\t\t<div class=\"elementor-element elementor-element-2bfa47e elementor-widget elementor-widget-heading\" data-id=\"2bfa47e\" data-element_type=\"widget\" data-e-type=\"widget\" data-widget_type=\"heading.default\">\n\t\t\t\t<div class=\"elementor-widget-container\">\n\t\t\t\t\t<h3 class=\"elementor-heading-title elementor-size-default\">Vous avez des questions sur la r\u00e9novation de vos sols ?<br>\nContactez-nous pour un rendez-vous :<\/h3>\t\t\t\t<\/div>\n\t\t\t\t<\/div>\n\t\t\t\t<div class=\"elementor-element elementor-element-aea8b22 elementor-widget elementor-widget-button\" data-id=\"aea8b22\" data-element_type=\"widget\" data-e-type=\"widget\" data-widget_type=\"button.default\">\n\t\t\t\t<div class=\"elementor-widget-container\">\n\t\t\t\t\t\t\t\t\t<div class=\"elementor-button-wrapper\">\n\t\t\t\t\t<a class=\"elementor-button elementor-button-link elementor-size-sm\" href=\"https:\/\/www.hkm.ch\/fr\/formulaire-de-contact\/\">\n\t\t\t\t\t\t<span class=\"elementor-button-content-wrapper\">\n\t\t\t\t\t\t<span class=\"elementor-button-icon\">\n\t\t\t\t<svg aria-hidden=\"true\" class=\"e-font-icon-svg e-far-envelope\" viewBox=\"0 0 512 512\" xmlns=\"http:\/\/www.w3.org\/2000\/svg\"><path d=\"M464 64H48C21.49 64 0 85.49 0 112v288c0 26.51 21.49 48 48 48h416c26.51 0 48-21.49 48-48V112c0-26.51-21.49-48-48-48zm0 48v40.805c-22.422 18.259-58.168 46.651-134.587 106.49-16.841 13.247-50.201 45.072-73.413 44.701-23.208.375-56.579-31.459-73.413-44.701C106.18 199.465 70.425 171.067 48 152.805V112h416zM48 400V214.398c22.914 18.251 55.409 43.862 104.938 82.646 21.857 17.205 60.134 55.186 103.062 54.955 42.717.231 80.509-37.199 103.053-54.947 49.528-38.783 82.032-64.401 104.947-82.653V400H48z\"><\/path><\/svg>\t\t\t<\/span>\n\t\t\t\t\t\t\t\t\t<span class=\"elementor-button-text\">  info@hkm.ch<\/span>\n\t\t\t\t\t<\/span>\n\t\t\t\t\t<\/a>\n\t\t\t\t<\/div>\n\t\t\t\t\t\t\t\t<\/div>\n\t\t\t\t<\/div>\n\t\t\t\t<\/div>\n\t\t<div class=\"elementor-element elementor-element-bbd7b87 e-con-full e-flex e-con e-child\" data-id=\"bbd7b87\" data-element_type=\"container\" data-e-type=\"container\">\n\t\t\t\t<div class=\"elementor-element elementor-element-74b35cc elementor-widget elementor-widget-heading\" data-id=\"74b35cc\" data-element_type=\"widget\" data-e-type=\"widget\" data-widget_type=\"heading.default\">\n\t\t\t\t<div class=\"elementor-widget-container\">\n\t\t\t\t\t<h2 class=\"elementor-heading-title elementor-size-default\">AVANTAGES<\/h2>\t\t\t\t<\/div>\n\t\t\t\t<\/div>\n\t\t\t\t<div class=\"elementor-element elementor-element-2bacffc elementor-widget elementor-widget-text-editor\" data-id=\"2bacffc\" data-element_type=\"widget\" data-e-type=\"widget\" data-widget_type=\"text-editor.default\">\n\t\t\t\t<div class=\"elementor-widget-container\">\n\t\t\t\t\t\t\t\t\t<ul><li>\u00c9COLOGIQUE<\/li><li>\u00c9CONOMIQUE<\/li><li>ESTH\u00c9TIQUE<\/li><li>R\u00c9SISTANT<\/li><li>RENOUVELABLE<\/li><li>PERSONNALISABLE\u00a0<\/li><\/ul>\t\t\t\t\t\t\t\t<\/div>\n\t\t\t\t<\/div>\n\t\t\t\t<\/div>\n\t\t<div class=\"elementor-element elementor-element-698fd06 e-con-full e-flex e-con e-child\" data-id=\"698fd06\" data-element_type=\"container\" data-e-type=\"container\" data-settings=\"{&quot;background_background&quot;:&quot;classic&quot;}\">\n\t\t\t\t<div class=\"elementor-element elementor-element-e4f27f4 elementor-widget elementor-widget-image\" data-id=\"e4f27f4\" data-element_type=\"widget\" data-e-type=\"widget\" data-widget_type=\"image.default\">\n\t\t\t\t<div class=\"elementor-widget-container\">\n\t\t\t\t\t\t\t\t\t\t\t\t\t\t\t<img fetchpriority=\"high\" decoding=\"async\" width=\"350\" height=\"218\" src=\"https:\/\/www.hkm.ch\/wp-content\/uploads\/2023\/12\/stratifie-f1cece21.png\" class=\"attachment-full size-full wp-image-518\" alt=\"\" srcset=\"https:\/\/www.hkm.ch\/wp-content\/uploads\/2023\/12\/stratifie-f1cece21.png 350w, https:\/\/www.hkm.ch\/wp-content\/uploads\/2023\/12\/stratifie-f1cece21-300x187.png 300w\" sizes=\"(max-width: 350px) 100vw, 350px\" \/>\t\t\t\t\t\t\t\t\t\t\t\t\t\t\t<\/div>\n\t\t\t\t<\/div>\n\t\t\t\t<\/div>\n\t\t\t\t\t<\/div>\n\t\t\t\t<\/div>\n\t\t\t\t\t<\/div>\n\t\t\t\t<\/div>\n\t\t\t\t<\/div>\n\t\t","protected":false},"excerpt":{"rendered":"<p>R\u00c9NOVATION LINOL\u00c9UM, PVC &#038; CAOUTCHOUC Votre rev\u00eatement linol\u00e9um\/PVC\/caoutchouc est devenu sale, d\u00e9fraichi et griff\u00e9. Avec nos divers traitements et solutions, nous pouvons donner une seconde vie \u00e0 votre rev\u00eatement. Finition transparente, teint\u00e9e, incrustation de logos, un choix vari\u00e9 peut vous \u00eatre propos\u00e9.\u00a0 Vous avez des questions sur la r\u00e9novation de vos sols ? Contactez-nous pour [&hellip;]<\/p>\n","protected":false},"author":1,"featured_media":0,"parent":2147,"menu_order":9,"comment_status":"closed","ping_status":"closed","template":"elementor_header_footer","meta":{"footnotes":""},"class_list":["post-792","page","type-page","status-publish","hentry"],"yoast_head":"<!-- This site is optimized with the Yoast SEO plugin v27.4 - https:\/\/yoast.com\/product\/yoast-seo-wordpress\/ -->\n<title>R\u00e9novation de linol\u00e9um, PVC, Caoutchouc etc. HKM SA est l\u00e0<\/title>\n<meta name=\"description\" content=\"Votre rev\u00eatement de sol m\u00e9rite d\u2019\u00eatre chang\u00e9\u202f? Chez HKM SA, nous r\u00e9alisons tous types de r\u00e9novation pour vos sols.\" \/>\n<meta name=\"robots\" content=\"index, follow, max-snippet:-1, max-image-preview:large, max-video-preview:-1\" \/>\n<link rel=\"canonical\" href=\"https:\/\/www.hkm.ch\/fr\/nos-prestations\/renovation-linoleum-pvc-caoutchouc\/\" \/>\n<meta property=\"og:locale\" content=\"fr_FR\" \/>\n<meta property=\"og:type\" content=\"article\" \/>\n<meta property=\"og:title\" content=\"R\u00e9novation de linol\u00e9um, PVC, Caoutchouc etc. HKM SA est l\u00e0\" \/>\n<meta property=\"og:description\" content=\"Votre rev\u00eatement de sol m\u00e9rite d\u2019\u00eatre chang\u00e9\u202f? Chez HKM SA, nous r\u00e9alisons tous types de r\u00e9novation pour vos sols.\" \/>\n<meta property=\"og:url\" content=\"https:\/\/www.hkm.ch\/fr\/nos-prestations\/renovation-linoleum-pvc-caoutchouc\/\" \/>\n<meta property=\"og:site_name\" content=\"HKM SA\" \/>\n<meta property=\"article:modified_time\" content=\"2024-03-15T11:44:09+00:00\" \/>\n<meta property=\"og:image\" content=\"https:\/\/www.hkm.ch\/wp-content\/uploads\/2023\/12\/stratifie-f1cece21.png\" \/>\n<meta name=\"twitter:card\" content=\"summary_large_image\" \/>\n<meta name=\"twitter:label1\" content=\"Dur\u00e9e de lecture estim\u00e9e\" \/>\n\t<meta name=\"twitter:data1\" content=\"1 minute\" \/>\n<script type=\"application\/ld+json\" class=\"yoast-schema-graph\">{\"@context\":\"https:\\\/\\\/schema.org\",\"@graph\":[{\"@type\":\"WebPage\",\"@id\":\"https:\\\/\\\/www.hkm.ch\\\/fr\\\/nos-prestations\\\/renovation-linoleum-pvc-caoutchouc\\\/\",\"url\":\"https:\\\/\\\/www.hkm.ch\\\/fr\\\/nos-prestations\\\/renovation-linoleum-pvc-caoutchouc\\\/\",\"name\":\"R\u00e9novation de linol\u00e9um, PVC, Caoutchouc etc. HKM SA est l\u00e0\",\"isPartOf\":{\"@id\":\"https:\\\/\\\/www.hkm.ch\\\/fr\\\/#website\"},\"primaryImageOfPage\":{\"@id\":\"https:\\\/\\\/www.hkm.ch\\\/fr\\\/nos-prestations\\\/renovation-linoleum-pvc-caoutchouc\\\/#primaryimage\"},\"image\":{\"@id\":\"https:\\\/\\\/www.hkm.ch\\\/fr\\\/nos-prestations\\\/renovation-linoleum-pvc-caoutchouc\\\/#primaryimage\"},\"thumbnailUrl\":\"https:\\\/\\\/www.hkm.ch\\\/wp-content\\\/uploads\\\/2023\\\/12\\\/stratifie-f1cece21.png\",\"datePublished\":\"2023-12-11T15:58:21+00:00\",\"dateModified\":\"2024-03-15T11:44:09+00:00\",\"description\":\"Votre rev\u00eatement de sol m\u00e9rite d\u2019\u00eatre chang\u00e9\u202f? Chez HKM SA, nous r\u00e9alisons tous types de r\u00e9novation pour vos sols.\",\"breadcrumb\":{\"@id\":\"https:\\\/\\\/www.hkm.ch\\\/fr\\\/nos-prestations\\\/renovation-linoleum-pvc-caoutchouc\\\/#breadcrumb\"},\"inLanguage\":\"fr-FR\",\"potentialAction\":[{\"@type\":\"ReadAction\",\"target\":[\"https:\\\/\\\/www.hkm.ch\\\/fr\\\/nos-prestations\\\/renovation-linoleum-pvc-caoutchouc\\\/\"]}]},{\"@type\":\"ImageObject\",\"inLanguage\":\"fr-FR\",\"@id\":\"https:\\\/\\\/www.hkm.ch\\\/fr\\\/nos-prestations\\\/renovation-linoleum-pvc-caoutchouc\\\/#primaryimage\",\"url\":\"https:\\\/\\\/www.hkm.ch\\\/wp-content\\\/uploads\\\/2023\\\/12\\\/stratifie-f1cece21.png\",\"contentUrl\":\"https:\\\/\\\/www.hkm.ch\\\/wp-content\\\/uploads\\\/2023\\\/12\\\/stratifie-f1cece21.png\"},{\"@type\":\"BreadcrumbList\",\"@id\":\"https:\\\/\\\/www.hkm.ch\\\/fr\\\/nos-prestations\\\/renovation-linoleum-pvc-caoutchouc\\\/#breadcrumb\",\"itemListElement\":[{\"@type\":\"ListItem\",\"position\":1,\"name\":\"Accueil\",\"item\":\"https:\\\/\\\/www.hkm.ch\\\/fr\\\/\"},{\"@type\":\"ListItem\",\"position\":2,\"name\":\"Nos prestations\",\"item\":\"https:\\\/\\\/www.hkm.ch\\\/fr\\\/nos-prestations\\\/\"},{\"@type\":\"ListItem\",\"position\":3,\"name\":\"R\u00e9novation linol\u00e9um, PVC &#038; caoutchouc\"}]},{\"@type\":\"WebSite\",\"@id\":\"https:\\\/\\\/www.hkm.ch\\\/fr\\\/#website\",\"url\":\"https:\\\/\\\/www.hkm.ch\\\/fr\\\/\",\"name\":\"HKM SA\",\"description\":\"\",\"publisher\":{\"@id\":\"https:\\\/\\\/www.hkm.ch\\\/fr\\\/#organization\"},\"potentialAction\":[{\"@type\":\"SearchAction\",\"target\":{\"@type\":\"EntryPoint\",\"urlTemplate\":\"https:\\\/\\\/www.hkm.ch\\\/fr\\\/?s={search_term_string}\"},\"query-input\":{\"@type\":\"PropertyValueSpecification\",\"valueRequired\":true,\"valueName\":\"search_term_string\"}}],\"inLanguage\":\"fr-FR\"},{\"@type\":\"Organization\",\"@id\":\"https:\\\/\\\/www.hkm.ch\\\/fr\\\/#organization\",\"name\":\"HKM SA\",\"url\":\"https:\\\/\\\/www.hkm.ch\\\/fr\\\/\",\"logo\":{\"@type\":\"ImageObject\",\"inLanguage\":\"fr-FR\",\"@id\":\"https:\\\/\\\/www.hkm.ch\\\/fr\\\/#\\\/schema\\\/logo\\\/image\\\/\",\"url\":\"https:\\\/\\\/www.hkm.ch\\\/wp-content\\\/uploads\\\/2023\\\/11\\\/logo-hkm-sa.webp\",\"contentUrl\":\"https:\\\/\\\/www.hkm.ch\\\/wp-content\\\/uploads\\\/2023\\\/11\\\/logo-hkm-sa.webp\",\"width\":250,\"height\":59,\"caption\":\"HKM SA\"},\"image\":{\"@id\":\"https:\\\/\\\/www.hkm.ch\\\/fr\\\/#\\\/schema\\\/logo\\\/image\\\/\"}}]}<\/script>\n<!-- \/ Yoast SEO plugin. -->","yoast_head_json":{"title":"R\u00e9novation de linol\u00e9um, PVC, Caoutchouc etc. HKM SA est l\u00e0","description":"Votre rev\u00eatement de sol m\u00e9rite d\u2019\u00eatre chang\u00e9\u202f? Chez HKM SA, nous r\u00e9alisons tous types de r\u00e9novation pour vos sols.","robots":{"index":"index","follow":"follow","max-snippet":"max-snippet:-1","max-image-preview":"max-image-preview:large","max-video-preview":"max-video-preview:-1"},"canonical":"https:\/\/www.hkm.ch\/fr\/nos-prestations\/renovation-linoleum-pvc-caoutchouc\/","og_locale":"fr_FR","og_type":"article","og_title":"R\u00e9novation de linol\u00e9um, PVC, Caoutchouc etc. HKM SA est l\u00e0","og_description":"Votre rev\u00eatement de sol m\u00e9rite d\u2019\u00eatre chang\u00e9\u202f? Chez HKM SA, nous r\u00e9alisons tous types de r\u00e9novation pour vos sols.","og_url":"https:\/\/www.hkm.ch\/fr\/nos-prestations\/renovation-linoleum-pvc-caoutchouc\/","og_site_name":"HKM SA","article_modified_time":"2024-03-15T11:44:09+00:00","og_image":[{"url":"https:\/\/www.hkm.ch\/wp-content\/uploads\/2023\/12\/stratifie-f1cece21.png","type":"","width":"","height":""}],"twitter_card":"summary_large_image","twitter_misc":{"Dur\u00e9e de lecture estim\u00e9e":"1 minute"},"schema":{"@context":"https:\/\/schema.org","@graph":[{"@type":"WebPage","@id":"https:\/\/www.hkm.ch\/fr\/nos-prestations\/renovation-linoleum-pvc-caoutchouc\/","url":"https:\/\/www.hkm.ch\/fr\/nos-prestations\/renovation-linoleum-pvc-caoutchouc\/","name":"R\u00e9novation de linol\u00e9um, PVC, Caoutchouc etc. HKM SA est l\u00e0","isPartOf":{"@id":"https:\/\/www.hkm.ch\/fr\/#website"},"primaryImageOfPage":{"@id":"https:\/\/www.hkm.ch\/fr\/nos-prestations\/renovation-linoleum-pvc-caoutchouc\/#primaryimage"},"image":{"@id":"https:\/\/www.hkm.ch\/fr\/nos-prestations\/renovation-linoleum-pvc-caoutchouc\/#primaryimage"},"thumbnailUrl":"https:\/\/www.hkm.ch\/wp-content\/uploads\/2023\/12\/stratifie-f1cece21.png","datePublished":"2023-12-11T15:58:21+00:00","dateModified":"2024-03-15T11:44:09+00:00","description":"Votre rev\u00eatement de sol m\u00e9rite d\u2019\u00eatre chang\u00e9\u202f? Chez HKM SA, nous r\u00e9alisons tous types de r\u00e9novation pour vos sols.","breadcrumb":{"@id":"https:\/\/www.hkm.ch\/fr\/nos-prestations\/renovation-linoleum-pvc-caoutchouc\/#breadcrumb"},"inLanguage":"fr-FR","potentialAction":[{"@type":"ReadAction","target":["https:\/\/www.hkm.ch\/fr\/nos-prestations\/renovation-linoleum-pvc-caoutchouc\/"]}]},{"@type":"ImageObject","inLanguage":"fr-FR","@id":"https:\/\/www.hkm.ch\/fr\/nos-prestations\/renovation-linoleum-pvc-caoutchouc\/#primaryimage","url":"https:\/\/www.hkm.ch\/wp-content\/uploads\/2023\/12\/stratifie-f1cece21.png","contentUrl":"https:\/\/www.hkm.ch\/wp-content\/uploads\/2023\/12\/stratifie-f1cece21.png"},{"@type":"BreadcrumbList","@id":"https:\/\/www.hkm.ch\/fr\/nos-prestations\/renovation-linoleum-pvc-caoutchouc\/#breadcrumb","itemListElement":[{"@type":"ListItem","position":1,"name":"Accueil","item":"https:\/\/www.hkm.ch\/fr\/"},{"@type":"ListItem","position":2,"name":"Nos prestations","item":"https:\/\/www.hkm.ch\/fr\/nos-prestations\/"},{"@type":"ListItem","position":3,"name":"R\u00e9novation linol\u00e9um, PVC &#038; caoutchouc"}]},{"@type":"WebSite","@id":"https:\/\/www.hkm.ch\/fr\/#website","url":"https:\/\/www.hkm.ch\/fr\/","name":"HKM SA","description":"","publisher":{"@id":"https:\/\/www.hkm.ch\/fr\/#organization"},"potentialAction":[{"@type":"SearchAction","target":{"@type":"EntryPoint","urlTemplate":"https:\/\/www.hkm.ch\/fr\/?s={search_term_string}"},"query-input":{"@type":"PropertyValueSpecification","valueRequired":true,"valueName":"search_term_string"}}],"inLanguage":"fr-FR"},{"@type":"Organization","@id":"https:\/\/www.hkm.ch\/fr\/#organization","name":"HKM SA","url":"https:\/\/www.hkm.ch\/fr\/","logo":{"@type":"ImageObject","inLanguage":"fr-FR","@id":"https:\/\/www.hkm.ch\/fr\/#\/schema\/logo\/image\/","url":"https:\/\/www.hkm.ch\/wp-content\/uploads\/2023\/11\/logo-hkm-sa.webp","contentUrl":"https:\/\/www.hkm.ch\/wp-content\/uploads\/2023\/11\/logo-hkm-sa.webp","width":250,"height":59,"caption":"HKM SA"},"image":{"@id":"https:\/\/www.hkm.ch\/fr\/#\/schema\/logo\/image\/"}}]}},"_links":{"self":[{"href":"https:\/\/www.hkm.ch\/fr\/wp-json\/wp\/v2\/pages\/792","targetHints":{"allow":["GET"]}}],"collection":[{"href":"https:\/\/www.hkm.ch\/fr\/wp-json\/wp\/v2\/pages"}],"about":[{"href":"https:\/\/www.hkm.ch\/fr\/wp-json\/wp\/v2\/types\/page"}],"author":[{"embeddable":true,"href":"https:\/\/www.hkm.ch\/fr\/wp-json\/wp\/v2\/users\/1"}],"replies":[{"embeddable":true,"href":"https:\/\/www.hkm.ch\/fr\/wp-json\/wp\/v2\/comments?post=792"}],"version-history":[{"count":13,"href":"https:\/\/www.hkm.ch\/fr\/wp-json\/wp\/v2\/pages\/792\/revisions"}],"predecessor-version":[{"id":2358,"href":"https:\/\/www.hkm.ch\/fr\/wp-json\/wp\/v2\/pages\/792\/revisions\/2358"}],"up":[{"embeddable":true,"href":"https:\/\/www.hkm.ch\/fr\/wp-json\/wp\/v2\/pages\/2147"}],"wp:attachment":[{"href":"https:\/\/www.hkm.ch\/fr\/wp-json\/wp\/v2\/media?parent=792"}],"curies":[{"name":"wp","href":"https:\/\/api.w.org\/{rel}","templated":true}]}}