{"id":686,"date":"2023-12-11T16:16:26","date_gmt":"2023-12-11T15:16:26","guid":{"rendered":"https:\/\/www.hkm.ch\/?page_id=686"},"modified":"2024-02-07T10:58:24","modified_gmt":"2024-02-07T09:58:24","slug":"le-pvc","status":"publish","type":"page","link":"https:\/\/www.hkm.ch\/fr\/nos-prestations\/revetements-de-sol\/le-pvc\/","title":{"rendered":"Le PVC"},"content":{"rendered":"\t\t<div data-elementor-type=\"wp-page\" data-elementor-id=\"686\" class=\"elementor elementor-686\" data-elementor-post-type=\"page\">\n\t\t\t\t<div class=\"elementor-element elementor-element-dd77816 e-flex e-con-boxed e-con e-parent\" data-id=\"dd77816\" data-element_type=\"container\" data-e-type=\"container\" data-settings=\"{&quot;background_background&quot;:&quot;classic&quot;}\">\n\t\t\t\t\t<div class=\"e-con-inner\">\n\t\t\t\t\t<\/div>\n\t\t\t\t<\/div>\n\t\t<div class=\"elementor-element elementor-element-57e7da4 e-flex e-con-boxed e-con e-parent\" data-id=\"57e7da4\" data-element_type=\"container\" data-e-type=\"container\">\n\t\t\t\t\t<div class=\"e-con-inner\">\n\t\t\t\t<div class=\"elementor-element elementor-element-6630197 elementor-widget elementor-widget-heading\" data-id=\"6630197\" data-element_type=\"widget\" data-e-type=\"widget\" data-widget_type=\"heading.default\">\n\t\t\t\t<div class=\"elementor-widget-container\">\n\t\t\t\t\t<h1 class=\"elementor-heading-title elementor-size-default\">LE PVC<\/h1>\t\t\t\t<\/div>\n\t\t\t\t<\/div>\n\t\t\t\t<div class=\"elementor-element elementor-element-bcbc623 elementor-widget elementor-widget-heading\" data-id=\"bcbc623\" data-element_type=\"widget\" data-e-type=\"widget\" data-widget_type=\"heading.default\">\n\t\t\t\t<div class=\"elementor-widget-container\">\n\t\t\t\t\t<h2 class=\"elementor-heading-title elementor-size-default\">QUALIT\u00c9 ET ROBUSTESSE<\/h2>\t\t\t\t<\/div>\n\t\t\t\t<\/div>\n\t\t<div class=\"elementor-element elementor-element-9ccb055 e-flex e-con-boxed e-con e-child\" data-id=\"9ccb055\" data-element_type=\"container\" data-e-type=\"container\">\n\t\t\t\t\t<div class=\"e-con-inner\">\n\t\t<div class=\"elementor-element elementor-element-c967026 e-con-full e-flex e-con e-child\" data-id=\"c967026\" data-element_type=\"container\" data-e-type=\"container\">\n\t\t\t\t<div class=\"elementor-element elementor-element-75bdc64 elementor-widget elementor-widget-text-editor\" data-id=\"75bdc64\" data-element_type=\"widget\" data-e-type=\"widget\" data-widget_type=\"text-editor.default\">\n\t\t\t\t<div class=\"elementor-widget-container\">\n\t\t\t\t\t\t\t\t\t<p>Le polychlorure de vinyle a \u00e9t\u00e9 d\u00e9couvert par accident en 1835. Il est plus facilement appel\u00e9 PVC. Le PVC est pr\u00e9sent\u00e9 aujourd\u2019hui en plusieurs variantes: <strong>imitation bois, pierre, li\u00e8ge, carrelage<\/strong>, chin\u00e9 ou encore uni. Il est id\u00e9al pour les chambres d\u2019enfants, les salles de bain et les h\u00f4pitaux, car il est facile d\u2019entretien et supporte les passages tr\u00e8s fr\u00e9quent\u00e9s.\u00a0<\/p>\t\t\t\t\t\t\t\t<\/div>\n\t\t\t\t<\/div>\n\t\t\t\t<div class=\"elementor-element elementor-element-54ddbfd elementor-widget elementor-widget-heading\" data-id=\"54ddbfd\" data-element_type=\"widget\" data-e-type=\"widget\" data-widget_type=\"heading.default\">\n\t\t\t\t<div class=\"elementor-widget-container\">\n\t\t\t\t\t<h3 class=\"elementor-heading-title elementor-size-default\">Vous avez des questions sur la pose de PVC ?<br>\nContactez-nous pour un rendez-vous :<\/h3>\t\t\t\t<\/div>\n\t\t\t\t<\/div>\n\t\t\t\t<div class=\"elementor-element elementor-element-ec17dd9 elementor-widget elementor-widget-button\" data-id=\"ec17dd9\" data-element_type=\"widget\" data-e-type=\"widget\" data-widget_type=\"button.default\">\n\t\t\t\t<div class=\"elementor-widget-container\">\n\t\t\t\t\t\t\t\t\t<div class=\"elementor-button-wrapper\">\n\t\t\t\t\t<a class=\"elementor-button elementor-button-link elementor-size-sm\" href=\"https:\/\/www.hkm.ch\/fr\/formulaire-de-contact\/\">\n\t\t\t\t\t\t<span class=\"elementor-button-content-wrapper\">\n\t\t\t\t\t\t<span class=\"elementor-button-icon\">\n\t\t\t\t<svg aria-hidden=\"true\" class=\"e-font-icon-svg e-far-envelope\" viewBox=\"0 0 512 512\" xmlns=\"http:\/\/www.w3.org\/2000\/svg\"><path d=\"M464 64H48C21.49 64 0 85.49 0 112v288c0 26.51 21.49 48 48 48h416c26.51 0 48-21.49 48-48V112c0-26.51-21.49-48-48-48zm0 48v40.805c-22.422 18.259-58.168 46.651-134.587 106.49-16.841 13.247-50.201 45.072-73.413 44.701-23.208.375-56.579-31.459-73.413-44.701C106.18 199.465 70.425 171.067 48 152.805V112h416zM48 400V214.398c22.914 18.251 55.409 43.862 104.938 82.646 21.857 17.205 60.134 55.186 103.062 54.955 42.717.231 80.509-37.199 103.053-54.947 49.528-38.783 82.032-64.401 104.947-82.653V400H48z\"><\/path><\/svg>\t\t\t<\/span>\n\t\t\t\t\t\t\t\t\t<span class=\"elementor-button-text\">  info@hkm.ch<\/span>\n\t\t\t\t\t<\/span>\n\t\t\t\t\t<\/a>\n\t\t\t\t<\/div>\n\t\t\t\t\t\t\t\t<\/div>\n\t\t\t\t<\/div>\n\t\t\t\t<\/div>\n\t\t<div class=\"elementor-element elementor-element-6019d1b e-con-full e-flex e-con e-child\" data-id=\"6019d1b\" data-element_type=\"container\" data-e-type=\"container\">\n\t\t\t\t<div class=\"elementor-element elementor-element-8514661 elementor-widget elementor-widget-heading\" data-id=\"8514661\" data-element_type=\"widget\" data-e-type=\"widget\" data-widget_type=\"heading.default\">\n\t\t\t\t<div class=\"elementor-widget-container\">\n\t\t\t\t\t<h2 class=\"elementor-heading-title elementor-size-default\">AVANTAGES<\/h2>\t\t\t\t<\/div>\n\t\t\t\t<\/div>\n\t\t\t\t<div class=\"elementor-element elementor-element-4136cb4 elementor-widget elementor-widget-text-editor\" data-id=\"4136cb4\" data-element_type=\"widget\" data-e-type=\"widget\" data-widget_type=\"text-editor.default\">\n\t\t\t\t<div class=\"elementor-widget-container\">\n\t\t\t\t\t\t\t\t\t<ul><li>RECYCLABLE<\/li><li>TR\u00c8S R\u00c9SISTANT<\/li><li>HYGI\u00c9NIQUE<\/li><li>FACILE D\u2019ENTRETIEN<\/li><li>\u00c9CONOMIQUE<\/li><li>GRAND CHOIX\u00a0<\/li><\/ul>\t\t\t\t\t\t\t\t<\/div>\n\t\t\t\t<\/div>\n\t\t\t\t<\/div>\n\t\t<div class=\"elementor-element elementor-element-8514228 e-con-full e-flex e-con e-child\" data-id=\"8514228\" data-element_type=\"container\" data-e-type=\"container\" data-settings=\"{&quot;background_background&quot;:&quot;classic&quot;}\">\n\t\t\t\t<div class=\"elementor-element elementor-element-98cc52b elementor-widget elementor-widget-image\" data-id=\"98cc52b\" data-element_type=\"widget\" data-e-type=\"widget\" data-widget_type=\"image.default\">\n\t\t\t\t<div class=\"elementor-widget-container\">\n\t\t\t\t\t\t\t\t\t\t\t\t\t\t\t<img fetchpriority=\"high\" decoding=\"async\" width=\"350\" height=\"218\" src=\"https:\/\/www.hkm.ch\/wp-content\/uploads\/2023\/12\/stratifie-617f310b.png\" class=\"attachment-full size-full wp-image-652\" alt=\"\" srcset=\"https:\/\/www.hkm.ch\/wp-content\/uploads\/2023\/12\/stratifie-617f310b.png 350w, https:\/\/www.hkm.ch\/wp-content\/uploads\/2023\/12\/stratifie-617f310b-300x187.png 300w\" sizes=\"(max-width: 350px) 100vw, 350px\" \/>\t\t\t\t\t\t\t\t\t\t\t\t\t\t\t<\/div>\n\t\t\t\t<\/div>\n\t\t\t\t<\/div>\n\t\t\t\t\t<\/div>\n\t\t\t\t<\/div>\n\t\t\t\t\t<\/div>\n\t\t\t\t<\/div>\n\t\t<div class=\"elementor-element elementor-element-6588de6 e-flex e-con-boxed e-con e-parent\" data-id=\"6588de6\" data-element_type=\"container\" data-e-type=\"container\">\n\t\t\t\t\t<div class=\"e-con-inner\">\n\t\t\t\t<div class=\"elementor-element elementor-element-4bb47fb elementor-widget elementor-widget-heading\" data-id=\"4bb47fb\" data-element_type=\"widget\" data-e-type=\"widget\" data-widget_type=\"heading.default\">\n\t\t\t\t<div class=\"elementor-widget-container\">\n\t\t\t\t\t<h2 class=\"elementor-heading-title elementor-size-default\">Ces articles pourraient vous int\u00e9resser <\/h2>\t\t\t\t<\/div>\n\t\t\t\t<\/div>\n\t\t<div class=\"elementor-element elementor-element-9f7f876 e-flex e-con-boxed e-con e-child\" data-id=\"9f7f876\" data-element_type=\"container\" data-e-type=\"container\">\n\t\t\t\t\t<div class=\"e-con-inner\">\n\t\t\t\t<div class=\"elementor-element elementor-element-26fc5be elementor-grid-3 elementor-grid-tablet-2 elementor-grid-mobile-1 elementor-widget elementor-widget-loop-grid\" data-id=\"26fc5be\" data-element_type=\"widget\" data-e-type=\"widget\" data-settings=\"{&quot;template_id&quot;:1946,&quot;columns&quot;:3,&quot;_skin&quot;:&quot;post&quot;,&quot;columns_tablet&quot;:&quot;2&quot;,&quot;columns_mobile&quot;:&quot;1&quot;,&quot;edit_handle_selector&quot;:&quot;[data-elementor-type=\\&quot;loop-item\\&quot;]&quot;,&quot;row_gap&quot;:{&quot;unit&quot;:&quot;px&quot;,&quot;size&quot;:&quot;&quot;,&quot;sizes&quot;:[]},&quot;row_gap_tablet&quot;:{&quot;unit&quot;:&quot;px&quot;,&quot;size&quot;:&quot;&quot;,&quot;sizes&quot;:[]},&quot;row_gap_mobile&quot;:{&quot;unit&quot;:&quot;px&quot;,&quot;size&quot;:&quot;&quot;,&quot;sizes&quot;:[]}}\" data-widget_type=\"loop-grid.post\">\n\t\t\t\t<div class=\"elementor-widget-container\">\n\t\t\t\t\t\t\t<div class=\"elementor-loop-container elementor-grid\" role=\"list\">\n\t\t<style id=\"loop-1946\">.elementor-1946 .elementor-element.elementor-element-3acff90{--display:flex;--justify-content:space-between;--padding-top:0px;--padding-bottom:0px;--padding-left:0px;--padding-right:0px;}.elementor-1946 .elementor-element.elementor-element-a051ac9{--display:flex;--gap:10px 10px;--row-gap:10px;--column-gap:10px;--margin-top:0px;--margin-bottom:0px;--margin-left:0px;--margin-right:0px;--padding-top:0px;--padding-bottom:0px;--padding-left:0px;--padding-right:0px;}.elementor-widget-theme-post-featured-image .widget-image-caption{color:var( --e-global-color-text );font-family:var( --e-global-typography-text-font-family ), Sans-serif;font-weight:var( --e-global-typography-text-font-weight );}.elementor-1946 .elementor-element.elementor-element-deb0f88 img{height:260px;object-fit:cover;object-position:center center;}.elementor-widget-theme-post-title .elementor-heading-title{font-family:var( --e-global-typography-primary-font-family ), Sans-serif;font-weight:var( --e-global-typography-primary-font-weight );color:var( --e-global-color-primary );}.elementor-1946 .elementor-element.elementor-element-501e965 .elementor-heading-title{font-family:\"Roboto opti\", Sans-serif;font-size:22px;font-weight:200;line-height:26px;color:#FFFFFFEE;}.elementor-1946 .elementor-element.elementor-element-501e965 > .elementor-widget-container{margin:10px 0px 0px 0px;}.elementor-widget-theme-post-excerpt .elementor-widget-container{font-family:var( --e-global-typography-text-font-family ), Sans-serif;font-weight:var( --e-global-typography-text-font-weight );color:var( --e-global-color-text );}.elementor-1946 .elementor-element.elementor-element-4d17438 .elementor-widget-container{font-family:\"Roboto opti\", Sans-serif;font-size:18px;font-weight:300;line-height:25px;color:var( --e-global-color-9d3b5f3 );}.elementor-widget-button .elementor-button{font-family:var( --e-global-typography-accent-font-family ), Sans-serif;font-weight:var( --e-global-typography-accent-font-weight );background-color:var( --e-global-color-accent );}.elementor-1946 .elementor-element.elementor-element-ae3cf76 .elementor-button{font-size:16px;font-weight:500;fill:#FFFFFF;color:#FFFFFF;background-color:#302E31;border-style:solid;border-width:1px 1px 1px 1px;border-radius:2px 2px 2px 2px;}.elementor-1946 .elementor-element.elementor-element-ae3cf76 .elementor-button:hover, .elementor-1946 .elementor-element.elementor-element-ae3cf76 .elementor-button:focus{color:#242325;background-color:#B1B3B4;border-color:#B1B3B4;}.elementor-1946 .elementor-element.elementor-element-ae3cf76 .elementor-button:hover svg, .elementor-1946 .elementor-element.elementor-element-ae3cf76 .elementor-button:focus svg{fill:#242325;}@media(max-width:767px){.elementor-1946 .elementor-element.elementor-element-deb0f88 img{height:150px;object-fit:cover;}}@media(min-width:768px){.elementor-1946 .elementor-element.elementor-element-3acff90{--width:100%;}}@media(max-width:1024px) and (min-width:768px){.elementor-1946 .elementor-element.elementor-element-3acff90{--width:100%;}}<\/style>\t\t<div data-elementor-type=\"loop-item\" data-elementor-id=\"1946\" class=\"elementor elementor-1946 e-loop-item e-loop-item-1466 post-1466 post type-post status-publish format-standard has-post-thumbnail hentry category-articles-by-hkm category-sols\" data-elementor-post-type=\"elementor_library\" data-custom-edit-handle=\"1\">\n\t\t\t<div class=\"elementor-element elementor-element-3acff90 e-con-full e-flex e-con e-child\" data-id=\"3acff90\" data-element_type=\"container\" data-e-type=\"container\">\n\t\t<div class=\"elementor-element elementor-element-a051ac9 e-con-full e-flex e-con e-child\" data-id=\"a051ac9\" data-element_type=\"container\" data-e-type=\"container\">\n\t\t\t\t<div class=\"elementor-element elementor-element-deb0f88 elementor-widget elementor-widget-theme-post-featured-image elementor-widget-image\" data-id=\"deb0f88\" data-element_type=\"widget\" data-e-type=\"widget\" data-widget_type=\"theme-post-featured-image.default\">\n\t\t\t\t<div class=\"elementor-widget-container\">\n\t\t\t\t\t\t\t\t\t\t\t\t\t\t\t\t<a href=\"https:\/\/www.hkm.ch\/fr\/articles-by-hkm\/tendance-et-petit-budget-les-sols-plastiques-pvc-et-vinyle\/\">\n\t\t\t\t\t\t\t<img decoding=\"async\" width=\"768\" height=\"512\" src=\"https:\/\/www.hkm.ch\/wp-content\/uploads\/2024\/01\/article-pvc-hkm-768x512.webp\" class=\"attachment-medium_large size-medium_large wp-image-1472\" alt=\"\" srcset=\"https:\/\/www.hkm.ch\/wp-content\/uploads\/2024\/01\/article-pvc-hkm-768x512.webp 768w, https:\/\/www.hkm.ch\/wp-content\/uploads\/2024\/01\/article-pvc-hkm-300x200.webp 300w, https:\/\/www.hkm.ch\/wp-content\/uploads\/2024\/01\/article-pvc-hkm-1024x683.webp 1024w, https:\/\/www.hkm.ch\/wp-content\/uploads\/2024\/01\/article-pvc-hkm.webp 1200w\" sizes=\"(max-width: 768px) 100vw, 768px\" \/>\t\t\t\t\t\t\t\t<\/a>\n\t\t\t\t\t\t\t\t\t\t\t\t\t\t\t<\/div>\n\t\t\t\t<\/div>\n\t\t\t\t<div class=\"elementor-element elementor-element-501e965 elementor-widget elementor-widget-theme-post-title elementor-page-title elementor-widget-heading\" data-id=\"501e965\" data-element_type=\"widget\" data-e-type=\"widget\" data-widget_type=\"theme-post-title.default\">\n\t\t\t\t<div class=\"elementor-widget-container\">\n\t\t\t\t\t<h2 class=\"elementor-heading-title elementor-size-default\"><a href=\"https:\/\/www.hkm.ch\/fr\/articles-by-hkm\/tendance-et-petit-budget-les-sols-plastiques-pvc-et-vinyle\/\">Tendance et petit budget: les sols plastiques \u2013 PVC et Vinyle<\/a><\/h2>\t\t\t\t<\/div>\n\t\t\t\t<\/div>\n\t\t\t\t<div class=\"elementor-element elementor-element-4d17438 elementor-widget elementor-widget-theme-post-excerpt\" data-id=\"4d17438\" data-element_type=\"widget\" data-e-type=\"widget\" data-widget_type=\"theme-post-excerpt.default\">\n\t\t\t\t<div class=\"elementor-widget-container\">\n\t\t\t\t\tLes sols plastiques redeviennent tendances. Gr\u00e2ce \u00e0 l\u2019augmentation de la qualit\u00e9 de ces mat\u00e9riaux, c\u2019est l\u2019un des moyens les plus pratiques et les moins chers pour la mise en valeur de son chez-soi. Mais quels...\t\t\t\t<\/div>\n\t\t\t\t<\/div>\n\t\t\t\t<\/div>\n\t\t\t\t<div class=\"elementor-element elementor-element-ae3cf76 elementor-widget elementor-widget-button\" data-id=\"ae3cf76\" data-element_type=\"widget\" data-e-type=\"widget\" data-widget_type=\"button.default\">\n\t\t\t\t<div class=\"elementor-widget-container\">\n\t\t\t\t\t\t\t\t\t<div class=\"elementor-button-wrapper\">\n\t\t\t\t\t<a class=\"elementor-button elementor-button-link elementor-size-sm\" href=\"https:\/\/www.hkm.ch\/fr\/articles-by-hkm\/tendance-et-petit-budget-les-sols-plastiques-pvc-et-vinyle\/\">\n\t\t\t\t\t\t<span class=\"elementor-button-content-wrapper\">\n\t\t\t\t\t\t\t\t\t<span class=\"elementor-button-text\">Lire la suite<\/span>\n\t\t\t\t\t<\/span>\n\t\t\t\t\t<\/a>\n\t\t\t\t<\/div>\n\t\t\t\t\t\t\t\t<\/div>\n\t\t\t\t<\/div>\n\t\t\t\t<\/div>\n\t\t\t\t<\/div>\n\t\t\t\t<\/div>\n\t\t\n\t\t\t\t\t\t<\/div>\n\t\t\t\t<\/div>\n\t\t\t\t\t<\/div>\n\t\t\t\t<\/div>\n\t\t\t\t\t<\/div>\n\t\t\t\t<\/div>\n\t\t\t\t<\/div>\n\t\t","protected":false},"excerpt":{"rendered":"<p>LE PVC QUALIT\u00c9 ET ROBUSTESSE Le polychlorure de vinyle a \u00e9t\u00e9 d\u00e9couvert par accident en 1835. Il est plus facilement appel\u00e9 PVC. Le PVC est pr\u00e9sent\u00e9 aujourd\u2019hui en plusieurs variantes: imitation bois, pierre, li\u00e8ge, carrelage, chin\u00e9 ou encore uni. Il est id\u00e9al pour les chambres d\u2019enfants, les salles de bain et les h\u00f4pitaux, car il [&hellip;]<\/p>\n","protected":false},"author":1,"featured_media":0,"parent":2149,"menu_order":6,"comment_status":"closed","ping_status":"closed","template":"elementor_header_footer","meta":{"footnotes":""},"class_list":["post-686","page","type-page","status-publish","hentry"],"yoast_head":"<!-- This site is optimized with the Yoast SEO plugin v27.4 - https:\/\/yoast.com\/product\/yoast-seo-wordpress\/ -->\n<title>Sols en PVC, id\u00e9al pour les lieux avec passages fr\u00e9quents<\/title>\n<meta name=\"description\" content=\"Esth\u00e9tique, robuste et hygi\u00e9nique, HKM SA vous conseille sur le meilleur choix haute qualit\u00e9 et la pose pour le rev\u00eatement de votre sol en PVC\" \/>\n<meta name=\"robots\" content=\"index, follow, max-snippet:-1, max-image-preview:large, max-video-preview:-1\" \/>\n<link rel=\"canonical\" href=\"https:\/\/www.hkm.ch\/fr\/nos-prestations\/revetements-de-sol\/le-pvc\/\" \/>\n<meta property=\"og:locale\" content=\"fr_FR\" \/>\n<meta property=\"og:type\" content=\"article\" \/>\n<meta property=\"og:title\" content=\"Sols en PVC, id\u00e9al pour les lieux avec passages fr\u00e9quents\" \/>\n<meta property=\"og:description\" content=\"Esth\u00e9tique, robuste et hygi\u00e9nique, HKM SA vous conseille sur le meilleur choix haute qualit\u00e9 et la pose pour le rev\u00eatement de votre sol en PVC\" \/>\n<meta property=\"og:url\" content=\"https:\/\/www.hkm.ch\/fr\/nos-prestations\/revetements-de-sol\/le-pvc\/\" \/>\n<meta property=\"og:site_name\" content=\"HKM SA\" \/>\n<meta property=\"article:modified_time\" content=\"2024-02-07T09:58:24+00:00\" \/>\n<meta property=\"og:image\" content=\"https:\/\/www.hkm.ch\/wp-content\/uploads\/2023\/12\/stratifie-617f310b.png\" \/>\n<meta name=\"twitter:card\" content=\"summary_large_image\" \/>\n<meta name=\"twitter:label1\" content=\"Dur\u00e9e de lecture estim\u00e9e\" \/>\n\t<meta name=\"twitter:data1\" content=\"1 minute\" \/>\n<script type=\"application\/ld+json\" class=\"yoast-schema-graph\">{\"@context\":\"https:\\\/\\\/schema.org\",\"@graph\":[{\"@type\":\"WebPage\",\"@id\":\"https:\\\/\\\/www.hkm.ch\\\/fr\\\/nos-prestations\\\/revetements-de-sol\\\/le-pvc\\\/\",\"url\":\"https:\\\/\\\/www.hkm.ch\\\/fr\\\/nos-prestations\\\/revetements-de-sol\\\/le-pvc\\\/\",\"name\":\"Sols en PVC, id\u00e9al pour les lieux avec passages fr\u00e9quents\",\"isPartOf\":{\"@id\":\"https:\\\/\\\/www.hkm.ch\\\/fr\\\/#website\"},\"primaryImageOfPage\":{\"@id\":\"https:\\\/\\\/www.hkm.ch\\\/fr\\\/nos-prestations\\\/revetements-de-sol\\\/le-pvc\\\/#primaryimage\"},\"image\":{\"@id\":\"https:\\\/\\\/www.hkm.ch\\\/fr\\\/nos-prestations\\\/revetements-de-sol\\\/le-pvc\\\/#primaryimage\"},\"thumbnailUrl\":\"https:\\\/\\\/www.hkm.ch\\\/wp-content\\\/uploads\\\/2023\\\/12\\\/stratifie-617f310b.png\",\"datePublished\":\"2023-12-11T15:16:26+00:00\",\"dateModified\":\"2024-02-07T09:58:24+00:00\",\"description\":\"Esth\u00e9tique, robuste et hygi\u00e9nique, HKM SA vous conseille sur le meilleur choix haute qualit\u00e9 et la pose pour le rev\u00eatement de votre sol en PVC\",\"breadcrumb\":{\"@id\":\"https:\\\/\\\/www.hkm.ch\\\/fr\\\/nos-prestations\\\/revetements-de-sol\\\/le-pvc\\\/#breadcrumb\"},\"inLanguage\":\"fr-FR\",\"potentialAction\":[{\"@type\":\"ReadAction\",\"target\":[\"https:\\\/\\\/www.hkm.ch\\\/fr\\\/nos-prestations\\\/revetements-de-sol\\\/le-pvc\\\/\"]}]},{\"@type\":\"ImageObject\",\"inLanguage\":\"fr-FR\",\"@id\":\"https:\\\/\\\/www.hkm.ch\\\/fr\\\/nos-prestations\\\/revetements-de-sol\\\/le-pvc\\\/#primaryimage\",\"url\":\"https:\\\/\\\/www.hkm.ch\\\/wp-content\\\/uploads\\\/2023\\\/12\\\/stratifie-617f310b.png\",\"contentUrl\":\"https:\\\/\\\/www.hkm.ch\\\/wp-content\\\/uploads\\\/2023\\\/12\\\/stratifie-617f310b.png\"},{\"@type\":\"BreadcrumbList\",\"@id\":\"https:\\\/\\\/www.hkm.ch\\\/fr\\\/nos-prestations\\\/revetements-de-sol\\\/le-pvc\\\/#breadcrumb\",\"itemListElement\":[{\"@type\":\"ListItem\",\"position\":1,\"name\":\"Accueil\",\"item\":\"https:\\\/\\\/www.hkm.ch\\\/fr\\\/\"},{\"@type\":\"ListItem\",\"position\":2,\"name\":\"Nos prestations\",\"item\":\"https:\\\/\\\/www.hkm.ch\\\/fr\\\/nos-prestations\\\/\"},{\"@type\":\"ListItem\",\"position\":3,\"name\":\"Revetements de sol\",\"item\":\"https:\\\/\\\/www.hkm.ch\\\/fr\\\/nos-prestations\\\/revetements-de-sol\\\/\"},{\"@type\":\"ListItem\",\"position\":4,\"name\":\"Le PVC\"}]},{\"@type\":\"WebSite\",\"@id\":\"https:\\\/\\\/www.hkm.ch\\\/fr\\\/#website\",\"url\":\"https:\\\/\\\/www.hkm.ch\\\/fr\\\/\",\"name\":\"HKM SA\",\"description\":\"\",\"publisher\":{\"@id\":\"https:\\\/\\\/www.hkm.ch\\\/fr\\\/#organization\"},\"potentialAction\":[{\"@type\":\"SearchAction\",\"target\":{\"@type\":\"EntryPoint\",\"urlTemplate\":\"https:\\\/\\\/www.hkm.ch\\\/fr\\\/?s={search_term_string}\"},\"query-input\":{\"@type\":\"PropertyValueSpecification\",\"valueRequired\":true,\"valueName\":\"search_term_string\"}}],\"inLanguage\":\"fr-FR\"},{\"@type\":\"Organization\",\"@id\":\"https:\\\/\\\/www.hkm.ch\\\/fr\\\/#organization\",\"name\":\"HKM SA\",\"url\":\"https:\\\/\\\/www.hkm.ch\\\/fr\\\/\",\"logo\":{\"@type\":\"ImageObject\",\"inLanguage\":\"fr-FR\",\"@id\":\"https:\\\/\\\/www.hkm.ch\\\/fr\\\/#\\\/schema\\\/logo\\\/image\\\/\",\"url\":\"https:\\\/\\\/www.hkm.ch\\\/wp-content\\\/uploads\\\/2023\\\/11\\\/logo-hkm-sa.webp\",\"contentUrl\":\"https:\\\/\\\/www.hkm.ch\\\/wp-content\\\/uploads\\\/2023\\\/11\\\/logo-hkm-sa.webp\",\"width\":250,\"height\":59,\"caption\":\"HKM SA\"},\"image\":{\"@id\":\"https:\\\/\\\/www.hkm.ch\\\/fr\\\/#\\\/schema\\\/logo\\\/image\\\/\"}}]}<\/script>\n<!-- \/ Yoast SEO plugin. -->","yoast_head_json":{"title":"Sols en PVC, id\u00e9al pour les lieux avec passages fr\u00e9quents","description":"Esth\u00e9tique, robuste et hygi\u00e9nique, HKM SA vous conseille sur le meilleur choix haute qualit\u00e9 et la pose pour le rev\u00eatement de votre sol en PVC","robots":{"index":"index","follow":"follow","max-snippet":"max-snippet:-1","max-image-preview":"max-image-preview:large","max-video-preview":"max-video-preview:-1"},"canonical":"https:\/\/www.hkm.ch\/fr\/nos-prestations\/revetements-de-sol\/le-pvc\/","og_locale":"fr_FR","og_type":"article","og_title":"Sols en PVC, id\u00e9al pour les lieux avec passages fr\u00e9quents","og_description":"Esth\u00e9tique, robuste et hygi\u00e9nique, HKM SA vous conseille sur le meilleur choix haute qualit\u00e9 et la pose pour le rev\u00eatement de votre sol en PVC","og_url":"https:\/\/www.hkm.ch\/fr\/nos-prestations\/revetements-de-sol\/le-pvc\/","og_site_name":"HKM SA","article_modified_time":"2024-02-07T09:58:24+00:00","og_image":[{"url":"https:\/\/www.hkm.ch\/wp-content\/uploads\/2023\/12\/stratifie-617f310b.png","type":"","width":"","height":""}],"twitter_card":"summary_large_image","twitter_misc":{"Dur\u00e9e de lecture estim\u00e9e":"1 minute"},"schema":{"@context":"https:\/\/schema.org","@graph":[{"@type":"WebPage","@id":"https:\/\/www.hkm.ch\/fr\/nos-prestations\/revetements-de-sol\/le-pvc\/","url":"https:\/\/www.hkm.ch\/fr\/nos-prestations\/revetements-de-sol\/le-pvc\/","name":"Sols en PVC, id\u00e9al pour les lieux avec passages fr\u00e9quents","isPartOf":{"@id":"https:\/\/www.hkm.ch\/fr\/#website"},"primaryImageOfPage":{"@id":"https:\/\/www.hkm.ch\/fr\/nos-prestations\/revetements-de-sol\/le-pvc\/#primaryimage"},"image":{"@id":"https:\/\/www.hkm.ch\/fr\/nos-prestations\/revetements-de-sol\/le-pvc\/#primaryimage"},"thumbnailUrl":"https:\/\/www.hkm.ch\/wp-content\/uploads\/2023\/12\/stratifie-617f310b.png","datePublished":"2023-12-11T15:16:26+00:00","dateModified":"2024-02-07T09:58:24+00:00","description":"Esth\u00e9tique, robuste et hygi\u00e9nique, HKM SA vous conseille sur le meilleur choix haute qualit\u00e9 et la pose pour le rev\u00eatement de votre sol en PVC","breadcrumb":{"@id":"https:\/\/www.hkm.ch\/fr\/nos-prestations\/revetements-de-sol\/le-pvc\/#breadcrumb"},"inLanguage":"fr-FR","potentialAction":[{"@type":"ReadAction","target":["https:\/\/www.hkm.ch\/fr\/nos-prestations\/revetements-de-sol\/le-pvc\/"]}]},{"@type":"ImageObject","inLanguage":"fr-FR","@id":"https:\/\/www.hkm.ch\/fr\/nos-prestations\/revetements-de-sol\/le-pvc\/#primaryimage","url":"https:\/\/www.hkm.ch\/wp-content\/uploads\/2023\/12\/stratifie-617f310b.png","contentUrl":"https:\/\/www.hkm.ch\/wp-content\/uploads\/2023\/12\/stratifie-617f310b.png"},{"@type":"BreadcrumbList","@id":"https:\/\/www.hkm.ch\/fr\/nos-prestations\/revetements-de-sol\/le-pvc\/#breadcrumb","itemListElement":[{"@type":"ListItem","position":1,"name":"Accueil","item":"https:\/\/www.hkm.ch\/fr\/"},{"@type":"ListItem","position":2,"name":"Nos prestations","item":"https:\/\/www.hkm.ch\/fr\/nos-prestations\/"},{"@type":"ListItem","position":3,"name":"Revetements de sol","item":"https:\/\/www.hkm.ch\/fr\/nos-prestations\/revetements-de-sol\/"},{"@type":"ListItem","position":4,"name":"Le PVC"}]},{"@type":"WebSite","@id":"https:\/\/www.hkm.ch\/fr\/#website","url":"https:\/\/www.hkm.ch\/fr\/","name":"HKM SA","description":"","publisher":{"@id":"https:\/\/www.hkm.ch\/fr\/#organization"},"potentialAction":[{"@type":"SearchAction","target":{"@type":"EntryPoint","urlTemplate":"https:\/\/www.hkm.ch\/fr\/?s={search_term_string}"},"query-input":{"@type":"PropertyValueSpecification","valueRequired":true,"valueName":"search_term_string"}}],"inLanguage":"fr-FR"},{"@type":"Organization","@id":"https:\/\/www.hkm.ch\/fr\/#organization","name":"HKM SA","url":"https:\/\/www.hkm.ch\/fr\/","logo":{"@type":"ImageObject","inLanguage":"fr-FR","@id":"https:\/\/www.hkm.ch\/fr\/#\/schema\/logo\/image\/","url":"https:\/\/www.hkm.ch\/wp-content\/uploads\/2023\/11\/logo-hkm-sa.webp","contentUrl":"https:\/\/www.hkm.ch\/wp-content\/uploads\/2023\/11\/logo-hkm-sa.webp","width":250,"height":59,"caption":"HKM SA"},"image":{"@id":"https:\/\/www.hkm.ch\/fr\/#\/schema\/logo\/image\/"}}]}},"_links":{"self":[{"href":"https:\/\/www.hkm.ch\/fr\/wp-json\/wp\/v2\/pages\/686","targetHints":{"allow":["GET"]}}],"collection":[{"href":"https:\/\/www.hkm.ch\/fr\/wp-json\/wp\/v2\/pages"}],"about":[{"href":"https:\/\/www.hkm.ch\/fr\/wp-json\/wp\/v2\/types\/page"}],"author":[{"embeddable":true,"href":"https:\/\/www.hkm.ch\/fr\/wp-json\/wp\/v2\/users\/1"}],"replies":[{"embeddable":true,"href":"https:\/\/www.hkm.ch\/fr\/wp-json\/wp\/v2\/comments?post=686"}],"version-history":[{"count":25,"href":"https:\/\/www.hkm.ch\/fr\/wp-json\/wp\/v2\/pages\/686\/revisions"}],"predecessor-version":[{"id":2516,"href":"https:\/\/www.hkm.ch\/fr\/wp-json\/wp\/v2\/pages\/686\/revisions\/2516"}],"up":[{"embeddable":true,"href":"https:\/\/www.hkm.ch\/fr\/wp-json\/wp\/v2\/pages\/2149"}],"wp:attachment":[{"href":"https:\/\/www.hkm.ch\/fr\/wp-json\/wp\/v2\/media?parent=686"}],"curies":[{"name":"wp","href":"https:\/\/api.w.org\/{rel}","templated":true}]}}