{"id":677,"date":"2023-12-11T16:13:27","date_gmt":"2023-12-11T15:13:27","guid":{"rendered":"https:\/\/www.hkm.ch\/?page_id=677"},"modified":"2024-02-07T10:57:33","modified_gmt":"2024-02-07T09:57:33","slug":"le-caoutchouc","status":"publish","type":"page","link":"https:\/\/www.hkm.ch\/fr\/nos-prestations\/revetements-de-sol\/le-caoutchouc\/","title":{"rendered":"Le caoutchouc"},"content":{"rendered":"\t\t<div data-elementor-type=\"wp-page\" data-elementor-id=\"677\" class=\"elementor elementor-677\" data-elementor-post-type=\"page\">\n\t\t\t\t<div class=\"elementor-element elementor-element-ad418ff e-flex e-con-boxed e-con e-parent\" data-id=\"ad418ff\" data-element_type=\"container\" data-e-type=\"container\" data-settings=\"{&quot;background_background&quot;:&quot;classic&quot;}\">\n\t\t\t\t\t<div class=\"e-con-inner\">\n\t\t\t\t\t<\/div>\n\t\t\t\t<\/div>\n\t\t<div class=\"elementor-element elementor-element-3022233 e-flex e-con-boxed e-con e-parent\" data-id=\"3022233\" data-element_type=\"container\" data-e-type=\"container\">\n\t\t\t\t\t<div class=\"e-con-inner\">\n\t\t\t\t<div class=\"elementor-element elementor-element-6a79f85 elementor-widget elementor-widget-heading\" data-id=\"6a79f85\" data-element_type=\"widget\" data-e-type=\"widget\" data-widget_type=\"heading.default\">\n\t\t\t\t<div class=\"elementor-widget-container\">\n\t\t\t\t\t<h1 class=\"elementor-heading-title elementor-size-default\">LE CAOUTCHOUC<\/h1>\t\t\t\t<\/div>\n\t\t\t\t<\/div>\n\t\t\t\t<div class=\"elementor-element elementor-element-accfd1c elementor-widget elementor-widget-heading\" data-id=\"accfd1c\" data-element_type=\"widget\" data-e-type=\"widget\" data-widget_type=\"heading.default\">\n\t\t\t\t<div class=\"elementor-widget-container\">\n\t\t\t\t\t<h2 class=\"elementor-heading-title elementor-size-default\">UN REV\u00caTEMENT POUR CHAQUE SITUATION<\/h2>\t\t\t\t<\/div>\n\t\t\t\t<\/div>\n\t\t<div class=\"elementor-element elementor-element-e126337 e-flex e-con-boxed e-con e-child\" data-id=\"e126337\" data-element_type=\"container\" data-e-type=\"container\">\n\t\t\t\t\t<div class=\"e-con-inner\">\n\t\t<div class=\"elementor-element elementor-element-70a679f e-con-full e-flex e-con e-child\" data-id=\"70a679f\" data-element_type=\"container\" data-e-type=\"container\">\n\t\t\t\t<div class=\"elementor-element elementor-element-b2bc684 elementor-widget elementor-widget-text-editor\" data-id=\"b2bc684\" data-element_type=\"widget\" data-e-type=\"widget\" data-widget_type=\"text-editor.default\">\n\t\t\t\t<div class=\"elementor-widget-container\">\n\t\t\t\t\t\t\t\t\t<p>\u00abLarmes d\u2019arbre\u00bb telle est l\u2019origine indienne du mot caoutchouc qui provient d\u2019un arbre amazonien, l\u2019H\u00e9v\u00e9a. Le caoutchouc est id\u00e9al dans les lieux o\u00f9 la s\u00e9curit\u00e9 est importante, comme dans les \u00e9tablissements scolaires (cr\u00e8ches, \u00e9coles, universit\u00e9s), les aires de jeux, les salles de sport, les h\u00f4pitaux. Comme, il offre une grande facilit\u00e9 d\u2019entretien, il est optimal pour les b\u00e2timents publics ou les entreprises de grande superficie. Il peut ainsi \u00eatre utilis\u00e9 en ext\u00e9rieur comme en int\u00e9rieur.<\/p>\t\t\t\t\t\t\t\t<\/div>\n\t\t\t\t<\/div>\n\t\t\t\t<div class=\"elementor-element elementor-element-a0fe04c elementor-widget elementor-widget-heading\" data-id=\"a0fe04c\" data-element_type=\"widget\" data-e-type=\"widget\" data-widget_type=\"heading.default\">\n\t\t\t\t<div class=\"elementor-widget-container\">\n\t\t\t\t\t<h3 class=\"elementor-heading-title elementor-size-default\">Vous avez des questions sur la pose de caoutchouc ?<br>\nContactez-nous pour un rendez-vous :<\/h3>\t\t\t\t<\/div>\n\t\t\t\t<\/div>\n\t\t\t\t<div class=\"elementor-element elementor-element-eba919f elementor-widget elementor-widget-button\" data-id=\"eba919f\" data-element_type=\"widget\" data-e-type=\"widget\" data-widget_type=\"button.default\">\n\t\t\t\t<div class=\"elementor-widget-container\">\n\t\t\t\t\t\t\t\t\t<div class=\"elementor-button-wrapper\">\n\t\t\t\t\t<a class=\"elementor-button elementor-button-link elementor-size-sm\" href=\"https:\/\/www.hkm.ch\/fr\/formulaire-de-contact\/\">\n\t\t\t\t\t\t<span class=\"elementor-button-content-wrapper\">\n\t\t\t\t\t\t<span class=\"elementor-button-icon\">\n\t\t\t\t<svg aria-hidden=\"true\" class=\"e-font-icon-svg e-far-envelope\" viewBox=\"0 0 512 512\" xmlns=\"http:\/\/www.w3.org\/2000\/svg\"><path d=\"M464 64H48C21.49 64 0 85.49 0 112v288c0 26.51 21.49 48 48 48h416c26.51 0 48-21.49 48-48V112c0-26.51-21.49-48-48-48zm0 48v40.805c-22.422 18.259-58.168 46.651-134.587 106.49-16.841 13.247-50.201 45.072-73.413 44.701-23.208.375-56.579-31.459-73.413-44.701C106.18 199.465 70.425 171.067 48 152.805V112h416zM48 400V214.398c22.914 18.251 55.409 43.862 104.938 82.646 21.857 17.205 60.134 55.186 103.062 54.955 42.717.231 80.509-37.199 103.053-54.947 49.528-38.783 82.032-64.401 104.947-82.653V400H48z\"><\/path><\/svg>\t\t\t<\/span>\n\t\t\t\t\t\t\t\t\t<span class=\"elementor-button-text\">  info@hkm.ch<\/span>\n\t\t\t\t\t<\/span>\n\t\t\t\t\t<\/a>\n\t\t\t\t<\/div>\n\t\t\t\t\t\t\t\t<\/div>\n\t\t\t\t<\/div>\n\t\t\t\t<\/div>\n\t\t<div class=\"elementor-element elementor-element-7c817a6 e-con-full e-flex e-con e-child\" data-id=\"7c817a6\" data-element_type=\"container\" data-e-type=\"container\">\n\t\t\t\t<div class=\"elementor-element elementor-element-8b677c3 elementor-widget elementor-widget-heading\" data-id=\"8b677c3\" data-element_type=\"widget\" data-e-type=\"widget\" data-widget_type=\"heading.default\">\n\t\t\t\t<div class=\"elementor-widget-container\">\n\t\t\t\t\t<h2 class=\"elementor-heading-title elementor-size-default\">AVANTAGES<\/h2>\t\t\t\t<\/div>\n\t\t\t\t<\/div>\n\t\t\t\t<div class=\"elementor-element elementor-element-5e29255 elementor-widget__width-initial elementor-widget elementor-widget-text-editor\" data-id=\"5e29255\" data-element_type=\"widget\" data-e-type=\"widget\" data-widget_type=\"text-editor.default\">\n\t\t\t\t<div class=\"elementor-widget-container\">\n\t\t\t\t\t\t\t\t\t<ul><li>TR\u00c8S R\u00c9SISTANT<\/li><li>ANTID\u00c9RAPANT<\/li><li>FACILE D\u2019ENTRETIEN<\/li><li>LONGUE DUR\u00c9E DE VIE<\/li><li>HYGI\u00c9NIQUE<\/li><li>AMORTISSANT<\/li><li>SOUPLESSE PERMANENTE (GRAND CONFORT \u00c0 LA MARCHE)<\/li><li>RESPECTUEUX DE L\u2019ENVIRONNEMENT\u00a0<\/li><\/ul>\t\t\t\t\t\t\t\t<\/div>\n\t\t\t\t<\/div>\n\t\t\t\t<\/div>\n\t\t<div class=\"elementor-element elementor-element-62842d6 e-con-full e-flex e-con e-child\" data-id=\"62842d6\" data-element_type=\"container\" data-e-type=\"container\" data-settings=\"{&quot;background_background&quot;:&quot;classic&quot;}\">\n\t\t\t\t<div class=\"elementor-element elementor-element-a7f5c93 elementor-widget elementor-widget-image\" data-id=\"a7f5c93\" data-element_type=\"widget\" data-e-type=\"widget\" data-widget_type=\"image.default\">\n\t\t\t\t<div class=\"elementor-widget-container\">\n\t\t\t\t\t\t\t\t\t\t\t\t\t\t\t<img fetchpriority=\"high\" decoding=\"async\" width=\"350\" height=\"218\" src=\"https:\/\/www.hkm.ch\/wp-content\/uploads\/2023\/12\/stratifie-617f310b.png\" class=\"attachment-full size-full wp-image-652\" alt=\"\" srcset=\"https:\/\/www.hkm.ch\/wp-content\/uploads\/2023\/12\/stratifie-617f310b.png 350w, https:\/\/www.hkm.ch\/wp-content\/uploads\/2023\/12\/stratifie-617f310b-300x187.png 300w\" sizes=\"(max-width: 350px) 100vw, 350px\" \/>\t\t\t\t\t\t\t\t\t\t\t\t\t\t\t<\/div>\n\t\t\t\t<\/div>\n\t\t\t\t<\/div>\n\t\t\t\t\t<\/div>\n\t\t\t\t<\/div>\n\t\t\t\t\t<\/div>\n\t\t\t\t<\/div>\n\t\t\t\t<\/div>\n\t\t","protected":false},"excerpt":{"rendered":"<p>LE CAOUTCHOUC UN REV\u00caTEMENT POUR CHAQUE SITUATION \u00abLarmes d\u2019arbre\u00bb telle est l\u2019origine indienne du mot caoutchouc qui provient d\u2019un arbre amazonien, l\u2019H\u00e9v\u00e9a. Le caoutchouc est id\u00e9al dans les lieux o\u00f9 la s\u00e9curit\u00e9 est importante, comme dans les \u00e9tablissements scolaires (cr\u00e8ches, \u00e9coles, universit\u00e9s), les aires de jeux, les salles de sport, les h\u00f4pitaux. Comme, il offre [&hellip;]<\/p>\n","protected":false},"author":1,"featured_media":0,"parent":2149,"menu_order":4,"comment_status":"closed","ping_status":"closed","template":"elementor_header_footer","meta":{"footnotes":""},"class_list":["post-677","page","type-page","status-publish","hentry"],"yoast_head":"<!-- This site is optimized with the Yoast SEO plugin v27.4 - https:\/\/yoast.com\/product\/yoast-seo-wordpress\/ -->\n<title>Rev\u00eatement de sol caoutchouc, pose de qualit\u00e9 avec HKM SA<\/title>\n<meta name=\"description\" content=\"Choisissez le caoutchouc naturel : \u00e9cologique, r\u00e9sistant, antid\u00e9rapant, facile d&#039;entretien, pour vos sols. Nous sommes qualifi\u00e9s pour une pose impeccable\" \/>\n<meta name=\"robots\" content=\"index, follow, max-snippet:-1, max-image-preview:large, max-video-preview:-1\" \/>\n<link rel=\"canonical\" href=\"https:\/\/www.hkm.ch\/fr\/nos-prestations\/revetements-de-sol\/le-caoutchouc\/\" \/>\n<meta property=\"og:locale\" content=\"fr_FR\" \/>\n<meta property=\"og:type\" content=\"article\" \/>\n<meta property=\"og:title\" content=\"Rev\u00eatement de sol caoutchouc, pose de qualit\u00e9 avec HKM SA\" \/>\n<meta property=\"og:description\" content=\"Choisissez le caoutchouc naturel : \u00e9cologique, r\u00e9sistant, antid\u00e9rapant, facile d&#039;entretien, pour vos sols. Nous sommes qualifi\u00e9s pour une pose impeccable\" \/>\n<meta property=\"og:url\" content=\"https:\/\/www.hkm.ch\/fr\/nos-prestations\/revetements-de-sol\/le-caoutchouc\/\" \/>\n<meta property=\"og:site_name\" content=\"HKM SA\" \/>\n<meta property=\"article:modified_time\" content=\"2024-02-07T09:57:33+00:00\" \/>\n<meta property=\"og:image\" content=\"https:\/\/www.hkm.ch\/wp-content\/uploads\/2023\/12\/stratifie-617f310b.png\" \/>\n<meta name=\"twitter:card\" content=\"summary_large_image\" \/>\n<meta name=\"twitter:label1\" content=\"Dur\u00e9e de lecture estim\u00e9e\" \/>\n\t<meta name=\"twitter:data1\" content=\"1 minute\" \/>\n<script type=\"application\/ld+json\" class=\"yoast-schema-graph\">{\"@context\":\"https:\\\/\\\/schema.org\",\"@graph\":[{\"@type\":\"WebPage\",\"@id\":\"https:\\\/\\\/www.hkm.ch\\\/fr\\\/nos-prestations\\\/revetements-de-sol\\\/le-caoutchouc\\\/\",\"url\":\"https:\\\/\\\/www.hkm.ch\\\/fr\\\/nos-prestations\\\/revetements-de-sol\\\/le-caoutchouc\\\/\",\"name\":\"Rev\u00eatement de sol caoutchouc, pose de qualit\u00e9 avec HKM SA\",\"isPartOf\":{\"@id\":\"https:\\\/\\\/www.hkm.ch\\\/fr\\\/#website\"},\"primaryImageOfPage\":{\"@id\":\"https:\\\/\\\/www.hkm.ch\\\/fr\\\/nos-prestations\\\/revetements-de-sol\\\/le-caoutchouc\\\/#primaryimage\"},\"image\":{\"@id\":\"https:\\\/\\\/www.hkm.ch\\\/fr\\\/nos-prestations\\\/revetements-de-sol\\\/le-caoutchouc\\\/#primaryimage\"},\"thumbnailUrl\":\"https:\\\/\\\/www.hkm.ch\\\/wp-content\\\/uploads\\\/2023\\\/12\\\/stratifie-617f310b.png\",\"datePublished\":\"2023-12-11T15:13:27+00:00\",\"dateModified\":\"2024-02-07T09:57:33+00:00\",\"description\":\"Choisissez le caoutchouc naturel : \u00e9cologique, r\u00e9sistant, antid\u00e9rapant, facile d'entretien, pour vos sols. Nous sommes qualifi\u00e9s pour une pose impeccable\",\"breadcrumb\":{\"@id\":\"https:\\\/\\\/www.hkm.ch\\\/fr\\\/nos-prestations\\\/revetements-de-sol\\\/le-caoutchouc\\\/#breadcrumb\"},\"inLanguage\":\"fr-FR\",\"potentialAction\":[{\"@type\":\"ReadAction\",\"target\":[\"https:\\\/\\\/www.hkm.ch\\\/fr\\\/nos-prestations\\\/revetements-de-sol\\\/le-caoutchouc\\\/\"]}]},{\"@type\":\"ImageObject\",\"inLanguage\":\"fr-FR\",\"@id\":\"https:\\\/\\\/www.hkm.ch\\\/fr\\\/nos-prestations\\\/revetements-de-sol\\\/le-caoutchouc\\\/#primaryimage\",\"url\":\"https:\\\/\\\/www.hkm.ch\\\/wp-content\\\/uploads\\\/2023\\\/12\\\/stratifie-617f310b.png\",\"contentUrl\":\"https:\\\/\\\/www.hkm.ch\\\/wp-content\\\/uploads\\\/2023\\\/12\\\/stratifie-617f310b.png\"},{\"@type\":\"BreadcrumbList\",\"@id\":\"https:\\\/\\\/www.hkm.ch\\\/fr\\\/nos-prestations\\\/revetements-de-sol\\\/le-caoutchouc\\\/#breadcrumb\",\"itemListElement\":[{\"@type\":\"ListItem\",\"position\":1,\"name\":\"Accueil\",\"item\":\"https:\\\/\\\/www.hkm.ch\\\/fr\\\/\"},{\"@type\":\"ListItem\",\"position\":2,\"name\":\"Nos prestations\",\"item\":\"https:\\\/\\\/www.hkm.ch\\\/fr\\\/nos-prestations\\\/\"},{\"@type\":\"ListItem\",\"position\":3,\"name\":\"Revetements de sol\",\"item\":\"https:\\\/\\\/www.hkm.ch\\\/fr\\\/nos-prestations\\\/revetements-de-sol\\\/\"},{\"@type\":\"ListItem\",\"position\":4,\"name\":\"Le caoutchouc\"}]},{\"@type\":\"WebSite\",\"@id\":\"https:\\\/\\\/www.hkm.ch\\\/fr\\\/#website\",\"url\":\"https:\\\/\\\/www.hkm.ch\\\/fr\\\/\",\"name\":\"HKM SA\",\"description\":\"\",\"publisher\":{\"@id\":\"https:\\\/\\\/www.hkm.ch\\\/fr\\\/#organization\"},\"potentialAction\":[{\"@type\":\"SearchAction\",\"target\":{\"@type\":\"EntryPoint\",\"urlTemplate\":\"https:\\\/\\\/www.hkm.ch\\\/fr\\\/?s={search_term_string}\"},\"query-input\":{\"@type\":\"PropertyValueSpecification\",\"valueRequired\":true,\"valueName\":\"search_term_string\"}}],\"inLanguage\":\"fr-FR\"},{\"@type\":\"Organization\",\"@id\":\"https:\\\/\\\/www.hkm.ch\\\/fr\\\/#organization\",\"name\":\"HKM SA\",\"url\":\"https:\\\/\\\/www.hkm.ch\\\/fr\\\/\",\"logo\":{\"@type\":\"ImageObject\",\"inLanguage\":\"fr-FR\",\"@id\":\"https:\\\/\\\/www.hkm.ch\\\/fr\\\/#\\\/schema\\\/logo\\\/image\\\/\",\"url\":\"https:\\\/\\\/www.hkm.ch\\\/wp-content\\\/uploads\\\/2023\\\/11\\\/logo-hkm-sa.webp\",\"contentUrl\":\"https:\\\/\\\/www.hkm.ch\\\/wp-content\\\/uploads\\\/2023\\\/11\\\/logo-hkm-sa.webp\",\"width\":250,\"height\":59,\"caption\":\"HKM SA\"},\"image\":{\"@id\":\"https:\\\/\\\/www.hkm.ch\\\/fr\\\/#\\\/schema\\\/logo\\\/image\\\/\"}}]}<\/script>\n<!-- \/ Yoast SEO plugin. -->","yoast_head_json":{"title":"Rev\u00eatement de sol caoutchouc, pose de qualit\u00e9 avec HKM SA","description":"Choisissez le caoutchouc naturel : \u00e9cologique, r\u00e9sistant, antid\u00e9rapant, facile d'entretien, pour vos sols. Nous sommes qualifi\u00e9s pour une pose impeccable","robots":{"index":"index","follow":"follow","max-snippet":"max-snippet:-1","max-image-preview":"max-image-preview:large","max-video-preview":"max-video-preview:-1"},"canonical":"https:\/\/www.hkm.ch\/fr\/nos-prestations\/revetements-de-sol\/le-caoutchouc\/","og_locale":"fr_FR","og_type":"article","og_title":"Rev\u00eatement de sol caoutchouc, pose de qualit\u00e9 avec HKM SA","og_description":"Choisissez le caoutchouc naturel : \u00e9cologique, r\u00e9sistant, antid\u00e9rapant, facile d'entretien, pour vos sols. Nous sommes qualifi\u00e9s pour une pose impeccable","og_url":"https:\/\/www.hkm.ch\/fr\/nos-prestations\/revetements-de-sol\/le-caoutchouc\/","og_site_name":"HKM SA","article_modified_time":"2024-02-07T09:57:33+00:00","og_image":[{"url":"https:\/\/www.hkm.ch\/wp-content\/uploads\/2023\/12\/stratifie-617f310b.png","type":"","width":"","height":""}],"twitter_card":"summary_large_image","twitter_misc":{"Dur\u00e9e de lecture estim\u00e9e":"1 minute"},"schema":{"@context":"https:\/\/schema.org","@graph":[{"@type":"WebPage","@id":"https:\/\/www.hkm.ch\/fr\/nos-prestations\/revetements-de-sol\/le-caoutchouc\/","url":"https:\/\/www.hkm.ch\/fr\/nos-prestations\/revetements-de-sol\/le-caoutchouc\/","name":"Rev\u00eatement de sol caoutchouc, pose de qualit\u00e9 avec HKM SA","isPartOf":{"@id":"https:\/\/www.hkm.ch\/fr\/#website"},"primaryImageOfPage":{"@id":"https:\/\/www.hkm.ch\/fr\/nos-prestations\/revetements-de-sol\/le-caoutchouc\/#primaryimage"},"image":{"@id":"https:\/\/www.hkm.ch\/fr\/nos-prestations\/revetements-de-sol\/le-caoutchouc\/#primaryimage"},"thumbnailUrl":"https:\/\/www.hkm.ch\/wp-content\/uploads\/2023\/12\/stratifie-617f310b.png","datePublished":"2023-12-11T15:13:27+00:00","dateModified":"2024-02-07T09:57:33+00:00","description":"Choisissez le caoutchouc naturel : \u00e9cologique, r\u00e9sistant, antid\u00e9rapant, facile d'entretien, pour vos sols. Nous sommes qualifi\u00e9s pour une pose impeccable","breadcrumb":{"@id":"https:\/\/www.hkm.ch\/fr\/nos-prestations\/revetements-de-sol\/le-caoutchouc\/#breadcrumb"},"inLanguage":"fr-FR","potentialAction":[{"@type":"ReadAction","target":["https:\/\/www.hkm.ch\/fr\/nos-prestations\/revetements-de-sol\/le-caoutchouc\/"]}]},{"@type":"ImageObject","inLanguage":"fr-FR","@id":"https:\/\/www.hkm.ch\/fr\/nos-prestations\/revetements-de-sol\/le-caoutchouc\/#primaryimage","url":"https:\/\/www.hkm.ch\/wp-content\/uploads\/2023\/12\/stratifie-617f310b.png","contentUrl":"https:\/\/www.hkm.ch\/wp-content\/uploads\/2023\/12\/stratifie-617f310b.png"},{"@type":"BreadcrumbList","@id":"https:\/\/www.hkm.ch\/fr\/nos-prestations\/revetements-de-sol\/le-caoutchouc\/#breadcrumb","itemListElement":[{"@type":"ListItem","position":1,"name":"Accueil","item":"https:\/\/www.hkm.ch\/fr\/"},{"@type":"ListItem","position":2,"name":"Nos prestations","item":"https:\/\/www.hkm.ch\/fr\/nos-prestations\/"},{"@type":"ListItem","position":3,"name":"Revetements de sol","item":"https:\/\/www.hkm.ch\/fr\/nos-prestations\/revetements-de-sol\/"},{"@type":"ListItem","position":4,"name":"Le caoutchouc"}]},{"@type":"WebSite","@id":"https:\/\/www.hkm.ch\/fr\/#website","url":"https:\/\/www.hkm.ch\/fr\/","name":"HKM SA","description":"","publisher":{"@id":"https:\/\/www.hkm.ch\/fr\/#organization"},"potentialAction":[{"@type":"SearchAction","target":{"@type":"EntryPoint","urlTemplate":"https:\/\/www.hkm.ch\/fr\/?s={search_term_string}"},"query-input":{"@type":"PropertyValueSpecification","valueRequired":true,"valueName":"search_term_string"}}],"inLanguage":"fr-FR"},{"@type":"Organization","@id":"https:\/\/www.hkm.ch\/fr\/#organization","name":"HKM SA","url":"https:\/\/www.hkm.ch\/fr\/","logo":{"@type":"ImageObject","inLanguage":"fr-FR","@id":"https:\/\/www.hkm.ch\/fr\/#\/schema\/logo\/image\/","url":"https:\/\/www.hkm.ch\/wp-content\/uploads\/2023\/11\/logo-hkm-sa.webp","contentUrl":"https:\/\/www.hkm.ch\/wp-content\/uploads\/2023\/11\/logo-hkm-sa.webp","width":250,"height":59,"caption":"HKM SA"},"image":{"@id":"https:\/\/www.hkm.ch\/fr\/#\/schema\/logo\/image\/"}}]}},"_links":{"self":[{"href":"https:\/\/www.hkm.ch\/fr\/wp-json\/wp\/v2\/pages\/677","targetHints":{"allow":["GET"]}}],"collection":[{"href":"https:\/\/www.hkm.ch\/fr\/wp-json\/wp\/v2\/pages"}],"about":[{"href":"https:\/\/www.hkm.ch\/fr\/wp-json\/wp\/v2\/types\/page"}],"author":[{"embeddable":true,"href":"https:\/\/www.hkm.ch\/fr\/wp-json\/wp\/v2\/users\/1"}],"replies":[{"embeddable":true,"href":"https:\/\/www.hkm.ch\/fr\/wp-json\/wp\/v2\/comments?post=677"}],"version-history":[{"count":22,"href":"https:\/\/www.hkm.ch\/fr\/wp-json\/wp\/v2\/pages\/677\/revisions"}],"predecessor-version":[{"id":2513,"href":"https:\/\/www.hkm.ch\/fr\/wp-json\/wp\/v2\/pages\/677\/revisions\/2513"}],"up":[{"embeddable":true,"href":"https:\/\/www.hkm.ch\/fr\/wp-json\/wp\/v2\/pages\/2149"}],"wp:attachment":[{"href":"https:\/\/www.hkm.ch\/fr\/wp-json\/wp\/v2\/media?parent=677"}],"curies":[{"name":"wp","href":"https:\/\/api.w.org\/{rel}","templated":true}]}}