{"id":647,"date":"2023-12-11T15:57:46","date_gmt":"2023-12-11T14:57:46","guid":{"rendered":"https:\/\/www.hkm.ch\/?page_id=647"},"modified":"2024-02-07T10:56:09","modified_gmt":"2024-02-07T09:56:09","slug":"le-liege","status":"publish","type":"page","link":"https:\/\/www.hkm.ch\/fr\/nos-prestations\/revetements-de-sol\/le-liege\/","title":{"rendered":"Le li\u00e8ge"},"content":{"rendered":"\t\t<div data-elementor-type=\"wp-page\" data-elementor-id=\"647\" class=\"elementor elementor-647\" data-elementor-post-type=\"page\">\n\t\t\t\t<div class=\"elementor-element elementor-element-e168ede e-flex e-con-boxed e-con e-parent\" data-id=\"e168ede\" data-element_type=\"container\" data-e-type=\"container\" data-settings=\"{&quot;background_background&quot;:&quot;classic&quot;}\">\n\t\t\t\t\t<div class=\"e-con-inner\">\n\t\t\t\t\t<\/div>\n\t\t\t\t<\/div>\n\t\t<div class=\"elementor-element elementor-element-8e7772e e-flex e-con-boxed e-con e-parent\" data-id=\"8e7772e\" data-element_type=\"container\" data-e-type=\"container\">\n\t\t\t\t\t<div class=\"e-con-inner\">\n\t\t\t\t<div class=\"elementor-element elementor-element-76f243e elementor-widget elementor-widget-heading\" data-id=\"76f243e\" data-element_type=\"widget\" data-e-type=\"widget\" data-widget_type=\"heading.default\">\n\t\t\t\t<div class=\"elementor-widget-container\">\n\t\t\t\t\t<h1 class=\"elementor-heading-title elementor-size-default\">LE LI\u00c8GE<\/h1>\t\t\t\t<\/div>\n\t\t\t\t<\/div>\n\t\t\t\t<div class=\"elementor-element elementor-element-fe31e43 elementor-widget elementor-widget-heading\" data-id=\"fe31e43\" data-element_type=\"widget\" data-e-type=\"widget\" data-widget_type=\"heading.default\">\n\t\t\t\t<div class=\"elementor-widget-container\">\n\t\t\t\t\t<h2 class=\"elementor-heading-title elementor-size-default\">UN BIENFAIT POUR LE DOS ET LES JAMBES<\/h2>\t\t\t\t<\/div>\n\t\t\t\t<\/div>\n\t\t<div class=\"elementor-element elementor-element-feb3320 e-flex e-con-boxed e-con e-child\" data-id=\"feb3320\" data-element_type=\"container\" data-e-type=\"container\">\n\t\t\t\t\t<div class=\"e-con-inner\">\n\t\t<div class=\"elementor-element elementor-element-b8ec406 e-con-full e-flex e-con e-child\" data-id=\"b8ec406\" data-element_type=\"container\" data-e-type=\"container\">\n\t\t\t\t<div class=\"elementor-element elementor-element-0227c88 elementor-widget elementor-widget-text-editor\" data-id=\"0227c88\" data-element_type=\"widget\" data-e-type=\"widget\" data-widget_type=\"text-editor.default\">\n\t\t\t\t<div class=\"elementor-widget-container\">\n\t\t\t\t\t\t\t\t\t<p>Le <strong>li\u00e8ge<\/strong> provient du ch\u00eane li\u00e8ge que l\u2019on trouve en m\u00e9diterran\u00e9e orientale. Ce mat\u00e9riau \u00e9lastique est tir\u00e9 de l\u2019\u00e9corce de bois sans endommager l\u2019arbre. Le li\u00e8ge est un produit naturel qui transforme chacune de vos pi\u00e8ces en un endroit <strong>confortable et \u00e9cologique<\/strong>. Il est id\u00e9al pour les personnes souffrant de probl\u00e8mes articulaires, gr\u00e2ce \u00e0 sa structure souple et \u00e9lastique.\u00a0<\/p>\t\t\t\t\t\t\t\t<\/div>\n\t\t\t\t<\/div>\n\t\t\t\t<div class=\"elementor-element elementor-element-5235a3d elementor-widget elementor-widget-heading\" data-id=\"5235a3d\" data-element_type=\"widget\" data-e-type=\"widget\" data-widget_type=\"heading.default\">\n\t\t\t\t<div class=\"elementor-widget-container\">\n\t\t\t\t\t<h3 class=\"elementor-heading-title elementor-size-default\">Vous avez des questions sur le li\u00e8ge  ?<br>\nContactez-nous pour un rendez-vous :<\/h3>\t\t\t\t<\/div>\n\t\t\t\t<\/div>\n\t\t\t\t<div class=\"elementor-element elementor-element-87cfc9a elementor-widget elementor-widget-button\" data-id=\"87cfc9a\" data-element_type=\"widget\" data-e-type=\"widget\" data-widget_type=\"button.default\">\n\t\t\t\t<div class=\"elementor-widget-container\">\n\t\t\t\t\t\t\t\t\t<div class=\"elementor-button-wrapper\">\n\t\t\t\t\t<a class=\"elementor-button elementor-button-link elementor-size-sm\" href=\"https:\/\/www.hkm.ch\/fr\/formulaire-de-contact\/\">\n\t\t\t\t\t\t<span class=\"elementor-button-content-wrapper\">\n\t\t\t\t\t\t<span class=\"elementor-button-icon\">\n\t\t\t\t<svg aria-hidden=\"true\" class=\"e-font-icon-svg e-far-envelope\" viewBox=\"0 0 512 512\" xmlns=\"http:\/\/www.w3.org\/2000\/svg\"><path d=\"M464 64H48C21.49 64 0 85.49 0 112v288c0 26.51 21.49 48 48 48h416c26.51 0 48-21.49 48-48V112c0-26.51-21.49-48-48-48zm0 48v40.805c-22.422 18.259-58.168 46.651-134.587 106.49-16.841 13.247-50.201 45.072-73.413 44.701-23.208.375-56.579-31.459-73.413-44.701C106.18 199.465 70.425 171.067 48 152.805V112h416zM48 400V214.398c22.914 18.251 55.409 43.862 104.938 82.646 21.857 17.205 60.134 55.186 103.062 54.955 42.717.231 80.509-37.199 103.053-54.947 49.528-38.783 82.032-64.401 104.947-82.653V400H48z\"><\/path><\/svg>\t\t\t<\/span>\n\t\t\t\t\t\t\t\t\t<span class=\"elementor-button-text\">  info@hkm.ch<\/span>\n\t\t\t\t\t<\/span>\n\t\t\t\t\t<\/a>\n\t\t\t\t<\/div>\n\t\t\t\t\t\t\t\t<\/div>\n\t\t\t\t<\/div>\n\t\t\t\t<\/div>\n\t\t<div class=\"elementor-element elementor-element-13c7ed8 e-con-full e-flex e-con e-child\" data-id=\"13c7ed8\" data-element_type=\"container\" data-e-type=\"container\">\n\t\t\t\t<div class=\"elementor-element elementor-element-df62bc9 elementor-widget elementor-widget-heading\" data-id=\"df62bc9\" data-element_type=\"widget\" data-e-type=\"widget\" data-widget_type=\"heading.default\">\n\t\t\t\t<div class=\"elementor-widget-container\">\n\t\t\t\t\t<h2 class=\"elementor-heading-title elementor-size-default\">AVANTAGES<\/h2>\t\t\t\t<\/div>\n\t\t\t\t<\/div>\n\t\t\t\t<div class=\"elementor-element elementor-element-8a1d008 elementor-widget elementor-widget-text-editor\" data-id=\"8a1d008\" data-element_type=\"widget\" data-e-type=\"widget\" data-widget_type=\"text-editor.default\">\n\t\t\t\t<div class=\"elementor-widget-container\">\n\t\t\t\t\t\t\t\t\t<ul><li>R\u00e9sistant<\/li><li>ISOLANT THERMIQUE<\/li><li>ISOLANT PHONIQUE<\/li><li>ANTISTATIQUE<\/li><li>FACILE D\u2019ENTRETIEN<\/li><li>\u00c9COLOGIQUE<\/li><li>\u00c9LASTIQUE\u00a0<\/li><\/ul>\t\t\t\t\t\t\t\t<\/div>\n\t\t\t\t<\/div>\n\t\t\t\t<\/div>\n\t\t<div class=\"elementor-element elementor-element-6042326 e-con-full e-flex e-con e-child\" data-id=\"6042326\" data-element_type=\"container\" data-e-type=\"container\" data-settings=\"{&quot;background_background&quot;:&quot;classic&quot;}\">\n\t\t\t\t<div class=\"elementor-element elementor-element-bcab66a elementor-widget elementor-widget-image\" data-id=\"bcab66a\" data-element_type=\"widget\" data-e-type=\"widget\" data-widget_type=\"image.default\">\n\t\t\t\t<div class=\"elementor-widget-container\">\n\t\t\t\t\t\t\t\t\t\t\t\t\t\t\t<img fetchpriority=\"high\" decoding=\"async\" width=\"350\" height=\"218\" src=\"https:\/\/www.hkm.ch\/wp-content\/uploads\/2023\/12\/stratifie-617f310b.png\" class=\"attachment-full size-full wp-image-652\" alt=\"\" srcset=\"https:\/\/www.hkm.ch\/wp-content\/uploads\/2023\/12\/stratifie-617f310b.png 350w, https:\/\/www.hkm.ch\/wp-content\/uploads\/2023\/12\/stratifie-617f310b-300x187.png 300w\" sizes=\"(max-width: 350px) 100vw, 350px\" \/>\t\t\t\t\t\t\t\t\t\t\t\t\t\t\t<\/div>\n\t\t\t\t<\/div>\n\t\t\t\t<\/div>\n\t\t\t\t\t<\/div>\n\t\t\t\t<\/div>\n\t\t\t\t\t<\/div>\n\t\t\t\t<\/div>\n\t\t<div class=\"elementor-element elementor-element-3c169f3 e-flex e-con-boxed e-con e-parent\" data-id=\"3c169f3\" data-element_type=\"container\" data-e-type=\"container\">\n\t\t\t\t\t<div class=\"e-con-inner\">\n\t\t\t\t<div class=\"elementor-element elementor-element-60389f3 elementor-widget elementor-widget-heading\" data-id=\"60389f3\" data-element_type=\"widget\" data-e-type=\"widget\" data-widget_type=\"heading.default\">\n\t\t\t\t<div class=\"elementor-widget-container\">\n\t\t\t\t\t<h2 class=\"elementor-heading-title elementor-size-default\">Ces articles pourraient vous int\u00e9resser <\/h2>\t\t\t\t<\/div>\n\t\t\t\t<\/div>\n\t\t<div class=\"elementor-element elementor-element-c4e8353 e-flex e-con-boxed e-con e-child\" data-id=\"c4e8353\" data-element_type=\"container\" data-e-type=\"container\">\n\t\t\t\t\t<div class=\"e-con-inner\">\n\t\t\t\t<div class=\"elementor-element elementor-element-a8e0c01 elementor-grid-3 elementor-grid-tablet-2 elementor-grid-mobile-1 elementor-widget elementor-widget-loop-grid\" data-id=\"a8e0c01\" data-element_type=\"widget\" data-e-type=\"widget\" data-settings=\"{&quot;template_id&quot;:1946,&quot;columns&quot;:3,&quot;_skin&quot;:&quot;post&quot;,&quot;columns_tablet&quot;:&quot;2&quot;,&quot;columns_mobile&quot;:&quot;1&quot;,&quot;edit_handle_selector&quot;:&quot;[data-elementor-type=\\&quot;loop-item\\&quot;]&quot;,&quot;row_gap&quot;:{&quot;unit&quot;:&quot;px&quot;,&quot;size&quot;:&quot;&quot;,&quot;sizes&quot;:[]},&quot;row_gap_tablet&quot;:{&quot;unit&quot;:&quot;px&quot;,&quot;size&quot;:&quot;&quot;,&quot;sizes&quot;:[]},&quot;row_gap_mobile&quot;:{&quot;unit&quot;:&quot;px&quot;,&quot;size&quot;:&quot;&quot;,&quot;sizes&quot;:[]}}\" data-widget_type=\"loop-grid.post\">\n\t\t\t\t<div class=\"elementor-widget-container\">\n\t\t\t\t\t\t\t<div class=\"elementor-loop-container elementor-grid\" role=\"list\">\n\t\t<style id=\"loop-1946\">.elementor-1946 .elementor-element.elementor-element-3acff90{--display:flex;--justify-content:space-between;--padding-top:0px;--padding-bottom:0px;--padding-left:0px;--padding-right:0px;}.elementor-1946 .elementor-element.elementor-element-a051ac9{--display:flex;--gap:10px 10px;--row-gap:10px;--column-gap:10px;--margin-top:0px;--margin-bottom:0px;--margin-left:0px;--margin-right:0px;--padding-top:0px;--padding-bottom:0px;--padding-left:0px;--padding-right:0px;}.elementor-widget-theme-post-featured-image .widget-image-caption{color:var( --e-global-color-text );font-family:var( --e-global-typography-text-font-family ), Sans-serif;font-weight:var( --e-global-typography-text-font-weight );}.elementor-1946 .elementor-element.elementor-element-deb0f88 img{height:260px;object-fit:cover;object-position:center center;}.elementor-widget-theme-post-title .elementor-heading-title{font-family:var( --e-global-typography-primary-font-family ), Sans-serif;font-weight:var( --e-global-typography-primary-font-weight );color:var( --e-global-color-primary );}.elementor-1946 .elementor-element.elementor-element-501e965 .elementor-heading-title{font-family:\"Roboto opti\", Sans-serif;font-size:22px;font-weight:200;line-height:26px;color:#FFFFFFEE;}.elementor-1946 .elementor-element.elementor-element-501e965 > .elementor-widget-container{margin:10px 0px 0px 0px;}.elementor-widget-theme-post-excerpt .elementor-widget-container{font-family:var( --e-global-typography-text-font-family ), Sans-serif;font-weight:var( --e-global-typography-text-font-weight );color:var( --e-global-color-text );}.elementor-1946 .elementor-element.elementor-element-4d17438 .elementor-widget-container{font-family:\"Roboto opti\", Sans-serif;font-size:18px;font-weight:300;line-height:25px;color:var( --e-global-color-9d3b5f3 );}.elementor-widget-button .elementor-button{font-family:var( --e-global-typography-accent-font-family ), Sans-serif;font-weight:var( --e-global-typography-accent-font-weight );background-color:var( --e-global-color-accent );}.elementor-1946 .elementor-element.elementor-element-ae3cf76 .elementor-button{font-size:16px;font-weight:500;fill:#FFFFFF;color:#FFFFFF;background-color:#302E31;border-style:solid;border-width:1px 1px 1px 1px;border-radius:2px 2px 2px 2px;}.elementor-1946 .elementor-element.elementor-element-ae3cf76 .elementor-button:hover, .elementor-1946 .elementor-element.elementor-element-ae3cf76 .elementor-button:focus{color:#242325;background-color:#B1B3B4;border-color:#B1B3B4;}.elementor-1946 .elementor-element.elementor-element-ae3cf76 .elementor-button:hover svg, .elementor-1946 .elementor-element.elementor-element-ae3cf76 .elementor-button:focus svg{fill:#242325;}@media(max-width:767px){.elementor-1946 .elementor-element.elementor-element-deb0f88 img{height:150px;object-fit:cover;}}@media(min-width:768px){.elementor-1946 .elementor-element.elementor-element-3acff90{--width:100%;}}@media(max-width:1024px) and (min-width:768px){.elementor-1946 .elementor-element.elementor-element-3acff90{--width:100%;}}<\/style>\t\t<div data-elementor-type=\"loop-item\" data-elementor-id=\"1946\" class=\"elementor elementor-1946 e-loop-item e-loop-item-2466 post-2466 post type-post status-publish format-standard has-post-thumbnail hentry category-articles-by-hkm category-liege\" data-elementor-post-type=\"elementor_library\" data-custom-edit-handle=\"1\">\n\t\t\t<div class=\"elementor-element elementor-element-3acff90 e-con-full e-flex e-con e-child\" data-id=\"3acff90\" data-element_type=\"container\" data-e-type=\"container\">\n\t\t<div class=\"elementor-element elementor-element-a051ac9 e-con-full e-flex e-con e-child\" data-id=\"a051ac9\" data-element_type=\"container\" data-e-type=\"container\">\n\t\t\t\t<div class=\"elementor-element elementor-element-deb0f88 elementor-widget elementor-widget-theme-post-featured-image elementor-widget-image\" data-id=\"deb0f88\" data-element_type=\"widget\" data-e-type=\"widget\" data-widget_type=\"theme-post-featured-image.default\">\n\t\t\t\t<div class=\"elementor-widget-container\">\n\t\t\t\t\t\t\t\t\t\t\t\t\t\t\t\t<a href=\"https:\/\/www.hkm.ch\/fr\/articles-by-hkm\/quatre-raisons-dopter-pour-un-sol-en-liege\/\">\n\t\t\t\t\t\t\t<img decoding=\"async\" width=\"768\" height=\"512\" src=\"https:\/\/www.hkm.ch\/wp-content\/uploads\/2024\/01\/header-hkm-sa-revetements-de-sol-en-liege-im-768x512.webp\" class=\"attachment-medium_large size-medium_large wp-image-2467\" alt=\"\" srcset=\"https:\/\/www.hkm.ch\/wp-content\/uploads\/2024\/01\/header-hkm-sa-revetements-de-sol-en-liege-im-768x512.webp 768w, https:\/\/www.hkm.ch\/wp-content\/uploads\/2024\/01\/header-hkm-sa-revetements-de-sol-en-liege-im-300x200.webp 300w, https:\/\/www.hkm.ch\/wp-content\/uploads\/2024\/01\/header-hkm-sa-revetements-de-sol-en-liege-im-1024x683.webp 1024w, https:\/\/www.hkm.ch\/wp-content\/uploads\/2024\/01\/header-hkm-sa-revetements-de-sol-en-liege-im.webp 1200w\" sizes=\"(max-width: 768px) 100vw, 768px\" \/>\t\t\t\t\t\t\t\t<\/a>\n\t\t\t\t\t\t\t\t\t\t\t\t\t\t\t<\/div>\n\t\t\t\t<\/div>\n\t\t\t\t<div class=\"elementor-element elementor-element-501e965 elementor-widget elementor-widget-theme-post-title elementor-page-title elementor-widget-heading\" data-id=\"501e965\" data-element_type=\"widget\" data-e-type=\"widget\" data-widget_type=\"theme-post-title.default\">\n\t\t\t\t<div class=\"elementor-widget-container\">\n\t\t\t\t\t<h2 class=\"elementor-heading-title elementor-size-default\"><a href=\"https:\/\/www.hkm.ch\/fr\/articles-by-hkm\/quatre-raisons-dopter-pour-un-sol-en-liege\/\">Quatre raisons d\u2019opter pour un sol en li\u00e8ge<\/a><\/h2>\t\t\t\t<\/div>\n\t\t\t\t<\/div>\n\t\t\t\t<div class=\"elementor-element elementor-element-4d17438 elementor-widget elementor-widget-theme-post-excerpt\" data-id=\"4d17438\" data-element_type=\"widget\" data-e-type=\"widget\" data-widget_type=\"theme-post-excerpt.default\">\n\t\t\t\t<div class=\"elementor-widget-container\">\n\t\t\t\t\tLe li\u00e8ge\u2026 Un mat\u00e9riau doux et naturel, que l\u2019on retrouve plus souvent au goulot d\u2019une bouteille de vin que pour sublimer le sol d\u2019une pi\u00e8ce. Et pourtant ! Il pr\u00e9sente de nombreuses qualit\u00e9s qui en...\t\t\t\t<\/div>\n\t\t\t\t<\/div>\n\t\t\t\t<\/div>\n\t\t\t\t<div class=\"elementor-element elementor-element-ae3cf76 elementor-widget elementor-widget-button\" data-id=\"ae3cf76\" data-element_type=\"widget\" data-e-type=\"widget\" data-widget_type=\"button.default\">\n\t\t\t\t<div class=\"elementor-widget-container\">\n\t\t\t\t\t\t\t\t\t<div class=\"elementor-button-wrapper\">\n\t\t\t\t\t<a class=\"elementor-button elementor-button-link elementor-size-sm\" href=\"https:\/\/www.hkm.ch\/fr\/articles-by-hkm\/quatre-raisons-dopter-pour-un-sol-en-liege\/\">\n\t\t\t\t\t\t<span class=\"elementor-button-content-wrapper\">\n\t\t\t\t\t\t\t\t\t<span class=\"elementor-button-text\">Lire la suite<\/span>\n\t\t\t\t\t<\/span>\n\t\t\t\t\t<\/a>\n\t\t\t\t<\/div>\n\t\t\t\t\t\t\t\t<\/div>\n\t\t\t\t<\/div>\n\t\t\t\t<\/div>\n\t\t\t\t<\/div>\n\t\t\t\t<\/div>\n\t\t\n\t\t\t\t\t\t<\/div>\n\t\t\t\t<\/div>\n\t\t\t\t\t<\/div>\n\t\t\t\t<\/div>\n\t\t\t\t\t<\/div>\n\t\t\t\t<\/div>\n\t\t\t\t<\/div>\n\t\t","protected":false},"excerpt":{"rendered":"<p>LE LI\u00c8GE UN BIENFAIT POUR LE DOS ET LES JAMBES Le li\u00e8ge provient du ch\u00eane li\u00e8ge que l\u2019on trouve en m\u00e9diterran\u00e9e orientale. Ce mat\u00e9riau \u00e9lastique est tir\u00e9 de l\u2019\u00e9corce de bois sans endommager l\u2019arbre. Le li\u00e8ge est un produit naturel qui transforme chacune de vos pi\u00e8ces en un endroit confortable et \u00e9cologique. Il est id\u00e9al [&hellip;]<\/p>\n","protected":false},"author":1,"featured_media":0,"parent":2149,"menu_order":2,"comment_status":"closed","ping_status":"closed","template":"elementor_header_footer","meta":{"footnotes":""},"class_list":["post-647","page","type-page","status-publish","hentry"],"yoast_head":"<!-- This site is optimized with the Yoast SEO plugin v27.4 - https:\/\/yoast.com\/product\/yoast-seo-wordpress\/ -->\n<title>Li\u00e8ge naturel : Confort \u00e9cologique et isolation thermique et phonique<\/title>\n<meta name=\"description\" content=\"D\u00e9couvrez le li\u00e8ge naturel avec HKM SA, sp\u00e9cialis\u00e9 en conseil et pose de rev\u00eatement de sols en li\u00e8ge, parfait pour r\u00e9sister et isoler\" \/>\n<meta name=\"robots\" content=\"index, follow, max-snippet:-1, max-image-preview:large, max-video-preview:-1\" \/>\n<link rel=\"canonical\" href=\"https:\/\/www.hkm.ch\/fr\/nos-prestations\/revetements-de-sol\/le-liege\/\" \/>\n<meta property=\"og:locale\" content=\"fr_FR\" \/>\n<meta property=\"og:type\" content=\"article\" \/>\n<meta property=\"og:title\" content=\"Li\u00e8ge naturel : Confort \u00e9cologique et isolation thermique et phonique\" \/>\n<meta property=\"og:description\" content=\"D\u00e9couvrez le li\u00e8ge naturel avec HKM SA, sp\u00e9cialis\u00e9 en conseil et pose de rev\u00eatement de sols en li\u00e8ge, parfait pour r\u00e9sister et isoler\" \/>\n<meta property=\"og:url\" content=\"https:\/\/www.hkm.ch\/fr\/nos-prestations\/revetements-de-sol\/le-liege\/\" \/>\n<meta property=\"og:site_name\" content=\"HKM SA\" \/>\n<meta property=\"article:modified_time\" content=\"2024-02-07T09:56:09+00:00\" \/>\n<meta property=\"og:image\" content=\"https:\/\/www.hkm.ch\/wp-content\/uploads\/2023\/12\/stratifie-617f310b.png\" \/>\n<meta name=\"twitter:card\" content=\"summary_large_image\" \/>\n<meta name=\"twitter:label1\" content=\"Dur\u00e9e de lecture estim\u00e9e\" \/>\n\t<meta name=\"twitter:data1\" content=\"1 minute\" \/>\n<script type=\"application\/ld+json\" class=\"yoast-schema-graph\">{\"@context\":\"https:\\\/\\\/schema.org\",\"@graph\":[{\"@type\":\"WebPage\",\"@id\":\"https:\\\/\\\/www.hkm.ch\\\/fr\\\/nos-prestations\\\/revetements-de-sol\\\/le-liege\\\/\",\"url\":\"https:\\\/\\\/www.hkm.ch\\\/fr\\\/nos-prestations\\\/revetements-de-sol\\\/le-liege\\\/\",\"name\":\"Li\u00e8ge naturel : Confort \u00e9cologique et isolation thermique et phonique\",\"isPartOf\":{\"@id\":\"https:\\\/\\\/www.hkm.ch\\\/fr\\\/#website\"},\"primaryImageOfPage\":{\"@id\":\"https:\\\/\\\/www.hkm.ch\\\/fr\\\/nos-prestations\\\/revetements-de-sol\\\/le-liege\\\/#primaryimage\"},\"image\":{\"@id\":\"https:\\\/\\\/www.hkm.ch\\\/fr\\\/nos-prestations\\\/revetements-de-sol\\\/le-liege\\\/#primaryimage\"},\"thumbnailUrl\":\"https:\\\/\\\/www.hkm.ch\\\/wp-content\\\/uploads\\\/2023\\\/12\\\/stratifie-617f310b.png\",\"datePublished\":\"2023-12-11T14:57:46+00:00\",\"dateModified\":\"2024-02-07T09:56:09+00:00\",\"description\":\"D\u00e9couvrez le li\u00e8ge naturel avec HKM SA, sp\u00e9cialis\u00e9 en conseil et pose de rev\u00eatement de sols en li\u00e8ge, parfait pour r\u00e9sister et isoler\",\"breadcrumb\":{\"@id\":\"https:\\\/\\\/www.hkm.ch\\\/fr\\\/nos-prestations\\\/revetements-de-sol\\\/le-liege\\\/#breadcrumb\"},\"inLanguage\":\"fr-FR\",\"potentialAction\":[{\"@type\":\"ReadAction\",\"target\":[\"https:\\\/\\\/www.hkm.ch\\\/fr\\\/nos-prestations\\\/revetements-de-sol\\\/le-liege\\\/\"]}]},{\"@type\":\"ImageObject\",\"inLanguage\":\"fr-FR\",\"@id\":\"https:\\\/\\\/www.hkm.ch\\\/fr\\\/nos-prestations\\\/revetements-de-sol\\\/le-liege\\\/#primaryimage\",\"url\":\"https:\\\/\\\/www.hkm.ch\\\/wp-content\\\/uploads\\\/2023\\\/12\\\/stratifie-617f310b.png\",\"contentUrl\":\"https:\\\/\\\/www.hkm.ch\\\/wp-content\\\/uploads\\\/2023\\\/12\\\/stratifie-617f310b.png\"},{\"@type\":\"BreadcrumbList\",\"@id\":\"https:\\\/\\\/www.hkm.ch\\\/fr\\\/nos-prestations\\\/revetements-de-sol\\\/le-liege\\\/#breadcrumb\",\"itemListElement\":[{\"@type\":\"ListItem\",\"position\":1,\"name\":\"Accueil\",\"item\":\"https:\\\/\\\/www.hkm.ch\\\/fr\\\/\"},{\"@type\":\"ListItem\",\"position\":2,\"name\":\"Nos prestations\",\"item\":\"https:\\\/\\\/www.hkm.ch\\\/fr\\\/nos-prestations\\\/\"},{\"@type\":\"ListItem\",\"position\":3,\"name\":\"Revetements de sol\",\"item\":\"https:\\\/\\\/www.hkm.ch\\\/fr\\\/nos-prestations\\\/revetements-de-sol\\\/\"},{\"@type\":\"ListItem\",\"position\":4,\"name\":\"Le li\u00e8ge\"}]},{\"@type\":\"WebSite\",\"@id\":\"https:\\\/\\\/www.hkm.ch\\\/fr\\\/#website\",\"url\":\"https:\\\/\\\/www.hkm.ch\\\/fr\\\/\",\"name\":\"HKM SA\",\"description\":\"\",\"publisher\":{\"@id\":\"https:\\\/\\\/www.hkm.ch\\\/fr\\\/#organization\"},\"potentialAction\":[{\"@type\":\"SearchAction\",\"target\":{\"@type\":\"EntryPoint\",\"urlTemplate\":\"https:\\\/\\\/www.hkm.ch\\\/fr\\\/?s={search_term_string}\"},\"query-input\":{\"@type\":\"PropertyValueSpecification\",\"valueRequired\":true,\"valueName\":\"search_term_string\"}}],\"inLanguage\":\"fr-FR\"},{\"@type\":\"Organization\",\"@id\":\"https:\\\/\\\/www.hkm.ch\\\/fr\\\/#organization\",\"name\":\"HKM SA\",\"url\":\"https:\\\/\\\/www.hkm.ch\\\/fr\\\/\",\"logo\":{\"@type\":\"ImageObject\",\"inLanguage\":\"fr-FR\",\"@id\":\"https:\\\/\\\/www.hkm.ch\\\/fr\\\/#\\\/schema\\\/logo\\\/image\\\/\",\"url\":\"https:\\\/\\\/www.hkm.ch\\\/wp-content\\\/uploads\\\/2023\\\/11\\\/logo-hkm-sa.webp\",\"contentUrl\":\"https:\\\/\\\/www.hkm.ch\\\/wp-content\\\/uploads\\\/2023\\\/11\\\/logo-hkm-sa.webp\",\"width\":250,\"height\":59,\"caption\":\"HKM SA\"},\"image\":{\"@id\":\"https:\\\/\\\/www.hkm.ch\\\/fr\\\/#\\\/schema\\\/logo\\\/image\\\/\"}}]}<\/script>\n<!-- \/ Yoast SEO plugin. -->","yoast_head_json":{"title":"Li\u00e8ge naturel : Confort \u00e9cologique et isolation thermique et phonique","description":"D\u00e9couvrez le li\u00e8ge naturel avec HKM SA, sp\u00e9cialis\u00e9 en conseil et pose de rev\u00eatement de sols en li\u00e8ge, parfait pour r\u00e9sister et isoler","robots":{"index":"index","follow":"follow","max-snippet":"max-snippet:-1","max-image-preview":"max-image-preview:large","max-video-preview":"max-video-preview:-1"},"canonical":"https:\/\/www.hkm.ch\/fr\/nos-prestations\/revetements-de-sol\/le-liege\/","og_locale":"fr_FR","og_type":"article","og_title":"Li\u00e8ge naturel : Confort \u00e9cologique et isolation thermique et phonique","og_description":"D\u00e9couvrez le li\u00e8ge naturel avec HKM SA, sp\u00e9cialis\u00e9 en conseil et pose de rev\u00eatement de sols en li\u00e8ge, parfait pour r\u00e9sister et isoler","og_url":"https:\/\/www.hkm.ch\/fr\/nos-prestations\/revetements-de-sol\/le-liege\/","og_site_name":"HKM SA","article_modified_time":"2024-02-07T09:56:09+00:00","og_image":[{"url":"https:\/\/www.hkm.ch\/wp-content\/uploads\/2023\/12\/stratifie-617f310b.png","type":"","width":"","height":""}],"twitter_card":"summary_large_image","twitter_misc":{"Dur\u00e9e de lecture estim\u00e9e":"1 minute"},"schema":{"@context":"https:\/\/schema.org","@graph":[{"@type":"WebPage","@id":"https:\/\/www.hkm.ch\/fr\/nos-prestations\/revetements-de-sol\/le-liege\/","url":"https:\/\/www.hkm.ch\/fr\/nos-prestations\/revetements-de-sol\/le-liege\/","name":"Li\u00e8ge naturel : Confort \u00e9cologique et isolation thermique et phonique","isPartOf":{"@id":"https:\/\/www.hkm.ch\/fr\/#website"},"primaryImageOfPage":{"@id":"https:\/\/www.hkm.ch\/fr\/nos-prestations\/revetements-de-sol\/le-liege\/#primaryimage"},"image":{"@id":"https:\/\/www.hkm.ch\/fr\/nos-prestations\/revetements-de-sol\/le-liege\/#primaryimage"},"thumbnailUrl":"https:\/\/www.hkm.ch\/wp-content\/uploads\/2023\/12\/stratifie-617f310b.png","datePublished":"2023-12-11T14:57:46+00:00","dateModified":"2024-02-07T09:56:09+00:00","description":"D\u00e9couvrez le li\u00e8ge naturel avec HKM SA, sp\u00e9cialis\u00e9 en conseil et pose de rev\u00eatement de sols en li\u00e8ge, parfait pour r\u00e9sister et isoler","breadcrumb":{"@id":"https:\/\/www.hkm.ch\/fr\/nos-prestations\/revetements-de-sol\/le-liege\/#breadcrumb"},"inLanguage":"fr-FR","potentialAction":[{"@type":"ReadAction","target":["https:\/\/www.hkm.ch\/fr\/nos-prestations\/revetements-de-sol\/le-liege\/"]}]},{"@type":"ImageObject","inLanguage":"fr-FR","@id":"https:\/\/www.hkm.ch\/fr\/nos-prestations\/revetements-de-sol\/le-liege\/#primaryimage","url":"https:\/\/www.hkm.ch\/wp-content\/uploads\/2023\/12\/stratifie-617f310b.png","contentUrl":"https:\/\/www.hkm.ch\/wp-content\/uploads\/2023\/12\/stratifie-617f310b.png"},{"@type":"BreadcrumbList","@id":"https:\/\/www.hkm.ch\/fr\/nos-prestations\/revetements-de-sol\/le-liege\/#breadcrumb","itemListElement":[{"@type":"ListItem","position":1,"name":"Accueil","item":"https:\/\/www.hkm.ch\/fr\/"},{"@type":"ListItem","position":2,"name":"Nos prestations","item":"https:\/\/www.hkm.ch\/fr\/nos-prestations\/"},{"@type":"ListItem","position":3,"name":"Revetements de sol","item":"https:\/\/www.hkm.ch\/fr\/nos-prestations\/revetements-de-sol\/"},{"@type":"ListItem","position":4,"name":"Le li\u00e8ge"}]},{"@type":"WebSite","@id":"https:\/\/www.hkm.ch\/fr\/#website","url":"https:\/\/www.hkm.ch\/fr\/","name":"HKM SA","description":"","publisher":{"@id":"https:\/\/www.hkm.ch\/fr\/#organization"},"potentialAction":[{"@type":"SearchAction","target":{"@type":"EntryPoint","urlTemplate":"https:\/\/www.hkm.ch\/fr\/?s={search_term_string}"},"query-input":{"@type":"PropertyValueSpecification","valueRequired":true,"valueName":"search_term_string"}}],"inLanguage":"fr-FR"},{"@type":"Organization","@id":"https:\/\/www.hkm.ch\/fr\/#organization","name":"HKM SA","url":"https:\/\/www.hkm.ch\/fr\/","logo":{"@type":"ImageObject","inLanguage":"fr-FR","@id":"https:\/\/www.hkm.ch\/fr\/#\/schema\/logo\/image\/","url":"https:\/\/www.hkm.ch\/wp-content\/uploads\/2023\/11\/logo-hkm-sa.webp","contentUrl":"https:\/\/www.hkm.ch\/wp-content\/uploads\/2023\/11\/logo-hkm-sa.webp","width":250,"height":59,"caption":"HKM SA"},"image":{"@id":"https:\/\/www.hkm.ch\/fr\/#\/schema\/logo\/image\/"}}]}},"_links":{"self":[{"href":"https:\/\/www.hkm.ch\/fr\/wp-json\/wp\/v2\/pages\/647","targetHints":{"allow":["GET"]}}],"collection":[{"href":"https:\/\/www.hkm.ch\/fr\/wp-json\/wp\/v2\/pages"}],"about":[{"href":"https:\/\/www.hkm.ch\/fr\/wp-json\/wp\/v2\/types\/page"}],"author":[{"embeddable":true,"href":"https:\/\/www.hkm.ch\/fr\/wp-json\/wp\/v2\/users\/1"}],"replies":[{"embeddable":true,"href":"https:\/\/www.hkm.ch\/fr\/wp-json\/wp\/v2\/comments?post=647"}],"version-history":[{"count":43,"href":"https:\/\/www.hkm.ch\/fr\/wp-json\/wp\/v2\/pages\/647\/revisions"}],"predecessor-version":[{"id":2507,"href":"https:\/\/www.hkm.ch\/fr\/wp-json\/wp\/v2\/pages\/647\/revisions\/2507"}],"up":[{"embeddable":true,"href":"https:\/\/www.hkm.ch\/fr\/wp-json\/wp\/v2\/pages\/2149"}],"wp:attachment":[{"href":"https:\/\/www.hkm.ch\/fr\/wp-json\/wp\/v2\/media?parent=647"}],"curies":[{"name":"wp","href":"https:\/\/api.w.org\/{rel}","templated":true}]}}