{"id":1362,"date":"2024-01-08T17:55:15","date_gmt":"2024-01-08T16:55:15","guid":{"rendered":"https:\/\/www.hkm.ch\/?page_id=1362"},"modified":"2025-07-22T08:28:16","modified_gmt":"2025-07-22T06:28:16","slug":"nos-valeurs","status":"publish","type":"page","link":"https:\/\/www.hkm.ch\/fr\/entreprise\/nos-valeurs\/","title":{"rendered":"Nos valeurs"},"content":{"rendered":"\t\t<div data-elementor-type=\"wp-page\" data-elementor-id=\"1362\" class=\"elementor elementor-1362\" data-elementor-post-type=\"page\">\n\t\t\t\t<div class=\"elementor-element elementor-element-c79bd71 e-flex e-con-boxed e-con e-parent\" data-id=\"c79bd71\" data-element_type=\"container\" data-e-type=\"container\" data-settings=\"{&quot;background_background&quot;:&quot;classic&quot;}\">\n\t\t\t\t\t<div class=\"e-con-inner\">\n\t\t\t\t\t<\/div>\n\t\t\t\t<\/div>\n\t\t<div class=\"elementor-element elementor-element-ee1efd2 e-flex e-con-boxed e-con e-parent\" data-id=\"ee1efd2\" data-element_type=\"container\" data-e-type=\"container\">\n\t\t\t\t\t<div class=\"e-con-inner\">\n\t\t\t\t<div class=\"elementor-element elementor-element-3d4d3a2 elementor-widget elementor-widget-heading\" data-id=\"3d4d3a2\" data-element_type=\"widget\" data-e-type=\"widget\" data-widget_type=\"heading.default\">\n\t\t\t\t<div class=\"elementor-widget-container\">\n\t\t\t\t\t<h1 class=\"elementor-heading-title elementor-size-default\">NOS VALEURS<\/h1>\t\t\t\t<\/div>\n\t\t\t\t<\/div>\n\t\t<div class=\"elementor-element elementor-element-d7f2b40 e-flex e-con-boxed e-con e-child\" data-id=\"d7f2b40\" data-element_type=\"container\" data-e-type=\"container\">\n\t\t\t\t\t<div class=\"e-con-inner\">\n\t\t<div class=\"elementor-element elementor-element-4aee554 e-con-full e-flex e-con e-child\" data-id=\"4aee554\" data-element_type=\"container\" data-e-type=\"container\">\n\t\t\t\t<div class=\"elementor-element elementor-element-cfb916e elementor-widget elementor-widget-heading\" data-id=\"cfb916e\" data-element_type=\"widget\" data-e-type=\"widget\" data-widget_type=\"heading.default\">\n\t\t\t\t<div class=\"elementor-widget-container\">\n\t\t\t\t\t<h2 class=\"elementor-heading-title elementor-size-default\">QUALIT\u00c9<\/h2>\t\t\t\t<\/div>\n\t\t\t\t<\/div>\n\t\t\t\t<div class=\"elementor-element elementor-element-502a6ae elementor-widget elementor-widget-text-editor\" data-id=\"502a6ae\" data-element_type=\"widget\" data-e-type=\"widget\" data-widget_type=\"text-editor.default\">\n\t\t\t\t<div class=\"elementor-widget-container\">\n\t\t\t\t\t\t\t\t\t<p>Nous avons \u00e0 c\u0153ur de proposer des produits exclusifs de fabrication Suisse et Europ\u00e9en ainsi qu\u2019un travail de haute qualit\u00e9 effectu\u00e9 par notre propre service de pose exp\u00e9riment\u00e9 et passionn\u00e9.\u00a0<\/p>\t\t\t\t\t\t\t\t<\/div>\n\t\t\t\t<\/div>\n\t\t\t\t<\/div>\n\t\t<div class=\"elementor-element elementor-element-c6f0888 e-con-full e-flex e-con e-child\" data-id=\"c6f0888\" data-element_type=\"container\" data-e-type=\"container\">\n\t\t\t\t<div class=\"elementor-element elementor-element-b1df00a elementor-widget elementor-widget-heading\" data-id=\"b1df00a\" data-element_type=\"widget\" data-e-type=\"widget\" data-widget_type=\"heading.default\">\n\t\t\t\t<div class=\"elementor-widget-container\">\n\t\t\t\t\t<h2 class=\"elementor-heading-title elementor-size-default\">PLAISIR<\/h2>\t\t\t\t<\/div>\n\t\t\t\t<\/div>\n\t\t\t\t<div class=\"elementor-element elementor-element-b52d1d8 elementor-widget elementor-widget-text-editor\" data-id=\"b52d1d8\" data-element_type=\"widget\" data-e-type=\"widget\" data-widget_type=\"text-editor.default\">\n\t\t\t\t<div class=\"elementor-widget-container\">\n\t\t\t\t\t\t\t\t\t<p>Cela va du bonheur de notre client qui marche pour la premi\u00e8re fois sur son parquet, au plaisir de nos collaborateurs de venir chaque jour au travail gr\u00e2ce \u00e0 notre gestion familiale et humaine.\u00a0<\/p>\t\t\t\t\t\t\t\t<\/div>\n\t\t\t\t<\/div>\n\t\t\t\t<\/div>\n\t\t<div class=\"elementor-element elementor-element-c30decb e-con-full e-flex e-con e-child\" data-id=\"c30decb\" data-element_type=\"container\" data-e-type=\"container\">\n\t\t\t\t<div class=\"elementor-element elementor-element-0156cfd elementor-widget elementor-widget-heading\" data-id=\"0156cfd\" data-element_type=\"widget\" data-e-type=\"widget\" data-widget_type=\"heading.default\">\n\t\t\t\t<div class=\"elementor-widget-container\">\n\t\t\t\t\t<h2 class=\"elementor-heading-title elementor-size-default\">PROXIMIT\u00c9<\/h2>\t\t\t\t<\/div>\n\t\t\t\t<\/div>\n\t\t\t\t<div class=\"elementor-element elementor-element-036a638 elementor-widget elementor-widget-text-editor\" data-id=\"036a638\" data-element_type=\"widget\" data-e-type=\"widget\" data-widget_type=\"text-editor.default\">\n\t\t\t\t<div class=\"elementor-widget-container\">\n\t\t\t\t\t\t\t\t\t<p>Le choix de la proximit\u00e9 et l\u2019accessibilit\u00e9 de nos show-rooms pr\u00e9sents dans quatre cantons romands r\u00e9pond \u00e0 notre strat\u00e9gie d\u2019offrir un service personnalis\u00e9 et professionnel.\u00a0<\/p>\t\t\t\t\t\t\t\t<\/div>\n\t\t\t\t<\/div>\n\t\t\t\t<\/div>\n\t\t<div class=\"elementor-element elementor-element-03688e6 e-con-full e-flex e-con e-child\" data-id=\"03688e6\" data-element_type=\"container\" data-e-type=\"container\">\n\t\t\t\t<div class=\"elementor-element elementor-element-bc07391 elementor-widget elementor-widget-heading\" data-id=\"bc07391\" data-element_type=\"widget\" data-e-type=\"widget\" data-widget_type=\"heading.default\">\n\t\t\t\t<div class=\"elementor-widget-container\">\n\t\t\t\t\t<h2 class=\"elementor-heading-title elementor-size-default\">SATISFACTION CLIENT\n<\/h2>\t\t\t\t<\/div>\n\t\t\t\t<\/div>\n\t\t\t\t<div class=\"elementor-element elementor-element-d5ee2cd elementor-widget elementor-widget-text-editor\" data-id=\"d5ee2cd\" data-element_type=\"widget\" data-e-type=\"widget\" data-widget_type=\"text-editor.default\">\n\t\t\t\t<div class=\"elementor-widget-container\">\n\t\t\t\t\t\t\t\t\t<p>La satisfaction de nos clients est notre plus grande r\u00e9compense du travail bien fait. Elle nous pousse chaque jour un peu plus vers l\u2019excellence.\u00a0<\/p>\t\t\t\t\t\t\t\t<\/div>\n\t\t\t\t<\/div>\n\t\t\t\t<\/div>\n\t\t<div class=\"elementor-element elementor-element-5242089 e-con-full e-flex e-con e-child\" data-id=\"5242089\" data-element_type=\"container\" data-e-type=\"container\">\n\t\t\t\t<div class=\"elementor-element elementor-element-d33d89e elementor-widget elementor-widget-heading\" data-id=\"d33d89e\" data-element_type=\"widget\" data-e-type=\"widget\" data-widget_type=\"heading.default\">\n\t\t\t\t<div class=\"elementor-widget-container\">\n\t\t\t\t\t<h2 class=\"elementor-heading-title elementor-size-default\">ESPRIT D\u2019\u00c9QUIPE\n<\/h2>\t\t\t\t<\/div>\n\t\t\t\t<\/div>\n\t\t\t\t<div class=\"elementor-element elementor-element-5d0845b elementor-widget elementor-widget-text-editor\" data-id=\"5d0845b\" data-element_type=\"widget\" data-e-type=\"widget\" data-widget_type=\"text-editor.default\">\n\t\t\t\t<div class=\"elementor-widget-container\">\n\t\t\t\t\t\t\t\t\t<p>Notre succ\u00e8s repose sur notre personnel ! HKM forme une grande famille quel que soit le poste occup\u00e9. L\u2019ambiance conviviale qui r\u00e8gne entre nos collaborateurs g\u00e9n\u00e8re un esprit d\u2019entraide naturel et en fait une de nos forces.\u00a0<\/p>\t\t\t\t\t\t\t\t<\/div>\n\t\t\t\t<\/div>\n\t\t\t\t<\/div>\n\t\t<div class=\"elementor-element elementor-element-21b937b e-flex e-con-boxed e-con e-child\" data-id=\"21b937b\" data-element_type=\"container\" data-e-type=\"container\">\n\t\t\t\t\t<div class=\"e-con-inner\">\n\t\t\t\t<div class=\"elementor-element elementor-element-76d425c elementor-widget elementor-widget-button\" data-id=\"76d425c\" data-element_type=\"widget\" data-e-type=\"widget\" data-widget_type=\"button.default\">\n\t\t\t\t<div class=\"elementor-widget-container\">\n\t\t\t\t\t\t\t\t\t<div class=\"elementor-button-wrapper\">\n\t\t\t\t\t<a class=\"elementor-button elementor-button-link elementor-size-sm\" href=\"https:\/\/www.hkm.ch\/fr\/carriere\/les-metiers-que-hkm-forme\/\">\n\t\t\t\t\t\t<span class=\"elementor-button-content-wrapper\">\n\t\t\t\t\t\t\t\t\t<span class=\"elementor-button-text\">Nos formations<\/span>\n\t\t\t\t\t<\/span>\n\t\t\t\t\t<\/a>\n\t\t\t\t<\/div>\n\t\t\t\t\t\t\t\t<\/div>\n\t\t\t\t<\/div>\n\t\t\t\t<div class=\"elementor-element elementor-element-d781db0 elementor-widget elementor-widget-button\" data-id=\"d781db0\" data-element_type=\"widget\" data-e-type=\"widget\" data-widget_type=\"button.default\">\n\t\t\t\t<div class=\"elementor-widget-container\">\n\t\t\t\t\t\t\t\t\t<div class=\"elementor-button-wrapper\">\n\t\t\t\t\t<a class=\"elementor-button elementor-button-link elementor-size-sm\" href=\"https:\/\/www.hkm.ch\/fr\/formulaire-de-contact\/\">\n\t\t\t\t\t\t<span class=\"elementor-button-content-wrapper\">\n\t\t\t\t\t\t\t\t\t<span class=\"elementor-button-text\">Contactez-nous<\/span>\n\t\t\t\t\t<\/span>\n\t\t\t\t\t<\/a>\n\t\t\t\t<\/div>\n\t\t\t\t\t\t\t\t<\/div>\n\t\t\t\t<\/div>\n\t\t\t\t\t<\/div>\n\t\t\t\t<\/div>\n\t\t\t\t\t<\/div>\n\t\t\t\t<\/div>\n\t\t\t\t\t<\/div>\n\t\t\t\t<\/div>\n\t\t\t\t<\/div>\n\t\t","protected":false},"excerpt":{"rendered":"<p>NOS VALEURS QUALIT\u00c9 Nous avons \u00e0 c\u0153ur de proposer des produits exclusifs de fabrication Suisse et Europ\u00e9en ainsi qu\u2019un travail de haute qualit\u00e9 effectu\u00e9 par notre propre service de pose exp\u00e9riment\u00e9 et passionn\u00e9.\u00a0 PLAISIR Cela va du bonheur de notre client qui marche pour la premi\u00e8re fois sur son parquet, au plaisir de nos collaborateurs [&hellip;]<\/p>\n","protected":false},"author":1,"featured_media":0,"parent":2153,"menu_order":3,"comment_status":"closed","ping_status":"closed","template":"elementor_header_footer","meta":{"footnotes":""},"class_list":["post-1362","page","type-page","status-publish","hentry"],"yoast_head":"<!-- This site is optimized with the Yoast SEO plugin v27.4 - https:\/\/yoast.com\/product\/yoast-seo-wordpress\/ -->\n<title>Valeurs de l\u2019entreprise HKM \u2013 Qualit\u00e9, proximit\u00e9, esprit d\u2019\u00e9quipe<\/title>\n<meta name=\"description\" content=\"Sp\u00e9cialis\u00e9e dans les rev\u00eatements de sols, parquets, terrasses, moustiquaires, protection solaires, rideaux, faux-plancher, parrois amovibles... HKM est \u00e0 vos c\u00f4t\u00e9s pour vous satisfaire\" \/>\n<meta name=\"robots\" content=\"index, follow, max-snippet:-1, max-image-preview:large, max-video-preview:-1\" \/>\n<link rel=\"canonical\" href=\"https:\/\/www.hkm.ch\/fr\/entreprise\/nos-valeurs\/\" \/>\n<meta property=\"og:locale\" content=\"fr_FR\" \/>\n<meta property=\"og:type\" content=\"article\" \/>\n<meta property=\"og:title\" content=\"Valeurs de l\u2019entreprise HKM \u2013 Qualit\u00e9, proximit\u00e9, esprit d\u2019\u00e9quipe\" \/>\n<meta property=\"og:description\" content=\"Sp\u00e9cialis\u00e9e dans les rev\u00eatements de sols, parquets, terrasses, moustiquaires, protection solaires, rideaux, faux-plancher, parrois amovibles... HKM est \u00e0 vos c\u00f4t\u00e9s pour vous satisfaire\" \/>\n<meta property=\"og:url\" content=\"https:\/\/www.hkm.ch\/fr\/entreprise\/nos-valeurs\/\" \/>\n<meta property=\"og:site_name\" content=\"HKM SA\" \/>\n<meta property=\"article:modified_time\" content=\"2025-07-22T06:28:16+00:00\" \/>\n<meta name=\"twitter:card\" content=\"summary_large_image\" \/>\n<meta name=\"twitter:label1\" content=\"Dur\u00e9e de lecture estim\u00e9e\" \/>\n\t<meta name=\"twitter:data1\" content=\"1 minute\" \/>\n<script type=\"application\/ld+json\" class=\"yoast-schema-graph\">{\"@context\":\"https:\\\/\\\/schema.org\",\"@graph\":[{\"@type\":\"WebPage\",\"@id\":\"https:\\\/\\\/www.hkm.ch\\\/fr\\\/entreprise\\\/nos-valeurs\\\/\",\"url\":\"https:\\\/\\\/www.hkm.ch\\\/fr\\\/entreprise\\\/nos-valeurs\\\/\",\"name\":\"Valeurs de l\u2019entreprise HKM \u2013 Qualit\u00e9, proximit\u00e9, esprit d\u2019\u00e9quipe\",\"isPartOf\":{\"@id\":\"https:\\\/\\\/www.hkm.ch\\\/fr\\\/#website\"},\"datePublished\":\"2024-01-08T16:55:15+00:00\",\"dateModified\":\"2025-07-22T06:28:16+00:00\",\"description\":\"Sp\u00e9cialis\u00e9e dans les rev\u00eatements de sols, parquets, terrasses, moustiquaires, protection solaires, rideaux, faux-plancher, parrois amovibles... HKM est \u00e0 vos c\u00f4t\u00e9s pour vous satisfaire\",\"breadcrumb\":{\"@id\":\"https:\\\/\\\/www.hkm.ch\\\/fr\\\/entreprise\\\/nos-valeurs\\\/#breadcrumb\"},\"inLanguage\":\"fr-FR\",\"potentialAction\":[{\"@type\":\"ReadAction\",\"target\":[\"https:\\\/\\\/www.hkm.ch\\\/fr\\\/entreprise\\\/nos-valeurs\\\/\"]}]},{\"@type\":\"BreadcrumbList\",\"@id\":\"https:\\\/\\\/www.hkm.ch\\\/fr\\\/entreprise\\\/nos-valeurs\\\/#breadcrumb\",\"itemListElement\":[{\"@type\":\"ListItem\",\"position\":1,\"name\":\"Accueil\",\"item\":\"https:\\\/\\\/www.hkm.ch\\\/fr\\\/\"},{\"@type\":\"ListItem\",\"position\":2,\"name\":\"Entreprise\",\"item\":\"https:\\\/\\\/www.hkm.ch\\\/fr\\\/entreprise\\\/\"},{\"@type\":\"ListItem\",\"position\":3,\"name\":\"Nos valeurs\"}]},{\"@type\":\"WebSite\",\"@id\":\"https:\\\/\\\/www.hkm.ch\\\/fr\\\/#website\",\"url\":\"https:\\\/\\\/www.hkm.ch\\\/fr\\\/\",\"name\":\"HKM SA\",\"description\":\"\",\"publisher\":{\"@id\":\"https:\\\/\\\/www.hkm.ch\\\/fr\\\/#organization\"},\"potentialAction\":[{\"@type\":\"SearchAction\",\"target\":{\"@type\":\"EntryPoint\",\"urlTemplate\":\"https:\\\/\\\/www.hkm.ch\\\/fr\\\/?s={search_term_string}\"},\"query-input\":{\"@type\":\"PropertyValueSpecification\",\"valueRequired\":true,\"valueName\":\"search_term_string\"}}],\"inLanguage\":\"fr-FR\"},{\"@type\":\"Organization\",\"@id\":\"https:\\\/\\\/www.hkm.ch\\\/fr\\\/#organization\",\"name\":\"HKM SA\",\"url\":\"https:\\\/\\\/www.hkm.ch\\\/fr\\\/\",\"logo\":{\"@type\":\"ImageObject\",\"inLanguage\":\"fr-FR\",\"@id\":\"https:\\\/\\\/www.hkm.ch\\\/fr\\\/#\\\/schema\\\/logo\\\/image\\\/\",\"url\":\"https:\\\/\\\/www.hkm.ch\\\/wp-content\\\/uploads\\\/2023\\\/11\\\/logo-hkm-sa.webp\",\"contentUrl\":\"https:\\\/\\\/www.hkm.ch\\\/wp-content\\\/uploads\\\/2023\\\/11\\\/logo-hkm-sa.webp\",\"width\":250,\"height\":59,\"caption\":\"HKM SA\"},\"image\":{\"@id\":\"https:\\\/\\\/www.hkm.ch\\\/fr\\\/#\\\/schema\\\/logo\\\/image\\\/\"}}]}<\/script>\n<!-- \/ Yoast SEO plugin. -->","yoast_head_json":{"title":"Valeurs de l\u2019entreprise HKM \u2013 Qualit\u00e9, proximit\u00e9, esprit d\u2019\u00e9quipe","description":"Sp\u00e9cialis\u00e9e dans les rev\u00eatements de sols, parquets, terrasses, moustiquaires, protection solaires, rideaux, faux-plancher, parrois amovibles... HKM est \u00e0 vos c\u00f4t\u00e9s pour vous satisfaire","robots":{"index":"index","follow":"follow","max-snippet":"max-snippet:-1","max-image-preview":"max-image-preview:large","max-video-preview":"max-video-preview:-1"},"canonical":"https:\/\/www.hkm.ch\/fr\/entreprise\/nos-valeurs\/","og_locale":"fr_FR","og_type":"article","og_title":"Valeurs de l\u2019entreprise HKM \u2013 Qualit\u00e9, proximit\u00e9, esprit d\u2019\u00e9quipe","og_description":"Sp\u00e9cialis\u00e9e dans les rev\u00eatements de sols, parquets, terrasses, moustiquaires, protection solaires, rideaux, faux-plancher, parrois amovibles... HKM est \u00e0 vos c\u00f4t\u00e9s pour vous satisfaire","og_url":"https:\/\/www.hkm.ch\/fr\/entreprise\/nos-valeurs\/","og_site_name":"HKM SA","article_modified_time":"2025-07-22T06:28:16+00:00","twitter_card":"summary_large_image","twitter_misc":{"Dur\u00e9e de lecture estim\u00e9e":"1 minute"},"schema":{"@context":"https:\/\/schema.org","@graph":[{"@type":"WebPage","@id":"https:\/\/www.hkm.ch\/fr\/entreprise\/nos-valeurs\/","url":"https:\/\/www.hkm.ch\/fr\/entreprise\/nos-valeurs\/","name":"Valeurs de l\u2019entreprise HKM \u2013 Qualit\u00e9, proximit\u00e9, esprit d\u2019\u00e9quipe","isPartOf":{"@id":"https:\/\/www.hkm.ch\/fr\/#website"},"datePublished":"2024-01-08T16:55:15+00:00","dateModified":"2025-07-22T06:28:16+00:00","description":"Sp\u00e9cialis\u00e9e dans les rev\u00eatements de sols, parquets, terrasses, moustiquaires, protection solaires, rideaux, faux-plancher, parrois amovibles... HKM est \u00e0 vos c\u00f4t\u00e9s pour vous satisfaire","breadcrumb":{"@id":"https:\/\/www.hkm.ch\/fr\/entreprise\/nos-valeurs\/#breadcrumb"},"inLanguage":"fr-FR","potentialAction":[{"@type":"ReadAction","target":["https:\/\/www.hkm.ch\/fr\/entreprise\/nos-valeurs\/"]}]},{"@type":"BreadcrumbList","@id":"https:\/\/www.hkm.ch\/fr\/entreprise\/nos-valeurs\/#breadcrumb","itemListElement":[{"@type":"ListItem","position":1,"name":"Accueil","item":"https:\/\/www.hkm.ch\/fr\/"},{"@type":"ListItem","position":2,"name":"Entreprise","item":"https:\/\/www.hkm.ch\/fr\/entreprise\/"},{"@type":"ListItem","position":3,"name":"Nos valeurs"}]},{"@type":"WebSite","@id":"https:\/\/www.hkm.ch\/fr\/#website","url":"https:\/\/www.hkm.ch\/fr\/","name":"HKM SA","description":"","publisher":{"@id":"https:\/\/www.hkm.ch\/fr\/#organization"},"potentialAction":[{"@type":"SearchAction","target":{"@type":"EntryPoint","urlTemplate":"https:\/\/www.hkm.ch\/fr\/?s={search_term_string}"},"query-input":{"@type":"PropertyValueSpecification","valueRequired":true,"valueName":"search_term_string"}}],"inLanguage":"fr-FR"},{"@type":"Organization","@id":"https:\/\/www.hkm.ch\/fr\/#organization","name":"HKM SA","url":"https:\/\/www.hkm.ch\/fr\/","logo":{"@type":"ImageObject","inLanguage":"fr-FR","@id":"https:\/\/www.hkm.ch\/fr\/#\/schema\/logo\/image\/","url":"https:\/\/www.hkm.ch\/wp-content\/uploads\/2023\/11\/logo-hkm-sa.webp","contentUrl":"https:\/\/www.hkm.ch\/wp-content\/uploads\/2023\/11\/logo-hkm-sa.webp","width":250,"height":59,"caption":"HKM SA"},"image":{"@id":"https:\/\/www.hkm.ch\/fr\/#\/schema\/logo\/image\/"}}]}},"_links":{"self":[{"href":"https:\/\/www.hkm.ch\/fr\/wp-json\/wp\/v2\/pages\/1362","targetHints":{"allow":["GET"]}}],"collection":[{"href":"https:\/\/www.hkm.ch\/fr\/wp-json\/wp\/v2\/pages"}],"about":[{"href":"https:\/\/www.hkm.ch\/fr\/wp-json\/wp\/v2\/types\/page"}],"author":[{"embeddable":true,"href":"https:\/\/www.hkm.ch\/fr\/wp-json\/wp\/v2\/users\/1"}],"replies":[{"embeddable":true,"href":"https:\/\/www.hkm.ch\/fr\/wp-json\/wp\/v2\/comments?post=1362"}],"version-history":[{"count":25,"href":"https:\/\/www.hkm.ch\/fr\/wp-json\/wp\/v2\/pages\/1362\/revisions"}],"predecessor-version":[{"id":4028,"href":"https:\/\/www.hkm.ch\/fr\/wp-json\/wp\/v2\/pages\/1362\/revisions\/4028"}],"up":[{"embeddable":true,"href":"https:\/\/www.hkm.ch\/fr\/wp-json\/wp\/v2\/pages\/2153"}],"wp:attachment":[{"href":"https:\/\/www.hkm.ch\/fr\/wp-json\/wp\/v2\/media?parent=1362"}],"curies":[{"name":"wp","href":"https:\/\/api.w.org\/{rel}","templated":true}]}}