{"id":1352,"date":"2024-01-08T17:52:02","date_gmt":"2024-01-08T16:52:02","guid":{"rendered":"https:\/\/www.hkm.ch\/?page_id=1352"},"modified":"2025-07-22T08:29:37","modified_gmt":"2025-07-22T06:29:37","slug":"vision-philosophie","status":"publish","type":"page","link":"https:\/\/www.hkm.ch\/fr\/entreprise\/vision-philosophie\/","title":{"rendered":"Vision \/ Philosophie"},"content":{"rendered":"\t\t<div data-elementor-type=\"wp-page\" data-elementor-id=\"1352\" class=\"elementor elementor-1352\" data-elementor-post-type=\"page\">\n\t\t\t\t<div class=\"elementor-element elementor-element-41ad935 e-flex e-con-boxed e-con e-parent\" data-id=\"41ad935\" data-element_type=\"container\" data-e-type=\"container\" data-settings=\"{&quot;background_background&quot;:&quot;classic&quot;}\">\n\t\t\t\t\t<div class=\"e-con-inner\">\n\t\t\t\t\t<\/div>\n\t\t\t\t<\/div>\n\t\t<div class=\"elementor-element elementor-element-793528a e-flex e-con-boxed e-con e-parent\" data-id=\"793528a\" data-element_type=\"container\" data-e-type=\"container\">\n\t\t\t\t\t<div class=\"e-con-inner\">\n\t\t\t\t<div class=\"elementor-element elementor-element-e332e49 elementor-widget elementor-widget-heading\" data-id=\"e332e49\" data-element_type=\"widget\" data-e-type=\"widget\" data-widget_type=\"heading.default\">\n\t\t\t\t<div class=\"elementor-widget-container\">\n\t\t\t\t\t<h1 class=\"elementor-heading-title elementor-size-default\">VISION \/ PHILOSOPHIE\n<\/h1>\t\t\t\t<\/div>\n\t\t\t\t<\/div>\n\t\t<div class=\"elementor-element elementor-element-9550dc1 e-flex e-con-boxed e-con e-child\" data-id=\"9550dc1\" data-element_type=\"container\" data-e-type=\"container\">\n\t\t\t\t\t<div class=\"e-con-inner\">\n\t\t<div class=\"elementor-element elementor-element-5a98565 e-con-full e-flex e-con e-child\" data-id=\"5a98565\" data-element_type=\"container\" data-e-type=\"container\">\n\t\t\t\t<div class=\"elementor-element elementor-element-ae4702c elementor-widget elementor-widget-heading\" data-id=\"ae4702c\" data-element_type=\"widget\" data-e-type=\"widget\" data-widget_type=\"heading.default\">\n\t\t\t\t<div class=\"elementor-widget-container\">\n\t\t\t\t\t<h2 class=\"elementor-heading-title elementor-size-default\">LA VIE DANS L\u2019ENTREPRISE\n<\/h2>\t\t\t\t<\/div>\n\t\t\t\t<\/div>\n\t\t\t\t<div class=\"elementor-element elementor-element-3049c38 elementor-widget elementor-widget-text-editor\" data-id=\"3049c38\" data-element_type=\"widget\" data-e-type=\"widget\" data-widget_type=\"text-editor.default\">\n\t\t\t\t<div class=\"elementor-widget-container\">\n\t\t\t\t\t\t\t\t\t<p>Chez HKM, les employ\u00e9s sont un atout pr\u00e9cieux car ils jouent un r\u00f4le central dans la r\u00e9alisation de ses projets. Ils maintiennent une qualit\u00e9 constante dans tous les services avec efficacit\u00e9, tout en promouvant une approche orient\u00e9e <strong>satisfaction client<\/strong>.<\/p><p>Dans l&rsquo;exercice de ses activit\u00e9s, HKM s&rsquo;efforce continuellement de :\u00a0<\/p>\t\t\t\t\t\t\t\t<\/div>\n\t\t\t\t<\/div>\n\t\t\t\t<div class=\"elementor-element elementor-element-f99aefa elementor-widget elementor-widget-text-editor\" data-id=\"f99aefa\" data-element_type=\"widget\" data-e-type=\"widget\" data-widget_type=\"text-editor.default\">\n\t\t\t\t<div class=\"elementor-widget-container\">\n\t\t\t\t\t\t\t\t\t<ul><li>Maintenir une politique d&rsquo;<strong>emploi \u00e9quitable, stable et durable<\/strong>.<\/li><li>Attirer et garder ses collaborateurs dans un environnement de travail sain.<\/li><li>Promouvoir et <strong>am\u00e9liorer le d\u00e9veloppement<\/strong> de ses collaborateurs.<\/li><li>Encourager <strong>un environnement d&rsquo;excellence<\/strong> dans lequel le collaborateur peut exprimer l\u2019ensemble de ses comp\u00e9tences.<\/li><li>Promouvoir la cr\u00e9ativit\u00e9, la responsabilisation et la responsabilit\u00e9 de chaque individu \u00e0 maintenir et d\u00e9velopper ses aptitudes.<\/li><li><strong>Assurer la formation<\/strong> de la prochaine g\u00e9n\u00e9ration de collaborateurs qualifi\u00e9s, construisant ainsi les fondations solides et p\u00e9rennes, ainsi que notre savoir-faire.<\/li><li>Respecter l&rsquo;\u00e9galit\u00e9 des chances et la responsabilit\u00e9 sociale afin de cultiver une diversit\u00e9 de notre main-d\u2019\u0153uvre.<\/li><li>Offrir l\u2019opportunit\u00e9 de travailler sur des projets de divers envergures aux complexit\u00e9s variables.\u00a0<\/li><\/ul>\t\t\t\t\t\t\t\t<\/div>\n\t\t\t\t<\/div>\n\t\t<div class=\"elementor-element elementor-element-33d1e8b e-flex e-con-boxed e-con e-child\" data-id=\"33d1e8b\" data-element_type=\"container\" data-e-type=\"container\">\n\t\t\t\t\t<div class=\"e-con-inner\">\n\t\t\t\t<div class=\"elementor-element elementor-element-0445c02 elementor-widget elementor-widget-button\" data-id=\"0445c02\" data-element_type=\"widget\" data-e-type=\"widget\" data-widget_type=\"button.default\">\n\t\t\t\t<div class=\"elementor-widget-container\">\n\t\t\t\t\t\t\t\t\t<div class=\"elementor-button-wrapper\">\n\t\t\t\t\t<a class=\"elementor-button elementor-button-link elementor-size-sm\" href=\"https:\/\/www.hkm.ch\/fr\/entreprise\/nos-valeurs\/\">\n\t\t\t\t\t\t<span class=\"elementor-button-content-wrapper\">\n\t\t\t\t\t\t\t\t\t<span class=\"elementor-button-text\">D\u00e9couvrez nos valeurs<\/span>\n\t\t\t\t\t<\/span>\n\t\t\t\t\t<\/a>\n\t\t\t\t<\/div>\n\t\t\t\t\t\t\t\t<\/div>\n\t\t\t\t<\/div>\n\t\t\t\t<div class=\"elementor-element elementor-element-764d8eb elementor-widget elementor-widget-button\" data-id=\"764d8eb\" data-element_type=\"widget\" data-e-type=\"widget\" data-widget_type=\"button.default\">\n\t\t\t\t<div class=\"elementor-widget-container\">\n\t\t\t\t\t\t\t\t\t<div class=\"elementor-button-wrapper\">\n\t\t\t\t\t<a class=\"elementor-button elementor-button-link elementor-size-sm\" href=\"https:\/\/www.hkm.ch\/fr\/formulaire-de-contact\/\">\n\t\t\t\t\t\t<span class=\"elementor-button-content-wrapper\">\n\t\t\t\t\t\t\t\t\t<span class=\"elementor-button-text\">Contactez-nous<\/span>\n\t\t\t\t\t<\/span>\n\t\t\t\t\t<\/a>\n\t\t\t\t<\/div>\n\t\t\t\t\t\t\t\t<\/div>\n\t\t\t\t<\/div>\n\t\t\t\t\t<\/div>\n\t\t\t\t<\/div>\n\t\t\t\t<\/div>\n\t\t\t\t\t<\/div>\n\t\t\t\t<\/div>\n\t\t\t\t\t<\/div>\n\t\t\t\t<\/div>\n\t\t\t\t<\/div>\n\t\t","protected":false},"excerpt":{"rendered":"<p>VISION \/ PHILOSOPHIE LA VIE DANS L\u2019ENTREPRISE Chez HKM, les employ\u00e9s sont un atout pr\u00e9cieux car ils jouent un r\u00f4le central dans la r\u00e9alisation de ses projets. Ils maintiennent une qualit\u00e9 constante dans tous les services avec efficacit\u00e9, tout en promouvant une approche orient\u00e9e satisfaction client. Dans l&rsquo;exercice de ses activit\u00e9s, HKM s&rsquo;efforce continuellement de [&hellip;]<\/p>\n","protected":false},"author":1,"featured_media":0,"parent":2153,"menu_order":2,"comment_status":"closed","ping_status":"closed","template":"elementor_header_footer","meta":{"footnotes":""},"class_list":["post-1352","page","type-page","status-publish","hentry"],"yoast_head":"<!-- This site is optimized with the Yoast SEO plugin v27.4 - https:\/\/yoast.com\/product\/yoast-seo-wordpress\/ -->\n<title>HKM SA, une entreprise qualifi\u00e9e pour vos projets<\/title>\n<meta name=\"description\" content=\"La vision de l\u2019entreprise HKM SA : un environnement d\u2019excellence pour ses collaborateurs et la satisfaction du client comme priorit\u00e9\" \/>\n<meta name=\"robots\" content=\"index, follow, max-snippet:-1, max-image-preview:large, max-video-preview:-1\" \/>\n<link rel=\"canonical\" href=\"https:\/\/www.hkm.ch\/fr\/entreprise\/vision-philosophie\/\" \/>\n<meta property=\"og:locale\" content=\"fr_FR\" \/>\n<meta property=\"og:type\" content=\"article\" \/>\n<meta property=\"og:title\" content=\"HKM SA, une entreprise qualifi\u00e9e pour vos projets\" \/>\n<meta property=\"og:description\" content=\"La vision de l\u2019entreprise HKM SA : un environnement d\u2019excellence pour ses collaborateurs et la satisfaction du client comme priorit\u00e9\" \/>\n<meta property=\"og:url\" content=\"https:\/\/www.hkm.ch\/fr\/entreprise\/vision-philosophie\/\" \/>\n<meta property=\"og:site_name\" content=\"HKM SA\" \/>\n<meta property=\"article:modified_time\" content=\"2025-07-22T06:29:37+00:00\" \/>\n<meta name=\"twitter:card\" content=\"summary_large_image\" \/>\n<meta name=\"twitter:label1\" content=\"Dur\u00e9e de lecture estim\u00e9e\" \/>\n\t<meta name=\"twitter:data1\" content=\"1 minute\" \/>\n<script type=\"application\/ld+json\" class=\"yoast-schema-graph\">{\"@context\":\"https:\\\/\\\/schema.org\",\"@graph\":[{\"@type\":\"WebPage\",\"@id\":\"https:\\\/\\\/www.hkm.ch\\\/fr\\\/entreprise\\\/vision-philosophie\\\/\",\"url\":\"https:\\\/\\\/www.hkm.ch\\\/fr\\\/entreprise\\\/vision-philosophie\\\/\",\"name\":\"HKM SA, une entreprise qualifi\u00e9e pour vos projets\",\"isPartOf\":{\"@id\":\"https:\\\/\\\/www.hkm.ch\\\/fr\\\/#website\"},\"datePublished\":\"2024-01-08T16:52:02+00:00\",\"dateModified\":\"2025-07-22T06:29:37+00:00\",\"description\":\"La vision de l\u2019entreprise HKM SA : un environnement d\u2019excellence pour ses collaborateurs et la satisfaction du client comme priorit\u00e9\",\"breadcrumb\":{\"@id\":\"https:\\\/\\\/www.hkm.ch\\\/fr\\\/entreprise\\\/vision-philosophie\\\/#breadcrumb\"},\"inLanguage\":\"fr-FR\",\"potentialAction\":[{\"@type\":\"ReadAction\",\"target\":[\"https:\\\/\\\/www.hkm.ch\\\/fr\\\/entreprise\\\/vision-philosophie\\\/\"]}]},{\"@type\":\"BreadcrumbList\",\"@id\":\"https:\\\/\\\/www.hkm.ch\\\/fr\\\/entreprise\\\/vision-philosophie\\\/#breadcrumb\",\"itemListElement\":[{\"@type\":\"ListItem\",\"position\":1,\"name\":\"Accueil\",\"item\":\"https:\\\/\\\/www.hkm.ch\\\/fr\\\/\"},{\"@type\":\"ListItem\",\"position\":2,\"name\":\"Entreprise\",\"item\":\"https:\\\/\\\/www.hkm.ch\\\/fr\\\/entreprise\\\/\"},{\"@type\":\"ListItem\",\"position\":3,\"name\":\"Vision \\\/ Philosophie\"}]},{\"@type\":\"WebSite\",\"@id\":\"https:\\\/\\\/www.hkm.ch\\\/fr\\\/#website\",\"url\":\"https:\\\/\\\/www.hkm.ch\\\/fr\\\/\",\"name\":\"HKM SA\",\"description\":\"\",\"publisher\":{\"@id\":\"https:\\\/\\\/www.hkm.ch\\\/fr\\\/#organization\"},\"potentialAction\":[{\"@type\":\"SearchAction\",\"target\":{\"@type\":\"EntryPoint\",\"urlTemplate\":\"https:\\\/\\\/www.hkm.ch\\\/fr\\\/?s={search_term_string}\"},\"query-input\":{\"@type\":\"PropertyValueSpecification\",\"valueRequired\":true,\"valueName\":\"search_term_string\"}}],\"inLanguage\":\"fr-FR\"},{\"@type\":\"Organization\",\"@id\":\"https:\\\/\\\/www.hkm.ch\\\/fr\\\/#organization\",\"name\":\"HKM SA\",\"url\":\"https:\\\/\\\/www.hkm.ch\\\/fr\\\/\",\"logo\":{\"@type\":\"ImageObject\",\"inLanguage\":\"fr-FR\",\"@id\":\"https:\\\/\\\/www.hkm.ch\\\/fr\\\/#\\\/schema\\\/logo\\\/image\\\/\",\"url\":\"https:\\\/\\\/www.hkm.ch\\\/wp-content\\\/uploads\\\/2023\\\/11\\\/logo-hkm-sa.webp\",\"contentUrl\":\"https:\\\/\\\/www.hkm.ch\\\/wp-content\\\/uploads\\\/2023\\\/11\\\/logo-hkm-sa.webp\",\"width\":250,\"height\":59,\"caption\":\"HKM SA\"},\"image\":{\"@id\":\"https:\\\/\\\/www.hkm.ch\\\/fr\\\/#\\\/schema\\\/logo\\\/image\\\/\"}}]}<\/script>\n<!-- \/ Yoast SEO plugin. -->","yoast_head_json":{"title":"HKM SA, une entreprise qualifi\u00e9e pour vos projets","description":"La vision de l\u2019entreprise HKM SA : un environnement d\u2019excellence pour ses collaborateurs et la satisfaction du client comme priorit\u00e9","robots":{"index":"index","follow":"follow","max-snippet":"max-snippet:-1","max-image-preview":"max-image-preview:large","max-video-preview":"max-video-preview:-1"},"canonical":"https:\/\/www.hkm.ch\/fr\/entreprise\/vision-philosophie\/","og_locale":"fr_FR","og_type":"article","og_title":"HKM SA, une entreprise qualifi\u00e9e pour vos projets","og_description":"La vision de l\u2019entreprise HKM SA : un environnement d\u2019excellence pour ses collaborateurs et la satisfaction du client comme priorit\u00e9","og_url":"https:\/\/www.hkm.ch\/fr\/entreprise\/vision-philosophie\/","og_site_name":"HKM SA","article_modified_time":"2025-07-22T06:29:37+00:00","twitter_card":"summary_large_image","twitter_misc":{"Dur\u00e9e de lecture estim\u00e9e":"1 minute"},"schema":{"@context":"https:\/\/schema.org","@graph":[{"@type":"WebPage","@id":"https:\/\/www.hkm.ch\/fr\/entreprise\/vision-philosophie\/","url":"https:\/\/www.hkm.ch\/fr\/entreprise\/vision-philosophie\/","name":"HKM SA, une entreprise qualifi\u00e9e pour vos projets","isPartOf":{"@id":"https:\/\/www.hkm.ch\/fr\/#website"},"datePublished":"2024-01-08T16:52:02+00:00","dateModified":"2025-07-22T06:29:37+00:00","description":"La vision de l\u2019entreprise HKM SA : un environnement d\u2019excellence pour ses collaborateurs et la satisfaction du client comme priorit\u00e9","breadcrumb":{"@id":"https:\/\/www.hkm.ch\/fr\/entreprise\/vision-philosophie\/#breadcrumb"},"inLanguage":"fr-FR","potentialAction":[{"@type":"ReadAction","target":["https:\/\/www.hkm.ch\/fr\/entreprise\/vision-philosophie\/"]}]},{"@type":"BreadcrumbList","@id":"https:\/\/www.hkm.ch\/fr\/entreprise\/vision-philosophie\/#breadcrumb","itemListElement":[{"@type":"ListItem","position":1,"name":"Accueil","item":"https:\/\/www.hkm.ch\/fr\/"},{"@type":"ListItem","position":2,"name":"Entreprise","item":"https:\/\/www.hkm.ch\/fr\/entreprise\/"},{"@type":"ListItem","position":3,"name":"Vision \/ Philosophie"}]},{"@type":"WebSite","@id":"https:\/\/www.hkm.ch\/fr\/#website","url":"https:\/\/www.hkm.ch\/fr\/","name":"HKM SA","description":"","publisher":{"@id":"https:\/\/www.hkm.ch\/fr\/#organization"},"potentialAction":[{"@type":"SearchAction","target":{"@type":"EntryPoint","urlTemplate":"https:\/\/www.hkm.ch\/fr\/?s={search_term_string}"},"query-input":{"@type":"PropertyValueSpecification","valueRequired":true,"valueName":"search_term_string"}}],"inLanguage":"fr-FR"},{"@type":"Organization","@id":"https:\/\/www.hkm.ch\/fr\/#organization","name":"HKM SA","url":"https:\/\/www.hkm.ch\/fr\/","logo":{"@type":"ImageObject","inLanguage":"fr-FR","@id":"https:\/\/www.hkm.ch\/fr\/#\/schema\/logo\/image\/","url":"https:\/\/www.hkm.ch\/wp-content\/uploads\/2023\/11\/logo-hkm-sa.webp","contentUrl":"https:\/\/www.hkm.ch\/wp-content\/uploads\/2023\/11\/logo-hkm-sa.webp","width":250,"height":59,"caption":"HKM SA"},"image":{"@id":"https:\/\/www.hkm.ch\/fr\/#\/schema\/logo\/image\/"}}]}},"_links":{"self":[{"href":"https:\/\/www.hkm.ch\/fr\/wp-json\/wp\/v2\/pages\/1352","targetHints":{"allow":["GET"]}}],"collection":[{"href":"https:\/\/www.hkm.ch\/fr\/wp-json\/wp\/v2\/pages"}],"about":[{"href":"https:\/\/www.hkm.ch\/fr\/wp-json\/wp\/v2\/types\/page"}],"author":[{"embeddable":true,"href":"https:\/\/www.hkm.ch\/fr\/wp-json\/wp\/v2\/users\/1"}],"replies":[{"embeddable":true,"href":"https:\/\/www.hkm.ch\/fr\/wp-json\/wp\/v2\/comments?post=1352"}],"version-history":[{"count":23,"href":"https:\/\/www.hkm.ch\/fr\/wp-json\/wp\/v2\/pages\/1352\/revisions"}],"predecessor-version":[{"id":4031,"href":"https:\/\/www.hkm.ch\/fr\/wp-json\/wp\/v2\/pages\/1352\/revisions\/4031"}],"up":[{"embeddable":true,"href":"https:\/\/www.hkm.ch\/fr\/wp-json\/wp\/v2\/pages\/2153"}],"wp:attachment":[{"href":"https:\/\/www.hkm.ch\/fr\/wp-json\/wp\/v2\/media?parent=1352"}],"curies":[{"name":"wp","href":"https:\/\/api.w.org\/{rel}","templated":true}]}}