{"id":1264,"date":"2024-01-08T12:18:02","date_gmt":"2024-01-08T11:18:02","guid":{"rendered":"https:\/\/www.hkm.ch\/?page_id=1264"},"modified":"2026-03-26T08:25:04","modified_gmt":"2026-03-26T07:25:04","slug":"emploi-a-pourvoir","status":"publish","type":"page","link":"https:\/\/www.hkm.ch\/fr\/carriere\/emploi-a-pourvoir\/","title":{"rendered":"Emploi \u00e0 pourvoir"},"content":{"rendered":"\t\t<div data-elementor-type=\"wp-page\" data-elementor-id=\"1264\" class=\"elementor elementor-1264\" data-elementor-post-type=\"page\">\n\t\t\t\t<div class=\"elementor-element elementor-element-6150521 e-flex e-con-boxed e-con e-parent\" data-id=\"6150521\" data-element_type=\"container\" data-e-type=\"container\" data-settings=\"{&quot;background_background&quot;:&quot;classic&quot;}\">\n\t\t\t\t\t<div class=\"e-con-inner\">\n\t\t\t\t\t<\/div>\n\t\t\t\t<\/div>\n\t\t<div class=\"elementor-element elementor-element-654c7f2 e-flex e-con-boxed e-con e-parent\" data-id=\"654c7f2\" data-element_type=\"container\" data-e-type=\"container\">\n\t\t\t\t\t<div class=\"e-con-inner\">\n\t\t\t\t<div class=\"elementor-element elementor-element-87d074e elementor-widget elementor-widget-heading\" data-id=\"87d074e\" data-element_type=\"widget\" data-e-type=\"widget\" data-widget_type=\"heading.default\">\n\t\t\t\t<div class=\"elementor-widget-container\">\n\t\t\t\t\t<h1 class=\"elementor-heading-title elementor-size-default\">NOS POSTES \u00c0 POURVOIR<\/h1>\t\t\t\t<\/div>\n\t\t\t\t<\/div>\n\t\t<div class=\"elementor-element elementor-element-70468b2 e-flex e-con-boxed e-con e-child\" data-id=\"70468b2\" data-element_type=\"container\" data-e-type=\"container\">\n\t\t\t\t\t<div class=\"e-con-inner\">\n\t\t<div class=\"elementor-element elementor-element-938f96c e-con-full e-flex e-con e-child\" data-id=\"938f96c\" data-element_type=\"container\" data-e-type=\"container\">\n\t\t\t\t<div class=\"elementor-element elementor-element-b4c8fb7 elementor-widget elementor-widget-image\" data-id=\"b4c8fb7\" data-element_type=\"widget\" data-e-type=\"widget\" data-widget_type=\"image.default\">\n\t\t\t\t<div class=\"elementor-widget-container\">\n\t\t\t\t\t\t\t\t\t\t\t\t\t\t\t<img fetchpriority=\"high\" decoding=\"async\" width=\"825\" height=\"430\" src=\"https:\/\/www.hkm.ch\/wp-content\/uploads\/2024\/01\/Emploi-a-pourvoir-HKM-SA.webp\" class=\"attachment-full size-full wp-image-1272\" alt=\"\" srcset=\"https:\/\/www.hkm.ch\/wp-content\/uploads\/2024\/01\/Emploi-a-pourvoir-HKM-SA.webp 825w, https:\/\/www.hkm.ch\/wp-content\/uploads\/2024\/01\/Emploi-a-pourvoir-HKM-SA-300x156.webp 300w, https:\/\/www.hkm.ch\/wp-content\/uploads\/2024\/01\/Emploi-a-pourvoir-HKM-SA-768x400.webp 768w\" sizes=\"(max-width: 825px) 100vw, 825px\" \/>\t\t\t\t\t\t\t\t\t\t\t\t\t\t\t<\/div>\n\t\t\t\t<\/div>\n\t\t\t\t<div class=\"elementor-element elementor-element-fdb4084 elementor-widget elementor-widget-text-editor\" data-id=\"fdb4084\" data-element_type=\"widget\" data-e-type=\"widget\" data-widget_type=\"text-editor.default\">\n\t\t\t\t<div class=\"elementor-widget-container\">\n\t\t\t\t\t\t\t\t\t<p>Chez HKM, les employ\u00e9s sont un atout pr\u00e9cieux, car ils jouent un r\u00f4le central dans la r\u00e9alisation des projets. Ils maintiennent une qualit\u00e9 constante dans tous les services avec efficacit\u00e9, tout en promouvant une approche orient\u00e9e satisfaction client.<\/p>\t\t\t\t\t\t\t\t<\/div>\n\t\t\t\t<\/div>\n\t\t<div class=\"elementor-element elementor-element-791a61c e-flex e-con-boxed e-con e-child\" data-id=\"791a61c\" data-element_type=\"container\" data-e-type=\"container\">\n\t\t\t\t\t<div class=\"e-con-inner\">\n\t\t\t\t<div class=\"elementor-element elementor-element-2f54bb9 elementor-widget elementor-widget-text-editor\" data-id=\"2f54bb9\" data-element_type=\"widget\" data-e-type=\"widget\" data-widget_type=\"text-editor.default\">\n\t\t\t\t<div class=\"elementor-widget-container\">\n\t\t\t\t\t\t\t\t\t<p>Nous ne recrutons pas activement pour le moment.<br \/>Mais nous restons toujours \u00e0 l\u2019\u00e9coute des profils qui sortent du lot.<br \/>Si vous vous reconnaissez, faites-nous parvenir votre candidature \u00e0 : <a href=\"mailto:jobs@hkm.ch\">jobs@hkm.ch<\/a><br \/>Au plaisir de vous d\u00e9couvrir.<\/p>\t\t\t\t\t\t\t\t<\/div>\n\t\t\t\t<\/div>\n\t\t\t\t\t<\/div>\n\t\t\t\t<\/div>\n\t\t<div class=\"elementor-element elementor-element-5c401cf elementor-hidden-desktop elementor-hidden-tablet elementor-hidden-mobile e-flex e-con-boxed e-con e-child\" data-id=\"5c401cf\" data-element_type=\"container\" data-e-type=\"container\">\n\t\t\t\t\t<div class=\"e-con-inner\">\n\t\t\t\t<div class=\"elementor-element elementor-element-aad96b3 elementor-widget elementor-widget-text-editor\" data-id=\"aad96b3\" data-element_type=\"widget\" data-e-type=\"widget\" data-widget_type=\"text-editor.default\">\n\t\t\t\t<div class=\"elementor-widget-container\">\n\t\t\t\t\t\t\t\t\t<p>Pour compl\u00e9ter notre \u00e9quipe de <b>Fribourg <\/b>nous recherchons tout de suite ou \u00e0 convenir plusieurs :<\/p>\t\t\t\t\t\t\t\t<\/div>\n\t\t\t\t<\/div>\n\t\t\t\t<div class=\"elementor-element elementor-element-9eeaded elementor-widget elementor-widget-heading\" data-id=\"9eeaded\" data-element_type=\"widget\" data-e-type=\"widget\" data-widget_type=\"heading.default\">\n\t\t\t\t<div class=\"elementor-widget-container\">\n\t\t\t\t\t<h2 class=\"elementor-heading-title elementor-size-default\">Conducteur\/rice de travaux 100% (H\/F)<\/h2>\t\t\t\t<\/div>\n\t\t\t\t<\/div>\n\t\t\t\t<div class=\"elementor-element elementor-element-a7d8892 elementor-widget elementor-widget-button\" data-id=\"a7d8892\" data-element_type=\"widget\" data-e-type=\"widget\" data-widget_type=\"button.default\">\n\t\t\t\t<div class=\"elementor-widget-container\">\n\t\t\t\t\t\t\t\t\t<div class=\"elementor-button-wrapper\">\n\t\t\t\t\t<a class=\"elementor-button elementor-button-link elementor-size-sm\" href=\"https:\/\/www.hkm.ch\/fr\/2026-conducteur-de-travaux\/\" target=\"_blank\">\n\t\t\t\t\t\t<span class=\"elementor-button-content-wrapper\">\n\t\t\t\t\t\t\t\t\t<span class=\"elementor-button-text\">Vers l'offre d'emploi<\/span>\n\t\t\t\t\t<\/span>\n\t\t\t\t\t<\/a>\n\t\t\t\t<\/div>\n\t\t\t\t\t\t\t\t<\/div>\n\t\t\t\t<\/div>\n\t\t\t\t\t<\/div>\n\t\t\t\t<\/div>\n\t\t\t\t<\/div>\n\t\t<div class=\"elementor-element elementor-element-cef2ab1 e-con-full e-flex e-con e-child\" data-id=\"cef2ab1\" data-element_type=\"container\" data-e-type=\"container\">\n\t\t<div class=\"elementor-element elementor-element-f9842dc e-flex e-con-boxed e-con e-child\" data-id=\"f9842dc\" data-element_type=\"container\" data-e-type=\"container\" data-settings=\"{&quot;background_background&quot;:&quot;classic&quot;}\">\n\t\t\t\t\t<div class=\"e-con-inner\">\n\t\t\t\t<div class=\"elementor-element elementor-element-169ac6f elementor-widget elementor-widget-heading\" data-id=\"169ac6f\" data-element_type=\"widget\" data-e-type=\"widget\" data-widget_type=\"heading.default\">\n\t\t\t\t<div class=\"elementor-widget-container\">\n\t\t\t\t\t<h2 class=\"elementor-heading-title elementor-size-default\">AVANTAGES DES EMPLOY\u00c9S\n<\/h2>\t\t\t\t<\/div>\n\t\t\t\t<\/div>\n\t\t\t\t<div class=\"elementor-element elementor-element-aab43c2 elementor-widget elementor-widget-text-editor\" data-id=\"aab43c2\" data-element_type=\"widget\" data-e-type=\"widget\" data-widget_type=\"text-editor.default\">\n\t\t\t\t<div class=\"elementor-widget-container\">\n\t\t\t\t\t\t\t\t\t<p>HKM offre des avantages \u00e0 ses employ\u00e9s afin de concilier la vie professionnelle et personnelle en instaurant l\u2019horaire flexible.<\/p><p>HKM \u00e9quipe son personnel de production en fournissant tous les habits, EPI et chaussures de protection ainsi que les outils de travail.<\/p><p>Son personnel administratif est \u00e9quip\u00e9 de laptop afin de faciliter le travail \u00e0 distance.<\/p><p>Tout le personnel a un droit de 25 jours de vacances de base.<\/p><p>La formation continue telle que le Brevet F\u00e9d\u00e9ral chef poseur de sol.\u00a0<\/p>\t\t\t\t\t\t\t\t<\/div>\n\t\t\t\t<\/div>\n\t\t\t\t<div class=\"elementor-element elementor-element-6874701 elementor-widget elementor-widget-heading\" data-id=\"6874701\" data-element_type=\"widget\" data-e-type=\"widget\" data-widget_type=\"heading.default\">\n\t\t\t\t<div class=\"elementor-widget-container\">\n\t\t\t\t\t<h2 class=\"elementor-heading-title elementor-size-default\">INTERVIEWS<\/h2>\t\t\t\t<\/div>\n\t\t\t\t<\/div>\n\t\t\t\t<div class=\"elementor-element elementor-element-48cc2ca elementor-widget elementor-widget-text-editor\" data-id=\"48cc2ca\" data-element_type=\"widget\" data-e-type=\"widget\" data-widget_type=\"text-editor.default\">\n\t\t\t\t<div class=\"elementor-widget-container\">\n\t\t\t\t\t\t\t\t\t<p>Des collaborateurs parlent de HKM et de leur m\u00e9tier :\u00a0<\/p>\t\t\t\t\t\t\t\t<\/div>\n\t\t\t\t<\/div>\n\t\t\t\t<div class=\"elementor-element elementor-element-530c60e elementor-widget elementor-widget-button\" data-id=\"530c60e\" data-element_type=\"widget\" data-e-type=\"widget\" data-widget_type=\"button.default\">\n\t\t\t\t<div class=\"elementor-widget-container\">\n\t\t\t\t\t\t\t\t\t<div class=\"elementor-button-wrapper\">\n\t\t\t\t\t<a class=\"elementor-button elementor-button-link elementor-size-sm\" href=\"https:\/\/www.youtube.com\/playlist?list=PLcSkvcBgMMhT69_Q4R8g_W2uzVYYcrYu9\" target=\"_blank\">\n\t\t\t\t\t\t<span class=\"elementor-button-content-wrapper\">\n\t\t\t\t\t\t\t\t\t<span class=\"elementor-button-text\">Vers les interviews<\/span>\n\t\t\t\t\t<\/span>\n\t\t\t\t\t<\/a>\n\t\t\t\t<\/div>\n\t\t\t\t\t\t\t\t<\/div>\n\t\t\t\t<\/div>\n\t\t\t\t\t<\/div>\n\t\t\t\t<\/div>\n\t\t\t\t<\/div>\n\t\t\t\t\t<\/div>\n\t\t\t\t<\/div>\n\t\t\t\t\t<\/div>\n\t\t\t\t<\/div>\n\t\t\t\t<\/div>\n\t\t","protected":false},"excerpt":{"rendered":"<p>NOS POSTES \u00c0 POURVOIR Chez HKM, les employ\u00e9s sont un atout pr\u00e9cieux, car ils jouent un r\u00f4le central dans la r\u00e9alisation des projets. Ils maintiennent une qualit\u00e9 constante dans tous les services avec efficacit\u00e9, tout en promouvant une approche orient\u00e9e satisfaction client. Nous ne recrutons pas activement pour le moment.Mais nous restons toujours \u00e0 l\u2019\u00e9coute [&hellip;]<\/p>\n","protected":false},"author":1,"featured_media":0,"parent":2151,"menu_order":3,"comment_status":"closed","ping_status":"closed","template":"elementor_header_footer","meta":{"footnotes":""},"class_list":["post-1264","page","type-page","status-publish","hentry"],"yoast_head":"<!-- This site is optimized with the Yoast SEO plugin v27.1.1 - https:\/\/yoast.com\/product\/yoast-seo-wordpress\/ -->\n<title>HKM SA recrute : d\u00e9couvrez les offres d\u2019emploi<\/title>\n<meta name=\"description\" content=\"Parqueteurs, poseurs de sol, responsable commercial\u2026 toutes nos offres d\u2019emploi disponibles ici pour rejoindre l\u2019\u00e9quipe HKM SA\" \/>\n<meta name=\"robots\" content=\"index, follow, max-snippet:-1, max-image-preview:large, max-video-preview:-1\" \/>\n<link rel=\"canonical\" href=\"https:\/\/www.hkm.ch\/fr\/carriere\/emploi-a-pourvoir\/\" \/>\n<meta property=\"og:locale\" content=\"fr_FR\" \/>\n<meta property=\"og:type\" content=\"article\" \/>\n<meta property=\"og:title\" content=\"HKM SA recrute : d\u00e9couvrez les offres d\u2019emploi\" \/>\n<meta property=\"og:description\" content=\"Parqueteurs, poseurs de sol, responsable commercial\u2026 toutes nos offres d\u2019emploi disponibles ici pour rejoindre l\u2019\u00e9quipe HKM SA\" \/>\n<meta property=\"og:url\" content=\"https:\/\/www.hkm.ch\/fr\/carriere\/emploi-a-pourvoir\/\" \/>\n<meta property=\"og:site_name\" content=\"HKM SA\" \/>\n<meta property=\"article:modified_time\" content=\"2026-03-26T07:25:04+00:00\" \/>\n<meta property=\"og:image\" content=\"https:\/\/www.hkm.ch\/wp-content\/uploads\/2024\/01\/Emploi-a-pourvoir-HKM-SA.webp\" \/>\n\t<meta property=\"og:image:width\" content=\"825\" \/>\n\t<meta property=\"og:image:height\" content=\"430\" \/>\n\t<meta property=\"og:image:type\" content=\"image\/webp\" \/>\n<meta name=\"twitter:card\" content=\"summary_large_image\" \/>\n<meta name=\"twitter:label1\" content=\"Dur\u00e9e de lecture estim\u00e9e\" \/>\n\t<meta name=\"twitter:data1\" content=\"2 minutes\" \/>\n<script type=\"application\/ld+json\" class=\"yoast-schema-graph\">{\"@context\":\"https:\/\/schema.org\",\"@graph\":[{\"@type\":\"WebPage\",\"@id\":\"https:\/\/www.hkm.ch\/fr\/carriere\/emploi-a-pourvoir\/\",\"url\":\"https:\/\/www.hkm.ch\/fr\/carriere\/emploi-a-pourvoir\/\",\"name\":\"HKM SA recrute : d\u00e9couvrez les offres d\u2019emploi\",\"isPartOf\":{\"@id\":\"https:\/\/www.hkm.ch\/fr\/#website\"},\"primaryImageOfPage\":{\"@id\":\"https:\/\/www.hkm.ch\/fr\/carriere\/emploi-a-pourvoir\/#primaryimage\"},\"image\":{\"@id\":\"https:\/\/www.hkm.ch\/fr\/carriere\/emploi-a-pourvoir\/#primaryimage\"},\"thumbnailUrl\":\"https:\/\/www.hkm.ch\/wp-content\/uploads\/2024\/01\/Emploi-a-pourvoir-HKM-SA.webp\",\"datePublished\":\"2024-01-08T11:18:02+00:00\",\"dateModified\":\"2026-03-26T07:25:04+00:00\",\"description\":\"Parqueteurs, poseurs de sol, responsable commercial\u2026 toutes nos offres d\u2019emploi disponibles ici pour rejoindre l\u2019\u00e9quipe HKM SA\",\"breadcrumb\":{\"@id\":\"https:\/\/www.hkm.ch\/fr\/carriere\/emploi-a-pourvoir\/#breadcrumb\"},\"inLanguage\":\"fr-FR\",\"potentialAction\":[{\"@type\":\"ReadAction\",\"target\":[\"https:\/\/www.hkm.ch\/fr\/carriere\/emploi-a-pourvoir\/\"]}]},{\"@type\":\"ImageObject\",\"inLanguage\":\"fr-FR\",\"@id\":\"https:\/\/www.hkm.ch\/fr\/carriere\/emploi-a-pourvoir\/#primaryimage\",\"url\":\"https:\/\/www.hkm.ch\/wp-content\/uploads\/2024\/01\/Emploi-a-pourvoir-HKM-SA.webp\",\"contentUrl\":\"https:\/\/www.hkm.ch\/wp-content\/uploads\/2024\/01\/Emploi-a-pourvoir-HKM-SA.webp\"},{\"@type\":\"BreadcrumbList\",\"@id\":\"https:\/\/www.hkm.ch\/fr\/carriere\/emploi-a-pourvoir\/#breadcrumb\",\"itemListElement\":[{\"@type\":\"ListItem\",\"position\":1,\"name\":\"Accueil\",\"item\":\"https:\/\/www.hkm.ch\/fr\/\"},{\"@type\":\"ListItem\",\"position\":2,\"name\":\"Carriere\",\"item\":\"https:\/\/www.hkm.ch\/fr\/carriere\/\"},{\"@type\":\"ListItem\",\"position\":3,\"name\":\"Emploi \u00e0 pourvoir\"}]},{\"@type\":\"WebSite\",\"@id\":\"https:\/\/www.hkm.ch\/fr\/#website\",\"url\":\"https:\/\/www.hkm.ch\/fr\/\",\"name\":\"HKM SA\",\"description\":\"\",\"publisher\":{\"@id\":\"https:\/\/www.hkm.ch\/fr\/#organization\"},\"potentialAction\":[{\"@type\":\"SearchAction\",\"target\":{\"@type\":\"EntryPoint\",\"urlTemplate\":\"https:\/\/www.hkm.ch\/fr\/?s={search_term_string}\"},\"query-input\":{\"@type\":\"PropertyValueSpecification\",\"valueRequired\":true,\"valueName\":\"search_term_string\"}}],\"inLanguage\":\"fr-FR\"},{\"@type\":\"Organization\",\"@id\":\"https:\/\/www.hkm.ch\/fr\/#organization\",\"name\":\"HKM SA\",\"url\":\"https:\/\/www.hkm.ch\/fr\/\",\"logo\":{\"@type\":\"ImageObject\",\"inLanguage\":\"fr-FR\",\"@id\":\"https:\/\/www.hkm.ch\/fr\/#\/schema\/logo\/image\/\",\"url\":\"https:\/\/www.hkm.ch\/wp-content\/uploads\/2023\/11\/logo-hkm-sa.webp\",\"contentUrl\":\"https:\/\/www.hkm.ch\/wp-content\/uploads\/2023\/11\/logo-hkm-sa.webp\",\"width\":250,\"height\":59,\"caption\":\"HKM SA\"},\"image\":{\"@id\":\"https:\/\/www.hkm.ch\/fr\/#\/schema\/logo\/image\/\"}}]}<\/script>\n<!-- \/ Yoast SEO plugin. -->","yoast_head_json":{"title":"HKM SA recrute : d\u00e9couvrez les offres d\u2019emploi","description":"Parqueteurs, poseurs de sol, responsable commercial\u2026 toutes nos offres d\u2019emploi disponibles ici pour rejoindre l\u2019\u00e9quipe HKM SA","robots":{"index":"index","follow":"follow","max-snippet":"max-snippet:-1","max-image-preview":"max-image-preview:large","max-video-preview":"max-video-preview:-1"},"canonical":"https:\/\/www.hkm.ch\/fr\/carriere\/emploi-a-pourvoir\/","og_locale":"fr_FR","og_type":"article","og_title":"HKM SA recrute : d\u00e9couvrez les offres d\u2019emploi","og_description":"Parqueteurs, poseurs de sol, responsable commercial\u2026 toutes nos offres d\u2019emploi disponibles ici pour rejoindre l\u2019\u00e9quipe HKM SA","og_url":"https:\/\/www.hkm.ch\/fr\/carriere\/emploi-a-pourvoir\/","og_site_name":"HKM SA","article_modified_time":"2026-03-26T07:25:04+00:00","og_image":[{"width":825,"height":430,"url":"https:\/\/www.hkm.ch\/wp-content\/uploads\/2024\/01\/Emploi-a-pourvoir-HKM-SA.webp","type":"image\/webp"}],"twitter_card":"summary_large_image","twitter_misc":{"Dur\u00e9e de lecture estim\u00e9e":"2 minutes"},"schema":{"@context":"https:\/\/schema.org","@graph":[{"@type":"WebPage","@id":"https:\/\/www.hkm.ch\/fr\/carriere\/emploi-a-pourvoir\/","url":"https:\/\/www.hkm.ch\/fr\/carriere\/emploi-a-pourvoir\/","name":"HKM SA recrute : d\u00e9couvrez les offres d\u2019emploi","isPartOf":{"@id":"https:\/\/www.hkm.ch\/fr\/#website"},"primaryImageOfPage":{"@id":"https:\/\/www.hkm.ch\/fr\/carriere\/emploi-a-pourvoir\/#primaryimage"},"image":{"@id":"https:\/\/www.hkm.ch\/fr\/carriere\/emploi-a-pourvoir\/#primaryimage"},"thumbnailUrl":"https:\/\/www.hkm.ch\/wp-content\/uploads\/2024\/01\/Emploi-a-pourvoir-HKM-SA.webp","datePublished":"2024-01-08T11:18:02+00:00","dateModified":"2026-03-26T07:25:04+00:00","description":"Parqueteurs, poseurs de sol, responsable commercial\u2026 toutes nos offres d\u2019emploi disponibles ici pour rejoindre l\u2019\u00e9quipe HKM SA","breadcrumb":{"@id":"https:\/\/www.hkm.ch\/fr\/carriere\/emploi-a-pourvoir\/#breadcrumb"},"inLanguage":"fr-FR","potentialAction":[{"@type":"ReadAction","target":["https:\/\/www.hkm.ch\/fr\/carriere\/emploi-a-pourvoir\/"]}]},{"@type":"ImageObject","inLanguage":"fr-FR","@id":"https:\/\/www.hkm.ch\/fr\/carriere\/emploi-a-pourvoir\/#primaryimage","url":"https:\/\/www.hkm.ch\/wp-content\/uploads\/2024\/01\/Emploi-a-pourvoir-HKM-SA.webp","contentUrl":"https:\/\/www.hkm.ch\/wp-content\/uploads\/2024\/01\/Emploi-a-pourvoir-HKM-SA.webp"},{"@type":"BreadcrumbList","@id":"https:\/\/www.hkm.ch\/fr\/carriere\/emploi-a-pourvoir\/#breadcrumb","itemListElement":[{"@type":"ListItem","position":1,"name":"Accueil","item":"https:\/\/www.hkm.ch\/fr\/"},{"@type":"ListItem","position":2,"name":"Carriere","item":"https:\/\/www.hkm.ch\/fr\/carriere\/"},{"@type":"ListItem","position":3,"name":"Emploi \u00e0 pourvoir"}]},{"@type":"WebSite","@id":"https:\/\/www.hkm.ch\/fr\/#website","url":"https:\/\/www.hkm.ch\/fr\/","name":"HKM SA","description":"","publisher":{"@id":"https:\/\/www.hkm.ch\/fr\/#organization"},"potentialAction":[{"@type":"SearchAction","target":{"@type":"EntryPoint","urlTemplate":"https:\/\/www.hkm.ch\/fr\/?s={search_term_string}"},"query-input":{"@type":"PropertyValueSpecification","valueRequired":true,"valueName":"search_term_string"}}],"inLanguage":"fr-FR"},{"@type":"Organization","@id":"https:\/\/www.hkm.ch\/fr\/#organization","name":"HKM SA","url":"https:\/\/www.hkm.ch\/fr\/","logo":{"@type":"ImageObject","inLanguage":"fr-FR","@id":"https:\/\/www.hkm.ch\/fr\/#\/schema\/logo\/image\/","url":"https:\/\/www.hkm.ch\/wp-content\/uploads\/2023\/11\/logo-hkm-sa.webp","contentUrl":"https:\/\/www.hkm.ch\/wp-content\/uploads\/2023\/11\/logo-hkm-sa.webp","width":250,"height":59,"caption":"HKM SA"},"image":{"@id":"https:\/\/www.hkm.ch\/fr\/#\/schema\/logo\/image\/"}}]}},"_links":{"self":[{"href":"https:\/\/www.hkm.ch\/fr\/wp-json\/wp\/v2\/pages\/1264","targetHints":{"allow":["GET"]}}],"collection":[{"href":"https:\/\/www.hkm.ch\/fr\/wp-json\/wp\/v2\/pages"}],"about":[{"href":"https:\/\/www.hkm.ch\/fr\/wp-json\/wp\/v2\/types\/page"}],"author":[{"embeddable":true,"href":"https:\/\/www.hkm.ch\/fr\/wp-json\/wp\/v2\/users\/1"}],"replies":[{"embeddable":true,"href":"https:\/\/www.hkm.ch\/fr\/wp-json\/wp\/v2\/comments?post=1264"}],"version-history":[{"count":88,"href":"https:\/\/www.hkm.ch\/fr\/wp-json\/wp\/v2\/pages\/1264\/revisions"}],"predecessor-version":[{"id":4279,"href":"https:\/\/www.hkm.ch\/fr\/wp-json\/wp\/v2\/pages\/1264\/revisions\/4279"}],"up":[{"embeddable":true,"href":"https:\/\/www.hkm.ch\/fr\/wp-json\/wp\/v2\/pages\/2151"}],"wp:attachment":[{"href":"https:\/\/www.hkm.ch\/fr\/wp-json\/wp\/v2\/media?parent=1264"}],"curies":[{"name":"wp","href":"https:\/\/api.w.org\/{rel}","templated":true}]}}