{"id":1252,"date":"2024-01-08T12:12:48","date_gmt":"2024-01-08T11:12:48","guid":{"rendered":"https:\/\/www.hkm.ch\/?page_id=1252"},"modified":"2024-02-05T16:27:59","modified_gmt":"2024-02-05T15:27:59","slug":"les-metiers-que-hkm-forme","status":"publish","type":"page","link":"https:\/\/www.hkm.ch\/fr\/carriere\/les-metiers-que-hkm-forme\/","title":{"rendered":"Les m\u00e9tiers que HKM forme"},"content":{"rendered":"\t\t<div data-elementor-type=\"wp-page\" data-elementor-id=\"1252\" class=\"elementor elementor-1252\" data-elementor-post-type=\"page\">\n\t\t\t\t<div class=\"elementor-element elementor-element-5c11229 e-flex e-con-boxed e-con e-parent\" data-id=\"5c11229\" data-element_type=\"container\" data-e-type=\"container\" data-settings=\"{&quot;background_background&quot;:&quot;classic&quot;}\">\n\t\t\t\t\t<div class=\"e-con-inner\">\n\t\t\t\t\t<\/div>\n\t\t\t\t<\/div>\n\t\t<div class=\"elementor-element elementor-element-709e4f5 e-flex e-con-boxed e-con e-parent\" data-id=\"709e4f5\" data-element_type=\"container\" data-e-type=\"container\">\n\t\t\t\t\t<div class=\"e-con-inner\">\n\t\t\t\t<div class=\"elementor-element elementor-element-be69240 elementor-widget elementor-widget-heading\" data-id=\"be69240\" data-element_type=\"widget\" data-e-type=\"widget\" data-widget_type=\"heading.default\">\n\t\t\t\t<div class=\"elementor-widget-container\">\n\t\t\t\t\t<h1 class=\"elementor-heading-title elementor-size-default\">LA FORMATION CHEZ HKM SA<\/h1>\t\t\t\t<\/div>\n\t\t\t\t<\/div>\n\t\t\t\t<div class=\"elementor-element elementor-element-45af25f elementor-widget elementor-widget-heading\" data-id=\"45af25f\" data-element_type=\"widget\" data-e-type=\"widget\" data-widget_type=\"heading.default\">\n\t\t\t\t<div class=\"elementor-widget-container\">\n\t\t\t\t\t<h2 class=\"elementor-heading-title elementor-size-default\">Les m\u00e9tiers auxquels HKM SA forme<\/h2>\t\t\t\t<\/div>\n\t\t\t\t<\/div>\n\t\t<div class=\"elementor-element elementor-element-ed8d944 e-flex e-con-boxed e-con e-child\" data-id=\"ed8d944\" data-element_type=\"container\" data-e-type=\"container\">\n\t\t\t\t\t<div class=\"e-con-inner\">\n\t\t<div class=\"elementor-element elementor-element-73e8284 e-con-full e-flex e-con e-child\" data-id=\"73e8284\" data-element_type=\"container\" data-e-type=\"container\">\n\t\t\t\t<div class=\"elementor-element elementor-element-89df5be elementor-widget elementor-widget-text-editor\" data-id=\"89df5be\" data-element_type=\"widget\" data-e-type=\"widget\" data-widget_type=\"text-editor.default\">\n\t\t\t\t<div class=\"elementor-widget-container\">\n\t\t\t\t\t\t\t\t\t<ul><li>CFC Poseur de sol \u2013 parquet<\/li><li>CFC Poseur de sols \u2013 textiles et r\u00e9silients<\/li><li>CFC Employ\u00e9 de Commerce\u00a0<\/li><\/ul>\t\t\t\t\t\t\t\t<\/div>\n\t\t\t\t<\/div>\n\t\t\t\t<div class=\"elementor-element elementor-element-899d875 elementor-widget elementor-widget-text-editor\" data-id=\"899d875\" data-element_type=\"widget\" data-e-type=\"widget\" data-widget_type=\"text-editor.default\">\n\t\t\t\t<div class=\"elementor-widget-container\">\n\t\t\t\t\t\t\t\t\t<p>HKM offre des stages d\u2019orientation afin de <strong>promouvoir ses m\u00e9tiers aupr\u00e8s des jeunes<\/strong> int\u00e9ress\u00e9s ou qui ne connaissent pas encore le domaine. Il est n\u00e9cessaire que le futur apprenti sache ce qui l\u2019attend durant son apprentissage. L\u2019apprentissage est la phase de transition entre l\u2019\u00e9cole et la vie professionnelle. De ce fait, il est important pour HKM SA que les jeunes qui choisissent de la rejoindre, \u00e9prouvent du plaisir \u00e0 pratiquer les m\u00e9tiers qui leur sont offerts.<\/p><p>En 2020, HKM SA a cr\u00e9\u00e9 <strong>un centre d\u2019excellence pour la formation de ses apprentis<\/strong>. Un formateur avec le Brevet F\u00e9d\u00e9ral a \u00e9t\u00e9 nomm\u00e9. Sa responsabilit\u00e9 est de cr\u00e9er et impl\u00e9menter un cursus interne en plus des cours professionnels. Il encadre les apprentis et les soutient tout au long de leur formation.\u00a0<\/p>\t\t\t\t\t\t\t\t<\/div>\n\t\t\t\t<\/div>\n\t\t<div class=\"elementor-element elementor-element-c822a4c e-flex e-con-boxed e-con e-child\" data-id=\"c822a4c\" data-element_type=\"container\" data-e-type=\"container\">\n\t\t\t\t\t<div class=\"e-con-inner\">\n\t\t\t\t<div class=\"elementor-element elementor-element-728173c elementor-widget elementor-widget-button\" data-id=\"728173c\" data-element_type=\"widget\" data-e-type=\"widget\" data-widget_type=\"button.default\">\n\t\t\t\t<div class=\"elementor-widget-container\">\n\t\t\t\t\t\t\t\t\t<div class=\"elementor-button-wrapper\">\n\t\t\t\t\t<a class=\"elementor-button elementor-button-link elementor-size-sm\" href=\"https:\/\/www.hkm.ch\/fr\/formulaire-de-contact\/\">\n\t\t\t\t\t\t<span class=\"elementor-button-content-wrapper\">\n\t\t\t\t\t\t\t\t\t<span class=\"elementor-button-text\">Contactez-nous<\/span>\n\t\t\t\t\t<\/span>\n\t\t\t\t\t<\/a>\n\t\t\t\t<\/div>\n\t\t\t\t\t\t\t\t<\/div>\n\t\t\t\t<\/div>\n\t\t\t\t\t<\/div>\n\t\t\t\t<\/div>\n\t\t\t\t<\/div>\n\t\t<div class=\"elementor-element elementor-element-7e82d32 e-con-full e-flex e-con e-child\" data-id=\"7e82d32\" data-element_type=\"container\" data-e-type=\"container\">\n\t\t<div class=\"elementor-element elementor-element-c8a06e7 e-flex e-con-boxed e-con e-child\" data-id=\"c8a06e7\" data-element_type=\"container\" data-e-type=\"container\" data-settings=\"{&quot;background_background&quot;:&quot;classic&quot;}\">\n\t\t\t\t\t<div class=\"e-con-inner\">\n\t\t\t\t<div class=\"elementor-element elementor-element-581543d elementor-widget elementor-widget-heading\" data-id=\"581543d\" data-element_type=\"widget\" data-e-type=\"widget\" data-widget_type=\"heading.default\">\n\t\t\t\t<div class=\"elementor-widget-container\">\n\t\t\t\t\t<h2 class=\"elementor-heading-title elementor-size-default\">INTERVIEWS AVEC LES APPRENTIS<\/h2>\t\t\t\t<\/div>\n\t\t\t\t<\/div>\n\t\t\t\t<div class=\"elementor-element elementor-element-eb46fb5 elementor-widget elementor-widget-video\" data-id=\"eb46fb5\" data-element_type=\"widget\" data-e-type=\"widget\" data-settings=\"{&quot;youtube_url&quot;:&quot;https:\\\/\\\/www.youtube.com\\\/watch?v=vkZazh97nMI&quot;,&quot;lazy_load&quot;:&quot;yes&quot;,&quot;video_type&quot;:&quot;youtube&quot;,&quot;controls&quot;:&quot;yes&quot;}\" data-widget_type=\"video.default\">\n\t\t\t\t<div class=\"elementor-widget-container\">\n\t\t\t\t\t\t\t<div class=\"elementor-wrapper elementor-open-inline\">\n\t\t\t<div class=\"elementor-video\"><\/div>\t\t<\/div>\n\t\t\t\t\t\t<\/div>\n\t\t\t\t<\/div>\n\t\t\t\t\t<\/div>\n\t\t\t\t<\/div>\n\t\t\t\t<\/div>\n\t\t\t\t\t<\/div>\n\t\t\t\t<\/div>\n\t\t\t\t\t<\/div>\n\t\t\t\t<\/div>\n\t\t\t\t<\/div>\n\t\t","protected":false},"excerpt":{"rendered":"<p>LA FORMATION CHEZ HKM SA Les m\u00e9tiers auxquels HKM SA forme CFC Poseur de sol \u2013 parquet CFC Poseur de sols \u2013 textiles et r\u00e9silients CFC Employ\u00e9 de Commerce\u00a0 HKM offre des stages d\u2019orientation afin de promouvoir ses m\u00e9tiers aupr\u00e8s des jeunes int\u00e9ress\u00e9s ou qui ne connaissent pas encore le domaine. Il est n\u00e9cessaire que [&hellip;]<\/p>\n","protected":false},"author":1,"featured_media":0,"parent":2151,"menu_order":2,"comment_status":"closed","ping_status":"closed","template":"elementor_header_footer","meta":{"footnotes":""},"class_list":["post-1252","page","type-page","status-publish","hentry"],"yoast_head":"<!-- This site is optimized with the Yoast SEO plugin v27.4 - https:\/\/yoast.com\/product\/yoast-seo-wordpress\/ -->\n<title>Formation aux m\u00e9tiers de poseur de sol et commerce<\/title>\n<meta name=\"description\" content=\"Chez HKM, partez \u00e0 la d\u00e9couverte du p\u00f4le de formation et d\u2019apprentissage mise en place par l\u2019entreprise pour accompagner ses jeunes recrues\" \/>\n<meta name=\"robots\" content=\"index, follow, max-snippet:-1, max-image-preview:large, max-video-preview:-1\" \/>\n<link rel=\"canonical\" href=\"https:\/\/www.hkm.ch\/fr\/carriere\/les-metiers-que-hkm-forme\/\" \/>\n<meta property=\"og:locale\" content=\"fr_FR\" \/>\n<meta property=\"og:type\" content=\"article\" \/>\n<meta property=\"og:title\" content=\"Formation aux m\u00e9tiers de poseur de sol et commerce\" \/>\n<meta property=\"og:description\" content=\"Chez HKM, partez \u00e0 la d\u00e9couverte du p\u00f4le de formation et d\u2019apprentissage mise en place par l\u2019entreprise pour accompagner ses jeunes recrues\" \/>\n<meta property=\"og:url\" content=\"https:\/\/www.hkm.ch\/fr\/carriere\/les-metiers-que-hkm-forme\/\" \/>\n<meta property=\"og:site_name\" content=\"HKM SA\" \/>\n<meta property=\"article:modified_time\" content=\"2024-02-05T15:27:59+00:00\" \/>\n<meta name=\"twitter:card\" content=\"summary_large_image\" \/>\n<meta name=\"twitter:label1\" content=\"Dur\u00e9e de lecture estim\u00e9e\" \/>\n\t<meta name=\"twitter:data1\" content=\"1 minute\" \/>\n<script type=\"application\/ld+json\" class=\"yoast-schema-graph\">{\"@context\":\"https:\\\/\\\/schema.org\",\"@graph\":[{\"@type\":\"WebPage\",\"@id\":\"https:\\\/\\\/www.hkm.ch\\\/fr\\\/carriere\\\/les-metiers-que-hkm-forme\\\/\",\"url\":\"https:\\\/\\\/www.hkm.ch\\\/fr\\\/carriere\\\/les-metiers-que-hkm-forme\\\/\",\"name\":\"Formation aux m\u00e9tiers de poseur de sol et commerce\",\"isPartOf\":{\"@id\":\"https:\\\/\\\/www.hkm.ch\\\/fr\\\/#website\"},\"datePublished\":\"2024-01-08T11:12:48+00:00\",\"dateModified\":\"2024-02-05T15:27:59+00:00\",\"description\":\"Chez HKM, partez \u00e0 la d\u00e9couverte du p\u00f4le de formation et d\u2019apprentissage mise en place par l\u2019entreprise pour accompagner ses jeunes recrues\",\"breadcrumb\":{\"@id\":\"https:\\\/\\\/www.hkm.ch\\\/fr\\\/carriere\\\/les-metiers-que-hkm-forme\\\/#breadcrumb\"},\"inLanguage\":\"fr-FR\",\"potentialAction\":[{\"@type\":\"ReadAction\",\"target\":[\"https:\\\/\\\/www.hkm.ch\\\/fr\\\/carriere\\\/les-metiers-que-hkm-forme\\\/\"]}]},{\"@type\":\"BreadcrumbList\",\"@id\":\"https:\\\/\\\/www.hkm.ch\\\/fr\\\/carriere\\\/les-metiers-que-hkm-forme\\\/#breadcrumb\",\"itemListElement\":[{\"@type\":\"ListItem\",\"position\":1,\"name\":\"Accueil\",\"item\":\"https:\\\/\\\/www.hkm.ch\\\/fr\\\/\"},{\"@type\":\"ListItem\",\"position\":2,\"name\":\"Carriere\",\"item\":\"https:\\\/\\\/www.hkm.ch\\\/fr\\\/carriere\\\/\"},{\"@type\":\"ListItem\",\"position\":3,\"name\":\"Les m\u00e9tiers que HKM forme\"}]},{\"@type\":\"WebSite\",\"@id\":\"https:\\\/\\\/www.hkm.ch\\\/fr\\\/#website\",\"url\":\"https:\\\/\\\/www.hkm.ch\\\/fr\\\/\",\"name\":\"HKM SA\",\"description\":\"\",\"publisher\":{\"@id\":\"https:\\\/\\\/www.hkm.ch\\\/fr\\\/#organization\"},\"potentialAction\":[{\"@type\":\"SearchAction\",\"target\":{\"@type\":\"EntryPoint\",\"urlTemplate\":\"https:\\\/\\\/www.hkm.ch\\\/fr\\\/?s={search_term_string}\"},\"query-input\":{\"@type\":\"PropertyValueSpecification\",\"valueRequired\":true,\"valueName\":\"search_term_string\"}}],\"inLanguage\":\"fr-FR\"},{\"@type\":\"Organization\",\"@id\":\"https:\\\/\\\/www.hkm.ch\\\/fr\\\/#organization\",\"name\":\"HKM SA\",\"url\":\"https:\\\/\\\/www.hkm.ch\\\/fr\\\/\",\"logo\":{\"@type\":\"ImageObject\",\"inLanguage\":\"fr-FR\",\"@id\":\"https:\\\/\\\/www.hkm.ch\\\/fr\\\/#\\\/schema\\\/logo\\\/image\\\/\",\"url\":\"https:\\\/\\\/www.hkm.ch\\\/wp-content\\\/uploads\\\/2023\\\/11\\\/logo-hkm-sa.webp\",\"contentUrl\":\"https:\\\/\\\/www.hkm.ch\\\/wp-content\\\/uploads\\\/2023\\\/11\\\/logo-hkm-sa.webp\",\"width\":250,\"height\":59,\"caption\":\"HKM SA\"},\"image\":{\"@id\":\"https:\\\/\\\/www.hkm.ch\\\/fr\\\/#\\\/schema\\\/logo\\\/image\\\/\"}}]}<\/script>\n<!-- \/ Yoast SEO plugin. -->","yoast_head_json":{"title":"Formation aux m\u00e9tiers de poseur de sol et commerce","description":"Chez HKM, partez \u00e0 la d\u00e9couverte du p\u00f4le de formation et d\u2019apprentissage mise en place par l\u2019entreprise pour accompagner ses jeunes recrues","robots":{"index":"index","follow":"follow","max-snippet":"max-snippet:-1","max-image-preview":"max-image-preview:large","max-video-preview":"max-video-preview:-1"},"canonical":"https:\/\/www.hkm.ch\/fr\/carriere\/les-metiers-que-hkm-forme\/","og_locale":"fr_FR","og_type":"article","og_title":"Formation aux m\u00e9tiers de poseur de sol et commerce","og_description":"Chez HKM, partez \u00e0 la d\u00e9couverte du p\u00f4le de formation et d\u2019apprentissage mise en place par l\u2019entreprise pour accompagner ses jeunes recrues","og_url":"https:\/\/www.hkm.ch\/fr\/carriere\/les-metiers-que-hkm-forme\/","og_site_name":"HKM SA","article_modified_time":"2024-02-05T15:27:59+00:00","twitter_card":"summary_large_image","twitter_misc":{"Dur\u00e9e de lecture estim\u00e9e":"1 minute"},"schema":{"@context":"https:\/\/schema.org","@graph":[{"@type":"WebPage","@id":"https:\/\/www.hkm.ch\/fr\/carriere\/les-metiers-que-hkm-forme\/","url":"https:\/\/www.hkm.ch\/fr\/carriere\/les-metiers-que-hkm-forme\/","name":"Formation aux m\u00e9tiers de poseur de sol et commerce","isPartOf":{"@id":"https:\/\/www.hkm.ch\/fr\/#website"},"datePublished":"2024-01-08T11:12:48+00:00","dateModified":"2024-02-05T15:27:59+00:00","description":"Chez HKM, partez \u00e0 la d\u00e9couverte du p\u00f4le de formation et d\u2019apprentissage mise en place par l\u2019entreprise pour accompagner ses jeunes recrues","breadcrumb":{"@id":"https:\/\/www.hkm.ch\/fr\/carriere\/les-metiers-que-hkm-forme\/#breadcrumb"},"inLanguage":"fr-FR","potentialAction":[{"@type":"ReadAction","target":["https:\/\/www.hkm.ch\/fr\/carriere\/les-metiers-que-hkm-forme\/"]}]},{"@type":"BreadcrumbList","@id":"https:\/\/www.hkm.ch\/fr\/carriere\/les-metiers-que-hkm-forme\/#breadcrumb","itemListElement":[{"@type":"ListItem","position":1,"name":"Accueil","item":"https:\/\/www.hkm.ch\/fr\/"},{"@type":"ListItem","position":2,"name":"Carriere","item":"https:\/\/www.hkm.ch\/fr\/carriere\/"},{"@type":"ListItem","position":3,"name":"Les m\u00e9tiers que HKM forme"}]},{"@type":"WebSite","@id":"https:\/\/www.hkm.ch\/fr\/#website","url":"https:\/\/www.hkm.ch\/fr\/","name":"HKM SA","description":"","publisher":{"@id":"https:\/\/www.hkm.ch\/fr\/#organization"},"potentialAction":[{"@type":"SearchAction","target":{"@type":"EntryPoint","urlTemplate":"https:\/\/www.hkm.ch\/fr\/?s={search_term_string}"},"query-input":{"@type":"PropertyValueSpecification","valueRequired":true,"valueName":"search_term_string"}}],"inLanguage":"fr-FR"},{"@type":"Organization","@id":"https:\/\/www.hkm.ch\/fr\/#organization","name":"HKM SA","url":"https:\/\/www.hkm.ch\/fr\/","logo":{"@type":"ImageObject","inLanguage":"fr-FR","@id":"https:\/\/www.hkm.ch\/fr\/#\/schema\/logo\/image\/","url":"https:\/\/www.hkm.ch\/wp-content\/uploads\/2023\/11\/logo-hkm-sa.webp","contentUrl":"https:\/\/www.hkm.ch\/wp-content\/uploads\/2023\/11\/logo-hkm-sa.webp","width":250,"height":59,"caption":"HKM SA"},"image":{"@id":"https:\/\/www.hkm.ch\/fr\/#\/schema\/logo\/image\/"}}]}},"_links":{"self":[{"href":"https:\/\/www.hkm.ch\/fr\/wp-json\/wp\/v2\/pages\/1252","targetHints":{"allow":["GET"]}}],"collection":[{"href":"https:\/\/www.hkm.ch\/fr\/wp-json\/wp\/v2\/pages"}],"about":[{"href":"https:\/\/www.hkm.ch\/fr\/wp-json\/wp\/v2\/types\/page"}],"author":[{"embeddable":true,"href":"https:\/\/www.hkm.ch\/fr\/wp-json\/wp\/v2\/users\/1"}],"replies":[{"embeddable":true,"href":"https:\/\/www.hkm.ch\/fr\/wp-json\/wp\/v2\/comments?post=1252"}],"version-history":[{"count":25,"href":"https:\/\/www.hkm.ch\/fr\/wp-json\/wp\/v2\/pages\/1252\/revisions"}],"predecessor-version":[{"id":2547,"href":"https:\/\/www.hkm.ch\/fr\/wp-json\/wp\/v2\/pages\/1252\/revisions\/2547"}],"up":[{"embeddable":true,"href":"https:\/\/www.hkm.ch\/fr\/wp-json\/wp\/v2\/pages\/2151"}],"wp:attachment":[{"href":"https:\/\/www.hkm.ch\/fr\/wp-json\/wp\/v2\/media?parent=1252"}],"curies":[{"name":"wp","href":"https:\/\/api.w.org\/{rel}","templated":true}]}}