{"id":1203,"date":"2024-01-08T11:41:32","date_gmt":"2024-01-08T10:41:32","guid":{"rendered":"https:\/\/www.hkm.ch\/?page_id=1203"},"modified":"2024-02-05T16:34:09","modified_gmt":"2024-02-05T15:34:09","slug":"principes-de-travail","status":"publish","type":"page","link":"https:\/\/www.hkm.ch\/fr\/carriere\/principes-de-travail\/","title":{"rendered":"Principes de travail"},"content":{"rendered":"\t\t<div data-elementor-type=\"wp-page\" data-elementor-id=\"1203\" class=\"elementor elementor-1203\" data-elementor-post-type=\"page\">\n\t\t\t\t<div class=\"elementor-element elementor-element-3eb209c e-flex e-con-boxed e-con e-parent\" data-id=\"3eb209c\" data-element_type=\"container\" data-e-type=\"container\" data-settings=\"{&quot;background_background&quot;:&quot;classic&quot;}\">\n\t\t\t\t\t<div class=\"e-con-inner\">\n\t\t\t\t\t<\/div>\n\t\t\t\t<\/div>\n\t\t<div class=\"elementor-element elementor-element-b34bbd1 e-flex e-con-boxed e-con e-parent\" data-id=\"b34bbd1\" data-element_type=\"container\" data-e-type=\"container\">\n\t\t\t\t\t<div class=\"e-con-inner\">\n\t\t\t\t<div class=\"elementor-element elementor-element-1992a50 elementor-widget elementor-widget-heading\" data-id=\"1992a50\" data-element_type=\"widget\" data-e-type=\"widget\" data-widget_type=\"heading.default\">\n\t\t\t\t<div class=\"elementor-widget-container\">\n\t\t\t\t\t<h1 class=\"elementor-heading-title elementor-size-default\">Carri\u00e8re et \u00e9volution<\/h1>\t\t\t\t<\/div>\n\t\t\t\t<\/div>\n\t\t<div class=\"elementor-element elementor-element-da513ce e-flex e-con-boxed e-con e-child\" data-id=\"da513ce\" data-element_type=\"container\" data-e-type=\"container\">\n\t\t\t\t\t<div class=\"e-con-inner\">\n\t\t<div class=\"elementor-element elementor-element-06fc078 e-con-full e-flex e-con e-child\" data-id=\"06fc078\" data-element_type=\"container\" data-e-type=\"container\">\n\t\t\t\t<div class=\"elementor-element elementor-element-ac654ee elementor-widget elementor-widget-heading\" data-id=\"ac654ee\" data-element_type=\"widget\" data-e-type=\"widget\" data-widget_type=\"heading.default\">\n\t\t\t\t<div class=\"elementor-widget-container\">\n\t\t\t\t\t<h2 class=\"elementor-heading-title elementor-size-default\">Nos principes de travail<\/h2>\t\t\t\t<\/div>\n\t\t\t\t<\/div>\n\t\t\t\t<div class=\"elementor-element elementor-element-a222d4f elementor-widget elementor-widget-text-editor\" data-id=\"a222d4f\" data-element_type=\"widget\" data-e-type=\"widget\" data-widget_type=\"text-editor.default\">\n\t\t\t\t<div class=\"elementor-widget-container\">\n\t\t\t\t\t\t\t\t\t<p>Tous les membres du personnel sont responsables de la mise en pratique des proc\u00e9dures et du respect des r\u00e8glements internes. En am\u00e9liorant continuellement leurs comp\u00e9tences et la qualit\u00e9 de leur travail, notamment par la formation, les collaborateurs donnent le meilleur d\u2019eux-m\u00eames et garantissent ainsi le succ\u00e8s de l\u2019entreprise. Les m\u00e9tiers d\u2019aides, de poseurs de sols, de parqueteurs et de ponceurs sont soumis \u00e0 la CCT du Second \u0152uvre Romand ainsi que les apprentis en poseur de sol parquet ou textile et r\u00e9silient. Les conducteurs de travaux et les directeurs de succursale ont la responsabilit\u00e9 de guider leur personnel dans leur travail quotidien.\u00a0<\/p>\t\t\t\t\t\t\t\t<\/div>\n\t\t\t\t<\/div>\n\t\t\t\t<div class=\"elementor-element elementor-element-437e75b elementor-widget elementor-widget-button\" data-id=\"437e75b\" data-element_type=\"widget\" data-e-type=\"widget\" data-widget_type=\"button.default\">\n\t\t\t\t<div class=\"elementor-widget-container\">\n\t\t\t\t\t\t\t\t\t<div class=\"elementor-button-wrapper\">\n\t\t\t\t\t<a class=\"elementor-button elementor-button-link elementor-size-sm\" href=\"https:\/\/www.hkm.ch\/fr\/contact\/\">\n\t\t\t\t\t\t<span class=\"elementor-button-content-wrapper\">\n\t\t\t\t\t\t\t\t\t<span class=\"elementor-button-text\">Contactez-nous<\/span>\n\t\t\t\t\t<\/span>\n\t\t\t\t\t<\/a>\n\t\t\t\t<\/div>\n\t\t\t\t\t\t\t\t<\/div>\n\t\t\t\t<\/div>\n\t\t\t\t<div class=\"elementor-element elementor-element-f1b9eae elementor-widget elementor-widget-heading\" data-id=\"f1b9eae\" data-element_type=\"widget\" data-e-type=\"widget\" data-widget_type=\"heading.default\">\n\t\t\t\t<div class=\"elementor-widget-container\">\n\t\t\t\t\t<h2 class=\"elementor-heading-title elementor-size-default\">NOS M\u00c9TIERS\n<\/h2>\t\t\t\t<\/div>\n\t\t\t\t<\/div>\n\t\t\t\t<div class=\"elementor-element elementor-element-3fc263a elementor-widget elementor-widget-text-editor\" data-id=\"3fc263a\" data-element_type=\"widget\" data-e-type=\"widget\" data-widget_type=\"text-editor.default\">\n\t\t\t\t<div class=\"elementor-widget-container\">\n\t\t\t\t\t\t\t\t\t<ul><li>Poseur \/ Ponceur de parquet<\/li><li>Poseur de rev\u00eatements sol textiles et r\u00e9silients<\/li><li>Monteur de faux-plancher<\/li><li>Monteur de parois-amovibles<\/li><li>Aide<\/li><li>Logisticien \/ Magasinier<\/li><li>Conducteur de travaux<\/li><li>Employ\u00e9 de commerce<\/li><li>Responsable Finances<\/li><li>Responsable RH<\/li><li>Responsable Marketing<\/li><li>D\u00e9corateur \/ trice d\u2019int\u00e9rieur<\/li><li>Chef d\u2019Exploitation<\/li><li>Directeur de succursale\u00a0<\/li><\/ul>\t\t\t\t\t\t\t\t<\/div>\n\t\t\t\t<\/div>\n\t\t\t\t<\/div>\n\t\t<div class=\"elementor-element elementor-element-4b800b7 e-con-full e-flex e-con e-child\" data-id=\"4b800b7\" data-element_type=\"container\" data-e-type=\"container\">\n\t\t<div class=\"elementor-element elementor-element-986808c e-flex e-con-boxed e-con e-child\" data-id=\"986808c\" data-element_type=\"container\" data-e-type=\"container\" data-settings=\"{&quot;background_background&quot;:&quot;classic&quot;}\">\n\t\t\t\t\t<div class=\"e-con-inner\">\n\t\t\t\t<div class=\"elementor-element elementor-element-c45a484 elementor-widget elementor-widget-heading\" data-id=\"c45a484\" data-element_type=\"widget\" data-e-type=\"widget\" data-widget_type=\"heading.default\">\n\t\t\t\t<div class=\"elementor-widget-container\">\n\t\t\t\t\t<h2 class=\"elementor-heading-title elementor-size-default\">AVANTAGES<\/h2>\t\t\t\t<\/div>\n\t\t\t\t<\/div>\n\t\t\t\t<div class=\"elementor-element elementor-element-d8fa783 elementor-widget elementor-widget-text-editor\" data-id=\"d8fa783\" data-element_type=\"widget\" data-e-type=\"widget\" data-widget_type=\"text-editor.default\">\n\t\t\t\t<div class=\"elementor-widget-container\">\n\t\t\t\t\t\t\t\t\t<p>HKM offre des avantages \u00e0 ses employ\u00e9s afin de concilier la vie professionnelle et personnelle en instaurant l\u2019horaire flexible.<\/p><p>HKM \u00e9quipe son personnel de production en fournissant tous les habits, EPI et chaussures de protection ainsi que les outils de travail.<\/p><p>Son personnel administratif est \u00e9quip\u00e9 de laptop afin de faciliter le travail \u00e0 distance.<\/p><p>Tout le personnel a un droit de 25 jours de vacances de base.<\/p><p>La formation continue telle que le Brevet F\u00e9d\u00e9ral chef poseur de sol.\u00a0<\/p>\t\t\t\t\t\t\t\t<\/div>\n\t\t\t\t<\/div>\n\t\t\t\t<div class=\"elementor-element elementor-element-a95ea46 elementor-widget elementor-widget-heading\" data-id=\"a95ea46\" data-element_type=\"widget\" data-e-type=\"widget\" data-widget_type=\"heading.default\">\n\t\t\t\t<div class=\"elementor-widget-container\">\n\t\t\t\t\t<h2 class=\"elementor-heading-title elementor-size-default\">INTERVIEWS<\/h2>\t\t\t\t<\/div>\n\t\t\t\t<\/div>\n\t\t\t\t<div class=\"elementor-element elementor-element-c7bec02 elementor-widget elementor-widget-text-editor\" data-id=\"c7bec02\" data-element_type=\"widget\" data-e-type=\"widget\" data-widget_type=\"text-editor.default\">\n\t\t\t\t<div class=\"elementor-widget-container\">\n\t\t\t\t\t\t\t\t\t<p>Des collaborateurs parlent de HKM et de leur m\u00e9tier :\u00a0<\/p>\t\t\t\t\t\t\t\t<\/div>\n\t\t\t\t<\/div>\n\t\t\t\t<div class=\"elementor-element elementor-element-26717e7 elementor-widget elementor-widget-button\" data-id=\"26717e7\" data-element_type=\"widget\" data-e-type=\"widget\" data-widget_type=\"button.default\">\n\t\t\t\t<div class=\"elementor-widget-container\">\n\t\t\t\t\t\t\t\t\t<div class=\"elementor-button-wrapper\">\n\t\t\t\t\t<a class=\"elementor-button elementor-button-link elementor-size-sm\" href=\"https:\/\/www.youtube.com\/playlist?list=PLcSkvcBgMMhT69_Q4R8g_W2uzVYYcrYu9\" target=\"_blank\" rel=\"nofollow\">\n\t\t\t\t\t\t<span class=\"elementor-button-content-wrapper\">\n\t\t\t\t\t\t\t\t\t<span class=\"elementor-button-text\">Vers les interviews<\/span>\n\t\t\t\t\t<\/span>\n\t\t\t\t\t<\/a>\n\t\t\t\t<\/div>\n\t\t\t\t\t\t\t\t<\/div>\n\t\t\t\t<\/div>\n\t\t\t\t\t<\/div>\n\t\t\t\t<\/div>\n\t\t\t\t<\/div>\n\t\t\t\t\t<\/div>\n\t\t\t\t<\/div>\n\t\t\t\t\t<\/div>\n\t\t\t\t<\/div>\n\t\t\t\t<\/div>\n\t\t","protected":false},"excerpt":{"rendered":"<p>Carri\u00e8re et \u00e9volution Nos principes de travail Tous les membres du personnel sont responsables de la mise en pratique des proc\u00e9dures et du respect des r\u00e8glements internes. En am\u00e9liorant continuellement leurs comp\u00e9tences et la qualit\u00e9 de leur travail, notamment par la formation, les collaborateurs donnent le meilleur d\u2019eux-m\u00eames et garantissent ainsi le succ\u00e8s de l\u2019entreprise. [&hellip;]<\/p>\n","protected":false},"author":1,"featured_media":0,"parent":2151,"menu_order":1,"comment_status":"closed","ping_status":"closed","template":"elementor_header_footer","meta":{"footnotes":""},"class_list":["post-1203","page","type-page","status-publish","hentry"],"yoast_head":"<!-- This site is optimized with the Yoast SEO plugin v27.4 - https:\/\/yoast.com\/product\/yoast-seo-wordpress\/ -->\n<title>Travailler chez HKM SA \u2013 Carri\u00e8re et \u00e9volution<\/title>\n<meta name=\"description\" content=\"D\u00e9couvrez les m\u00e9tiers, valeurs et avantages de l\u2019entreprise HKM SA, sp\u00e9cialis\u00e9e dans la r\u00e9novation d\u2019int\u00e9rieur et les rev\u00eatements de sol\" \/>\n<meta name=\"robots\" content=\"index, follow, max-snippet:-1, max-image-preview:large, max-video-preview:-1\" \/>\n<link rel=\"canonical\" href=\"https:\/\/www.hkm.ch\/fr\/carriere\/principes-de-travail\/\" \/>\n<meta property=\"og:locale\" content=\"fr_FR\" \/>\n<meta property=\"og:type\" content=\"article\" \/>\n<meta property=\"og:title\" content=\"Travailler chez HKM SA \u2013 Carri\u00e8re et \u00e9volution\" \/>\n<meta property=\"og:description\" content=\"D\u00e9couvrez les m\u00e9tiers, valeurs et avantages de l\u2019entreprise HKM SA, sp\u00e9cialis\u00e9e dans la r\u00e9novation d\u2019int\u00e9rieur et les rev\u00eatements de sol\" \/>\n<meta property=\"og:url\" content=\"https:\/\/www.hkm.ch\/fr\/carriere\/principes-de-travail\/\" \/>\n<meta property=\"og:site_name\" content=\"HKM SA\" \/>\n<meta property=\"article:modified_time\" content=\"2024-02-05T15:34:09+00:00\" \/>\n<meta name=\"twitter:card\" content=\"summary_large_image\" \/>\n<meta name=\"twitter:label1\" content=\"Dur\u00e9e de lecture estim\u00e9e\" \/>\n\t<meta name=\"twitter:data1\" content=\"2 minutes\" \/>\n<script type=\"application\/ld+json\" class=\"yoast-schema-graph\">{\"@context\":\"https:\\\/\\\/schema.org\",\"@graph\":[{\"@type\":\"WebPage\",\"@id\":\"https:\\\/\\\/www.hkm.ch\\\/fr\\\/carriere\\\/principes-de-travail\\\/\",\"url\":\"https:\\\/\\\/www.hkm.ch\\\/fr\\\/carriere\\\/principes-de-travail\\\/\",\"name\":\"Travailler chez HKM SA \u2013 Carri\u00e8re et \u00e9volution\",\"isPartOf\":{\"@id\":\"https:\\\/\\\/www.hkm.ch\\\/fr\\\/#website\"},\"datePublished\":\"2024-01-08T10:41:32+00:00\",\"dateModified\":\"2024-02-05T15:34:09+00:00\",\"description\":\"D\u00e9couvrez les m\u00e9tiers, valeurs et avantages de l\u2019entreprise HKM SA, sp\u00e9cialis\u00e9e dans la r\u00e9novation d\u2019int\u00e9rieur et les rev\u00eatements de sol\",\"breadcrumb\":{\"@id\":\"https:\\\/\\\/www.hkm.ch\\\/fr\\\/carriere\\\/principes-de-travail\\\/#breadcrumb\"},\"inLanguage\":\"fr-FR\",\"potentialAction\":[{\"@type\":\"ReadAction\",\"target\":[\"https:\\\/\\\/www.hkm.ch\\\/fr\\\/carriere\\\/principes-de-travail\\\/\"]}]},{\"@type\":\"BreadcrumbList\",\"@id\":\"https:\\\/\\\/www.hkm.ch\\\/fr\\\/carriere\\\/principes-de-travail\\\/#breadcrumb\",\"itemListElement\":[{\"@type\":\"ListItem\",\"position\":1,\"name\":\"Accueil\",\"item\":\"https:\\\/\\\/www.hkm.ch\\\/fr\\\/\"},{\"@type\":\"ListItem\",\"position\":2,\"name\":\"Carriere\",\"item\":\"https:\\\/\\\/www.hkm.ch\\\/fr\\\/carriere\\\/\"},{\"@type\":\"ListItem\",\"position\":3,\"name\":\"Principes de travail\"}]},{\"@type\":\"WebSite\",\"@id\":\"https:\\\/\\\/www.hkm.ch\\\/fr\\\/#website\",\"url\":\"https:\\\/\\\/www.hkm.ch\\\/fr\\\/\",\"name\":\"HKM SA\",\"description\":\"\",\"publisher\":{\"@id\":\"https:\\\/\\\/www.hkm.ch\\\/fr\\\/#organization\"},\"potentialAction\":[{\"@type\":\"SearchAction\",\"target\":{\"@type\":\"EntryPoint\",\"urlTemplate\":\"https:\\\/\\\/www.hkm.ch\\\/fr\\\/?s={search_term_string}\"},\"query-input\":{\"@type\":\"PropertyValueSpecification\",\"valueRequired\":true,\"valueName\":\"search_term_string\"}}],\"inLanguage\":\"fr-FR\"},{\"@type\":\"Organization\",\"@id\":\"https:\\\/\\\/www.hkm.ch\\\/fr\\\/#organization\",\"name\":\"HKM SA\",\"url\":\"https:\\\/\\\/www.hkm.ch\\\/fr\\\/\",\"logo\":{\"@type\":\"ImageObject\",\"inLanguage\":\"fr-FR\",\"@id\":\"https:\\\/\\\/www.hkm.ch\\\/fr\\\/#\\\/schema\\\/logo\\\/image\\\/\",\"url\":\"https:\\\/\\\/www.hkm.ch\\\/wp-content\\\/uploads\\\/2023\\\/11\\\/logo-hkm-sa.webp\",\"contentUrl\":\"https:\\\/\\\/www.hkm.ch\\\/wp-content\\\/uploads\\\/2023\\\/11\\\/logo-hkm-sa.webp\",\"width\":250,\"height\":59,\"caption\":\"HKM SA\"},\"image\":{\"@id\":\"https:\\\/\\\/www.hkm.ch\\\/fr\\\/#\\\/schema\\\/logo\\\/image\\\/\"}}]}<\/script>\n<!-- \/ Yoast SEO plugin. -->","yoast_head_json":{"title":"Travailler chez HKM SA \u2013 Carri\u00e8re et \u00e9volution","description":"D\u00e9couvrez les m\u00e9tiers, valeurs et avantages de l\u2019entreprise HKM SA, sp\u00e9cialis\u00e9e dans la r\u00e9novation d\u2019int\u00e9rieur et les rev\u00eatements de sol","robots":{"index":"index","follow":"follow","max-snippet":"max-snippet:-1","max-image-preview":"max-image-preview:large","max-video-preview":"max-video-preview:-1"},"canonical":"https:\/\/www.hkm.ch\/fr\/carriere\/principes-de-travail\/","og_locale":"fr_FR","og_type":"article","og_title":"Travailler chez HKM SA \u2013 Carri\u00e8re et \u00e9volution","og_description":"D\u00e9couvrez les m\u00e9tiers, valeurs et avantages de l\u2019entreprise HKM SA, sp\u00e9cialis\u00e9e dans la r\u00e9novation d\u2019int\u00e9rieur et les rev\u00eatements de sol","og_url":"https:\/\/www.hkm.ch\/fr\/carriere\/principes-de-travail\/","og_site_name":"HKM SA","article_modified_time":"2024-02-05T15:34:09+00:00","twitter_card":"summary_large_image","twitter_misc":{"Dur\u00e9e de lecture estim\u00e9e":"2 minutes"},"schema":{"@context":"https:\/\/schema.org","@graph":[{"@type":"WebPage","@id":"https:\/\/www.hkm.ch\/fr\/carriere\/principes-de-travail\/","url":"https:\/\/www.hkm.ch\/fr\/carriere\/principes-de-travail\/","name":"Travailler chez HKM SA \u2013 Carri\u00e8re et \u00e9volution","isPartOf":{"@id":"https:\/\/www.hkm.ch\/fr\/#website"},"datePublished":"2024-01-08T10:41:32+00:00","dateModified":"2024-02-05T15:34:09+00:00","description":"D\u00e9couvrez les m\u00e9tiers, valeurs et avantages de l\u2019entreprise HKM SA, sp\u00e9cialis\u00e9e dans la r\u00e9novation d\u2019int\u00e9rieur et les rev\u00eatements de sol","breadcrumb":{"@id":"https:\/\/www.hkm.ch\/fr\/carriere\/principes-de-travail\/#breadcrumb"},"inLanguage":"fr-FR","potentialAction":[{"@type":"ReadAction","target":["https:\/\/www.hkm.ch\/fr\/carriere\/principes-de-travail\/"]}]},{"@type":"BreadcrumbList","@id":"https:\/\/www.hkm.ch\/fr\/carriere\/principes-de-travail\/#breadcrumb","itemListElement":[{"@type":"ListItem","position":1,"name":"Accueil","item":"https:\/\/www.hkm.ch\/fr\/"},{"@type":"ListItem","position":2,"name":"Carriere","item":"https:\/\/www.hkm.ch\/fr\/carriere\/"},{"@type":"ListItem","position":3,"name":"Principes de travail"}]},{"@type":"WebSite","@id":"https:\/\/www.hkm.ch\/fr\/#website","url":"https:\/\/www.hkm.ch\/fr\/","name":"HKM SA","description":"","publisher":{"@id":"https:\/\/www.hkm.ch\/fr\/#organization"},"potentialAction":[{"@type":"SearchAction","target":{"@type":"EntryPoint","urlTemplate":"https:\/\/www.hkm.ch\/fr\/?s={search_term_string}"},"query-input":{"@type":"PropertyValueSpecification","valueRequired":true,"valueName":"search_term_string"}}],"inLanguage":"fr-FR"},{"@type":"Organization","@id":"https:\/\/www.hkm.ch\/fr\/#organization","name":"HKM SA","url":"https:\/\/www.hkm.ch\/fr\/","logo":{"@type":"ImageObject","inLanguage":"fr-FR","@id":"https:\/\/www.hkm.ch\/fr\/#\/schema\/logo\/image\/","url":"https:\/\/www.hkm.ch\/wp-content\/uploads\/2023\/11\/logo-hkm-sa.webp","contentUrl":"https:\/\/www.hkm.ch\/wp-content\/uploads\/2023\/11\/logo-hkm-sa.webp","width":250,"height":59,"caption":"HKM SA"},"image":{"@id":"https:\/\/www.hkm.ch\/fr\/#\/schema\/logo\/image\/"}}]}},"_links":{"self":[{"href":"https:\/\/www.hkm.ch\/fr\/wp-json\/wp\/v2\/pages\/1203","targetHints":{"allow":["GET"]}}],"collection":[{"href":"https:\/\/www.hkm.ch\/fr\/wp-json\/wp\/v2\/pages"}],"about":[{"href":"https:\/\/www.hkm.ch\/fr\/wp-json\/wp\/v2\/types\/page"}],"author":[{"embeddable":true,"href":"https:\/\/www.hkm.ch\/fr\/wp-json\/wp\/v2\/users\/1"}],"replies":[{"embeddable":true,"href":"https:\/\/www.hkm.ch\/fr\/wp-json\/wp\/v2\/comments?post=1203"}],"version-history":[{"count":64,"href":"https:\/\/www.hkm.ch\/fr\/wp-json\/wp\/v2\/pages\/1203\/revisions"}],"predecessor-version":[{"id":2550,"href":"https:\/\/www.hkm.ch\/fr\/wp-json\/wp\/v2\/pages\/1203\/revisions\/2550"}],"up":[{"embeddable":true,"href":"https:\/\/www.hkm.ch\/fr\/wp-json\/wp\/v2\/pages\/2151"}],"wp:attachment":[{"href":"https:\/\/www.hkm.ch\/fr\/wp-json\/wp\/v2\/media?parent=1203"}],"curies":[{"name":"wp","href":"https:\/\/api.w.org\/{rel}","templated":true}]}}