{"id":2736,"date":"2023-12-11T16:27:46","date_gmt":"2023-12-11T15:27:46","guid":{"rendered":"https:\/\/www.hkm.ch\/terrasse-en-bois\/"},"modified":"2024-03-15T13:28:07","modified_gmt":"2024-03-15T12:28:07","slug":"holzterrasse-erweitert-ihr-zuhause","status":"publish","type":"page","link":"https:\/\/www.hkm.ch\/de\/unser-angebot\/holzterrasse-erweitert-ihr-zuhause\/","title":{"rendered":"Holzterrasse"},"content":{"rendered":"\t\t<div data-elementor-type=\"wp-page\" data-elementor-id=\"2736\" class=\"elementor elementor-2736 elementor-710\" data-elementor-post-type=\"page\">\n\t\t\t\t<div class=\"elementor-element elementor-element-a6e6f90 e-flex e-con-boxed e-con e-parent\" data-id=\"a6e6f90\" data-element_type=\"container\" data-e-type=\"container\" data-settings=\"{&quot;background_background&quot;:&quot;classic&quot;}\">\n\t\t\t\t\t<div class=\"e-con-inner\">\n\t\t\t\t\t<\/div>\n\t\t\t\t<\/div>\n\t\t<div class=\"elementor-element elementor-element-34ae048 e-flex e-con-boxed e-con e-parent\" data-id=\"34ae048\" data-element_type=\"container\" data-e-type=\"container\">\n\t\t\t\t\t<div class=\"e-con-inner\">\n\t\t\t\t<div class=\"elementor-element elementor-element-093b4fd elementor-widget elementor-widget-heading\" data-id=\"093b4fd\" data-element_type=\"widget\" data-e-type=\"widget\" data-widget_type=\"heading.default\">\n\t\t\t\t<div class=\"elementor-widget-container\">\n\t\t\t\t\t<h1 class=\"elementor-heading-title elementor-size-default\">Holzterrasse <\/h1>\t\t\t\t<\/div>\n\t\t\t\t<\/div>\n\t\t\t\t<div class=\"elementor-element elementor-element-3c47d72 elementor-widget elementor-widget-heading\" data-id=\"3c47d72\" data-element_type=\"widget\" data-e-type=\"widget\" data-widget_type=\"heading.default\">\n\t\t\t\t<div class=\"elementor-widget-container\">\n\t\t\t\t\t<h2 class=\"elementor-heading-title elementor-size-default\">Erweitert Ihr Zuhause<\/h2>\t\t\t\t<\/div>\n\t\t\t\t<\/div>\n\t\t<div class=\"elementor-element elementor-element-071fe67 e-flex e-con-boxed e-con e-child\" data-id=\"071fe67\" data-element_type=\"container\" data-e-type=\"container\">\n\t\t\t\t\t<div class=\"e-con-inner\">\n\t\t<div class=\"elementor-element elementor-element-96f4ed3 e-con-full e-flex e-con e-child\" data-id=\"96f4ed3\" data-element_type=\"container\" data-e-type=\"container\">\n\t\t\t\t<div class=\"elementor-element elementor-element-2a0e0b7 elementor-widget elementor-widget-text-editor\" data-id=\"2a0e0b7\" data-element_type=\"widget\" data-e-type=\"widget\" data-widget_type=\"text-editor.default\">\n\t\t\t\t<div class=\"elementor-widget-container\">\n\t\t\t\t\t\t\t\t\t<p>Eine Terrasse ist ein \u00dcbergangsort zwischen Innen und Aussen und vergr\u00f6ssert den Lebensraum. In \u00dcbereinstimmung mit der Natur wird sich die Holzterrasse an alle Typen von B\u00f6den anpassen. Das sehr harte Holz bietet eine grosse Schaffungsfreiheit, die alle K\u00fchnheit erlaubt. Die Holzterrassen aus Composite (Mischung von zwei Drittel Holz und ein Drittel Poly\u00e4thylen) sind unverw\u00fcstbar und dauerhaft. Sie widerstehen der Feuchtigkeit und dem Unwetter. Dieses Material bef\u00fcrchtet weder die UV-Strahlen noch das Chlor der Schwimmb\u00e4der oder Salzwasser.\u00a0<\/p>\t\t\t\t\t\t\t\t<\/div>\n\t\t\t\t<\/div>\n\t\t\t\t<div class=\"elementor-element elementor-element-92f03e5 elementor-widget elementor-widget-heading\" data-id=\"92f03e5\" data-element_type=\"widget\" data-e-type=\"widget\" data-widget_type=\"heading.default\">\n\t\t\t\t<div class=\"elementor-widget-container\">\n\t\t\t\t\t<h3 class=\"elementor-heading-title elementor-size-default\">Haben Sie Fragen zu unseren Dienstleistungen?<br>\nKontaktieren Sie uns f\u00fcr einen Termin:<\/h3>\t\t\t\t<\/div>\n\t\t\t\t<\/div>\n\t\t\t\t<div class=\"elementor-element elementor-element-a8907c2 elementor-widget elementor-widget-button\" data-id=\"a8907c2\" data-element_type=\"widget\" data-e-type=\"widget\" data-widget_type=\"button.default\">\n\t\t\t\t<div class=\"elementor-widget-container\">\n\t\t\t\t\t\t\t\t\t<div class=\"elementor-button-wrapper\">\n\t\t\t\t\t<a class=\"elementor-button elementor-button-link elementor-size-sm\" href=\"#\">\n\t\t\t\t\t\t<span class=\"elementor-button-content-wrapper\">\n\t\t\t\t\t\t<span class=\"elementor-button-icon\">\n\t\t\t\t<svg aria-hidden=\"true\" class=\"e-font-icon-svg e-far-envelope\" viewBox=\"0 0 512 512\" xmlns=\"http:\/\/www.w3.org\/2000\/svg\"><path d=\"M464 64H48C21.49 64 0 85.49 0 112v288c0 26.51 21.49 48 48 48h416c26.51 0 48-21.49 48-48V112c0-26.51-21.49-48-48-48zm0 48v40.805c-22.422 18.259-58.168 46.651-134.587 106.49-16.841 13.247-50.201 45.072-73.413 44.701-23.208.375-56.579-31.459-73.413-44.701C106.18 199.465 70.425 171.067 48 152.805V112h416zM48 400V214.398c22.914 18.251 55.409 43.862 104.938 82.646 21.857 17.205 60.134 55.186 103.062 54.955 42.717.231 80.509-37.199 103.053-54.947 49.528-38.783 82.032-64.401 104.947-82.653V400H48z\"><\/path><\/svg>\t\t\t<\/span>\n\t\t\t\t\t\t\t\t\t<span class=\"elementor-button-text\">  info@hkm.ch<\/span>\n\t\t\t\t\t<\/span>\n\t\t\t\t\t<\/a>\n\t\t\t\t<\/div>\n\t\t\t\t\t\t\t\t<\/div>\n\t\t\t\t<\/div>\n\t\t\t\t<\/div>\n\t\t<div class=\"elementor-element elementor-element-0dc85a6 e-con-full e-flex e-con e-child\" data-id=\"0dc85a6\" data-element_type=\"container\" data-e-type=\"container\">\n\t\t\t\t<div class=\"elementor-element elementor-element-47cb57c elementor-widget elementor-widget-heading\" data-id=\"47cb57c\" data-element_type=\"widget\" data-e-type=\"widget\" data-widget_type=\"heading.default\">\n\t\t\t\t<div class=\"elementor-widget-container\">\n\t\t\t\t\t<h2 class=\"elementor-heading-title elementor-size-default\">VORTEILE<\/h2>\t\t\t\t<\/div>\n\t\t\t\t<\/div>\n\t\t\t\t<div class=\"elementor-element elementor-element-3f79cae elementor-widget elementor-widget-text-editor\" data-id=\"3f79cae\" data-element_type=\"widget\" data-e-type=\"widget\" data-widget_type=\"text-editor.default\">\n\t\t\t\t<div class=\"elementor-widget-container\">\n\t\t\t\t\t\t\t\t\t<ul><li>NAT\u00dcRLICH<\/li><li>STRAPAZIERF\u00c4HIG<\/li><li>RUTSCHSICHER<\/li><li>LANGLEBIG<\/li><li>WIEDERVERWENTBAR\u00a0<\/li><\/ul>\t\t\t\t\t\t\t\t<\/div>\n\t\t\t\t<\/div>\n\t\t\t\t<\/div>\n\t\t<div class=\"elementor-element elementor-element-fb99470 e-con-full e-flex e-con e-child\" data-id=\"fb99470\" data-element_type=\"container\" data-e-type=\"container\" data-settings=\"{&quot;background_background&quot;:&quot;classic&quot;}\">\n\t\t\t\t<div class=\"elementor-element elementor-element-341aabe elementor-widget elementor-widget-image\" data-id=\"341aabe\" data-element_type=\"widget\" data-e-type=\"widget\" data-widget_type=\"image.default\">\n\t\t\t\t<div class=\"elementor-widget-container\">\n\t\t\t\t\t\t\t\t\t\t\t\t\t\t\t<img fetchpriority=\"high\" decoding=\"async\" width=\"350\" height=\"193\" src=\"https:\/\/www.hkm.ch\/wp-content\/uploads\/2023\/12\/terrasse-en-bois-9cb4cf12.png\" class=\"attachment-full size-full wp-image-2593\" alt=\"\" srcset=\"https:\/\/www.hkm.ch\/wp-content\/uploads\/2023\/12\/terrasse-en-bois-9cb4cf12.png 350w, https:\/\/www.hkm.ch\/wp-content\/uploads\/2023\/12\/terrasse-en-bois-9cb4cf12-300x165.png 300w\" sizes=\"(max-width: 350px) 100vw, 350px\" \/>\t\t\t\t\t\t\t\t\t\t\t\t\t\t\t<\/div>\n\t\t\t\t<\/div>\n\t\t\t\t<\/div>\n\t\t\t\t\t<\/div>\n\t\t\t\t<\/div>\n\t\t\t\t\t<\/div>\n\t\t\t\t<\/div>\n\t\t<div class=\"elementor-element elementor-element-18976e5 e-flex e-con-boxed e-con e-parent\" data-id=\"18976e5\" data-element_type=\"container\" data-e-type=\"container\">\n\t\t\t\t\t<div class=\"e-con-inner\">\n\t\t\t\t<div class=\"elementor-element elementor-element-0a98e91 elementor-widget elementor-widget-heading\" data-id=\"0a98e91\" data-element_type=\"widget\" data-e-type=\"widget\" data-widget_type=\"heading.default\">\n\t\t\t\t<div class=\"elementor-widget-container\">\n\t\t\t\t\t<h2 class=\"elementor-heading-title elementor-size-default\">Diese Artikel k\u00f6nnten Sie interessieren\n<\/h2>\t\t\t\t<\/div>\n\t\t\t\t<\/div>\n\t\t<div class=\"elementor-element elementor-element-0945f23 e-flex e-con-boxed e-con e-child\" data-id=\"0945f23\" data-element_type=\"container\" data-e-type=\"container\">\n\t\t\t\t\t<div class=\"e-con-inner\">\n\t\t\t\t<div class=\"elementor-element elementor-element-c0417f2 elementor-grid-3 elementor-grid-tablet-2 elementor-grid-mobile-1 elementor-widget elementor-widget-loop-grid\" data-id=\"c0417f2\" data-element_type=\"widget\" data-e-type=\"widget\" data-settings=\"{&quot;template_id&quot;:3315,&quot;columns&quot;:3,&quot;_skin&quot;:&quot;post&quot;,&quot;columns_tablet&quot;:&quot;2&quot;,&quot;columns_mobile&quot;:&quot;1&quot;,&quot;edit_handle_selector&quot;:&quot;[data-elementor-type=\\&quot;loop-item\\&quot;]&quot;,&quot;row_gap&quot;:{&quot;unit&quot;:&quot;px&quot;,&quot;size&quot;:&quot;&quot;,&quot;sizes&quot;:[]},&quot;row_gap_tablet&quot;:{&quot;unit&quot;:&quot;px&quot;,&quot;size&quot;:&quot;&quot;,&quot;sizes&quot;:[]},&quot;row_gap_mobile&quot;:{&quot;unit&quot;:&quot;px&quot;,&quot;size&quot;:&quot;&quot;,&quot;sizes&quot;:[]}}\" data-widget_type=\"loop-grid.post\">\n\t\t\t\t<div class=\"elementor-widget-container\">\n\t\t\t\t\t\t\t<div class=\"e-loop-nothing-found-message\">\n\t\t<\/div>\n\t\t\t\t\t\t<\/div>\n\t\t\t\t<\/div>\n\t\t\t\t\t<\/div>\n\t\t\t\t<\/div>\n\t\t\t\t\t<\/div>\n\t\t\t\t<\/div>\n\t\t\t\t<\/div>\n\t\t","protected":false},"excerpt":{"rendered":"<p>Holzterrasse Erweitert Ihr Zuhause Eine Terrasse ist ein \u00dcbergangsort zwischen Innen und Aussen und vergr\u00f6ssert den Lebensraum. In \u00dcbereinstimmung mit der Natur wird sich die Holzterrasse an alle Typen von B\u00f6den anpassen. Das sehr harte Holz bietet eine grosse Schaffungsfreiheit, die alle K\u00fchnheit erlaubt. Die Holzterrassen aus Composite (Mischung von zwei Drittel Holz und ein [&hellip;]<\/p>\n","protected":false},"author":1,"featured_media":0,"parent":2828,"menu_order":2,"comment_status":"closed","ping_status":"closed","template":"elementor_header_footer","meta":{"footnotes":""},"class_list":["post-2736","page","type-page","status-publish","hentry"],"yoast_head":"<!-- This site is optimized with the Yoast SEO plugin v27.4 - https:\/\/yoast.com\/product\/yoast-seo-wordpress\/ -->\n<title>Terrasse aus Holz und Composite - HKM SA begleitet Sie<\/title>\n<meta name=\"description\" content=\"Bei HKM SA liefern wir hochwertige Materialien und verlegen Ihre Composite oder Holzterrasse sorgf\u00e4ltig.\" \/>\n<meta name=\"robots\" content=\"index, follow, max-snippet:-1, max-image-preview:large, max-video-preview:-1\" \/>\n<link rel=\"canonical\" href=\"https:\/\/www.hkm.ch\/de\/unser-angebot\/holzterrasse-erweitert-ihr-zuhause\/\" \/>\n<meta property=\"og:locale\" content=\"de_DE\" \/>\n<meta property=\"og:type\" content=\"article\" \/>\n<meta property=\"og:title\" content=\"Terrasse aus Holz und Composite - HKM SA begleitet Sie\" \/>\n<meta property=\"og:description\" content=\"Bei HKM SA liefern wir hochwertige Materialien und verlegen Ihre Composite oder Holzterrasse sorgf\u00e4ltig.\" \/>\n<meta property=\"og:url\" content=\"https:\/\/www.hkm.ch\/de\/unser-angebot\/holzterrasse-erweitert-ihr-zuhause\/\" \/>\n<meta property=\"og:site_name\" content=\"HKM SA\" \/>\n<meta property=\"article:modified_time\" content=\"2024-03-15T12:28:07+00:00\" \/>\n<meta property=\"og:image\" content=\"https:\/\/www.hkm.ch\/wp-content\/uploads\/2023\/12\/terrasse-en-bois-9cb4cf12.png\" \/>\n<meta name=\"twitter:card\" content=\"summary_large_image\" \/>\n<meta name=\"twitter:label1\" content=\"Gesch\u00e4tzte Lesezeit\" \/>\n\t<meta name=\"twitter:data1\" content=\"1\u00a0Minute\" \/>\n<script type=\"application\/ld+json\" class=\"yoast-schema-graph\">{\"@context\":\"https:\\\/\\\/schema.org\",\"@graph\":[{\"@type\":\"WebPage\",\"@id\":\"https:\\\/\\\/www.hkm.ch\\\/de\\\/unser-angebot\\\/holzterrasse-erweitert-ihr-zuhause\\\/\",\"url\":\"https:\\\/\\\/www.hkm.ch\\\/de\\\/unser-angebot\\\/holzterrasse-erweitert-ihr-zuhause\\\/\",\"name\":\"Terrasse aus Holz und Composite - HKM SA begleitet Sie\",\"isPartOf\":{\"@id\":\"https:\\\/\\\/www.hkm.ch\\\/de\\\/#website\"},\"primaryImageOfPage\":{\"@id\":\"https:\\\/\\\/www.hkm.ch\\\/de\\\/unser-angebot\\\/holzterrasse-erweitert-ihr-zuhause\\\/#primaryimage\"},\"image\":{\"@id\":\"https:\\\/\\\/www.hkm.ch\\\/de\\\/unser-angebot\\\/holzterrasse-erweitert-ihr-zuhause\\\/#primaryimage\"},\"thumbnailUrl\":\"https:\\\/\\\/www.hkm.ch\\\/wp-content\\\/uploads\\\/2023\\\/12\\\/terrasse-en-bois-9cb4cf12.png\",\"datePublished\":\"2023-12-11T15:27:46+00:00\",\"dateModified\":\"2024-03-15T12:28:07+00:00\",\"description\":\"Bei HKM SA liefern wir hochwertige Materialien und verlegen Ihre Composite oder Holzterrasse sorgf\u00e4ltig.\",\"breadcrumb\":{\"@id\":\"https:\\\/\\\/www.hkm.ch\\\/de\\\/unser-angebot\\\/holzterrasse-erweitert-ihr-zuhause\\\/#breadcrumb\"},\"inLanguage\":\"de\",\"potentialAction\":[{\"@type\":\"ReadAction\",\"target\":[\"https:\\\/\\\/www.hkm.ch\\\/de\\\/unser-angebot\\\/holzterrasse-erweitert-ihr-zuhause\\\/\"]}]},{\"@type\":\"ImageObject\",\"inLanguage\":\"de\",\"@id\":\"https:\\\/\\\/www.hkm.ch\\\/de\\\/unser-angebot\\\/holzterrasse-erweitert-ihr-zuhause\\\/#primaryimage\",\"url\":\"https:\\\/\\\/www.hkm.ch\\\/wp-content\\\/uploads\\\/2023\\\/12\\\/terrasse-en-bois-9cb4cf12.png\",\"contentUrl\":\"https:\\\/\\\/www.hkm.ch\\\/wp-content\\\/uploads\\\/2023\\\/12\\\/terrasse-en-bois-9cb4cf12.png\"},{\"@type\":\"BreadcrumbList\",\"@id\":\"https:\\\/\\\/www.hkm.ch\\\/de\\\/unser-angebot\\\/holzterrasse-erweitert-ihr-zuhause\\\/#breadcrumb\",\"itemListElement\":[{\"@type\":\"ListItem\",\"position\":1,\"name\":\"Accueil\",\"item\":\"https:\\\/\\\/www.hkm.ch\\\/de\\\/\"},{\"@type\":\"ListItem\",\"position\":2,\"name\":\"Unser angebot\",\"item\":\"https:\\\/\\\/www.hkm.ch\\\/de\\\/unser-angebot\\\/\"},{\"@type\":\"ListItem\",\"position\":3,\"name\":\"Holzterrasse\"}]},{\"@type\":\"WebSite\",\"@id\":\"https:\\\/\\\/www.hkm.ch\\\/de\\\/#website\",\"url\":\"https:\\\/\\\/www.hkm.ch\\\/de\\\/\",\"name\":\"HKM SA\",\"description\":\"\",\"publisher\":{\"@id\":\"https:\\\/\\\/www.hkm.ch\\\/de\\\/#organization\"},\"potentialAction\":[{\"@type\":\"SearchAction\",\"target\":{\"@type\":\"EntryPoint\",\"urlTemplate\":\"https:\\\/\\\/www.hkm.ch\\\/de\\\/?s={search_term_string}\"},\"query-input\":{\"@type\":\"PropertyValueSpecification\",\"valueRequired\":true,\"valueName\":\"search_term_string\"}}],\"inLanguage\":\"de\"},{\"@type\":\"Organization\",\"@id\":\"https:\\\/\\\/www.hkm.ch\\\/de\\\/#organization\",\"name\":\"HKM SA\",\"url\":\"https:\\\/\\\/www.hkm.ch\\\/de\\\/\",\"logo\":{\"@type\":\"ImageObject\",\"inLanguage\":\"de\",\"@id\":\"https:\\\/\\\/www.hkm.ch\\\/de\\\/#\\\/schema\\\/logo\\\/image\\\/\",\"url\":\"https:\\\/\\\/www.hkm.ch\\\/wp-content\\\/uploads\\\/2023\\\/11\\\/logo-hkm-sa.webp\",\"contentUrl\":\"https:\\\/\\\/www.hkm.ch\\\/wp-content\\\/uploads\\\/2023\\\/11\\\/logo-hkm-sa.webp\",\"width\":250,\"height\":59,\"caption\":\"HKM SA\"},\"image\":{\"@id\":\"https:\\\/\\\/www.hkm.ch\\\/de\\\/#\\\/schema\\\/logo\\\/image\\\/\"}}]}<\/script>\n<!-- \/ Yoast SEO plugin. -->","yoast_head_json":{"title":"Terrasse aus Holz und Composite - HKM SA begleitet Sie","description":"Bei HKM SA liefern wir hochwertige Materialien und verlegen Ihre Composite oder Holzterrasse sorgf\u00e4ltig.","robots":{"index":"index","follow":"follow","max-snippet":"max-snippet:-1","max-image-preview":"max-image-preview:large","max-video-preview":"max-video-preview:-1"},"canonical":"https:\/\/www.hkm.ch\/de\/unser-angebot\/holzterrasse-erweitert-ihr-zuhause\/","og_locale":"de_DE","og_type":"article","og_title":"Terrasse aus Holz und Composite - HKM SA begleitet Sie","og_description":"Bei HKM SA liefern wir hochwertige Materialien und verlegen Ihre Composite oder Holzterrasse sorgf\u00e4ltig.","og_url":"https:\/\/www.hkm.ch\/de\/unser-angebot\/holzterrasse-erweitert-ihr-zuhause\/","og_site_name":"HKM SA","article_modified_time":"2024-03-15T12:28:07+00:00","og_image":[{"url":"https:\/\/www.hkm.ch\/wp-content\/uploads\/2023\/12\/terrasse-en-bois-9cb4cf12.png","type":"","width":"","height":""}],"twitter_card":"summary_large_image","twitter_misc":{"Gesch\u00e4tzte Lesezeit":"1\u00a0Minute"},"schema":{"@context":"https:\/\/schema.org","@graph":[{"@type":"WebPage","@id":"https:\/\/www.hkm.ch\/de\/unser-angebot\/holzterrasse-erweitert-ihr-zuhause\/","url":"https:\/\/www.hkm.ch\/de\/unser-angebot\/holzterrasse-erweitert-ihr-zuhause\/","name":"Terrasse aus Holz und Composite - HKM SA begleitet Sie","isPartOf":{"@id":"https:\/\/www.hkm.ch\/de\/#website"},"primaryImageOfPage":{"@id":"https:\/\/www.hkm.ch\/de\/unser-angebot\/holzterrasse-erweitert-ihr-zuhause\/#primaryimage"},"image":{"@id":"https:\/\/www.hkm.ch\/de\/unser-angebot\/holzterrasse-erweitert-ihr-zuhause\/#primaryimage"},"thumbnailUrl":"https:\/\/www.hkm.ch\/wp-content\/uploads\/2023\/12\/terrasse-en-bois-9cb4cf12.png","datePublished":"2023-12-11T15:27:46+00:00","dateModified":"2024-03-15T12:28:07+00:00","description":"Bei HKM SA liefern wir hochwertige Materialien und verlegen Ihre Composite oder Holzterrasse sorgf\u00e4ltig.","breadcrumb":{"@id":"https:\/\/www.hkm.ch\/de\/unser-angebot\/holzterrasse-erweitert-ihr-zuhause\/#breadcrumb"},"inLanguage":"de","potentialAction":[{"@type":"ReadAction","target":["https:\/\/www.hkm.ch\/de\/unser-angebot\/holzterrasse-erweitert-ihr-zuhause\/"]}]},{"@type":"ImageObject","inLanguage":"de","@id":"https:\/\/www.hkm.ch\/de\/unser-angebot\/holzterrasse-erweitert-ihr-zuhause\/#primaryimage","url":"https:\/\/www.hkm.ch\/wp-content\/uploads\/2023\/12\/terrasse-en-bois-9cb4cf12.png","contentUrl":"https:\/\/www.hkm.ch\/wp-content\/uploads\/2023\/12\/terrasse-en-bois-9cb4cf12.png"},{"@type":"BreadcrumbList","@id":"https:\/\/www.hkm.ch\/de\/unser-angebot\/holzterrasse-erweitert-ihr-zuhause\/#breadcrumb","itemListElement":[{"@type":"ListItem","position":1,"name":"Accueil","item":"https:\/\/www.hkm.ch\/de\/"},{"@type":"ListItem","position":2,"name":"Unser angebot","item":"https:\/\/www.hkm.ch\/de\/unser-angebot\/"},{"@type":"ListItem","position":3,"name":"Holzterrasse"}]},{"@type":"WebSite","@id":"https:\/\/www.hkm.ch\/de\/#website","url":"https:\/\/www.hkm.ch\/de\/","name":"HKM SA","description":"","publisher":{"@id":"https:\/\/www.hkm.ch\/de\/#organization"},"potentialAction":[{"@type":"SearchAction","target":{"@type":"EntryPoint","urlTemplate":"https:\/\/www.hkm.ch\/de\/?s={search_term_string}"},"query-input":{"@type":"PropertyValueSpecification","valueRequired":true,"valueName":"search_term_string"}}],"inLanguage":"de"},{"@type":"Organization","@id":"https:\/\/www.hkm.ch\/de\/#organization","name":"HKM SA","url":"https:\/\/www.hkm.ch\/de\/","logo":{"@type":"ImageObject","inLanguage":"de","@id":"https:\/\/www.hkm.ch\/de\/#\/schema\/logo\/image\/","url":"https:\/\/www.hkm.ch\/wp-content\/uploads\/2023\/11\/logo-hkm-sa.webp","contentUrl":"https:\/\/www.hkm.ch\/wp-content\/uploads\/2023\/11\/logo-hkm-sa.webp","width":250,"height":59,"caption":"HKM SA"},"image":{"@id":"https:\/\/www.hkm.ch\/de\/#\/schema\/logo\/image\/"}}]}},"_links":{"self":[{"href":"https:\/\/www.hkm.ch\/de\/wp-json\/wp\/v2\/pages\/2736","targetHints":{"allow":["GET"]}}],"collection":[{"href":"https:\/\/www.hkm.ch\/de\/wp-json\/wp\/v2\/pages"}],"about":[{"href":"https:\/\/www.hkm.ch\/de\/wp-json\/wp\/v2\/types\/page"}],"author":[{"embeddable":true,"href":"https:\/\/www.hkm.ch\/de\/wp-json\/wp\/v2\/users\/1"}],"replies":[{"embeddable":true,"href":"https:\/\/www.hkm.ch\/de\/wp-json\/wp\/v2\/comments?post=2736"}],"version-history":[{"count":10,"href":"https:\/\/www.hkm.ch\/de\/wp-json\/wp\/v2\/pages\/2736\/revisions"}],"predecessor-version":[{"id":2990,"href":"https:\/\/www.hkm.ch\/de\/wp-json\/wp\/v2\/pages\/2736\/revisions\/2990"}],"up":[{"embeddable":true,"href":"https:\/\/www.hkm.ch\/de\/wp-json\/wp\/v2\/pages\/2828"}],"wp:attachment":[{"href":"https:\/\/www.hkm.ch\/de\/wp-json\/wp\/v2\/media?parent=2736"}],"curies":[{"name":"wp","href":"https:\/\/api.w.org\/{rel}","templated":true}]}}