{"id":2730,"date":"2023-12-11T16:58:21","date_gmt":"2023-12-11T15:58:21","guid":{"rendered":"https:\/\/www.hkm.ch\/renovation-linoleum-pvc-caoutchouc\/"},"modified":"2024-03-15T13:38:52","modified_gmt":"2024-03-15T12:38:52","slug":"linoleum-pvc-oder-caoutchouc-renovierung","status":"publish","type":"page","link":"https:\/\/www.hkm.ch\/de\/unser-angebot\/linoleum-pvc-oder-caoutchouc-renovierung\/","title":{"rendered":"Linoleum, PVC oder Caoutchouc Renovierung"},"content":{"rendered":"\t\t<div data-elementor-type=\"wp-page\" data-elementor-id=\"2730\" class=\"elementor elementor-2730 elementor-792\" data-elementor-post-type=\"page\">\n\t\t\t\t<div class=\"elementor-element elementor-element-dfaa460 e-flex e-con-boxed e-con e-parent\" data-id=\"dfaa460\" data-element_type=\"container\" data-e-type=\"container\" data-settings=\"{&quot;background_background&quot;:&quot;classic&quot;}\">\n\t\t\t\t\t<div class=\"e-con-inner\">\n\t\t\t\t\t<\/div>\n\t\t\t\t<\/div>\n\t\t<div class=\"elementor-element elementor-element-21764ec e-flex e-con-boxed e-con e-parent\" data-id=\"21764ec\" data-element_type=\"container\" data-e-type=\"container\">\n\t\t\t\t\t<div class=\"e-con-inner\">\n\t\t\t\t<div class=\"elementor-element elementor-element-4beb99e elementor-widget elementor-widget-heading\" data-id=\"4beb99e\" data-element_type=\"widget\" data-e-type=\"widget\" data-widget_type=\"heading.default\">\n\t\t\t\t<div class=\"elementor-widget-container\">\n\t\t\t\t\t<h1 class=\"elementor-heading-title elementor-size-default\">Linoleum, PVC oder Caoutchouc Renovierung<\/h1>\t\t\t\t<\/div>\n\t\t\t\t<\/div>\n\t\t<div class=\"elementor-element elementor-element-0aa46cc e-flex e-con-boxed e-con e-child\" data-id=\"0aa46cc\" data-element_type=\"container\" data-e-type=\"container\">\n\t\t\t\t\t<div class=\"e-con-inner\">\n\t\t<div class=\"elementor-element elementor-element-4baf096 e-con-full e-flex e-con e-child\" data-id=\"4baf096\" data-element_type=\"container\" data-e-type=\"container\">\n\t\t\t\t<div class=\"elementor-element elementor-element-97aa7db elementor-widget elementor-widget-text-editor\" data-id=\"97aa7db\" data-element_type=\"widget\" data-e-type=\"widget\" data-widget_type=\"text-editor.default\">\n\t\t\t\t<div class=\"elementor-widget-container\">\n\t\t\t\t\t\t\t\t\t<p>Ist Ihr Linoleum, PVC oder Caoutchouc-Belag schmutzig, verblasst und zerkratzt. Mit unseren verschiedenen L\u00f6sungen und Behandlungen, geben wir Ihrem Boden ein neues Leben. Ob eine transparente, get\u00f6nte Oberfl\u00e4che oder ein Inlay-Muster, alles ist m\u00f6glich.\u00a0<\/p>\t\t\t\t\t\t\t\t<\/div>\n\t\t\t\t<\/div>\n\t\t\t\t<div class=\"elementor-element elementor-element-2bfa47e elementor-widget elementor-widget-heading\" data-id=\"2bfa47e\" data-element_type=\"widget\" data-e-type=\"widget\" data-widget_type=\"heading.default\">\n\t\t\t\t<div class=\"elementor-widget-container\">\n\t\t\t\t\t<h3 class=\"elementor-heading-title elementor-size-default\">Haben Sie Fragen zu unseren Dienstleistungen?<br>\nKontaktieren Sie uns f\u00fcr einen Termin:<\/h3>\t\t\t\t<\/div>\n\t\t\t\t<\/div>\n\t\t\t\t<div class=\"elementor-element elementor-element-aea8b22 elementor-widget elementor-widget-button\" data-id=\"aea8b22\" data-element_type=\"widget\" data-e-type=\"widget\" data-widget_type=\"button.default\">\n\t\t\t\t<div class=\"elementor-widget-container\">\n\t\t\t\t\t\t\t\t\t<div class=\"elementor-button-wrapper\">\n\t\t\t\t\t<a class=\"elementor-button elementor-button-link elementor-size-sm\" href=\"https:\/\/www.hkm.ch\/de\/kontakt-formular\/\">\n\t\t\t\t\t\t<span class=\"elementor-button-content-wrapper\">\n\t\t\t\t\t\t<span class=\"elementor-button-icon\">\n\t\t\t\t<svg aria-hidden=\"true\" class=\"e-font-icon-svg e-far-envelope\" viewBox=\"0 0 512 512\" xmlns=\"http:\/\/www.w3.org\/2000\/svg\"><path d=\"M464 64H48C21.49 64 0 85.49 0 112v288c0 26.51 21.49 48 48 48h416c26.51 0 48-21.49 48-48V112c0-26.51-21.49-48-48-48zm0 48v40.805c-22.422 18.259-58.168 46.651-134.587 106.49-16.841 13.247-50.201 45.072-73.413 44.701-23.208.375-56.579-31.459-73.413-44.701C106.18 199.465 70.425 171.067 48 152.805V112h416zM48 400V214.398c22.914 18.251 55.409 43.862 104.938 82.646 21.857 17.205 60.134 55.186 103.062 54.955 42.717.231 80.509-37.199 103.053-54.947 49.528-38.783 82.032-64.401 104.947-82.653V400H48z\"><\/path><\/svg>\t\t\t<\/span>\n\t\t\t\t\t\t\t\t\t<span class=\"elementor-button-text\">  info@hkm.ch<\/span>\n\t\t\t\t\t<\/span>\n\t\t\t\t\t<\/a>\n\t\t\t\t<\/div>\n\t\t\t\t\t\t\t\t<\/div>\n\t\t\t\t<\/div>\n\t\t\t\t<\/div>\n\t\t<div class=\"elementor-element elementor-element-bbd7b87 e-con-full e-flex e-con e-child\" data-id=\"bbd7b87\" data-element_type=\"container\" data-e-type=\"container\">\n\t\t\t\t<div class=\"elementor-element elementor-element-74b35cc elementor-widget elementor-widget-heading\" data-id=\"74b35cc\" data-element_type=\"widget\" data-e-type=\"widget\" data-widget_type=\"heading.default\">\n\t\t\t\t<div class=\"elementor-widget-container\">\n\t\t\t\t\t<h2 class=\"elementor-heading-title elementor-size-default\">VORTEILE<\/h2>\t\t\t\t<\/div>\n\t\t\t\t<\/div>\n\t\t\t\t<div class=\"elementor-element elementor-element-2bacffc elementor-widget elementor-widget-text-editor\" data-id=\"2bacffc\" data-element_type=\"widget\" data-e-type=\"widget\" data-widget_type=\"text-editor.default\">\n\t\t\t\t<div class=\"elementor-widget-container\">\n\t\t\t\t\t\t\t\t\t<ul><li>\u00d6KOLOGISCH<\/li><li>\u00d6KONOMISCH<\/li><li>\u00c4STHETISCH<\/li><li>BEST\u00c4NDIG<\/li><li>ERNEUERBAR<\/li><li>PERSONALISIERBAR\u00a0<\/li><\/ul>\t\t\t\t\t\t\t\t<\/div>\n\t\t\t\t<\/div>\n\t\t\t\t<\/div>\n\t\t<div class=\"elementor-element elementor-element-698fd06 e-con-full e-flex e-con e-child\" data-id=\"698fd06\" data-element_type=\"container\" data-e-type=\"container\" data-settings=\"{&quot;background_background&quot;:&quot;classic&quot;}\">\n\t\t\t\t<div class=\"elementor-element elementor-element-e4f27f4 elementor-widget elementor-widget-image\" data-id=\"e4f27f4\" data-element_type=\"widget\" data-e-type=\"widget\" data-widget_type=\"image.default\">\n\t\t\t\t<div class=\"elementor-widget-container\">\n\t\t\t\t\t\t\t\t\t\t\t\t\t\t\t<img fetchpriority=\"high\" decoding=\"async\" width=\"350\" height=\"218\" src=\"https:\/\/www.hkm.ch\/wp-content\/uploads\/2023\/12\/stratifie-f1cece21.png\" class=\"attachment-full size-full wp-image-2581\" alt=\"\" srcset=\"https:\/\/www.hkm.ch\/wp-content\/uploads\/2023\/12\/stratifie-f1cece21.png 350w, https:\/\/www.hkm.ch\/wp-content\/uploads\/2023\/12\/stratifie-f1cece21-300x187.png 300w\" sizes=\"(max-width: 350px) 100vw, 350px\" \/>\t\t\t\t\t\t\t\t\t\t\t\t\t\t\t<\/div>\n\t\t\t\t<\/div>\n\t\t\t\t<\/div>\n\t\t\t\t\t<\/div>\n\t\t\t\t<\/div>\n\t\t\t\t\t<\/div>\n\t\t\t\t<\/div>\n\t\t\t\t<\/div>\n\t\t","protected":false},"excerpt":{"rendered":"<p>Linoleum, PVC oder Caoutchouc Renovierung Ist Ihr Linoleum, PVC oder Caoutchouc-Belag schmutzig, verblasst und zerkratzt. Mit unseren verschiedenen L\u00f6sungen und Behandlungen, geben wir Ihrem Boden ein neues Leben. Ob eine transparente, get\u00f6nte Oberfl\u00e4che oder ein Inlay-Muster, alles ist m\u00f6glich.\u00a0 Haben Sie Fragen zu unseren Dienstleistungen? Kontaktieren Sie uns f\u00fcr einen Termin: info@hkm.ch VORTEILE \u00d6KOLOGISCH \u00d6KONOMISCH [&hellip;]<\/p>\n","protected":false},"author":1,"featured_media":0,"parent":2828,"menu_order":9,"comment_status":"closed","ping_status":"closed","template":"elementor_header_footer","meta":{"footnotes":""},"class_list":["post-2730","page","type-page","status-publish","hentry"],"yoast_head":"<!-- This site is optimized with the Yoast SEO plugin v27.4 - https:\/\/yoast.com\/product\/yoast-seo-wordpress\/ -->\n<title>Linoleum, PVC oder Caoutchouc (Gummi) Renovierung \u2013 HKM SA<\/title>\n<meta name=\"description\" content=\"Ist Ihr Linoleum, PVC oder Caoutchouc-Belag schmutzig, verblasst und zerkratzt. Mit unseren verschiedenen L\u00f6sungen und Behandlungen, geben wir Ihrem Boden ein neues Leben. Ob eine transparente, get\u00f6nte Oberfl\u00e4che oder ein Inlay-Muster, alles ist m\u00f6glich.\" \/>\n<meta name=\"robots\" content=\"index, follow, max-snippet:-1, max-image-preview:large, max-video-preview:-1\" \/>\n<link rel=\"canonical\" href=\"https:\/\/www.hkm.ch\/de\/unser-angebot\/linoleum-pvc-oder-caoutchouc-renovierung\/\" \/>\n<meta property=\"og:locale\" content=\"de_DE\" \/>\n<meta property=\"og:type\" content=\"article\" \/>\n<meta property=\"og:title\" content=\"Linoleum, PVC oder Caoutchouc (Gummi) Renovierung \u2013 HKM SA\" \/>\n<meta property=\"og:description\" content=\"Ist Ihr Linoleum, PVC oder Caoutchouc-Belag schmutzig, verblasst und zerkratzt. Mit unseren verschiedenen L\u00f6sungen und Behandlungen, geben wir Ihrem Boden ein neues Leben. Ob eine transparente, get\u00f6nte Oberfl\u00e4che oder ein Inlay-Muster, alles ist m\u00f6glich.\" \/>\n<meta property=\"og:url\" content=\"https:\/\/www.hkm.ch\/de\/unser-angebot\/linoleum-pvc-oder-caoutchouc-renovierung\/\" \/>\n<meta property=\"og:site_name\" content=\"HKM SA\" \/>\n<meta property=\"article:modified_time\" content=\"2024-03-15T12:38:52+00:00\" \/>\n<meta property=\"og:image\" content=\"https:\/\/www.hkm.ch\/wp-content\/uploads\/2023\/12\/stratifie-f1cece21.png\" \/>\n<meta name=\"twitter:card\" content=\"summary_large_image\" \/>\n<meta name=\"twitter:label1\" content=\"Gesch\u00e4tzte Lesezeit\" \/>\n\t<meta name=\"twitter:data1\" content=\"1\u00a0Minute\" \/>\n<script type=\"application\/ld+json\" class=\"yoast-schema-graph\">{\"@context\":\"https:\\\/\\\/schema.org\",\"@graph\":[{\"@type\":\"WebPage\",\"@id\":\"https:\\\/\\\/www.hkm.ch\\\/de\\\/unser-angebot\\\/linoleum-pvc-oder-caoutchouc-renovierung\\\/\",\"url\":\"https:\\\/\\\/www.hkm.ch\\\/de\\\/unser-angebot\\\/linoleum-pvc-oder-caoutchouc-renovierung\\\/\",\"name\":\"Linoleum, PVC oder Caoutchouc (Gummi) Renovierung \u2013 HKM SA\",\"isPartOf\":{\"@id\":\"https:\\\/\\\/www.hkm.ch\\\/de\\\/#website\"},\"primaryImageOfPage\":{\"@id\":\"https:\\\/\\\/www.hkm.ch\\\/de\\\/unser-angebot\\\/linoleum-pvc-oder-caoutchouc-renovierung\\\/#primaryimage\"},\"image\":{\"@id\":\"https:\\\/\\\/www.hkm.ch\\\/de\\\/unser-angebot\\\/linoleum-pvc-oder-caoutchouc-renovierung\\\/#primaryimage\"},\"thumbnailUrl\":\"https:\\\/\\\/www.hkm.ch\\\/wp-content\\\/uploads\\\/2023\\\/12\\\/stratifie-f1cece21.png\",\"datePublished\":\"2023-12-11T15:58:21+00:00\",\"dateModified\":\"2024-03-15T12:38:52+00:00\",\"description\":\"Ist Ihr Linoleum, PVC oder Caoutchouc-Belag schmutzig, verblasst und zerkratzt. Mit unseren verschiedenen L\u00f6sungen und Behandlungen, geben wir Ihrem Boden ein neues Leben. Ob eine transparente, get\u00f6nte Oberfl\u00e4che oder ein Inlay-Muster, alles ist m\u00f6glich.\",\"breadcrumb\":{\"@id\":\"https:\\\/\\\/www.hkm.ch\\\/de\\\/unser-angebot\\\/linoleum-pvc-oder-caoutchouc-renovierung\\\/#breadcrumb\"},\"inLanguage\":\"de\",\"potentialAction\":[{\"@type\":\"ReadAction\",\"target\":[\"https:\\\/\\\/www.hkm.ch\\\/de\\\/unser-angebot\\\/linoleum-pvc-oder-caoutchouc-renovierung\\\/\"]}]},{\"@type\":\"ImageObject\",\"inLanguage\":\"de\",\"@id\":\"https:\\\/\\\/www.hkm.ch\\\/de\\\/unser-angebot\\\/linoleum-pvc-oder-caoutchouc-renovierung\\\/#primaryimage\",\"url\":\"https:\\\/\\\/www.hkm.ch\\\/wp-content\\\/uploads\\\/2023\\\/12\\\/stratifie-f1cece21.png\",\"contentUrl\":\"https:\\\/\\\/www.hkm.ch\\\/wp-content\\\/uploads\\\/2023\\\/12\\\/stratifie-f1cece21.png\"},{\"@type\":\"BreadcrumbList\",\"@id\":\"https:\\\/\\\/www.hkm.ch\\\/de\\\/unser-angebot\\\/linoleum-pvc-oder-caoutchouc-renovierung\\\/#breadcrumb\",\"itemListElement\":[{\"@type\":\"ListItem\",\"position\":1,\"name\":\"Accueil\",\"item\":\"https:\\\/\\\/www.hkm.ch\\\/de\\\/\"},{\"@type\":\"ListItem\",\"position\":2,\"name\":\"Unser angebot\",\"item\":\"https:\\\/\\\/www.hkm.ch\\\/de\\\/unser-angebot\\\/\"},{\"@type\":\"ListItem\",\"position\":3,\"name\":\"Linoleum, PVC oder Caoutchouc Renovierung\"}]},{\"@type\":\"WebSite\",\"@id\":\"https:\\\/\\\/www.hkm.ch\\\/de\\\/#website\",\"url\":\"https:\\\/\\\/www.hkm.ch\\\/de\\\/\",\"name\":\"HKM SA\",\"description\":\"\",\"publisher\":{\"@id\":\"https:\\\/\\\/www.hkm.ch\\\/de\\\/#organization\"},\"potentialAction\":[{\"@type\":\"SearchAction\",\"target\":{\"@type\":\"EntryPoint\",\"urlTemplate\":\"https:\\\/\\\/www.hkm.ch\\\/de\\\/?s={search_term_string}\"},\"query-input\":{\"@type\":\"PropertyValueSpecification\",\"valueRequired\":true,\"valueName\":\"search_term_string\"}}],\"inLanguage\":\"de\"},{\"@type\":\"Organization\",\"@id\":\"https:\\\/\\\/www.hkm.ch\\\/de\\\/#organization\",\"name\":\"HKM SA\",\"url\":\"https:\\\/\\\/www.hkm.ch\\\/de\\\/\",\"logo\":{\"@type\":\"ImageObject\",\"inLanguage\":\"de\",\"@id\":\"https:\\\/\\\/www.hkm.ch\\\/de\\\/#\\\/schema\\\/logo\\\/image\\\/\",\"url\":\"https:\\\/\\\/www.hkm.ch\\\/wp-content\\\/uploads\\\/2023\\\/11\\\/logo-hkm-sa.webp\",\"contentUrl\":\"https:\\\/\\\/www.hkm.ch\\\/wp-content\\\/uploads\\\/2023\\\/11\\\/logo-hkm-sa.webp\",\"width\":250,\"height\":59,\"caption\":\"HKM SA\"},\"image\":{\"@id\":\"https:\\\/\\\/www.hkm.ch\\\/de\\\/#\\\/schema\\\/logo\\\/image\\\/\"}}]}<\/script>\n<!-- \/ Yoast SEO plugin. -->","yoast_head_json":{"title":"Linoleum, PVC oder Caoutchouc (Gummi) Renovierung \u2013 HKM SA","description":"Ist Ihr Linoleum, PVC oder Caoutchouc-Belag schmutzig, verblasst und zerkratzt. Mit unseren verschiedenen L\u00f6sungen und Behandlungen, geben wir Ihrem Boden ein neues Leben. Ob eine transparente, get\u00f6nte Oberfl\u00e4che oder ein Inlay-Muster, alles ist m\u00f6glich.","robots":{"index":"index","follow":"follow","max-snippet":"max-snippet:-1","max-image-preview":"max-image-preview:large","max-video-preview":"max-video-preview:-1"},"canonical":"https:\/\/www.hkm.ch\/de\/unser-angebot\/linoleum-pvc-oder-caoutchouc-renovierung\/","og_locale":"de_DE","og_type":"article","og_title":"Linoleum, PVC oder Caoutchouc (Gummi) Renovierung \u2013 HKM SA","og_description":"Ist Ihr Linoleum, PVC oder Caoutchouc-Belag schmutzig, verblasst und zerkratzt. Mit unseren verschiedenen L\u00f6sungen und Behandlungen, geben wir Ihrem Boden ein neues Leben. Ob eine transparente, get\u00f6nte Oberfl\u00e4che oder ein Inlay-Muster, alles ist m\u00f6glich.","og_url":"https:\/\/www.hkm.ch\/de\/unser-angebot\/linoleum-pvc-oder-caoutchouc-renovierung\/","og_site_name":"HKM SA","article_modified_time":"2024-03-15T12:38:52+00:00","og_image":[{"url":"https:\/\/www.hkm.ch\/wp-content\/uploads\/2023\/12\/stratifie-f1cece21.png","type":"","width":"","height":""}],"twitter_card":"summary_large_image","twitter_misc":{"Gesch\u00e4tzte Lesezeit":"1\u00a0Minute"},"schema":{"@context":"https:\/\/schema.org","@graph":[{"@type":"WebPage","@id":"https:\/\/www.hkm.ch\/de\/unser-angebot\/linoleum-pvc-oder-caoutchouc-renovierung\/","url":"https:\/\/www.hkm.ch\/de\/unser-angebot\/linoleum-pvc-oder-caoutchouc-renovierung\/","name":"Linoleum, PVC oder Caoutchouc (Gummi) Renovierung \u2013 HKM SA","isPartOf":{"@id":"https:\/\/www.hkm.ch\/de\/#website"},"primaryImageOfPage":{"@id":"https:\/\/www.hkm.ch\/de\/unser-angebot\/linoleum-pvc-oder-caoutchouc-renovierung\/#primaryimage"},"image":{"@id":"https:\/\/www.hkm.ch\/de\/unser-angebot\/linoleum-pvc-oder-caoutchouc-renovierung\/#primaryimage"},"thumbnailUrl":"https:\/\/www.hkm.ch\/wp-content\/uploads\/2023\/12\/stratifie-f1cece21.png","datePublished":"2023-12-11T15:58:21+00:00","dateModified":"2024-03-15T12:38:52+00:00","description":"Ist Ihr Linoleum, PVC oder Caoutchouc-Belag schmutzig, verblasst und zerkratzt. Mit unseren verschiedenen L\u00f6sungen und Behandlungen, geben wir Ihrem Boden ein neues Leben. Ob eine transparente, get\u00f6nte Oberfl\u00e4che oder ein Inlay-Muster, alles ist m\u00f6glich.","breadcrumb":{"@id":"https:\/\/www.hkm.ch\/de\/unser-angebot\/linoleum-pvc-oder-caoutchouc-renovierung\/#breadcrumb"},"inLanguage":"de","potentialAction":[{"@type":"ReadAction","target":["https:\/\/www.hkm.ch\/de\/unser-angebot\/linoleum-pvc-oder-caoutchouc-renovierung\/"]}]},{"@type":"ImageObject","inLanguage":"de","@id":"https:\/\/www.hkm.ch\/de\/unser-angebot\/linoleum-pvc-oder-caoutchouc-renovierung\/#primaryimage","url":"https:\/\/www.hkm.ch\/wp-content\/uploads\/2023\/12\/stratifie-f1cece21.png","contentUrl":"https:\/\/www.hkm.ch\/wp-content\/uploads\/2023\/12\/stratifie-f1cece21.png"},{"@type":"BreadcrumbList","@id":"https:\/\/www.hkm.ch\/de\/unser-angebot\/linoleum-pvc-oder-caoutchouc-renovierung\/#breadcrumb","itemListElement":[{"@type":"ListItem","position":1,"name":"Accueil","item":"https:\/\/www.hkm.ch\/de\/"},{"@type":"ListItem","position":2,"name":"Unser angebot","item":"https:\/\/www.hkm.ch\/de\/unser-angebot\/"},{"@type":"ListItem","position":3,"name":"Linoleum, PVC oder Caoutchouc Renovierung"}]},{"@type":"WebSite","@id":"https:\/\/www.hkm.ch\/de\/#website","url":"https:\/\/www.hkm.ch\/de\/","name":"HKM SA","description":"","publisher":{"@id":"https:\/\/www.hkm.ch\/de\/#organization"},"potentialAction":[{"@type":"SearchAction","target":{"@type":"EntryPoint","urlTemplate":"https:\/\/www.hkm.ch\/de\/?s={search_term_string}"},"query-input":{"@type":"PropertyValueSpecification","valueRequired":true,"valueName":"search_term_string"}}],"inLanguage":"de"},{"@type":"Organization","@id":"https:\/\/www.hkm.ch\/de\/#organization","name":"HKM SA","url":"https:\/\/www.hkm.ch\/de\/","logo":{"@type":"ImageObject","inLanguage":"de","@id":"https:\/\/www.hkm.ch\/de\/#\/schema\/logo\/image\/","url":"https:\/\/www.hkm.ch\/wp-content\/uploads\/2023\/11\/logo-hkm-sa.webp","contentUrl":"https:\/\/www.hkm.ch\/wp-content\/uploads\/2023\/11\/logo-hkm-sa.webp","width":250,"height":59,"caption":"HKM SA"},"image":{"@id":"https:\/\/www.hkm.ch\/de\/#\/schema\/logo\/image\/"}}]}},"_links":{"self":[{"href":"https:\/\/www.hkm.ch\/de\/wp-json\/wp\/v2\/pages\/2730","targetHints":{"allow":["GET"]}}],"collection":[{"href":"https:\/\/www.hkm.ch\/de\/wp-json\/wp\/v2\/pages"}],"about":[{"href":"https:\/\/www.hkm.ch\/de\/wp-json\/wp\/v2\/types\/page"}],"author":[{"embeddable":true,"href":"https:\/\/www.hkm.ch\/de\/wp-json\/wp\/v2\/users\/1"}],"replies":[{"embeddable":true,"href":"https:\/\/www.hkm.ch\/de\/wp-json\/wp\/v2\/comments?post=2730"}],"version-history":[{"count":10,"href":"https:\/\/www.hkm.ch\/de\/wp-json\/wp\/v2\/pages\/2730\/revisions"}],"predecessor-version":[{"id":2924,"href":"https:\/\/www.hkm.ch\/de\/wp-json\/wp\/v2\/pages\/2730\/revisions\/2924"}],"up":[{"embeddable":true,"href":"https:\/\/www.hkm.ch\/de\/wp-json\/wp\/v2\/pages\/2828"}],"wp:attachment":[{"href":"https:\/\/www.hkm.ch\/de\/wp-json\/wp\/v2\/media?parent=2730"}],"curies":[{"name":"wp","href":"https:\/\/api.w.org\/{rel}","templated":true}]}}