{"id":2729,"date":"2023-12-11T16:54:39","date_gmt":"2023-12-11T15:54:39","guid":{"rendered":"https:\/\/www.hkm.ch\/renovation-parquet\/"},"modified":"2024-03-15T13:37:19","modified_gmt":"2024-03-15T12:37:19","slug":"parkett-renovierung","status":"publish","type":"page","link":"https:\/\/www.hkm.ch\/de\/unser-angebot\/parkett-renovierung\/","title":{"rendered":"Parkett Renovierung"},"content":{"rendered":"\t\t<div data-elementor-type=\"wp-page\" data-elementor-id=\"2729\" class=\"elementor elementor-2729 elementor-782\" data-elementor-post-type=\"page\">\n\t\t\t\t<div class=\"elementor-element elementor-element-98cca82 e-flex e-con-boxed e-con e-parent\" data-id=\"98cca82\" data-element_type=\"container\" data-e-type=\"container\" data-settings=\"{&quot;background_background&quot;:&quot;classic&quot;}\">\n\t\t\t\t\t<div class=\"e-con-inner\">\n\t\t\t\t\t<\/div>\n\t\t\t\t<\/div>\n\t\t<div class=\"elementor-element elementor-element-f8197f8 e-flex e-con-boxed e-con e-parent\" data-id=\"f8197f8\" data-element_type=\"container\" data-e-type=\"container\">\n\t\t\t\t\t<div class=\"e-con-inner\">\n\t\t\t\t<div class=\"elementor-element elementor-element-8c5ae3a elementor-widget elementor-widget-heading\" data-id=\"8c5ae3a\" data-element_type=\"widget\" data-e-type=\"widget\" data-widget_type=\"heading.default\">\n\t\t\t\t<div class=\"elementor-widget-container\">\n\t\t\t\t\t<h1 class=\"elementor-heading-title elementor-size-default\">Parkett Renovierung<\/h1>\t\t\t\t<\/div>\n\t\t\t\t<\/div>\n\t\t<div class=\"elementor-element elementor-element-df80cb5 e-flex e-con-boxed e-con e-child\" data-id=\"df80cb5\" data-element_type=\"container\" data-e-type=\"container\">\n\t\t\t\t\t<div class=\"e-con-inner\">\n\t\t<div class=\"elementor-element elementor-element-d69fcfc e-con-full e-flex e-con e-child\" data-id=\"d69fcfc\" data-element_type=\"container\" data-e-type=\"container\">\n\t\t\t\t<div class=\"elementor-element elementor-element-6893ef1 elementor-widget elementor-widget-text-editor\" data-id=\"6893ef1\" data-element_type=\"widget\" data-e-type=\"widget\" data-widget_type=\"text-editor.default\">\n\t\t\t\t<div class=\"elementor-widget-container\">\n\t\t\t\t\t\t\t\t\t<p>Finden Sie Ihren Parkett matt, abgenutzt oder sind sogar gewisse Stellen lose. Denken Sie daran, ihn zu renovieren, schleifen, \u00f6len, waxen, b\u00fcrsten, f\u00e4rben versiegeln matt oder satiniert. Eine Vielfalt von M\u00f6glichkeiten k\u00f6nnen in Betracht gezogen werden. Ihr Parkett hat noch eine lange Lebenszeit.\u00a0<\/p>\t\t\t\t\t\t\t\t<\/div>\n\t\t\t\t<\/div>\n\t\t\t\t<div class=\"elementor-element elementor-element-0df84f6 elementor-widget elementor-widget-heading\" data-id=\"0df84f6\" data-element_type=\"widget\" data-e-type=\"widget\" data-widget_type=\"heading.default\">\n\t\t\t\t<div class=\"elementor-widget-container\">\n\t\t\t\t\t<h3 class=\"elementor-heading-title elementor-size-default\">Haben Sie Fragen zu unseren Dienstleistungen?<br>\nKontaktieren Sie uns f\u00fcr einen Termin:<\/h3>\t\t\t\t<\/div>\n\t\t\t\t<\/div>\n\t\t\t\t<div class=\"elementor-element elementor-element-8f7603d elementor-widget elementor-widget-button\" data-id=\"8f7603d\" data-element_type=\"widget\" data-e-type=\"widget\" data-widget_type=\"button.default\">\n\t\t\t\t<div class=\"elementor-widget-container\">\n\t\t\t\t\t\t\t\t\t<div class=\"elementor-button-wrapper\">\n\t\t\t\t\t<a class=\"elementor-button elementor-button-link elementor-size-sm\" href=\"https:\/\/www.hkm.ch\/de\/kontakt-formular\/\">\n\t\t\t\t\t\t<span class=\"elementor-button-content-wrapper\">\n\t\t\t\t\t\t<span class=\"elementor-button-icon\">\n\t\t\t\t<svg aria-hidden=\"true\" class=\"e-font-icon-svg e-far-envelope\" viewBox=\"0 0 512 512\" xmlns=\"http:\/\/www.w3.org\/2000\/svg\"><path d=\"M464 64H48C21.49 64 0 85.49 0 112v288c0 26.51 21.49 48 48 48h416c26.51 0 48-21.49 48-48V112c0-26.51-21.49-48-48-48zm0 48v40.805c-22.422 18.259-58.168 46.651-134.587 106.49-16.841 13.247-50.201 45.072-73.413 44.701-23.208.375-56.579-31.459-73.413-44.701C106.18 199.465 70.425 171.067 48 152.805V112h416zM48 400V214.398c22.914 18.251 55.409 43.862 104.938 82.646 21.857 17.205 60.134 55.186 103.062 54.955 42.717.231 80.509-37.199 103.053-54.947 49.528-38.783 82.032-64.401 104.947-82.653V400H48z\"><\/path><\/svg>\t\t\t<\/span>\n\t\t\t\t\t\t\t\t\t<span class=\"elementor-button-text\">  info@hkm.ch<\/span>\n\t\t\t\t\t<\/span>\n\t\t\t\t\t<\/a>\n\t\t\t\t<\/div>\n\t\t\t\t\t\t\t\t<\/div>\n\t\t\t\t<\/div>\n\t\t\t\t<\/div>\n\t\t<div class=\"elementor-element elementor-element-6ab399d e-con-full e-flex e-con e-child\" data-id=\"6ab399d\" data-element_type=\"container\" data-e-type=\"container\">\n\t\t\t\t<div class=\"elementor-element elementor-element-099221d elementor-widget elementor-widget-heading\" data-id=\"099221d\" data-element_type=\"widget\" data-e-type=\"widget\" data-widget_type=\"heading.default\">\n\t\t\t\t<div class=\"elementor-widget-container\">\n\t\t\t\t\t<h2 class=\"elementor-heading-title elementor-size-default\">VORTEILE<\/h2>\t\t\t\t<\/div>\n\t\t\t\t<\/div>\n\t\t\t\t<div class=\"elementor-element elementor-element-6cecf61 elementor-widget elementor-widget-text-editor\" data-id=\"6cecf61\" data-element_type=\"widget\" data-e-type=\"widget\" data-widget_type=\"text-editor.default\">\n\t\t\t\t<div class=\"elementor-widget-container\">\n\t\t\t\t\t\t\t\t\t<ul><li>\u00d6KOLOGISCH<\/li><li>\u00d6KONOMISCH<\/li><li>\u00c4STHETISCH<\/li><li>BEST\u00c4NDIG<\/li><li>ERNEUERBAR<\/li><li>PERSONALISIERBAR\u00a0<\/li><\/ul>\t\t\t\t\t\t\t\t<\/div>\n\t\t\t\t<\/div>\n\t\t\t\t<\/div>\n\t\t<div class=\"elementor-element elementor-element-8a0995d e-con-full e-flex e-con e-child\" data-id=\"8a0995d\" data-element_type=\"container\" data-e-type=\"container\" data-settings=\"{&quot;background_background&quot;:&quot;classic&quot;}\">\n\t\t\t\t<div class=\"elementor-element elementor-element-404c894 elementor-widget elementor-widget-image\" data-id=\"404c894\" data-element_type=\"widget\" data-e-type=\"widget\" data-widget_type=\"image.default\">\n\t\t\t\t<div class=\"elementor-widget-container\">\n\t\t\t\t\t\t\t\t\t\t\t\t\t\t\t<img fetchpriority=\"high\" decoding=\"async\" width=\"350\" height=\"193\" src=\"https:\/\/www.hkm.ch\/wp-content\/uploads\/2023\/12\/parquet-f4abdd1f.png\" class=\"attachment-full size-full wp-image-2579\" alt=\"\" srcset=\"https:\/\/www.hkm.ch\/wp-content\/uploads\/2023\/12\/parquet-f4abdd1f.png 350w, https:\/\/www.hkm.ch\/wp-content\/uploads\/2023\/12\/parquet-f4abdd1f-300x165.png 300w\" sizes=\"(max-width: 350px) 100vw, 350px\" \/>\t\t\t\t\t\t\t\t\t\t\t\t\t\t\t<\/div>\n\t\t\t\t<\/div>\n\t\t\t\t<\/div>\n\t\t\t\t\t<\/div>\n\t\t\t\t<\/div>\n\t\t\t\t\t<\/div>\n\t\t\t\t<\/div>\n\t\t\t\t<\/div>\n\t\t","protected":false},"excerpt":{"rendered":"<p>Parkett Renovierung Finden Sie Ihren Parkett matt, abgenutzt oder sind sogar gewisse Stellen lose. Denken Sie daran, ihn zu renovieren, schleifen, \u00f6len, waxen, b\u00fcrsten, f\u00e4rben versiegeln matt oder satiniert. Eine Vielfalt von M\u00f6glichkeiten k\u00f6nnen in Betracht gezogen werden. Ihr Parkett hat noch eine lange Lebenszeit.\u00a0 Haben Sie Fragen zu unseren Dienstleistungen? Kontaktieren Sie uns f\u00fcr [&hellip;]<\/p>\n","protected":false},"author":1,"featured_media":0,"parent":2828,"menu_order":8,"comment_status":"closed","ping_status":"closed","template":"elementor_header_footer","meta":{"footnotes":""},"class_list":["post-2729","page","type-page","status-publish","hentry"],"yoast_head":"<!-- This site is optimized with the Yoast SEO plugin v27.4 - https:\/\/yoast.com\/product\/yoast-seo-wordpress\/ -->\n<title>Parkett Renovierung \u2013 HKM SA<\/title>\n<meta name=\"description\" content=\"Finden Sie Ihren Parkett matt, abgenutzt oder sind sogar gewisse Stellen lose. Denken Sie daran, ihn zu renovieren, schleifen, \u00f6len, waxen, b\u00fcrsten, f\u00e4rben versiegeln matt oder satiniert. Eine Vielfalt von M\u00f6glichkeiten k\u00f6nnen in Betracht gezogen werden. Ihr Parkett hat noch eine lange Lebenszeit.\" \/>\n<meta name=\"robots\" content=\"index, follow, max-snippet:-1, max-image-preview:large, max-video-preview:-1\" \/>\n<link rel=\"canonical\" href=\"https:\/\/www.hkm.ch\/de\/unser-angebot\/parkett-renovierung\/\" \/>\n<meta property=\"og:locale\" content=\"de_DE\" \/>\n<meta property=\"og:type\" content=\"article\" \/>\n<meta property=\"og:title\" content=\"Parkett Renovierung \u2013 HKM SA\" \/>\n<meta property=\"og:description\" content=\"Finden Sie Ihren Parkett matt, abgenutzt oder sind sogar gewisse Stellen lose. Denken Sie daran, ihn zu renovieren, schleifen, \u00f6len, waxen, b\u00fcrsten, f\u00e4rben versiegeln matt oder satiniert. Eine Vielfalt von M\u00f6glichkeiten k\u00f6nnen in Betracht gezogen werden. Ihr Parkett hat noch eine lange Lebenszeit.\" \/>\n<meta property=\"og:url\" content=\"https:\/\/www.hkm.ch\/de\/unser-angebot\/parkett-renovierung\/\" \/>\n<meta property=\"og:site_name\" content=\"HKM SA\" \/>\n<meta property=\"article:modified_time\" content=\"2024-03-15T12:37:19+00:00\" \/>\n<meta property=\"og:image\" content=\"https:\/\/www.hkm.ch\/wp-content\/uploads\/2023\/12\/parquet-f4abdd1f.png\" \/>\n<meta name=\"twitter:card\" content=\"summary_large_image\" \/>\n<meta name=\"twitter:label1\" content=\"Gesch\u00e4tzte Lesezeit\" \/>\n\t<meta name=\"twitter:data1\" content=\"1\u00a0Minute\" \/>\n<script type=\"application\/ld+json\" class=\"yoast-schema-graph\">{\"@context\":\"https:\\\/\\\/schema.org\",\"@graph\":[{\"@type\":\"WebPage\",\"@id\":\"https:\\\/\\\/www.hkm.ch\\\/de\\\/unser-angebot\\\/parkett-renovierung\\\/\",\"url\":\"https:\\\/\\\/www.hkm.ch\\\/de\\\/unser-angebot\\\/parkett-renovierung\\\/\",\"name\":\"Parkett Renovierung \u2013 HKM SA\",\"isPartOf\":{\"@id\":\"https:\\\/\\\/www.hkm.ch\\\/de\\\/#website\"},\"primaryImageOfPage\":{\"@id\":\"https:\\\/\\\/www.hkm.ch\\\/de\\\/unser-angebot\\\/parkett-renovierung\\\/#primaryimage\"},\"image\":{\"@id\":\"https:\\\/\\\/www.hkm.ch\\\/de\\\/unser-angebot\\\/parkett-renovierung\\\/#primaryimage\"},\"thumbnailUrl\":\"https:\\\/\\\/www.hkm.ch\\\/wp-content\\\/uploads\\\/2023\\\/12\\\/parquet-f4abdd1f.png\",\"datePublished\":\"2023-12-11T15:54:39+00:00\",\"dateModified\":\"2024-03-15T12:37:19+00:00\",\"description\":\"Finden Sie Ihren Parkett matt, abgenutzt oder sind sogar gewisse Stellen lose. Denken Sie daran, ihn zu renovieren, schleifen, \u00f6len, waxen, b\u00fcrsten, f\u00e4rben versiegeln matt oder satiniert. Eine Vielfalt von M\u00f6glichkeiten k\u00f6nnen in Betracht gezogen werden. Ihr Parkett hat noch eine lange Lebenszeit.\",\"breadcrumb\":{\"@id\":\"https:\\\/\\\/www.hkm.ch\\\/de\\\/unser-angebot\\\/parkett-renovierung\\\/#breadcrumb\"},\"inLanguage\":\"de\",\"potentialAction\":[{\"@type\":\"ReadAction\",\"target\":[\"https:\\\/\\\/www.hkm.ch\\\/de\\\/unser-angebot\\\/parkett-renovierung\\\/\"]}]},{\"@type\":\"ImageObject\",\"inLanguage\":\"de\",\"@id\":\"https:\\\/\\\/www.hkm.ch\\\/de\\\/unser-angebot\\\/parkett-renovierung\\\/#primaryimage\",\"url\":\"https:\\\/\\\/www.hkm.ch\\\/wp-content\\\/uploads\\\/2023\\\/12\\\/parquet-f4abdd1f.png\",\"contentUrl\":\"https:\\\/\\\/www.hkm.ch\\\/wp-content\\\/uploads\\\/2023\\\/12\\\/parquet-f4abdd1f.png\"},{\"@type\":\"BreadcrumbList\",\"@id\":\"https:\\\/\\\/www.hkm.ch\\\/de\\\/unser-angebot\\\/parkett-renovierung\\\/#breadcrumb\",\"itemListElement\":[{\"@type\":\"ListItem\",\"position\":1,\"name\":\"Accueil\",\"item\":\"https:\\\/\\\/www.hkm.ch\\\/de\\\/\"},{\"@type\":\"ListItem\",\"position\":2,\"name\":\"Unser angebot\",\"item\":\"https:\\\/\\\/www.hkm.ch\\\/de\\\/unser-angebot\\\/\"},{\"@type\":\"ListItem\",\"position\":3,\"name\":\"Parkett Renovierung\"}]},{\"@type\":\"WebSite\",\"@id\":\"https:\\\/\\\/www.hkm.ch\\\/de\\\/#website\",\"url\":\"https:\\\/\\\/www.hkm.ch\\\/de\\\/\",\"name\":\"HKM SA\",\"description\":\"\",\"publisher\":{\"@id\":\"https:\\\/\\\/www.hkm.ch\\\/de\\\/#organization\"},\"potentialAction\":[{\"@type\":\"SearchAction\",\"target\":{\"@type\":\"EntryPoint\",\"urlTemplate\":\"https:\\\/\\\/www.hkm.ch\\\/de\\\/?s={search_term_string}\"},\"query-input\":{\"@type\":\"PropertyValueSpecification\",\"valueRequired\":true,\"valueName\":\"search_term_string\"}}],\"inLanguage\":\"de\"},{\"@type\":\"Organization\",\"@id\":\"https:\\\/\\\/www.hkm.ch\\\/de\\\/#organization\",\"name\":\"HKM SA\",\"url\":\"https:\\\/\\\/www.hkm.ch\\\/de\\\/\",\"logo\":{\"@type\":\"ImageObject\",\"inLanguage\":\"de\",\"@id\":\"https:\\\/\\\/www.hkm.ch\\\/de\\\/#\\\/schema\\\/logo\\\/image\\\/\",\"url\":\"https:\\\/\\\/www.hkm.ch\\\/wp-content\\\/uploads\\\/2023\\\/11\\\/logo-hkm-sa.webp\",\"contentUrl\":\"https:\\\/\\\/www.hkm.ch\\\/wp-content\\\/uploads\\\/2023\\\/11\\\/logo-hkm-sa.webp\",\"width\":250,\"height\":59,\"caption\":\"HKM SA\"},\"image\":{\"@id\":\"https:\\\/\\\/www.hkm.ch\\\/de\\\/#\\\/schema\\\/logo\\\/image\\\/\"}}]}<\/script>\n<!-- \/ Yoast SEO plugin. -->","yoast_head_json":{"title":"Parkett Renovierung \u2013 HKM SA","description":"Finden Sie Ihren Parkett matt, abgenutzt oder sind sogar gewisse Stellen lose. Denken Sie daran, ihn zu renovieren, schleifen, \u00f6len, waxen, b\u00fcrsten, f\u00e4rben versiegeln matt oder satiniert. Eine Vielfalt von M\u00f6glichkeiten k\u00f6nnen in Betracht gezogen werden. Ihr Parkett hat noch eine lange Lebenszeit.","robots":{"index":"index","follow":"follow","max-snippet":"max-snippet:-1","max-image-preview":"max-image-preview:large","max-video-preview":"max-video-preview:-1"},"canonical":"https:\/\/www.hkm.ch\/de\/unser-angebot\/parkett-renovierung\/","og_locale":"de_DE","og_type":"article","og_title":"Parkett Renovierung \u2013 HKM SA","og_description":"Finden Sie Ihren Parkett matt, abgenutzt oder sind sogar gewisse Stellen lose. Denken Sie daran, ihn zu renovieren, schleifen, \u00f6len, waxen, b\u00fcrsten, f\u00e4rben versiegeln matt oder satiniert. Eine Vielfalt von M\u00f6glichkeiten k\u00f6nnen in Betracht gezogen werden. Ihr Parkett hat noch eine lange Lebenszeit.","og_url":"https:\/\/www.hkm.ch\/de\/unser-angebot\/parkett-renovierung\/","og_site_name":"HKM SA","article_modified_time":"2024-03-15T12:37:19+00:00","og_image":[{"url":"https:\/\/www.hkm.ch\/wp-content\/uploads\/2023\/12\/parquet-f4abdd1f.png","type":"","width":"","height":""}],"twitter_card":"summary_large_image","twitter_misc":{"Gesch\u00e4tzte Lesezeit":"1\u00a0Minute"},"schema":{"@context":"https:\/\/schema.org","@graph":[{"@type":"WebPage","@id":"https:\/\/www.hkm.ch\/de\/unser-angebot\/parkett-renovierung\/","url":"https:\/\/www.hkm.ch\/de\/unser-angebot\/parkett-renovierung\/","name":"Parkett Renovierung \u2013 HKM SA","isPartOf":{"@id":"https:\/\/www.hkm.ch\/de\/#website"},"primaryImageOfPage":{"@id":"https:\/\/www.hkm.ch\/de\/unser-angebot\/parkett-renovierung\/#primaryimage"},"image":{"@id":"https:\/\/www.hkm.ch\/de\/unser-angebot\/parkett-renovierung\/#primaryimage"},"thumbnailUrl":"https:\/\/www.hkm.ch\/wp-content\/uploads\/2023\/12\/parquet-f4abdd1f.png","datePublished":"2023-12-11T15:54:39+00:00","dateModified":"2024-03-15T12:37:19+00:00","description":"Finden Sie Ihren Parkett matt, abgenutzt oder sind sogar gewisse Stellen lose. Denken Sie daran, ihn zu renovieren, schleifen, \u00f6len, waxen, b\u00fcrsten, f\u00e4rben versiegeln matt oder satiniert. Eine Vielfalt von M\u00f6glichkeiten k\u00f6nnen in Betracht gezogen werden. Ihr Parkett hat noch eine lange Lebenszeit.","breadcrumb":{"@id":"https:\/\/www.hkm.ch\/de\/unser-angebot\/parkett-renovierung\/#breadcrumb"},"inLanguage":"de","potentialAction":[{"@type":"ReadAction","target":["https:\/\/www.hkm.ch\/de\/unser-angebot\/parkett-renovierung\/"]}]},{"@type":"ImageObject","inLanguage":"de","@id":"https:\/\/www.hkm.ch\/de\/unser-angebot\/parkett-renovierung\/#primaryimage","url":"https:\/\/www.hkm.ch\/wp-content\/uploads\/2023\/12\/parquet-f4abdd1f.png","contentUrl":"https:\/\/www.hkm.ch\/wp-content\/uploads\/2023\/12\/parquet-f4abdd1f.png"},{"@type":"BreadcrumbList","@id":"https:\/\/www.hkm.ch\/de\/unser-angebot\/parkett-renovierung\/#breadcrumb","itemListElement":[{"@type":"ListItem","position":1,"name":"Accueil","item":"https:\/\/www.hkm.ch\/de\/"},{"@type":"ListItem","position":2,"name":"Unser angebot","item":"https:\/\/www.hkm.ch\/de\/unser-angebot\/"},{"@type":"ListItem","position":3,"name":"Parkett Renovierung"}]},{"@type":"WebSite","@id":"https:\/\/www.hkm.ch\/de\/#website","url":"https:\/\/www.hkm.ch\/de\/","name":"HKM SA","description":"","publisher":{"@id":"https:\/\/www.hkm.ch\/de\/#organization"},"potentialAction":[{"@type":"SearchAction","target":{"@type":"EntryPoint","urlTemplate":"https:\/\/www.hkm.ch\/de\/?s={search_term_string}"},"query-input":{"@type":"PropertyValueSpecification","valueRequired":true,"valueName":"search_term_string"}}],"inLanguage":"de"},{"@type":"Organization","@id":"https:\/\/www.hkm.ch\/de\/#organization","name":"HKM SA","url":"https:\/\/www.hkm.ch\/de\/","logo":{"@type":"ImageObject","inLanguage":"de","@id":"https:\/\/www.hkm.ch\/de\/#\/schema\/logo\/image\/","url":"https:\/\/www.hkm.ch\/wp-content\/uploads\/2023\/11\/logo-hkm-sa.webp","contentUrl":"https:\/\/www.hkm.ch\/wp-content\/uploads\/2023\/11\/logo-hkm-sa.webp","width":250,"height":59,"caption":"HKM SA"},"image":{"@id":"https:\/\/www.hkm.ch\/de\/#\/schema\/logo\/image\/"}}]}},"_links":{"self":[{"href":"https:\/\/www.hkm.ch\/de\/wp-json\/wp\/v2\/pages\/2729","targetHints":{"allow":["GET"]}}],"collection":[{"href":"https:\/\/www.hkm.ch\/de\/wp-json\/wp\/v2\/pages"}],"about":[{"href":"https:\/\/www.hkm.ch\/de\/wp-json\/wp\/v2\/types\/page"}],"author":[{"embeddable":true,"href":"https:\/\/www.hkm.ch\/de\/wp-json\/wp\/v2\/users\/1"}],"replies":[{"embeddable":true,"href":"https:\/\/www.hkm.ch\/de\/wp-json\/wp\/v2\/comments?post=2729"}],"version-history":[{"count":10,"href":"https:\/\/www.hkm.ch\/de\/wp-json\/wp\/v2\/pages\/2729\/revisions"}],"predecessor-version":[{"id":2933,"href":"https:\/\/www.hkm.ch\/de\/wp-json\/wp\/v2\/pages\/2729\/revisions\/2933"}],"up":[{"embeddable":true,"href":"https:\/\/www.hkm.ch\/de\/wp-json\/wp\/v2\/pages\/2828"}],"wp:attachment":[{"href":"https:\/\/www.hkm.ch\/de\/wp-json\/wp\/v2\/media?parent=2729"}],"curies":[{"name":"wp","href":"https:\/\/api.w.org\/{rel}","templated":true}]}}