{"id":2716,"date":"2023-12-11T15:57:46","date_gmt":"2023-12-11T14:57:46","guid":{"rendered":"https:\/\/www.hkm.ch\/le-liege\/"},"modified":"2024-03-15T13:45:20","modified_gmt":"2024-03-15T12:45:20","slug":"kork-eine-wohltat-fuer-ruecken-und-beine","status":"publish","type":"page","link":"https:\/\/www.hkm.ch\/de\/unser-angebot\/bodenbelaege\/kork-eine-wohltat-fuer-ruecken-und-beine\/","title":{"rendered":"Kork"},"content":{"rendered":"\t\t<div data-elementor-type=\"wp-page\" data-elementor-id=\"2716\" class=\"elementor elementor-2716 elementor-647\" data-elementor-post-type=\"page\">\n\t\t\t\t<div class=\"elementor-element elementor-element-e168ede e-flex e-con-boxed e-con e-parent\" data-id=\"e168ede\" data-element_type=\"container\" data-e-type=\"container\" data-settings=\"{&quot;background_background&quot;:&quot;classic&quot;}\">\n\t\t\t\t\t<div class=\"e-con-inner\">\n\t\t\t\t\t<\/div>\n\t\t\t\t<\/div>\n\t\t<div class=\"elementor-element elementor-element-8e7772e e-flex e-con-boxed e-con e-parent\" data-id=\"8e7772e\" data-element_type=\"container\" data-e-type=\"container\">\n\t\t\t\t\t<div class=\"e-con-inner\">\n\t\t\t\t<div class=\"elementor-element elementor-element-76f243e elementor-widget elementor-widget-heading\" data-id=\"76f243e\" data-element_type=\"widget\" data-e-type=\"widget\" data-widget_type=\"heading.default\">\n\t\t\t\t<div class=\"elementor-widget-container\">\n\t\t\t\t\t<h1 class=\"elementor-heading-title elementor-size-default\">Kork<\/h1>\t\t\t\t<\/div>\n\t\t\t\t<\/div>\n\t\t\t\t<div class=\"elementor-element elementor-element-fe31e43 elementor-widget elementor-widget-heading\" data-id=\"fe31e43\" data-element_type=\"widget\" data-e-type=\"widget\" data-widget_type=\"heading.default\">\n\t\t\t\t<div class=\"elementor-widget-container\">\n\t\t\t\t\t<h2 class=\"elementor-heading-title elementor-size-default\">Eine Wohltat f\u00fcr R\u00fccken und Beine<\/h2>\t\t\t\t<\/div>\n\t\t\t\t<\/div>\n\t\t<div class=\"elementor-element elementor-element-feb3320 e-flex e-con-boxed e-con e-child\" data-id=\"feb3320\" data-element_type=\"container\" data-e-type=\"container\">\n\t\t\t\t\t<div class=\"e-con-inner\">\n\t\t<div class=\"elementor-element elementor-element-b8ec406 e-con-full e-flex e-con e-child\" data-id=\"b8ec406\" data-element_type=\"container\" data-e-type=\"container\">\n\t\t\t\t<div class=\"elementor-element elementor-element-0227c88 elementor-widget elementor-widget-text-editor\" data-id=\"0227c88\" data-element_type=\"widget\" data-e-type=\"widget\" data-widget_type=\"text-editor.default\">\n\t\t\t\t<div class=\"elementor-widget-container\">\n\t\t\t\t\t\t\t\t\t<p>Das elastische Material wird aus der Rinde der Korkeiche gezogen ohne den Baum zu besch\u00e4digen. Diese B\u00e4ume findet man in der orientalischen M\u00e9diterran\u00e9e. Kork ist ein nat\u00fcrliches Produkt, welches jedes Zimmer in einen bequemen und \u00f6kologischen Ort verwandelt. Dank seiner weichen und elastischen Struktur ist Kork ideal f\u00fcr Personen die an Artikulationsproblemen leiden.\u00a0<\/p>\t\t\t\t\t\t\t\t<\/div>\n\t\t\t\t<\/div>\n\t\t\t\t<div class=\"elementor-element elementor-element-5235a3d elementor-widget elementor-widget-heading\" data-id=\"5235a3d\" data-element_type=\"widget\" data-e-type=\"widget\" data-widget_type=\"heading.default\">\n\t\t\t\t<div class=\"elementor-widget-container\">\n\t\t\t\t\t<h3 class=\"elementor-heading-title elementor-size-default\">Haben Sie Fragen zu unseren Dienstleistungen?<br>\nKontaktieren Sie uns f\u00fcr einen Termin:<\/h3>\t\t\t\t<\/div>\n\t\t\t\t<\/div>\n\t\t\t\t<div class=\"elementor-element elementor-element-87cfc9a elementor-widget elementor-widget-button\" data-id=\"87cfc9a\" data-element_type=\"widget\" data-e-type=\"widget\" data-widget_type=\"button.default\">\n\t\t\t\t<div class=\"elementor-widget-container\">\n\t\t\t\t\t\t\t\t\t<div class=\"elementor-button-wrapper\">\n\t\t\t\t\t<a class=\"elementor-button elementor-button-link elementor-size-sm\" href=\"https:\/\/www.hkm.ch\/de\/kontakt-formular\/\">\n\t\t\t\t\t\t<span class=\"elementor-button-content-wrapper\">\n\t\t\t\t\t\t<span class=\"elementor-button-icon\">\n\t\t\t\t<svg aria-hidden=\"true\" class=\"e-font-icon-svg e-far-envelope\" viewBox=\"0 0 512 512\" xmlns=\"http:\/\/www.w3.org\/2000\/svg\"><path d=\"M464 64H48C21.49 64 0 85.49 0 112v288c0 26.51 21.49 48 48 48h416c26.51 0 48-21.49 48-48V112c0-26.51-21.49-48-48-48zm0 48v40.805c-22.422 18.259-58.168 46.651-134.587 106.49-16.841 13.247-50.201 45.072-73.413 44.701-23.208.375-56.579-31.459-73.413-44.701C106.18 199.465 70.425 171.067 48 152.805V112h416zM48 400V214.398c22.914 18.251 55.409 43.862 104.938 82.646 21.857 17.205 60.134 55.186 103.062 54.955 42.717.231 80.509-37.199 103.053-54.947 49.528-38.783 82.032-64.401 104.947-82.653V400H48z\"><\/path><\/svg>\t\t\t<\/span>\n\t\t\t\t\t\t\t\t\t<span class=\"elementor-button-text\">  info@hkm.ch<\/span>\n\t\t\t\t\t<\/span>\n\t\t\t\t\t<\/a>\n\t\t\t\t<\/div>\n\t\t\t\t\t\t\t\t<\/div>\n\t\t\t\t<\/div>\n\t\t\t\t<\/div>\n\t\t<div class=\"elementor-element elementor-element-13c7ed8 e-con-full e-flex e-con e-child\" data-id=\"13c7ed8\" data-element_type=\"container\" data-e-type=\"container\">\n\t\t\t\t<div class=\"elementor-element elementor-element-df62bc9 elementor-widget elementor-widget-heading\" data-id=\"df62bc9\" data-element_type=\"widget\" data-e-type=\"widget\" data-widget_type=\"heading.default\">\n\t\t\t\t<div class=\"elementor-widget-container\">\n\t\t\t\t\t<h2 class=\"elementor-heading-title elementor-size-default\">VORTEILE<\/h2>\t\t\t\t<\/div>\n\t\t\t\t<\/div>\n\t\t\t\t<div class=\"elementor-element elementor-element-8a1d008 elementor-widget elementor-widget-text-editor\" data-id=\"8a1d008\" data-element_type=\"widget\" data-e-type=\"widget\" data-widget_type=\"text-editor.default\">\n\t\t\t\t<div class=\"elementor-widget-container\">\n\t\t\t\t\t\t\t\t\t<ul><li>STRAPAZIERF\u00c4HIG<\/li><li>W\u00c4RME- UND PHONISCH ISOLIEREND<\/li><li>ANTISTATISCH<\/li><li>PFLEGELEICHT<\/li><li>\u00d6KOLOGISCH<\/li><li>ELASTISCH\u00a0<\/li><\/ul>\t\t\t\t\t\t\t\t<\/div>\n\t\t\t\t<\/div>\n\t\t\t\t<\/div>\n\t\t<div class=\"elementor-element elementor-element-6042326 e-con-full e-flex e-con e-child\" data-id=\"6042326\" data-element_type=\"container\" data-e-type=\"container\" data-settings=\"{&quot;background_background&quot;:&quot;classic&quot;}\">\n\t\t\t\t<div class=\"elementor-element elementor-element-bcab66a elementor-widget elementor-widget-image\" data-id=\"bcab66a\" data-element_type=\"widget\" data-e-type=\"widget\" data-widget_type=\"image.default\">\n\t\t\t\t<div class=\"elementor-widget-container\">\n\t\t\t\t\t\t\t\t\t\t\t\t\t\t\t<img fetchpriority=\"high\" decoding=\"async\" width=\"350\" height=\"218\" src=\"https:\/\/www.hkm.ch\/wp-content\/uploads\/2023\/12\/stratifie-617f310b.png\" class=\"attachment-full size-full wp-image-2588\" alt=\"\" srcset=\"https:\/\/www.hkm.ch\/wp-content\/uploads\/2023\/12\/stratifie-617f310b.png 350w, https:\/\/www.hkm.ch\/wp-content\/uploads\/2023\/12\/stratifie-617f310b-300x187.png 300w\" sizes=\"(max-width: 350px) 100vw, 350px\" \/>\t\t\t\t\t\t\t\t\t\t\t\t\t\t\t<\/div>\n\t\t\t\t<\/div>\n\t\t\t\t<\/div>\n\t\t\t\t\t<\/div>\n\t\t\t\t<\/div>\n\t\t\t\t\t<\/div>\n\t\t\t\t<\/div>\n\t\t<div class=\"elementor-element elementor-element-3c169f3 e-flex e-con-boxed e-con e-parent\" data-id=\"3c169f3\" data-element_type=\"container\" data-e-type=\"container\">\n\t\t\t\t\t<div class=\"e-con-inner\">\n\t\t\t\t<div class=\"elementor-element elementor-element-60389f3 elementor-widget elementor-widget-heading\" data-id=\"60389f3\" data-element_type=\"widget\" data-e-type=\"widget\" data-widget_type=\"heading.default\">\n\t\t\t\t<div class=\"elementor-widget-container\">\n\t\t\t\t\t<h2 class=\"elementor-heading-title elementor-size-default\">Diese Artikel k\u00f6nnten Sie interessieren\n<\/h2>\t\t\t\t<\/div>\n\t\t\t\t<\/div>\n\t\t<div class=\"elementor-element elementor-element-c4e8353 e-flex e-con-boxed e-con e-child\" data-id=\"c4e8353\" data-element_type=\"container\" data-e-type=\"container\">\n\t\t\t\t\t<div class=\"e-con-inner\">\n\t\t\t\t<div class=\"elementor-element elementor-element-a8e0c01 elementor-grid-3 elementor-grid-tablet-2 elementor-grid-mobile-1 elementor-widget elementor-widget-loop-grid\" data-id=\"a8e0c01\" data-element_type=\"widget\" data-e-type=\"widget\" data-settings=\"{&quot;template_id&quot;:3315,&quot;columns&quot;:3,&quot;_skin&quot;:&quot;post&quot;,&quot;columns_tablet&quot;:&quot;2&quot;,&quot;columns_mobile&quot;:&quot;1&quot;,&quot;edit_handle_selector&quot;:&quot;[data-elementor-type=\\&quot;loop-item\\&quot;]&quot;,&quot;row_gap&quot;:{&quot;unit&quot;:&quot;px&quot;,&quot;size&quot;:&quot;&quot;,&quot;sizes&quot;:[]},&quot;row_gap_tablet&quot;:{&quot;unit&quot;:&quot;px&quot;,&quot;size&quot;:&quot;&quot;,&quot;sizes&quot;:[]},&quot;row_gap_mobile&quot;:{&quot;unit&quot;:&quot;px&quot;,&quot;size&quot;:&quot;&quot;,&quot;sizes&quot;:[]}}\" data-widget_type=\"loop-grid.post\">\n\t\t\t\t<div class=\"elementor-widget-container\">\n\t\t\t\t\t\t\t<div class=\"e-loop-nothing-found-message\">\n\t\t<\/div>\n\t\t\t\t\t\t<\/div>\n\t\t\t\t<\/div>\n\t\t\t\t\t<\/div>\n\t\t\t\t<\/div>\n\t\t\t\t\t<\/div>\n\t\t\t\t<\/div>\n\t\t\t\t<\/div>\n\t\t","protected":false},"excerpt":{"rendered":"<p>Kork Eine Wohltat f\u00fcr R\u00fccken und Beine Das elastische Material wird aus der Rinde der Korkeiche gezogen ohne den Baum zu besch\u00e4digen. Diese B\u00e4ume findet man in der orientalischen M\u00e9diterran\u00e9e. Kork ist ein nat\u00fcrliches Produkt, welches jedes Zimmer in einen bequemen und \u00f6kologischen Ort verwandelt. Dank seiner weichen und elastischen Struktur ist Kork ideal f\u00fcr [&hellip;]<\/p>\n","protected":false},"author":1,"featured_media":0,"parent":2830,"menu_order":2,"comment_status":"closed","ping_status":"closed","template":"elementor_header_footer","meta":{"footnotes":""},"class_list":["post-2716","page","type-page","status-publish","hentry"],"yoast_head":"<!-- This site is optimized with the Yoast SEO plugin v27.4 - https:\/\/yoast.com\/product\/yoast-seo-wordpress\/ -->\n<title>Kork, eine Wohltat f\u00fcr R\u00fccken und Beine \u2013 HKM SA - Freiburg - Waadt - Genf - Neuenburg<\/title>\n<meta name=\"description\" content=\"Entdecken Sie Naturkork mit HKM SA. Korkbb\u00f6den sind perfekt, um Widerstand zu leisten und zu isolieren. Wir sind auf die Beratung und Verlegung spezialisiert.\" \/>\n<meta name=\"robots\" content=\"index, follow, max-snippet:-1, max-image-preview:large, max-video-preview:-1\" \/>\n<link rel=\"canonical\" href=\"https:\/\/www.hkm.ch\/de\/unser-angebot\/bodenbelaege\/kork-eine-wohltat-fuer-ruecken-und-beine\/\" \/>\n<meta property=\"og:locale\" content=\"de_DE\" \/>\n<meta property=\"og:type\" content=\"article\" \/>\n<meta property=\"og:title\" content=\"Kork, eine Wohltat f\u00fcr R\u00fccken und Beine \u2013 HKM SA - Freiburg - Waadt - Genf - Neuenburg\" \/>\n<meta property=\"og:description\" content=\"Entdecken Sie Naturkork mit HKM SA. Korkbb\u00f6den sind perfekt, um Widerstand zu leisten und zu isolieren. Wir sind auf die Beratung und Verlegung spezialisiert.\" \/>\n<meta property=\"og:url\" content=\"https:\/\/www.hkm.ch\/de\/unser-angebot\/bodenbelaege\/kork-eine-wohltat-fuer-ruecken-und-beine\/\" \/>\n<meta property=\"og:site_name\" content=\"HKM SA\" \/>\n<meta property=\"article:modified_time\" content=\"2024-03-15T12:45:20+00:00\" \/>\n<meta property=\"og:image\" content=\"https:\/\/www.hkm.ch\/wp-content\/uploads\/2023\/12\/stratifie-617f310b.png\" \/>\n<meta name=\"twitter:card\" content=\"summary_large_image\" \/>\n<meta name=\"twitter:label1\" content=\"Gesch\u00e4tzte Lesezeit\" \/>\n\t<meta name=\"twitter:data1\" content=\"1\u00a0Minute\" \/>\n<script type=\"application\/ld+json\" class=\"yoast-schema-graph\">{\"@context\":\"https:\\\/\\\/schema.org\",\"@graph\":[{\"@type\":\"WebPage\",\"@id\":\"https:\\\/\\\/www.hkm.ch\\\/de\\\/unser-angebot\\\/bodenbelaege\\\/kork-eine-wohltat-fuer-ruecken-und-beine\\\/\",\"url\":\"https:\\\/\\\/www.hkm.ch\\\/de\\\/unser-angebot\\\/bodenbelaege\\\/kork-eine-wohltat-fuer-ruecken-und-beine\\\/\",\"name\":\"Kork, eine Wohltat f\u00fcr R\u00fccken und Beine \u2013 HKM SA - Freiburg - Waadt - Genf - Neuenburg\",\"isPartOf\":{\"@id\":\"https:\\\/\\\/www.hkm.ch\\\/de\\\/#website\"},\"primaryImageOfPage\":{\"@id\":\"https:\\\/\\\/www.hkm.ch\\\/de\\\/unser-angebot\\\/bodenbelaege\\\/kork-eine-wohltat-fuer-ruecken-und-beine\\\/#primaryimage\"},\"image\":{\"@id\":\"https:\\\/\\\/www.hkm.ch\\\/de\\\/unser-angebot\\\/bodenbelaege\\\/kork-eine-wohltat-fuer-ruecken-und-beine\\\/#primaryimage\"},\"thumbnailUrl\":\"https:\\\/\\\/www.hkm.ch\\\/wp-content\\\/uploads\\\/2023\\\/12\\\/stratifie-617f310b.png\",\"datePublished\":\"2023-12-11T14:57:46+00:00\",\"dateModified\":\"2024-03-15T12:45:20+00:00\",\"description\":\"Entdecken Sie Naturkork mit HKM SA. Korkbb\u00f6den sind perfekt, um Widerstand zu leisten und zu isolieren. Wir sind auf die Beratung und Verlegung spezialisiert.\",\"breadcrumb\":{\"@id\":\"https:\\\/\\\/www.hkm.ch\\\/de\\\/unser-angebot\\\/bodenbelaege\\\/kork-eine-wohltat-fuer-ruecken-und-beine\\\/#breadcrumb\"},\"inLanguage\":\"de\",\"potentialAction\":[{\"@type\":\"ReadAction\",\"target\":[\"https:\\\/\\\/www.hkm.ch\\\/de\\\/unser-angebot\\\/bodenbelaege\\\/kork-eine-wohltat-fuer-ruecken-und-beine\\\/\"]}]},{\"@type\":\"ImageObject\",\"inLanguage\":\"de\",\"@id\":\"https:\\\/\\\/www.hkm.ch\\\/de\\\/unser-angebot\\\/bodenbelaege\\\/kork-eine-wohltat-fuer-ruecken-und-beine\\\/#primaryimage\",\"url\":\"https:\\\/\\\/www.hkm.ch\\\/wp-content\\\/uploads\\\/2023\\\/12\\\/stratifie-617f310b.png\",\"contentUrl\":\"https:\\\/\\\/www.hkm.ch\\\/wp-content\\\/uploads\\\/2023\\\/12\\\/stratifie-617f310b.png\"},{\"@type\":\"BreadcrumbList\",\"@id\":\"https:\\\/\\\/www.hkm.ch\\\/de\\\/unser-angebot\\\/bodenbelaege\\\/kork-eine-wohltat-fuer-ruecken-und-beine\\\/#breadcrumb\",\"itemListElement\":[{\"@type\":\"ListItem\",\"position\":1,\"name\":\"Accueil\",\"item\":\"https:\\\/\\\/www.hkm.ch\\\/de\\\/\"},{\"@type\":\"ListItem\",\"position\":2,\"name\":\"Unser angebot\",\"item\":\"https:\\\/\\\/www.hkm.ch\\\/de\\\/unser-angebot\\\/\"},{\"@type\":\"ListItem\",\"position\":3,\"name\":\"Bodenbelaege\",\"item\":\"https:\\\/\\\/www.hkm.ch\\\/de\\\/unser-angebot\\\/bodenbelaege\\\/\"},{\"@type\":\"ListItem\",\"position\":4,\"name\":\"Kork\"}]},{\"@type\":\"WebSite\",\"@id\":\"https:\\\/\\\/www.hkm.ch\\\/de\\\/#website\",\"url\":\"https:\\\/\\\/www.hkm.ch\\\/de\\\/\",\"name\":\"HKM SA\",\"description\":\"\",\"publisher\":{\"@id\":\"https:\\\/\\\/www.hkm.ch\\\/de\\\/#organization\"},\"potentialAction\":[{\"@type\":\"SearchAction\",\"target\":{\"@type\":\"EntryPoint\",\"urlTemplate\":\"https:\\\/\\\/www.hkm.ch\\\/de\\\/?s={search_term_string}\"},\"query-input\":{\"@type\":\"PropertyValueSpecification\",\"valueRequired\":true,\"valueName\":\"search_term_string\"}}],\"inLanguage\":\"de\"},{\"@type\":\"Organization\",\"@id\":\"https:\\\/\\\/www.hkm.ch\\\/de\\\/#organization\",\"name\":\"HKM SA\",\"url\":\"https:\\\/\\\/www.hkm.ch\\\/de\\\/\",\"logo\":{\"@type\":\"ImageObject\",\"inLanguage\":\"de\",\"@id\":\"https:\\\/\\\/www.hkm.ch\\\/de\\\/#\\\/schema\\\/logo\\\/image\\\/\",\"url\":\"https:\\\/\\\/www.hkm.ch\\\/wp-content\\\/uploads\\\/2023\\\/11\\\/logo-hkm-sa.webp\",\"contentUrl\":\"https:\\\/\\\/www.hkm.ch\\\/wp-content\\\/uploads\\\/2023\\\/11\\\/logo-hkm-sa.webp\",\"width\":250,\"height\":59,\"caption\":\"HKM SA\"},\"image\":{\"@id\":\"https:\\\/\\\/www.hkm.ch\\\/de\\\/#\\\/schema\\\/logo\\\/image\\\/\"}}]}<\/script>\n<!-- \/ Yoast SEO plugin. -->","yoast_head_json":{"title":"Kork, eine Wohltat f\u00fcr R\u00fccken und Beine \u2013 HKM SA - Freiburg - Waadt - Genf - Neuenburg","description":"Entdecken Sie Naturkork mit HKM SA. Korkbb\u00f6den sind perfekt, um Widerstand zu leisten und zu isolieren. Wir sind auf die Beratung und Verlegung spezialisiert.","robots":{"index":"index","follow":"follow","max-snippet":"max-snippet:-1","max-image-preview":"max-image-preview:large","max-video-preview":"max-video-preview:-1"},"canonical":"https:\/\/www.hkm.ch\/de\/unser-angebot\/bodenbelaege\/kork-eine-wohltat-fuer-ruecken-und-beine\/","og_locale":"de_DE","og_type":"article","og_title":"Kork, eine Wohltat f\u00fcr R\u00fccken und Beine \u2013 HKM SA - Freiburg - Waadt - Genf - Neuenburg","og_description":"Entdecken Sie Naturkork mit HKM SA. Korkbb\u00f6den sind perfekt, um Widerstand zu leisten und zu isolieren. Wir sind auf die Beratung und Verlegung spezialisiert.","og_url":"https:\/\/www.hkm.ch\/de\/unser-angebot\/bodenbelaege\/kork-eine-wohltat-fuer-ruecken-und-beine\/","og_site_name":"HKM SA","article_modified_time":"2024-03-15T12:45:20+00:00","og_image":[{"url":"https:\/\/www.hkm.ch\/wp-content\/uploads\/2023\/12\/stratifie-617f310b.png","type":"","width":"","height":""}],"twitter_card":"summary_large_image","twitter_misc":{"Gesch\u00e4tzte Lesezeit":"1\u00a0Minute"},"schema":{"@context":"https:\/\/schema.org","@graph":[{"@type":"WebPage","@id":"https:\/\/www.hkm.ch\/de\/unser-angebot\/bodenbelaege\/kork-eine-wohltat-fuer-ruecken-und-beine\/","url":"https:\/\/www.hkm.ch\/de\/unser-angebot\/bodenbelaege\/kork-eine-wohltat-fuer-ruecken-und-beine\/","name":"Kork, eine Wohltat f\u00fcr R\u00fccken und Beine \u2013 HKM SA - Freiburg - Waadt - Genf - Neuenburg","isPartOf":{"@id":"https:\/\/www.hkm.ch\/de\/#website"},"primaryImageOfPage":{"@id":"https:\/\/www.hkm.ch\/de\/unser-angebot\/bodenbelaege\/kork-eine-wohltat-fuer-ruecken-und-beine\/#primaryimage"},"image":{"@id":"https:\/\/www.hkm.ch\/de\/unser-angebot\/bodenbelaege\/kork-eine-wohltat-fuer-ruecken-und-beine\/#primaryimage"},"thumbnailUrl":"https:\/\/www.hkm.ch\/wp-content\/uploads\/2023\/12\/stratifie-617f310b.png","datePublished":"2023-12-11T14:57:46+00:00","dateModified":"2024-03-15T12:45:20+00:00","description":"Entdecken Sie Naturkork mit HKM SA. Korkbb\u00f6den sind perfekt, um Widerstand zu leisten und zu isolieren. Wir sind auf die Beratung und Verlegung spezialisiert.","breadcrumb":{"@id":"https:\/\/www.hkm.ch\/de\/unser-angebot\/bodenbelaege\/kork-eine-wohltat-fuer-ruecken-und-beine\/#breadcrumb"},"inLanguage":"de","potentialAction":[{"@type":"ReadAction","target":["https:\/\/www.hkm.ch\/de\/unser-angebot\/bodenbelaege\/kork-eine-wohltat-fuer-ruecken-und-beine\/"]}]},{"@type":"ImageObject","inLanguage":"de","@id":"https:\/\/www.hkm.ch\/de\/unser-angebot\/bodenbelaege\/kork-eine-wohltat-fuer-ruecken-und-beine\/#primaryimage","url":"https:\/\/www.hkm.ch\/wp-content\/uploads\/2023\/12\/stratifie-617f310b.png","contentUrl":"https:\/\/www.hkm.ch\/wp-content\/uploads\/2023\/12\/stratifie-617f310b.png"},{"@type":"BreadcrumbList","@id":"https:\/\/www.hkm.ch\/de\/unser-angebot\/bodenbelaege\/kork-eine-wohltat-fuer-ruecken-und-beine\/#breadcrumb","itemListElement":[{"@type":"ListItem","position":1,"name":"Accueil","item":"https:\/\/www.hkm.ch\/de\/"},{"@type":"ListItem","position":2,"name":"Unser angebot","item":"https:\/\/www.hkm.ch\/de\/unser-angebot\/"},{"@type":"ListItem","position":3,"name":"Bodenbelaege","item":"https:\/\/www.hkm.ch\/de\/unser-angebot\/bodenbelaege\/"},{"@type":"ListItem","position":4,"name":"Kork"}]},{"@type":"WebSite","@id":"https:\/\/www.hkm.ch\/de\/#website","url":"https:\/\/www.hkm.ch\/de\/","name":"HKM SA","description":"","publisher":{"@id":"https:\/\/www.hkm.ch\/de\/#organization"},"potentialAction":[{"@type":"SearchAction","target":{"@type":"EntryPoint","urlTemplate":"https:\/\/www.hkm.ch\/de\/?s={search_term_string}"},"query-input":{"@type":"PropertyValueSpecification","valueRequired":true,"valueName":"search_term_string"}}],"inLanguage":"de"},{"@type":"Organization","@id":"https:\/\/www.hkm.ch\/de\/#organization","name":"HKM SA","url":"https:\/\/www.hkm.ch\/de\/","logo":{"@type":"ImageObject","inLanguage":"de","@id":"https:\/\/www.hkm.ch\/de\/#\/schema\/logo\/image\/","url":"https:\/\/www.hkm.ch\/wp-content\/uploads\/2023\/11\/logo-hkm-sa.webp","contentUrl":"https:\/\/www.hkm.ch\/wp-content\/uploads\/2023\/11\/logo-hkm-sa.webp","width":250,"height":59,"caption":"HKM SA"},"image":{"@id":"https:\/\/www.hkm.ch\/de\/#\/schema\/logo\/image\/"}}]}},"_links":{"self":[{"href":"https:\/\/www.hkm.ch\/de\/wp-json\/wp\/v2\/pages\/2716","targetHints":{"allow":["GET"]}}],"collection":[{"href":"https:\/\/www.hkm.ch\/de\/wp-json\/wp\/v2\/pages"}],"about":[{"href":"https:\/\/www.hkm.ch\/de\/wp-json\/wp\/v2\/types\/page"}],"author":[{"embeddable":true,"href":"https:\/\/www.hkm.ch\/de\/wp-json\/wp\/v2\/users\/1"}],"replies":[{"embeddable":true,"href":"https:\/\/www.hkm.ch\/de\/wp-json\/wp\/v2\/comments?post=2716"}],"version-history":[{"count":7,"href":"https:\/\/www.hkm.ch\/de\/wp-json\/wp\/v2\/pages\/2716\/revisions"}],"predecessor-version":[{"id":3023,"href":"https:\/\/www.hkm.ch\/de\/wp-json\/wp\/v2\/pages\/2716\/revisions\/3023"}],"up":[{"embeddable":true,"href":"https:\/\/www.hkm.ch\/de\/wp-json\/wp\/v2\/pages\/2830"}],"wp:attachment":[{"href":"https:\/\/www.hkm.ch\/de\/wp-json\/wp\/v2\/media?parent=2716"}],"curies":[{"name":"wp","href":"https:\/\/api.w.org\/{rel}","templated":true}]}}