{"id":2714,"date":"2023-12-06T12:51:27","date_gmt":"2023-12-06T11:51:27","guid":{"rendered":"https:\/\/www.hkm.ch\/le-parquet\/"},"modified":"2024-03-15T13:41:39","modified_gmt":"2024-03-15T12:41:39","slug":"parkett-ein-begleiter-fuers-leben","status":"publish","type":"page","link":"https:\/\/www.hkm.ch\/de\/unser-angebot\/bodenbelaege\/parkett-ein-begleiter-fuers-leben\/","title":{"rendered":"Parkett"},"content":{"rendered":"\t\t<div data-elementor-type=\"wp-page\" data-elementor-id=\"2714\" class=\"elementor elementor-2714 elementor-466\" data-elementor-post-type=\"page\">\n\t\t\t\t<div class=\"elementor-element elementor-element-2fdb2c2 e-flex e-con-boxed e-con e-parent\" data-id=\"2fdb2c2\" data-element_type=\"container\" data-e-type=\"container\" data-settings=\"{&quot;background_background&quot;:&quot;classic&quot;}\">\n\t\t\t\t\t<div class=\"e-con-inner\">\n\t\t\t\t\t<\/div>\n\t\t\t\t<\/div>\n\t\t<div class=\"elementor-element elementor-element-f30e46e e-flex e-con-boxed e-con e-parent\" data-id=\"f30e46e\" data-element_type=\"container\" data-e-type=\"container\">\n\t\t\t\t\t<div class=\"e-con-inner\">\n\t\t\t\t<div class=\"elementor-element elementor-element-1e103fa elementor-widget elementor-widget-heading\" data-id=\"1e103fa\" data-element_type=\"widget\" data-e-type=\"widget\" data-widget_type=\"heading.default\">\n\t\t\t\t<div class=\"elementor-widget-container\">\n\t\t\t\t\t<h1 class=\"elementor-heading-title elementor-size-default\">Parkett<\/h1>\t\t\t\t<\/div>\n\t\t\t\t<\/div>\n\t\t\t\t<div class=\"elementor-element elementor-element-dad0482 elementor-widget elementor-widget-heading\" data-id=\"dad0482\" data-element_type=\"widget\" data-e-type=\"widget\" data-widget_type=\"heading.default\">\n\t\t\t\t<div class=\"elementor-widget-container\">\n\t\t\t\t\t<h2 class=\"elementor-heading-title elementor-size-default\">ein Begleiter f\u00fcrs Leben<\/h2>\t\t\t\t<\/div>\n\t\t\t\t<\/div>\n\t\t<div class=\"elementor-element elementor-element-87fe0ad e-flex e-con-boxed e-con e-child\" data-id=\"87fe0ad\" data-element_type=\"container\" data-e-type=\"container\">\n\t\t\t\t\t<div class=\"e-con-inner\">\n\t\t<div class=\"elementor-element elementor-element-ee8c92e e-con-full e-flex e-con e-child\" data-id=\"ee8c92e\" data-element_type=\"container\" data-e-type=\"container\">\n\t\t\t\t<div class=\"elementor-element elementor-element-5cf0797 elementor-widget elementor-widget-text-editor\" data-id=\"5cf0797\" data-element_type=\"widget\" data-e-type=\"widget\" data-widget_type=\"text-editor.default\">\n\t\t\t\t<div class=\"elementor-widget-container\">\n\t\t\t\t\t\t\t\t\t<p>Nat\u00fcrlich und traditionell verlegt sich das Parkett heute in allen R\u00e4umen des Hauses: K\u00fcche, Wohnzimmer, Schlafzimmer, Badezimmer. Die Wahl der Holzart ist wichtig, sowie die Wahl des Formats der Parkettlammellen und die Art der Verlegung. Ob kurze oder lange Lamellen, modern, rustikal und zeitgen\u00f6ssisch, Originalit\u00e4t ist vorhanden.\u00a0<\/p>\t\t\t\t\t\t\t\t<\/div>\n\t\t\t\t<\/div>\n\t\t\t\t<div class=\"elementor-element elementor-element-eb6596c elementor-widget elementor-widget-heading\" data-id=\"eb6596c\" data-element_type=\"widget\" data-e-type=\"widget\" data-widget_type=\"heading.default\">\n\t\t\t\t<div class=\"elementor-widget-container\">\n\t\t\t\t\t<h3 class=\"elementor-heading-title elementor-size-default\">Haben Sie Fragen zu unseren Dienstleistungen?<br>\nKontaktieren Sie uns f\u00fcr einen Termin:<\/h3>\t\t\t\t<\/div>\n\t\t\t\t<\/div>\n\t\t\t\t<div class=\"elementor-element elementor-element-84ddc01 elementor-widget elementor-widget-button\" data-id=\"84ddc01\" data-element_type=\"widget\" data-e-type=\"widget\" data-widget_type=\"button.default\">\n\t\t\t\t<div class=\"elementor-widget-container\">\n\t\t\t\t\t\t\t\t\t<div class=\"elementor-button-wrapper\">\n\t\t\t\t\t<a class=\"elementor-button elementor-button-link elementor-size-sm\" href=\"https:\/\/www.hkm.ch\/de\/kontakt-formular\/\">\n\t\t\t\t\t\t<span class=\"elementor-button-content-wrapper\">\n\t\t\t\t\t\t<span class=\"elementor-button-icon\">\n\t\t\t\t<svg aria-hidden=\"true\" class=\"e-font-icon-svg e-far-envelope\" viewBox=\"0 0 512 512\" xmlns=\"http:\/\/www.w3.org\/2000\/svg\"><path d=\"M464 64H48C21.49 64 0 85.49 0 112v288c0 26.51 21.49 48 48 48h416c26.51 0 48-21.49 48-48V112c0-26.51-21.49-48-48-48zm0 48v40.805c-22.422 18.259-58.168 46.651-134.587 106.49-16.841 13.247-50.201 45.072-73.413 44.701-23.208.375-56.579-31.459-73.413-44.701C106.18 199.465 70.425 171.067 48 152.805V112h416zM48 400V214.398c22.914 18.251 55.409 43.862 104.938 82.646 21.857 17.205 60.134 55.186 103.062 54.955 42.717.231 80.509-37.199 103.053-54.947 49.528-38.783 82.032-64.401 104.947-82.653V400H48z\"><\/path><\/svg>\t\t\t<\/span>\n\t\t\t\t\t\t\t\t\t<span class=\"elementor-button-text\">  info@hkm.ch<\/span>\n\t\t\t\t\t<\/span>\n\t\t\t\t\t<\/a>\n\t\t\t\t<\/div>\n\t\t\t\t\t\t\t\t<\/div>\n\t\t\t\t<\/div>\n\t\t\t\t<\/div>\n\t\t<div class=\"elementor-element elementor-element-7e06625 e-con-full e-flex e-con e-child\" data-id=\"7e06625\" data-element_type=\"container\" data-e-type=\"container\">\n\t\t\t\t<div class=\"elementor-element elementor-element-596f7ef elementor-widget elementor-widget-heading\" data-id=\"596f7ef\" data-element_type=\"widget\" data-e-type=\"widget\" data-widget_type=\"heading.default\">\n\t\t\t\t<div class=\"elementor-widget-container\">\n\t\t\t\t\t<h2 class=\"elementor-heading-title elementor-size-default\">VORTEILE<\/h2>\t\t\t\t<\/div>\n\t\t\t\t<\/div>\n\t\t\t\t<div class=\"elementor-element elementor-element-d7625be elementor-widget elementor-widget-text-editor\" data-id=\"d7625be\" data-element_type=\"widget\" data-e-type=\"widget\" data-widget_type=\"text-editor.default\">\n\t\t\t\t<div class=\"elementor-widget-container\">\n\t\t\t\t\t\t\t\t\t<ul><li>NAT\u00dcRLICH<\/li><li>GE\u00d6LT ODER VERSIEGELT<\/li><li>LANGLEBIG<\/li><li>STRAPAZIERF\u00c4HIG<\/li><li>PFLEGELEICHT<\/li><li>\u00d6KONOMISCH<\/li><li>RENOVIERBAR<\/li><li>\u00d6KOLOGISCH\u00a0<\/li><\/ul>\t\t\t\t\t\t\t\t<\/div>\n\t\t\t\t<\/div>\n\t\t\t\t<\/div>\n\t\t<div class=\"elementor-element elementor-element-e0bb2bf e-con-full e-flex e-con e-child\" data-id=\"e0bb2bf\" data-element_type=\"container\" data-e-type=\"container\" data-settings=\"{&quot;background_background&quot;:&quot;classic&quot;}\">\n\t\t\t\t<div class=\"elementor-element elementor-element-876e69d elementor-widget elementor-widget-image\" data-id=\"876e69d\" data-element_type=\"widget\" data-e-type=\"widget\" data-widget_type=\"image.default\">\n\t\t\t\t<div class=\"elementor-widget-container\">\n\t\t\t\t\t\t\t\t\t\t\t\t\t\t\t<img fetchpriority=\"high\" decoding=\"async\" width=\"350\" height=\"193\" src=\"https:\/\/www.hkm.ch\/wp-content\/uploads\/2023\/12\/parquet-f4abdd1f.png\" class=\"attachment-full size-full wp-image-2579\" alt=\"\" srcset=\"https:\/\/www.hkm.ch\/wp-content\/uploads\/2023\/12\/parquet-f4abdd1f.png 350w, https:\/\/www.hkm.ch\/wp-content\/uploads\/2023\/12\/parquet-f4abdd1f-300x165.png 300w\" sizes=\"(max-width: 350px) 100vw, 350px\" \/>\t\t\t\t\t\t\t\t\t\t\t\t\t\t\t<\/div>\n\t\t\t\t<\/div>\n\t\t\t\t<\/div>\n\t\t\t\t\t<\/div>\n\t\t\t\t<\/div>\n\t\t\t\t\t<\/div>\n\t\t\t\t<\/div>\n\t\t<div class=\"elementor-element elementor-element-fc810b0 e-flex e-con-boxed e-con e-parent\" data-id=\"fc810b0\" data-element_type=\"container\" data-e-type=\"container\">\n\t\t\t\t\t<div class=\"e-con-inner\">\n\t\t\t\t<div class=\"elementor-element elementor-element-48b0837 elementor-widget elementor-widget-heading\" data-id=\"48b0837\" data-element_type=\"widget\" data-e-type=\"widget\" data-widget_type=\"heading.default\">\n\t\t\t\t<div class=\"elementor-widget-container\">\n\t\t\t\t\t<h2 class=\"elementor-heading-title elementor-size-default\">Videos <\/h2>\t\t\t\t<\/div>\n\t\t\t\t<\/div>\n\t\t<div class=\"elementor-element elementor-element-816eee0 e-flex e-con-boxed e-con e-child\" data-id=\"816eee0\" data-element_type=\"container\" data-e-type=\"container\">\n\t\t\t\t\t<div class=\"e-con-inner\">\n\t\t<div class=\"elementor-element elementor-element-34945eb e-con-full e-flex e-con e-child\" data-id=\"34945eb\" data-element_type=\"container\" data-e-type=\"container\">\n\t\t\t\t<div class=\"elementor-element elementor-element-8546866 elementor-widget elementor-widget-video\" data-id=\"8546866\" data-element_type=\"widget\" data-e-type=\"widget\" data-settings=\"{&quot;youtube_url&quot;:&quot;https:\\\/\\\/youtu.be\\\/EBDxVSLW5AE?si=-mrevHO8x0zgqEfQ&quot;,&quot;video_type&quot;:&quot;youtube&quot;,&quot;controls&quot;:&quot;yes&quot;}\" data-widget_type=\"video.default\">\n\t\t\t\t<div class=\"elementor-widget-container\">\n\t\t\t\t\t\t\t<div class=\"elementor-wrapper elementor-open-inline\">\n\t\t\t<div class=\"elementor-video\"><\/div>\t\t<\/div>\n\t\t\t\t\t\t<\/div>\n\t\t\t\t<\/div>\n\t\t\t\t<div class=\"elementor-element elementor-element-75ffd98 elementor-widget elementor-widget-heading\" data-id=\"75ffd98\" data-element_type=\"widget\" data-e-type=\"widget\" data-widget_type=\"heading.default\">\n\t\t\t\t<div class=\"elementor-widget-container\">\n\t\t\t\t\t<h3 class=\"elementor-heading-title elementor-size-default\">In Bildern sehen Sie, wie unser Team bei der Verlegung eines englischen Parkettbodens arbeitet.<\/h3>\t\t\t\t<\/div>\n\t\t\t\t<\/div>\n\t\t\t\t<\/div>\n\t\t<div class=\"elementor-element elementor-element-7bebc31 e-con-full e-flex e-con e-child\" data-id=\"7bebc31\" data-element_type=\"container\" data-e-type=\"container\">\n\t\t\t\t<div class=\"elementor-element elementor-element-2d283a4 elementor-widget elementor-widget-video\" data-id=\"2d283a4\" data-element_type=\"widget\" data-e-type=\"widget\" data-settings=\"{&quot;youtube_url&quot;:&quot;https:\\\/\\\/youtu.be\\\/5lvAeBmamaQ?si=vXqZxwuQtNSJskLZ&quot;,&quot;video_type&quot;:&quot;youtube&quot;,&quot;controls&quot;:&quot;yes&quot;}\" data-widget_type=\"video.default\">\n\t\t\t\t<div class=\"elementor-widget-container\">\n\t\t\t\t\t\t\t<div class=\"elementor-wrapper elementor-open-inline\">\n\t\t\t<div class=\"elementor-video\"><\/div>\t\t<\/div>\n\t\t\t\t\t\t<\/div>\n\t\t\t\t<\/div>\n\t\t\t\t<div class=\"elementor-element elementor-element-1945d89 elementor-widget elementor-widget-heading\" data-id=\"1945d89\" data-element_type=\"widget\" data-e-type=\"widget\" data-widget_type=\"heading.default\">\n\t\t\t\t<div class=\"elementor-widget-container\">\n\t\t\t\t\t<h3 class=\"elementor-heading-title elementor-size-default\">Erfahren Sie mehr \u00fcber unsere verschiedenen Produkte auf Lager mit Fr\u00e9d\u00e9ric Kr\u00fcttli, CEO.<\/h3>\t\t\t\t<\/div>\n\t\t\t\t<\/div>\n\t\t\t\t<\/div>\n\t\t\t\t\t<\/div>\n\t\t\t\t<\/div>\n\t\t\t\t\t<\/div>\n\t\t\t\t<\/div>\n\t\t<div class=\"elementor-element elementor-element-bf9520a e-flex e-con-boxed e-con e-parent\" data-id=\"bf9520a\" data-element_type=\"container\" data-e-type=\"container\">\n\t\t\t\t\t<div class=\"e-con-inner\">\n\t\t\t\t<div class=\"elementor-element elementor-element-f453a36 elementor-widget elementor-widget-heading\" data-id=\"f453a36\" data-element_type=\"widget\" data-e-type=\"widget\" data-widget_type=\"heading.default\">\n\t\t\t\t<div class=\"elementor-widget-container\">\n\t\t\t\t\t<h2 class=\"elementor-heading-title elementor-size-default\">Diese Artikel k\u00f6nnten Sie interessieren\n<\/h2>\t\t\t\t<\/div>\n\t\t\t\t<\/div>\n\t\t<div class=\"elementor-element elementor-element-bcc315e e-flex e-con-boxed e-con e-child\" data-id=\"bcc315e\" data-element_type=\"container\" data-e-type=\"container\">\n\t\t\t\t\t<div class=\"e-con-inner\">\n\t\t\t\t<div class=\"elementor-element elementor-element-64dca61 elementor-grid-3 elementor-grid-tablet-2 elementor-grid-mobile-1 elementor-widget elementor-widget-loop-grid\" data-id=\"64dca61\" data-element_type=\"widget\" data-e-type=\"widget\" data-settings=\"{&quot;template_id&quot;:3315,&quot;columns&quot;:3,&quot;_skin&quot;:&quot;post&quot;,&quot;columns_tablet&quot;:&quot;2&quot;,&quot;columns_mobile&quot;:&quot;1&quot;,&quot;edit_handle_selector&quot;:&quot;[data-elementor-type=\\&quot;loop-item\\&quot;]&quot;,&quot;row_gap&quot;:{&quot;unit&quot;:&quot;px&quot;,&quot;size&quot;:&quot;&quot;,&quot;sizes&quot;:[]},&quot;row_gap_tablet&quot;:{&quot;unit&quot;:&quot;px&quot;,&quot;size&quot;:&quot;&quot;,&quot;sizes&quot;:[]},&quot;row_gap_mobile&quot;:{&quot;unit&quot;:&quot;px&quot;,&quot;size&quot;:&quot;&quot;,&quot;sizes&quot;:[]}}\" data-widget_type=\"loop-grid.post\">\n\t\t\t\t<div class=\"elementor-widget-container\">\n\t\t\t\t\t\t\t<div class=\"e-loop-nothing-found-message\">\n\t\t<\/div>\n\t\t\t\t\t\t<\/div>\n\t\t\t\t<\/div>\n\t\t\t\t\t<\/div>\n\t\t\t\t<\/div>\n\t\t\t\t\t<\/div>\n\t\t\t\t<\/div>\n\t\t\t\t<\/div>\n\t\t","protected":false},"excerpt":{"rendered":"<p>Parkett ein Begleiter f\u00fcrs Leben Nat\u00fcrlich und traditionell verlegt sich das Parkett heute in allen R\u00e4umen des Hauses: K\u00fcche, Wohnzimmer, Schlafzimmer, Badezimmer. Die Wahl der Holzart ist wichtig, sowie die Wahl des Formats der Parkettlammellen und die Art der Verlegung. Ob kurze oder lange Lamellen, modern, rustikal und zeitgen\u00f6ssisch, Originalit\u00e4t ist vorhanden.\u00a0 Haben Sie Fragen [&hellip;]<\/p>\n","protected":false},"author":1,"featured_media":0,"parent":2830,"menu_order":0,"comment_status":"closed","ping_status":"closed","template":"elementor_header_footer","meta":{"footnotes":""},"class_list":["post-2714","page","type-page","status-publish","hentry"],"yoast_head":"<!-- This site is optimized with the Yoast SEO plugin v27.4 - https:\/\/yoast.com\/product\/yoast-seo-wordpress\/ -->\n<title>Parkett, ein Begleiter f\u00fcrs Leben \u2013 HKM SA - Freiburg - Waadt - Genf - Neuenburg<\/title>\n<meta name=\"description\" content=\"HKM SA liefert und verlegt Ihr hochwertiges Massiv- oder Fertigparkett in Genf, Waadt, Freiburg, Neuch\u00e2tel und der ganzen Westschweiz.\" \/>\n<meta name=\"robots\" content=\"index, follow, max-snippet:-1, max-image-preview:large, max-video-preview:-1\" \/>\n<link rel=\"canonical\" href=\"https:\/\/www.hkm.ch\/de\/unser-angebot\/bodenbelaege\/parkett-ein-begleiter-fuers-leben\/\" \/>\n<meta property=\"og:locale\" content=\"de_DE\" \/>\n<meta property=\"og:type\" content=\"article\" \/>\n<meta property=\"og:title\" content=\"Parkett, ein Begleiter f\u00fcrs Leben \u2013 HKM SA - Freiburg - Waadt - Genf - Neuenburg\" \/>\n<meta property=\"og:description\" content=\"HKM SA liefert und verlegt Ihr hochwertiges Massiv- oder Fertigparkett in Genf, Waadt, Freiburg, Neuch\u00e2tel und der ganzen Westschweiz.\" \/>\n<meta property=\"og:url\" content=\"https:\/\/www.hkm.ch\/de\/unser-angebot\/bodenbelaege\/parkett-ein-begleiter-fuers-leben\/\" \/>\n<meta property=\"og:site_name\" content=\"HKM SA\" \/>\n<meta property=\"article:modified_time\" content=\"2024-03-15T12:41:39+00:00\" \/>\n<meta property=\"og:image\" content=\"https:\/\/www.hkm.ch\/wp-content\/uploads\/2023\/12\/parquet-f4abdd1f.png\" \/>\n<meta name=\"twitter:card\" content=\"summary_large_image\" \/>\n<meta name=\"twitter:label1\" content=\"Gesch\u00e4tzte Lesezeit\" \/>\n\t<meta name=\"twitter:data1\" content=\"1\u00a0Minute\" \/>\n<script type=\"application\/ld+json\" class=\"yoast-schema-graph\">{\"@context\":\"https:\\\/\\\/schema.org\",\"@graph\":[{\"@type\":\"WebPage\",\"@id\":\"https:\\\/\\\/www.hkm.ch\\\/de\\\/unser-angebot\\\/bodenbelaege\\\/parkett-ein-begleiter-fuers-leben\\\/\",\"url\":\"https:\\\/\\\/www.hkm.ch\\\/de\\\/unser-angebot\\\/bodenbelaege\\\/parkett-ein-begleiter-fuers-leben\\\/\",\"name\":\"Parkett, ein Begleiter f\u00fcrs Leben \u2013 HKM SA - Freiburg - Waadt - Genf - Neuenburg\",\"isPartOf\":{\"@id\":\"https:\\\/\\\/www.hkm.ch\\\/de\\\/#website\"},\"primaryImageOfPage\":{\"@id\":\"https:\\\/\\\/www.hkm.ch\\\/de\\\/unser-angebot\\\/bodenbelaege\\\/parkett-ein-begleiter-fuers-leben\\\/#primaryimage\"},\"image\":{\"@id\":\"https:\\\/\\\/www.hkm.ch\\\/de\\\/unser-angebot\\\/bodenbelaege\\\/parkett-ein-begleiter-fuers-leben\\\/#primaryimage\"},\"thumbnailUrl\":\"https:\\\/\\\/www.hkm.ch\\\/wp-content\\\/uploads\\\/2023\\\/12\\\/parquet-f4abdd1f.png\",\"datePublished\":\"2023-12-06T11:51:27+00:00\",\"dateModified\":\"2024-03-15T12:41:39+00:00\",\"description\":\"HKM SA liefert und verlegt Ihr hochwertiges Massiv- oder Fertigparkett in Genf, Waadt, Freiburg, Neuch\u00e2tel und der ganzen Westschweiz.\",\"breadcrumb\":{\"@id\":\"https:\\\/\\\/www.hkm.ch\\\/de\\\/unser-angebot\\\/bodenbelaege\\\/parkett-ein-begleiter-fuers-leben\\\/#breadcrumb\"},\"inLanguage\":\"de\",\"potentialAction\":[{\"@type\":\"ReadAction\",\"target\":[\"https:\\\/\\\/www.hkm.ch\\\/de\\\/unser-angebot\\\/bodenbelaege\\\/parkett-ein-begleiter-fuers-leben\\\/\"]}]},{\"@type\":\"ImageObject\",\"inLanguage\":\"de\",\"@id\":\"https:\\\/\\\/www.hkm.ch\\\/de\\\/unser-angebot\\\/bodenbelaege\\\/parkett-ein-begleiter-fuers-leben\\\/#primaryimage\",\"url\":\"https:\\\/\\\/www.hkm.ch\\\/wp-content\\\/uploads\\\/2023\\\/12\\\/parquet-f4abdd1f.png\",\"contentUrl\":\"https:\\\/\\\/www.hkm.ch\\\/wp-content\\\/uploads\\\/2023\\\/12\\\/parquet-f4abdd1f.png\"},{\"@type\":\"BreadcrumbList\",\"@id\":\"https:\\\/\\\/www.hkm.ch\\\/de\\\/unser-angebot\\\/bodenbelaege\\\/parkett-ein-begleiter-fuers-leben\\\/#breadcrumb\",\"itemListElement\":[{\"@type\":\"ListItem\",\"position\":1,\"name\":\"Accueil\",\"item\":\"https:\\\/\\\/www.hkm.ch\\\/de\\\/\"},{\"@type\":\"ListItem\",\"position\":2,\"name\":\"Unser angebot\",\"item\":\"https:\\\/\\\/www.hkm.ch\\\/de\\\/unser-angebot\\\/\"},{\"@type\":\"ListItem\",\"position\":3,\"name\":\"Bodenbelaege\",\"item\":\"https:\\\/\\\/www.hkm.ch\\\/de\\\/unser-angebot\\\/bodenbelaege\\\/\"},{\"@type\":\"ListItem\",\"position\":4,\"name\":\"Parkett\"}]},{\"@type\":\"WebSite\",\"@id\":\"https:\\\/\\\/www.hkm.ch\\\/de\\\/#website\",\"url\":\"https:\\\/\\\/www.hkm.ch\\\/de\\\/\",\"name\":\"HKM SA\",\"description\":\"\",\"publisher\":{\"@id\":\"https:\\\/\\\/www.hkm.ch\\\/de\\\/#organization\"},\"potentialAction\":[{\"@type\":\"SearchAction\",\"target\":{\"@type\":\"EntryPoint\",\"urlTemplate\":\"https:\\\/\\\/www.hkm.ch\\\/de\\\/?s={search_term_string}\"},\"query-input\":{\"@type\":\"PropertyValueSpecification\",\"valueRequired\":true,\"valueName\":\"search_term_string\"}}],\"inLanguage\":\"de\"},{\"@type\":\"Organization\",\"@id\":\"https:\\\/\\\/www.hkm.ch\\\/de\\\/#organization\",\"name\":\"HKM SA\",\"url\":\"https:\\\/\\\/www.hkm.ch\\\/de\\\/\",\"logo\":{\"@type\":\"ImageObject\",\"inLanguage\":\"de\",\"@id\":\"https:\\\/\\\/www.hkm.ch\\\/de\\\/#\\\/schema\\\/logo\\\/image\\\/\",\"url\":\"https:\\\/\\\/www.hkm.ch\\\/wp-content\\\/uploads\\\/2023\\\/11\\\/logo-hkm-sa.webp\",\"contentUrl\":\"https:\\\/\\\/www.hkm.ch\\\/wp-content\\\/uploads\\\/2023\\\/11\\\/logo-hkm-sa.webp\",\"width\":250,\"height\":59,\"caption\":\"HKM SA\"},\"image\":{\"@id\":\"https:\\\/\\\/www.hkm.ch\\\/de\\\/#\\\/schema\\\/logo\\\/image\\\/\"}}]}<\/script>\n<!-- \/ Yoast SEO plugin. -->","yoast_head_json":{"title":"Parkett, ein Begleiter f\u00fcrs Leben \u2013 HKM SA - Freiburg - Waadt - Genf - Neuenburg","description":"HKM SA liefert und verlegt Ihr hochwertiges Massiv- oder Fertigparkett in Genf, Waadt, Freiburg, Neuch\u00e2tel und der ganzen Westschweiz.","robots":{"index":"index","follow":"follow","max-snippet":"max-snippet:-1","max-image-preview":"max-image-preview:large","max-video-preview":"max-video-preview:-1"},"canonical":"https:\/\/www.hkm.ch\/de\/unser-angebot\/bodenbelaege\/parkett-ein-begleiter-fuers-leben\/","og_locale":"de_DE","og_type":"article","og_title":"Parkett, ein Begleiter f\u00fcrs Leben \u2013 HKM SA - Freiburg - Waadt - Genf - Neuenburg","og_description":"HKM SA liefert und verlegt Ihr hochwertiges Massiv- oder Fertigparkett in Genf, Waadt, Freiburg, Neuch\u00e2tel und der ganzen Westschweiz.","og_url":"https:\/\/www.hkm.ch\/de\/unser-angebot\/bodenbelaege\/parkett-ein-begleiter-fuers-leben\/","og_site_name":"HKM SA","article_modified_time":"2024-03-15T12:41:39+00:00","og_image":[{"url":"https:\/\/www.hkm.ch\/wp-content\/uploads\/2023\/12\/parquet-f4abdd1f.png","type":"","width":"","height":""}],"twitter_card":"summary_large_image","twitter_misc":{"Gesch\u00e4tzte Lesezeit":"1\u00a0Minute"},"schema":{"@context":"https:\/\/schema.org","@graph":[{"@type":"WebPage","@id":"https:\/\/www.hkm.ch\/de\/unser-angebot\/bodenbelaege\/parkett-ein-begleiter-fuers-leben\/","url":"https:\/\/www.hkm.ch\/de\/unser-angebot\/bodenbelaege\/parkett-ein-begleiter-fuers-leben\/","name":"Parkett, ein Begleiter f\u00fcrs Leben \u2013 HKM SA - Freiburg - Waadt - Genf - Neuenburg","isPartOf":{"@id":"https:\/\/www.hkm.ch\/de\/#website"},"primaryImageOfPage":{"@id":"https:\/\/www.hkm.ch\/de\/unser-angebot\/bodenbelaege\/parkett-ein-begleiter-fuers-leben\/#primaryimage"},"image":{"@id":"https:\/\/www.hkm.ch\/de\/unser-angebot\/bodenbelaege\/parkett-ein-begleiter-fuers-leben\/#primaryimage"},"thumbnailUrl":"https:\/\/www.hkm.ch\/wp-content\/uploads\/2023\/12\/parquet-f4abdd1f.png","datePublished":"2023-12-06T11:51:27+00:00","dateModified":"2024-03-15T12:41:39+00:00","description":"HKM SA liefert und verlegt Ihr hochwertiges Massiv- oder Fertigparkett in Genf, Waadt, Freiburg, Neuch\u00e2tel und der ganzen Westschweiz.","breadcrumb":{"@id":"https:\/\/www.hkm.ch\/de\/unser-angebot\/bodenbelaege\/parkett-ein-begleiter-fuers-leben\/#breadcrumb"},"inLanguage":"de","potentialAction":[{"@type":"ReadAction","target":["https:\/\/www.hkm.ch\/de\/unser-angebot\/bodenbelaege\/parkett-ein-begleiter-fuers-leben\/"]}]},{"@type":"ImageObject","inLanguage":"de","@id":"https:\/\/www.hkm.ch\/de\/unser-angebot\/bodenbelaege\/parkett-ein-begleiter-fuers-leben\/#primaryimage","url":"https:\/\/www.hkm.ch\/wp-content\/uploads\/2023\/12\/parquet-f4abdd1f.png","contentUrl":"https:\/\/www.hkm.ch\/wp-content\/uploads\/2023\/12\/parquet-f4abdd1f.png"},{"@type":"BreadcrumbList","@id":"https:\/\/www.hkm.ch\/de\/unser-angebot\/bodenbelaege\/parkett-ein-begleiter-fuers-leben\/#breadcrumb","itemListElement":[{"@type":"ListItem","position":1,"name":"Accueil","item":"https:\/\/www.hkm.ch\/de\/"},{"@type":"ListItem","position":2,"name":"Unser angebot","item":"https:\/\/www.hkm.ch\/de\/unser-angebot\/"},{"@type":"ListItem","position":3,"name":"Bodenbelaege","item":"https:\/\/www.hkm.ch\/de\/unser-angebot\/bodenbelaege\/"},{"@type":"ListItem","position":4,"name":"Parkett"}]},{"@type":"WebSite","@id":"https:\/\/www.hkm.ch\/de\/#website","url":"https:\/\/www.hkm.ch\/de\/","name":"HKM SA","description":"","publisher":{"@id":"https:\/\/www.hkm.ch\/de\/#organization"},"potentialAction":[{"@type":"SearchAction","target":{"@type":"EntryPoint","urlTemplate":"https:\/\/www.hkm.ch\/de\/?s={search_term_string}"},"query-input":{"@type":"PropertyValueSpecification","valueRequired":true,"valueName":"search_term_string"}}],"inLanguage":"de"},{"@type":"Organization","@id":"https:\/\/www.hkm.ch\/de\/#organization","name":"HKM SA","url":"https:\/\/www.hkm.ch\/de\/","logo":{"@type":"ImageObject","inLanguage":"de","@id":"https:\/\/www.hkm.ch\/de\/#\/schema\/logo\/image\/","url":"https:\/\/www.hkm.ch\/wp-content\/uploads\/2023\/11\/logo-hkm-sa.webp","contentUrl":"https:\/\/www.hkm.ch\/wp-content\/uploads\/2023\/11\/logo-hkm-sa.webp","width":250,"height":59,"caption":"HKM SA"},"image":{"@id":"https:\/\/www.hkm.ch\/de\/#\/schema\/logo\/image\/"}}]}},"_links":{"self":[{"href":"https:\/\/www.hkm.ch\/de\/wp-json\/wp\/v2\/pages\/2714","targetHints":{"allow":["GET"]}}],"collection":[{"href":"https:\/\/www.hkm.ch\/de\/wp-json\/wp\/v2\/pages"}],"about":[{"href":"https:\/\/www.hkm.ch\/de\/wp-json\/wp\/v2\/types\/page"}],"author":[{"embeddable":true,"href":"https:\/\/www.hkm.ch\/de\/wp-json\/wp\/v2\/users\/1"}],"replies":[{"embeddable":true,"href":"https:\/\/www.hkm.ch\/de\/wp-json\/wp\/v2\/comments?post=2714"}],"version-history":[{"count":7,"href":"https:\/\/www.hkm.ch\/de\/wp-json\/wp\/v2\/pages\/2714\/revisions"}],"predecessor-version":[{"id":3035,"href":"https:\/\/www.hkm.ch\/de\/wp-json\/wp\/v2\/pages\/2714\/revisions\/3035"}],"up":[{"embeddable":true,"href":"https:\/\/www.hkm.ch\/de\/wp-json\/wp\/v2\/pages\/2830"}],"wp:attachment":[{"href":"https:\/\/www.hkm.ch\/de\/wp-json\/wp\/v2\/media?parent=2714"}],"curies":[{"name":"wp","href":"https:\/\/api.w.org\/{rel}","templated":true}]}}