{"id":2698,"date":"2024-01-08T12:12:48","date_gmt":"2024-01-08T11:12:48","guid":{"rendered":"https:\/\/www.hkm.ch\/les-metiers-que-hkm-forme\/"},"modified":"2024-03-15T13:54:55","modified_gmt":"2024-03-15T12:54:55","slug":"berufe-die-wir-ausbilden","status":"publish","type":"page","link":"https:\/\/www.hkm.ch\/de\/karriere\/berufe-die-wir-ausbilden\/","title":{"rendered":"Berufe die wir ausbilden"},"content":{"rendered":"\t\t<div data-elementor-type=\"wp-page\" data-elementor-id=\"2698\" class=\"elementor elementor-2698 elementor-1252\" data-elementor-post-type=\"page\">\n\t\t\t\t<div class=\"elementor-element elementor-element-5c11229 e-flex e-con-boxed e-con e-parent\" data-id=\"5c11229\" data-element_type=\"container\" data-e-type=\"container\" data-settings=\"{&quot;background_background&quot;:&quot;classic&quot;}\">\n\t\t\t\t\t<div class=\"e-con-inner\">\n\t\t\t\t\t<\/div>\n\t\t\t\t<\/div>\n\t\t<div class=\"elementor-element elementor-element-709e4f5 e-flex e-con-boxed e-con e-parent\" data-id=\"709e4f5\" data-element_type=\"container\" data-e-type=\"container\">\n\t\t\t\t\t<div class=\"e-con-inner\">\n\t\t\t\t<div class=\"elementor-element elementor-element-be69240 elementor-widget elementor-widget-heading\" data-id=\"be69240\" data-element_type=\"widget\" data-e-type=\"widget\" data-widget_type=\"heading.default\">\n\t\t\t\t<div class=\"elementor-widget-container\">\n\t\t\t\t\t<h1 class=\"elementor-heading-title elementor-size-default\">Die Ausbildung bei HKM SA<\/h1>\t\t\t\t<\/div>\n\t\t\t\t<\/div>\n\t\t\t\t<div class=\"elementor-element elementor-element-45af25f elementor-widget elementor-widget-heading\" data-id=\"45af25f\" data-element_type=\"widget\" data-e-type=\"widget\" data-widget_type=\"heading.default\">\n\t\t\t\t<div class=\"elementor-widget-container\">\n\t\t\t\t\t<h2 class=\"elementor-heading-title elementor-size-default\">In folgenden Berufe, bilden wir aus<\/h2>\t\t\t\t<\/div>\n\t\t\t\t<\/div>\n\t\t<div class=\"elementor-element elementor-element-ed8d944 e-flex e-con-boxed e-con e-child\" data-id=\"ed8d944\" data-element_type=\"container\" data-e-type=\"container\">\n\t\t\t\t\t<div class=\"e-con-inner\">\n\t\t<div class=\"elementor-element elementor-element-73e8284 e-con-full e-flex e-con e-child\" data-id=\"73e8284\" data-element_type=\"container\" data-e-type=\"container\">\n\t\t\t\t<div class=\"elementor-element elementor-element-89df5be elementor-widget elementor-widget-text-editor\" data-id=\"89df5be\" data-element_type=\"widget\" data-e-type=\"widget\" data-widget_type=\"text-editor.default\">\n\t\t\t\t<div class=\"elementor-widget-container\">\n\t\t\t\t\t\t\t\t\t<ul><li>EFZ Bodenverleger &#8211; Parkett<\/li><li>EFZ Bodenverleger &#8211; textil und elastisch<\/li><li>EFZ Kaufm\u00e4nnischer Angestellter\u00a0<\/li><\/ul>\t\t\t\t\t\t\t\t<\/div>\n\t\t\t\t<\/div>\n\t\t\t\t<div class=\"elementor-element elementor-element-899d875 elementor-widget elementor-widget-text-editor\" data-id=\"899d875\" data-element_type=\"widget\" data-e-type=\"widget\" data-widget_type=\"text-editor.default\">\n\t\t\t\t<div class=\"elementor-widget-container\">\n\t\t\t\t\t\t\t\t\t<p>HKM bietet Orientierungskurse an, um jungen Menschen, die sich f\u00fcr diesen Bereich interessieren oder ihn noch nicht kennen, n\u00e4her zu bringen. Es ist wichtig, dass der zuk\u00fcnftige Auszubildende wei\u00df, was ihn w\u00e4hrend der Ausbildung erwartet. Die Ausbildung ist die \u00dcbergangsphase zwischen Schule und Beruf, daher ist es f\u00fcr HKM wichtig, dass die Jugendlichen, die sich f\u00fcr eine Ausbildung entscheiden, Spa\u00df an den angebotenen Berufen haben.<\/p><p>Im Jahr 2020 hat HKM ein Kompetenzzentrum f\u00fcr die Ausbildung seiner Auszubildenden eingerichtet. Es wurde ein Ausbilder mit eidgen\u00f6ssischem Fachausweis ernannt. Seine Aufgabe ist es, zus\u00e4tzlich zu den Fachkursen einen internen Lehrplan zu erstellen und umzusetzen. Er beaufsichtigt die Auszubildenden und unterst\u00fctzt sie w\u00e4hrend ihrer gesamten Ausbildung.\u00a0<\/p>\t\t\t\t\t\t\t\t<\/div>\n\t\t\t\t<\/div>\n\t\t<div class=\"elementor-element elementor-element-c822a4c e-flex e-con-boxed e-con e-child\" data-id=\"c822a4c\" data-element_type=\"container\" data-e-type=\"container\">\n\t\t\t\t\t<div class=\"e-con-inner\">\n\t\t\t\t<div class=\"elementor-element elementor-element-728173c elementor-widget elementor-widget-button\" data-id=\"728173c\" data-element_type=\"widget\" data-e-type=\"widget\" data-widget_type=\"button.default\">\n\t\t\t\t<div class=\"elementor-widget-container\">\n\t\t\t\t\t\t\t\t\t<div class=\"elementor-button-wrapper\">\n\t\t\t\t\t<a class=\"elementor-button elementor-button-link elementor-size-sm\" href=\"https:\/\/www.hkm.ch\/de\/kontakt-formular\/\">\n\t\t\t\t\t\t<span class=\"elementor-button-content-wrapper\">\n\t\t\t\t\t\t\t\t\t<span class=\"elementor-button-text\">Kontaktiere uns<\/span>\n\t\t\t\t\t<\/span>\n\t\t\t\t\t<\/a>\n\t\t\t\t<\/div>\n\t\t\t\t\t\t\t\t<\/div>\n\t\t\t\t<\/div>\n\t\t\t\t\t<\/div>\n\t\t\t\t<\/div>\n\t\t\t\t<\/div>\n\t\t<div class=\"elementor-element elementor-element-7e82d32 e-con-full e-flex e-con e-child\" data-id=\"7e82d32\" data-element_type=\"container\" data-e-type=\"container\">\n\t\t<div class=\"elementor-element elementor-element-c8a06e7 e-flex e-con-boxed e-con e-child\" data-id=\"c8a06e7\" data-element_type=\"container\" data-e-type=\"container\" data-settings=\"{&quot;background_background&quot;:&quot;classic&quot;}\">\n\t\t\t\t\t<div class=\"e-con-inner\">\n\t\t\t\t<div class=\"elementor-element elementor-element-581543d elementor-widget elementor-widget-heading\" data-id=\"581543d\" data-element_type=\"widget\" data-e-type=\"widget\" data-widget_type=\"heading.default\">\n\t\t\t\t<div class=\"elementor-widget-container\">\n\t\t\t\t\t<h2 class=\"elementor-heading-title elementor-size-default\">VORTEILE<\/h2>\t\t\t\t<\/div>\n\t\t\t\t<\/div>\n\t\t\t\t<div class=\"elementor-element elementor-element-eb46fb5 elementor-widget elementor-widget-video\" data-id=\"eb46fb5\" data-element_type=\"widget\" data-e-type=\"widget\" data-settings=\"{&quot;youtube_url&quot;:&quot;https:\\\/\\\/www.youtube.com\\\/watch?v=vkZazh97nMI&quot;,&quot;lazy_load&quot;:&quot;yes&quot;,&quot;video_type&quot;:&quot;youtube&quot;,&quot;controls&quot;:&quot;yes&quot;}\" data-widget_type=\"video.default\">\n\t\t\t\t<div class=\"elementor-widget-container\">\n\t\t\t\t\t\t\t<div class=\"elementor-wrapper elementor-open-inline\">\n\t\t\t<div class=\"elementor-video\"><\/div>\t\t<\/div>\n\t\t\t\t\t\t<\/div>\n\t\t\t\t<\/div>\n\t\t\t\t\t<\/div>\n\t\t\t\t<\/div>\n\t\t\t\t<\/div>\n\t\t\t\t\t<\/div>\n\t\t\t\t<\/div>\n\t\t\t\t\t<\/div>\n\t\t\t\t<\/div>\n\t\t\t\t<\/div>\n\t\t","protected":false},"excerpt":{"rendered":"<p>Die Ausbildung bei HKM SA In folgenden Berufe, bilden wir aus EFZ Bodenverleger &#8211; Parkett EFZ Bodenverleger &#8211; textil und elastisch EFZ Kaufm\u00e4nnischer Angestellter\u00a0 HKM bietet Orientierungskurse an, um jungen Menschen, die sich f\u00fcr diesen Bereich interessieren oder ihn noch nicht kennen, n\u00e4her zu bringen. Es ist wichtig, dass der zuk\u00fcnftige Auszubildende wei\u00df, was ihn [&hellip;]<\/p>\n","protected":false},"author":1,"featured_media":0,"parent":2703,"menu_order":2,"comment_status":"closed","ping_status":"closed","template":"elementor_header_footer","meta":{"footnotes":""},"class_list":["post-2698","page","type-page","status-publish","hentry"],"yoast_head":"<!-- This site is optimized with the Yoast SEO plugin v27.4 - https:\/\/yoast.com\/product\/yoast-seo-wordpress\/ -->\n<title>Arbeiten bei HKM SA - Karriere und Entwicklung<\/title>\n<meta name=\"description\" content=\"Entdecken Sie die Berufe, Werte und Vorteile des Unternehmens HKM SA, das auf Innenrenovierung und Bodenbel\u00e4ge spezialisiert ist.\" \/>\n<meta name=\"robots\" content=\"index, follow, max-snippet:-1, max-image-preview:large, max-video-preview:-1\" \/>\n<link rel=\"canonical\" href=\"https:\/\/www.hkm.ch\/de\/karriere\/berufe-die-wir-ausbilden\/\" \/>\n<meta property=\"og:locale\" content=\"de_DE\" \/>\n<meta property=\"og:type\" content=\"article\" \/>\n<meta property=\"og:title\" content=\"Arbeiten bei HKM SA - Karriere und Entwicklung\" \/>\n<meta property=\"og:description\" content=\"Entdecken Sie die Berufe, Werte und Vorteile des Unternehmens HKM SA, das auf Innenrenovierung und Bodenbel\u00e4ge spezialisiert ist.\" \/>\n<meta property=\"og:url\" content=\"https:\/\/www.hkm.ch\/de\/karriere\/berufe-die-wir-ausbilden\/\" \/>\n<meta property=\"og:site_name\" content=\"HKM SA\" \/>\n<meta property=\"article:modified_time\" content=\"2024-03-15T12:54:55+00:00\" \/>\n<meta name=\"twitter:card\" content=\"summary_large_image\" \/>\n<meta name=\"twitter:label1\" content=\"Gesch\u00e4tzte Lesezeit\" \/>\n\t<meta name=\"twitter:data1\" content=\"1\u00a0Minute\" \/>\n<script type=\"application\/ld+json\" class=\"yoast-schema-graph\">{\"@context\":\"https:\\\/\\\/schema.org\",\"@graph\":[{\"@type\":\"WebPage\",\"@id\":\"https:\\\/\\\/www.hkm.ch\\\/de\\\/karriere\\\/berufe-die-wir-ausbilden\\\/\",\"url\":\"https:\\\/\\\/www.hkm.ch\\\/de\\\/karriere\\\/berufe-die-wir-ausbilden\\\/\",\"name\":\"Arbeiten bei HKM SA - Karriere und Entwicklung\",\"isPartOf\":{\"@id\":\"https:\\\/\\\/www.hkm.ch\\\/de\\\/#website\"},\"datePublished\":\"2024-01-08T11:12:48+00:00\",\"dateModified\":\"2024-03-15T12:54:55+00:00\",\"description\":\"Entdecken Sie die Berufe, Werte und Vorteile des Unternehmens HKM SA, das auf Innenrenovierung und Bodenbel\u00e4ge spezialisiert ist.\",\"breadcrumb\":{\"@id\":\"https:\\\/\\\/www.hkm.ch\\\/de\\\/karriere\\\/berufe-die-wir-ausbilden\\\/#breadcrumb\"},\"inLanguage\":\"de\",\"potentialAction\":[{\"@type\":\"ReadAction\",\"target\":[\"https:\\\/\\\/www.hkm.ch\\\/de\\\/karriere\\\/berufe-die-wir-ausbilden\\\/\"]}]},{\"@type\":\"BreadcrumbList\",\"@id\":\"https:\\\/\\\/www.hkm.ch\\\/de\\\/karriere\\\/berufe-die-wir-ausbilden\\\/#breadcrumb\",\"itemListElement\":[{\"@type\":\"ListItem\",\"position\":1,\"name\":\"Accueil\",\"item\":\"https:\\\/\\\/www.hkm.ch\\\/de\\\/\"},{\"@type\":\"ListItem\",\"position\":2,\"name\":\"Karriere\",\"item\":\"https:\\\/\\\/www.hkm.ch\\\/de\\\/karriere\\\/\"},{\"@type\":\"ListItem\",\"position\":3,\"name\":\"Berufe die wir ausbilden\"}]},{\"@type\":\"WebSite\",\"@id\":\"https:\\\/\\\/www.hkm.ch\\\/de\\\/#website\",\"url\":\"https:\\\/\\\/www.hkm.ch\\\/de\\\/\",\"name\":\"HKM SA\",\"description\":\"\",\"publisher\":{\"@id\":\"https:\\\/\\\/www.hkm.ch\\\/de\\\/#organization\"},\"potentialAction\":[{\"@type\":\"SearchAction\",\"target\":{\"@type\":\"EntryPoint\",\"urlTemplate\":\"https:\\\/\\\/www.hkm.ch\\\/de\\\/?s={search_term_string}\"},\"query-input\":{\"@type\":\"PropertyValueSpecification\",\"valueRequired\":true,\"valueName\":\"search_term_string\"}}],\"inLanguage\":\"de\"},{\"@type\":\"Organization\",\"@id\":\"https:\\\/\\\/www.hkm.ch\\\/de\\\/#organization\",\"name\":\"HKM SA\",\"url\":\"https:\\\/\\\/www.hkm.ch\\\/de\\\/\",\"logo\":{\"@type\":\"ImageObject\",\"inLanguage\":\"de\",\"@id\":\"https:\\\/\\\/www.hkm.ch\\\/de\\\/#\\\/schema\\\/logo\\\/image\\\/\",\"url\":\"https:\\\/\\\/www.hkm.ch\\\/wp-content\\\/uploads\\\/2023\\\/11\\\/logo-hkm-sa.webp\",\"contentUrl\":\"https:\\\/\\\/www.hkm.ch\\\/wp-content\\\/uploads\\\/2023\\\/11\\\/logo-hkm-sa.webp\",\"width\":250,\"height\":59,\"caption\":\"HKM SA\"},\"image\":{\"@id\":\"https:\\\/\\\/www.hkm.ch\\\/de\\\/#\\\/schema\\\/logo\\\/image\\\/\"}}]}<\/script>\n<!-- \/ Yoast SEO plugin. -->","yoast_head_json":{"title":"Arbeiten bei HKM SA - Karriere und Entwicklung","description":"Entdecken Sie die Berufe, Werte und Vorteile des Unternehmens HKM SA, das auf Innenrenovierung und Bodenbel\u00e4ge spezialisiert ist.","robots":{"index":"index","follow":"follow","max-snippet":"max-snippet:-1","max-image-preview":"max-image-preview:large","max-video-preview":"max-video-preview:-1"},"canonical":"https:\/\/www.hkm.ch\/de\/karriere\/berufe-die-wir-ausbilden\/","og_locale":"de_DE","og_type":"article","og_title":"Arbeiten bei HKM SA - Karriere und Entwicklung","og_description":"Entdecken Sie die Berufe, Werte und Vorteile des Unternehmens HKM SA, das auf Innenrenovierung und Bodenbel\u00e4ge spezialisiert ist.","og_url":"https:\/\/www.hkm.ch\/de\/karriere\/berufe-die-wir-ausbilden\/","og_site_name":"HKM SA","article_modified_time":"2024-03-15T12:54:55+00:00","twitter_card":"summary_large_image","twitter_misc":{"Gesch\u00e4tzte Lesezeit":"1\u00a0Minute"},"schema":{"@context":"https:\/\/schema.org","@graph":[{"@type":"WebPage","@id":"https:\/\/www.hkm.ch\/de\/karriere\/berufe-die-wir-ausbilden\/","url":"https:\/\/www.hkm.ch\/de\/karriere\/berufe-die-wir-ausbilden\/","name":"Arbeiten bei HKM SA - Karriere und Entwicklung","isPartOf":{"@id":"https:\/\/www.hkm.ch\/de\/#website"},"datePublished":"2024-01-08T11:12:48+00:00","dateModified":"2024-03-15T12:54:55+00:00","description":"Entdecken Sie die Berufe, Werte und Vorteile des Unternehmens HKM SA, das auf Innenrenovierung und Bodenbel\u00e4ge spezialisiert ist.","breadcrumb":{"@id":"https:\/\/www.hkm.ch\/de\/karriere\/berufe-die-wir-ausbilden\/#breadcrumb"},"inLanguage":"de","potentialAction":[{"@type":"ReadAction","target":["https:\/\/www.hkm.ch\/de\/karriere\/berufe-die-wir-ausbilden\/"]}]},{"@type":"BreadcrumbList","@id":"https:\/\/www.hkm.ch\/de\/karriere\/berufe-die-wir-ausbilden\/#breadcrumb","itemListElement":[{"@type":"ListItem","position":1,"name":"Accueil","item":"https:\/\/www.hkm.ch\/de\/"},{"@type":"ListItem","position":2,"name":"Karriere","item":"https:\/\/www.hkm.ch\/de\/karriere\/"},{"@type":"ListItem","position":3,"name":"Berufe die wir ausbilden"}]},{"@type":"WebSite","@id":"https:\/\/www.hkm.ch\/de\/#website","url":"https:\/\/www.hkm.ch\/de\/","name":"HKM SA","description":"","publisher":{"@id":"https:\/\/www.hkm.ch\/de\/#organization"},"potentialAction":[{"@type":"SearchAction","target":{"@type":"EntryPoint","urlTemplate":"https:\/\/www.hkm.ch\/de\/?s={search_term_string}"},"query-input":{"@type":"PropertyValueSpecification","valueRequired":true,"valueName":"search_term_string"}}],"inLanguage":"de"},{"@type":"Organization","@id":"https:\/\/www.hkm.ch\/de\/#organization","name":"HKM SA","url":"https:\/\/www.hkm.ch\/de\/","logo":{"@type":"ImageObject","inLanguage":"de","@id":"https:\/\/www.hkm.ch\/de\/#\/schema\/logo\/image\/","url":"https:\/\/www.hkm.ch\/wp-content\/uploads\/2023\/11\/logo-hkm-sa.webp","contentUrl":"https:\/\/www.hkm.ch\/wp-content\/uploads\/2023\/11\/logo-hkm-sa.webp","width":250,"height":59,"caption":"HKM SA"},"image":{"@id":"https:\/\/www.hkm.ch\/de\/#\/schema\/logo\/image\/"}}]}},"_links":{"self":[{"href":"https:\/\/www.hkm.ch\/de\/wp-json\/wp\/v2\/pages\/2698","targetHints":{"allow":["GET"]}}],"collection":[{"href":"https:\/\/www.hkm.ch\/de\/wp-json\/wp\/v2\/pages"}],"about":[{"href":"https:\/\/www.hkm.ch\/de\/wp-json\/wp\/v2\/types\/page"}],"author":[{"embeddable":true,"href":"https:\/\/www.hkm.ch\/de\/wp-json\/wp\/v2\/users\/1"}],"replies":[{"embeddable":true,"href":"https:\/\/www.hkm.ch\/de\/wp-json\/wp\/v2\/comments?post=2698"}],"version-history":[{"count":7,"href":"https:\/\/www.hkm.ch\/de\/wp-json\/wp\/v2\/pages\/2698\/revisions"}],"predecessor-version":[{"id":2902,"href":"https:\/\/www.hkm.ch\/de\/wp-json\/wp\/v2\/pages\/2698\/revisions\/2902"}],"up":[{"embeddable":true,"href":"https:\/\/www.hkm.ch\/de\/wp-json\/wp\/v2\/pages\/2703"}],"wp:attachment":[{"href":"https:\/\/www.hkm.ch\/de\/wp-json\/wp\/v2\/media?parent=2698"}],"curies":[{"name":"wp","href":"https:\/\/api.w.org\/{rel}","templated":true}]}}