{"id":2697,"date":"2024-01-08T12:18:02","date_gmt":"2024-01-08T11:18:02","guid":{"rendered":"https:\/\/www.hkm.ch\/emploi-a-pourvoir\/"},"modified":"2024-03-15T14:04:59","modified_gmt":"2024-03-15T13:04:59","slug":"offene-stellen","status":"publish","type":"page","link":"https:\/\/www.hkm.ch\/de\/karriere\/offene-stellen\/","title":{"rendered":"Offene Stellen"},"content":{"rendered":"\t\t<div data-elementor-type=\"wp-page\" data-elementor-id=\"2697\" class=\"elementor elementor-2697 elementor-1264\" data-elementor-post-type=\"page\">\n\t\t\t\t<div class=\"elementor-element elementor-element-6150521 e-flex e-con-boxed e-con e-parent\" data-id=\"6150521\" data-element_type=\"container\" data-e-type=\"container\" data-settings=\"{&quot;background_background&quot;:&quot;classic&quot;}\">\n\t\t\t\t\t<div class=\"e-con-inner\">\n\t\t\t\t\t<\/div>\n\t\t\t\t<\/div>\n\t\t<div class=\"elementor-element elementor-element-654c7f2 e-flex e-con-boxed e-con e-parent\" data-id=\"654c7f2\" data-element_type=\"container\" data-e-type=\"container\">\n\t\t\t\t\t<div class=\"e-con-inner\">\n\t\t\t\t<div class=\"elementor-element elementor-element-87d074e elementor-widget elementor-widget-heading\" data-id=\"87d074e\" data-element_type=\"widget\" data-e-type=\"widget\" data-widget_type=\"heading.default\">\n\t\t\t\t<div class=\"elementor-widget-container\">\n\t\t\t\t\t<h1 class=\"elementor-heading-title elementor-size-default\">Offene Stellen<\/h1>\t\t\t\t<\/div>\n\t\t\t\t<\/div>\n\t\t<div class=\"elementor-element elementor-element-70468b2 e-flex e-con-boxed e-con e-child\" data-id=\"70468b2\" data-element_type=\"container\" data-e-type=\"container\">\n\t\t\t\t\t<div class=\"e-con-inner\">\n\t\t<div class=\"elementor-element elementor-element-938f96c e-con-full e-flex e-con e-child\" data-id=\"938f96c\" data-element_type=\"container\" data-e-type=\"container\">\n\t\t\t\t<div class=\"elementor-element elementor-element-b4c8fb7 elementor-widget elementor-widget-image\" data-id=\"b4c8fb7\" data-element_type=\"widget\" data-e-type=\"widget\" data-widget_type=\"image.default\">\n\t\t\t\t<div class=\"elementor-widget-container\">\n\t\t\t\t\t\t\t\t\t\t\t\t\t\t\t<img fetchpriority=\"high\" decoding=\"async\" width=\"825\" height=\"430\" src=\"https:\/\/www.hkm.ch\/wp-content\/uploads\/2024\/01\/Emploi-a-pourvoir-HKM-SA.webp\" class=\"attachment-full size-full wp-image-2608\" alt=\"\" srcset=\"https:\/\/www.hkm.ch\/wp-content\/uploads\/2024\/01\/Emploi-a-pourvoir-HKM-SA.webp 825w, https:\/\/www.hkm.ch\/wp-content\/uploads\/2024\/01\/Emploi-a-pourvoir-HKM-SA-300x156.webp 300w, https:\/\/www.hkm.ch\/wp-content\/uploads\/2024\/01\/Emploi-a-pourvoir-HKM-SA-768x400.webp 768w\" sizes=\"(max-width: 825px) 100vw, 825px\" \/>\t\t\t\t\t\t\t\t\t\t\t\t\t\t\t<\/div>\n\t\t\t\t<\/div>\n\t\t\t\t<div class=\"elementor-element elementor-element-704597f elementor-widget elementor-widget-text-editor\" data-id=\"704597f\" data-element_type=\"widget\" data-e-type=\"widget\" data-widget_type=\"text-editor.default\">\n\t\t\t\t<div class=\"elementor-widget-container\">\n\t\t\t\t\t\t\t\t\t<p>Bei HKM sind die Mitarbeiter ein wertvolles Gut, da sie eine zentrale Rolle bei der Durchf\u00fchrung von Projekten spielen.<br \/>Sie halten die Qualit\u00e4t in allen Abteilungen mit Effizienz konstant und f\u00f6rdern gleichzeitig einen auf Kundenzufriedenheit ausgerichteten Ansatz\u00a0<\/p>\t\t\t\t\t\t\t\t<\/div>\n\t\t\t\t<\/div>\n\t\t\t\t<div class=\"elementor-element elementor-element-8c213e7 elementor-widget elementor-widget-button\" data-id=\"8c213e7\" data-element_type=\"widget\" data-e-type=\"widget\" data-widget_type=\"button.default\">\n\t\t\t\t<div class=\"elementor-widget-container\">\n\t\t\t\t\t\t\t\t\t<div class=\"elementor-button-wrapper\">\n\t\t\t\t\t<a class=\"elementor-button elementor-button-link elementor-size-sm\" href=\"\/fr\/carriere\/emploi-a-pourvoir\/\" target=\"_blank\">\n\t\t\t\t\t\t<span class=\"elementor-button-content-wrapper\">\n\t\t\t\t\t\t\t\t\t<span class=\"elementor-button-text\">zu den franz\u00f6sischen Stellenausschreibungen<\/span>\n\t\t\t\t\t<\/span>\n\t\t\t\t\t<\/a>\n\t\t\t\t<\/div>\n\t\t\t\t\t\t\t\t<\/div>\n\t\t\t\t<\/div>\n\t\t\t\t<\/div>\n\t\t<div class=\"elementor-element elementor-element-cef2ab1 e-con-full e-flex e-con e-child\" data-id=\"cef2ab1\" data-element_type=\"container\" data-e-type=\"container\">\n\t\t<div class=\"elementor-element elementor-element-f9842dc e-flex e-con-boxed e-con e-child\" data-id=\"f9842dc\" data-element_type=\"container\" data-e-type=\"container\" data-settings=\"{&quot;background_background&quot;:&quot;classic&quot;}\">\n\t\t\t\t\t<div class=\"e-con-inner\">\n\t\t\t\t<div class=\"elementor-element elementor-element-169ac6f elementor-widget elementor-widget-heading\" data-id=\"169ac6f\" data-element_type=\"widget\" data-e-type=\"widget\" data-widget_type=\"heading.default\">\n\t\t\t\t<div class=\"elementor-widget-container\">\n\t\t\t\t\t<h2 class=\"elementor-heading-title elementor-size-default\">Mitarbeiter Vorteile<\/h2>\t\t\t\t<\/div>\n\t\t\t\t<\/div>\n\t\t\t\t<div class=\"elementor-element elementor-element-aab43c2 elementor-widget elementor-widget-text-editor\" data-id=\"aab43c2\" data-element_type=\"widget\" data-e-type=\"widget\" data-widget_type=\"text-editor.default\">\n\t\t\t\t<div class=\"elementor-widget-container\">\n\t\t\t\t\t\t\t\t\t<p>HKM bietet seinen Mitarbeitern Vorteile, um Berufs- und Privatleben miteinander zu vereinbaren, indem es flexible Arbeitszeiten einf\u00fchrt.<\/p><p>HKM stattet seine Produktionsmitarbeiter mit allen erforderlichen Kleidungsst\u00fccken, PSA und Schutzschuhen sowie Arbeitsger\u00e4ten aus.<\/p><p>Die Mitarbeiter der Verwaltung sind mit Laptops ausgestattet, um die Arbeit aus der Ferne zu erleichtern.<\/p><p>Alle Mitarbeiter haben Anspruch auf 25 Tage Grundurlaub.<\/p><p>Weiterbildungen wie das Eidgen\u00f6ssische F\u00e4higkeitszeugnis als Bodenleger\/in.\u00a0<\/p>\t\t\t\t\t\t\t\t<\/div>\n\t\t\t\t<\/div>\n\t\t\t\t<div class=\"elementor-element elementor-element-6874701 elementor-widget elementor-widget-heading\" data-id=\"6874701\" data-element_type=\"widget\" data-e-type=\"widget\" data-widget_type=\"heading.default\">\n\t\t\t\t<div class=\"elementor-widget-container\">\n\t\t\t\t\t<h2 class=\"elementor-heading-title elementor-size-default\">INTERVIEWS<\/h2>\t\t\t\t<\/div>\n\t\t\t\t<\/div>\n\t\t\t\t<div class=\"elementor-element elementor-element-48cc2ca elementor-widget elementor-widget-text-editor\" data-id=\"48cc2ca\" data-element_type=\"widget\" data-e-type=\"widget\" data-widget_type=\"text-editor.default\">\n\t\t\t\t<div class=\"elementor-widget-container\">\n\t\t\t\t\t\t\t\t\t<p>Mitarbeitende sprechen \u00fcber HKM und ihren Beruf:\u00a0<\/p>\t\t\t\t\t\t\t\t<\/div>\n\t\t\t\t<\/div>\n\t\t\t\t<div class=\"elementor-element elementor-element-530c60e elementor-widget elementor-widget-button\" data-id=\"530c60e\" data-element_type=\"widget\" data-e-type=\"widget\" data-widget_type=\"button.default\">\n\t\t\t\t<div class=\"elementor-widget-container\">\n\t\t\t\t\t\t\t\t\t<div class=\"elementor-button-wrapper\">\n\t\t\t\t\t<a class=\"elementor-button elementor-button-link elementor-size-sm\" href=\"https:\/\/www.youtube.com\/playlist?list=PLcSkvcBgMMhT69_Q4R8g_W2uzVYYcrYu9\" target=\"_blank\">\n\t\t\t\t\t\t<span class=\"elementor-button-content-wrapper\">\n\t\t\t\t\t\t\t\t\t<span class=\"elementor-button-text\">zu den Interviews<\/span>\n\t\t\t\t\t<\/span>\n\t\t\t\t\t<\/a>\n\t\t\t\t<\/div>\n\t\t\t\t\t\t\t\t<\/div>\n\t\t\t\t<\/div>\n\t\t\t\t\t<\/div>\n\t\t\t\t<\/div>\n\t\t\t\t<\/div>\n\t\t\t\t\t<\/div>\n\t\t\t\t<\/div>\n\t\t\t\t\t<\/div>\n\t\t\t\t<\/div>\n\t\t\t\t<\/div>\n\t\t","protected":false},"excerpt":{"rendered":"<p>Offene Stellen Bei HKM sind die Mitarbeiter ein wertvolles Gut, da sie eine zentrale Rolle bei der Durchf\u00fchrung von Projekten spielen.Sie halten die Qualit\u00e4t in allen Abteilungen mit Effizienz konstant und f\u00f6rdern gleichzeitig einen auf Kundenzufriedenheit ausgerichteten Ansatz\u00a0 zu den franz\u00f6sischen Stellenausschreibungen Mitarbeiter Vorteile HKM bietet seinen Mitarbeitern Vorteile, um Berufs- und Privatleben miteinander zu [&hellip;]<\/p>\n","protected":false},"author":1,"featured_media":0,"parent":2703,"menu_order":3,"comment_status":"closed","ping_status":"closed","template":"elementor_header_footer","meta":{"footnotes":""},"class_list":["post-2697","page","type-page","status-publish","hentry"],"yoast_head":"<!-- This site is optimized with the Yoast SEO plugin v27.4 - https:\/\/yoast.com\/product\/yoast-seo-wordpress\/ -->\n<title>HKM SA stellt ein: Entdecken Sie die Stellenangebote<\/title>\n<meta name=\"description\" content=\"Parkettleger, Bodenleger, Verkaufsleiter... alle unsere Stellenangebote hier verf\u00fcgbar, um Teil des HKM SA-Team zu werden\" \/>\n<meta name=\"robots\" content=\"index, follow, max-snippet:-1, max-image-preview:large, max-video-preview:-1\" \/>\n<link rel=\"canonical\" href=\"https:\/\/www.hkm.ch\/de\/karriere\/offene-stellen\/\" \/>\n<meta property=\"og:locale\" content=\"de_DE\" \/>\n<meta property=\"og:type\" content=\"article\" \/>\n<meta property=\"og:title\" content=\"HKM SA stellt ein: Entdecken Sie die Stellenangebote\" \/>\n<meta property=\"og:description\" content=\"Parkettleger, Bodenleger, Verkaufsleiter... alle unsere Stellenangebote hier verf\u00fcgbar, um Teil des HKM SA-Team zu werden\" \/>\n<meta property=\"og:url\" content=\"https:\/\/www.hkm.ch\/de\/karriere\/offene-stellen\/\" \/>\n<meta property=\"og:site_name\" content=\"HKM SA\" \/>\n<meta property=\"article:modified_time\" content=\"2024-03-15T13:04:59+00:00\" \/>\n<meta property=\"og:image\" content=\"https:\/\/www.hkm.ch\/wp-content\/uploads\/2024\/01\/Emploi-a-pourvoir-HKM-SA.webp\" \/>\n<meta name=\"twitter:card\" content=\"summary_large_image\" \/>\n<meta name=\"twitter:label1\" content=\"Gesch\u00e4tzte Lesezeit\" \/>\n\t<meta name=\"twitter:data1\" content=\"1\u00a0Minute\" \/>\n<script type=\"application\/ld+json\" class=\"yoast-schema-graph\">{\"@context\":\"https:\\\/\\\/schema.org\",\"@graph\":[{\"@type\":\"WebPage\",\"@id\":\"https:\\\/\\\/www.hkm.ch\\\/de\\\/karriere\\\/offene-stellen\\\/\",\"url\":\"https:\\\/\\\/www.hkm.ch\\\/de\\\/karriere\\\/offene-stellen\\\/\",\"name\":\"HKM SA stellt ein: Entdecken Sie die Stellenangebote\",\"isPartOf\":{\"@id\":\"https:\\\/\\\/www.hkm.ch\\\/de\\\/#website\"},\"primaryImageOfPage\":{\"@id\":\"https:\\\/\\\/www.hkm.ch\\\/de\\\/karriere\\\/offene-stellen\\\/#primaryimage\"},\"image\":{\"@id\":\"https:\\\/\\\/www.hkm.ch\\\/de\\\/karriere\\\/offene-stellen\\\/#primaryimage\"},\"thumbnailUrl\":\"https:\\\/\\\/www.hkm.ch\\\/wp-content\\\/uploads\\\/2024\\\/01\\\/Emploi-a-pourvoir-HKM-SA.webp\",\"datePublished\":\"2024-01-08T11:18:02+00:00\",\"dateModified\":\"2024-03-15T13:04:59+00:00\",\"description\":\"Parkettleger, Bodenleger, Verkaufsleiter... alle unsere Stellenangebote hier verf\u00fcgbar, um Teil des HKM SA-Team zu werden\",\"breadcrumb\":{\"@id\":\"https:\\\/\\\/www.hkm.ch\\\/de\\\/karriere\\\/offene-stellen\\\/#breadcrumb\"},\"inLanguage\":\"de\",\"potentialAction\":[{\"@type\":\"ReadAction\",\"target\":[\"https:\\\/\\\/www.hkm.ch\\\/de\\\/karriere\\\/offene-stellen\\\/\"]}]},{\"@type\":\"ImageObject\",\"inLanguage\":\"de\",\"@id\":\"https:\\\/\\\/www.hkm.ch\\\/de\\\/karriere\\\/offene-stellen\\\/#primaryimage\",\"url\":\"https:\\\/\\\/www.hkm.ch\\\/wp-content\\\/uploads\\\/2024\\\/01\\\/Emploi-a-pourvoir-HKM-SA.webp\",\"contentUrl\":\"https:\\\/\\\/www.hkm.ch\\\/wp-content\\\/uploads\\\/2024\\\/01\\\/Emploi-a-pourvoir-HKM-SA.webp\"},{\"@type\":\"BreadcrumbList\",\"@id\":\"https:\\\/\\\/www.hkm.ch\\\/de\\\/karriere\\\/offene-stellen\\\/#breadcrumb\",\"itemListElement\":[{\"@type\":\"ListItem\",\"position\":1,\"name\":\"Accueil\",\"item\":\"https:\\\/\\\/www.hkm.ch\\\/de\\\/\"},{\"@type\":\"ListItem\",\"position\":2,\"name\":\"Karriere\",\"item\":\"https:\\\/\\\/www.hkm.ch\\\/de\\\/karriere\\\/\"},{\"@type\":\"ListItem\",\"position\":3,\"name\":\"Offene Stellen\"}]},{\"@type\":\"WebSite\",\"@id\":\"https:\\\/\\\/www.hkm.ch\\\/de\\\/#website\",\"url\":\"https:\\\/\\\/www.hkm.ch\\\/de\\\/\",\"name\":\"HKM SA\",\"description\":\"\",\"publisher\":{\"@id\":\"https:\\\/\\\/www.hkm.ch\\\/de\\\/#organization\"},\"potentialAction\":[{\"@type\":\"SearchAction\",\"target\":{\"@type\":\"EntryPoint\",\"urlTemplate\":\"https:\\\/\\\/www.hkm.ch\\\/de\\\/?s={search_term_string}\"},\"query-input\":{\"@type\":\"PropertyValueSpecification\",\"valueRequired\":true,\"valueName\":\"search_term_string\"}}],\"inLanguage\":\"de\"},{\"@type\":\"Organization\",\"@id\":\"https:\\\/\\\/www.hkm.ch\\\/de\\\/#organization\",\"name\":\"HKM SA\",\"url\":\"https:\\\/\\\/www.hkm.ch\\\/de\\\/\",\"logo\":{\"@type\":\"ImageObject\",\"inLanguage\":\"de\",\"@id\":\"https:\\\/\\\/www.hkm.ch\\\/de\\\/#\\\/schema\\\/logo\\\/image\\\/\",\"url\":\"https:\\\/\\\/www.hkm.ch\\\/wp-content\\\/uploads\\\/2023\\\/11\\\/logo-hkm-sa.webp\",\"contentUrl\":\"https:\\\/\\\/www.hkm.ch\\\/wp-content\\\/uploads\\\/2023\\\/11\\\/logo-hkm-sa.webp\",\"width\":250,\"height\":59,\"caption\":\"HKM SA\"},\"image\":{\"@id\":\"https:\\\/\\\/www.hkm.ch\\\/de\\\/#\\\/schema\\\/logo\\\/image\\\/\"}}]}<\/script>\n<!-- \/ Yoast SEO plugin. -->","yoast_head_json":{"title":"HKM SA stellt ein: Entdecken Sie die Stellenangebote","description":"Parkettleger, Bodenleger, Verkaufsleiter... alle unsere Stellenangebote hier verf\u00fcgbar, um Teil des HKM SA-Team zu werden","robots":{"index":"index","follow":"follow","max-snippet":"max-snippet:-1","max-image-preview":"max-image-preview:large","max-video-preview":"max-video-preview:-1"},"canonical":"https:\/\/www.hkm.ch\/de\/karriere\/offene-stellen\/","og_locale":"de_DE","og_type":"article","og_title":"HKM SA stellt ein: Entdecken Sie die Stellenangebote","og_description":"Parkettleger, Bodenleger, Verkaufsleiter... alle unsere Stellenangebote hier verf\u00fcgbar, um Teil des HKM SA-Team zu werden","og_url":"https:\/\/www.hkm.ch\/de\/karriere\/offene-stellen\/","og_site_name":"HKM SA","article_modified_time":"2024-03-15T13:04:59+00:00","og_image":[{"url":"https:\/\/www.hkm.ch\/wp-content\/uploads\/2024\/01\/Emploi-a-pourvoir-HKM-SA.webp","type":"","width":"","height":""}],"twitter_card":"summary_large_image","twitter_misc":{"Gesch\u00e4tzte Lesezeit":"1\u00a0Minute"},"schema":{"@context":"https:\/\/schema.org","@graph":[{"@type":"WebPage","@id":"https:\/\/www.hkm.ch\/de\/karriere\/offene-stellen\/","url":"https:\/\/www.hkm.ch\/de\/karriere\/offene-stellen\/","name":"HKM SA stellt ein: Entdecken Sie die Stellenangebote","isPartOf":{"@id":"https:\/\/www.hkm.ch\/de\/#website"},"primaryImageOfPage":{"@id":"https:\/\/www.hkm.ch\/de\/karriere\/offene-stellen\/#primaryimage"},"image":{"@id":"https:\/\/www.hkm.ch\/de\/karriere\/offene-stellen\/#primaryimage"},"thumbnailUrl":"https:\/\/www.hkm.ch\/wp-content\/uploads\/2024\/01\/Emploi-a-pourvoir-HKM-SA.webp","datePublished":"2024-01-08T11:18:02+00:00","dateModified":"2024-03-15T13:04:59+00:00","description":"Parkettleger, Bodenleger, Verkaufsleiter... alle unsere Stellenangebote hier verf\u00fcgbar, um Teil des HKM SA-Team zu werden","breadcrumb":{"@id":"https:\/\/www.hkm.ch\/de\/karriere\/offene-stellen\/#breadcrumb"},"inLanguage":"de","potentialAction":[{"@type":"ReadAction","target":["https:\/\/www.hkm.ch\/de\/karriere\/offene-stellen\/"]}]},{"@type":"ImageObject","inLanguage":"de","@id":"https:\/\/www.hkm.ch\/de\/karriere\/offene-stellen\/#primaryimage","url":"https:\/\/www.hkm.ch\/wp-content\/uploads\/2024\/01\/Emploi-a-pourvoir-HKM-SA.webp","contentUrl":"https:\/\/www.hkm.ch\/wp-content\/uploads\/2024\/01\/Emploi-a-pourvoir-HKM-SA.webp"},{"@type":"BreadcrumbList","@id":"https:\/\/www.hkm.ch\/de\/karriere\/offene-stellen\/#breadcrumb","itemListElement":[{"@type":"ListItem","position":1,"name":"Accueil","item":"https:\/\/www.hkm.ch\/de\/"},{"@type":"ListItem","position":2,"name":"Karriere","item":"https:\/\/www.hkm.ch\/de\/karriere\/"},{"@type":"ListItem","position":3,"name":"Offene Stellen"}]},{"@type":"WebSite","@id":"https:\/\/www.hkm.ch\/de\/#website","url":"https:\/\/www.hkm.ch\/de\/","name":"HKM SA","description":"","publisher":{"@id":"https:\/\/www.hkm.ch\/de\/#organization"},"potentialAction":[{"@type":"SearchAction","target":{"@type":"EntryPoint","urlTemplate":"https:\/\/www.hkm.ch\/de\/?s={search_term_string}"},"query-input":{"@type":"PropertyValueSpecification","valueRequired":true,"valueName":"search_term_string"}}],"inLanguage":"de"},{"@type":"Organization","@id":"https:\/\/www.hkm.ch\/de\/#organization","name":"HKM SA","url":"https:\/\/www.hkm.ch\/de\/","logo":{"@type":"ImageObject","inLanguage":"de","@id":"https:\/\/www.hkm.ch\/de\/#\/schema\/logo\/image\/","url":"https:\/\/www.hkm.ch\/wp-content\/uploads\/2023\/11\/logo-hkm-sa.webp","contentUrl":"https:\/\/www.hkm.ch\/wp-content\/uploads\/2023\/11\/logo-hkm-sa.webp","width":250,"height":59,"caption":"HKM SA"},"image":{"@id":"https:\/\/www.hkm.ch\/de\/#\/schema\/logo\/image\/"}}]}},"_links":{"self":[{"href":"https:\/\/www.hkm.ch\/de\/wp-json\/wp\/v2\/pages\/2697","targetHints":{"allow":["GET"]}}],"collection":[{"href":"https:\/\/www.hkm.ch\/de\/wp-json\/wp\/v2\/pages"}],"about":[{"href":"https:\/\/www.hkm.ch\/de\/wp-json\/wp\/v2\/types\/page"}],"author":[{"embeddable":true,"href":"https:\/\/www.hkm.ch\/de\/wp-json\/wp\/v2\/users\/1"}],"replies":[{"embeddable":true,"href":"https:\/\/www.hkm.ch\/de\/wp-json\/wp\/v2\/comments?post=2697"}],"version-history":[{"count":13,"href":"https:\/\/www.hkm.ch\/de\/wp-json\/wp\/v2\/pages\/2697\/revisions"}],"predecessor-version":[{"id":3158,"href":"https:\/\/www.hkm.ch\/de\/wp-json\/wp\/v2\/pages\/2697\/revisions\/3158"}],"up":[{"embeddable":true,"href":"https:\/\/www.hkm.ch\/de\/wp-json\/wp\/v2\/pages\/2703"}],"wp:attachment":[{"href":"https:\/\/www.hkm.ch\/de\/wp-json\/wp\/v2\/media?parent=2697"}],"curies":[{"name":"wp","href":"https:\/\/api.w.org\/{rel}","templated":true}]}}