{"id":2691,"date":"2024-01-08T17:52:02","date_gmt":"2024-01-08T16:52:02","guid":{"rendered":"https:\/\/www.hkm.ch\/vision-philosophie\/"},"modified":"2025-07-22T08:26:53","modified_gmt":"2025-07-22T06:26:53","slug":"vision-philosophie","status":"publish","type":"page","link":"https:\/\/www.hkm.ch\/de\/firma\/vision-philosophie\/","title":{"rendered":"Vision \/ Philosophie"},"content":{"rendered":"\t\t<div data-elementor-type=\"wp-page\" data-elementor-id=\"2691\" class=\"elementor elementor-2691 elementor-1352\" data-elementor-post-type=\"page\">\n\t\t\t\t<div class=\"elementor-element elementor-element-41ad935 e-flex e-con-boxed e-con e-parent\" data-id=\"41ad935\" data-element_type=\"container\" data-e-type=\"container\" data-settings=\"{&quot;background_background&quot;:&quot;classic&quot;}\">\n\t\t\t\t\t<div class=\"e-con-inner\">\n\t\t\t\t\t<\/div>\n\t\t\t\t<\/div>\n\t\t<div class=\"elementor-element elementor-element-793528a e-flex e-con-boxed e-con e-parent\" data-id=\"793528a\" data-element_type=\"container\" data-e-type=\"container\">\n\t\t\t\t\t<div class=\"e-con-inner\">\n\t\t\t\t<div class=\"elementor-element elementor-element-e332e49 elementor-widget elementor-widget-heading\" data-id=\"e332e49\" data-element_type=\"widget\" data-e-type=\"widget\" data-widget_type=\"heading.default\">\n\t\t\t\t<div class=\"elementor-widget-container\">\n\t\t\t\t\t<h1 class=\"elementor-heading-title elementor-size-default\">Vision \/ philosophie<\/h1>\t\t\t\t<\/div>\n\t\t\t\t<\/div>\n\t\t<div class=\"elementor-element elementor-element-9550dc1 e-flex e-con-boxed e-con e-child\" data-id=\"9550dc1\" data-element_type=\"container\" data-e-type=\"container\">\n\t\t\t\t\t<div class=\"e-con-inner\">\n\t\t<div class=\"elementor-element elementor-element-5a98565 e-con-full e-flex e-con e-child\" data-id=\"5a98565\" data-element_type=\"container\" data-e-type=\"container\">\n\t\t\t\t<div class=\"elementor-element elementor-element-ae4702c elementor-widget elementor-widget-heading\" data-id=\"ae4702c\" data-element_type=\"widget\" data-e-type=\"widget\" data-widget_type=\"heading.default\">\n\t\t\t\t<div class=\"elementor-widget-container\">\n\t\t\t\t\t<h2 class=\"elementor-heading-title elementor-size-default\">Das Leben im Unternehmen<\/h2>\t\t\t\t<\/div>\n\t\t\t\t<\/div>\n\t\t\t\t<div class=\"elementor-element elementor-element-3049c38 elementor-widget elementor-widget-text-editor\" data-id=\"3049c38\" data-element_type=\"widget\" data-e-type=\"widget\" data-widget_type=\"text-editor.default\">\n\t\t\t\t<div class=\"elementor-widget-container\">\n\t\t\t\t\t\t\t\t\t<p>Bei HKM sind die Mitarbeiter ein wertvolles Gut, denn sie spielen eine zentrale Rolle bei der Realisierung der Projekte. Sie sorgen f\u00fcr eine konstante Qualit\u00e4t in allen Abteilungen und f\u00f6rdern gleichzeitig die Kundenzufriedenheit.<\/p><p>Bei der Aus\u00fcbung seiner T\u00e4tigkeit ist HKM st\u00e4ndig bestrebt:\u00a0<\/p>\t\t\t\t\t\t\t\t<\/div>\n\t\t\t\t<\/div>\n\t\t\t\t<div class=\"elementor-element elementor-element-f99aefa elementor-widget elementor-widget-text-editor\" data-id=\"f99aefa\" data-element_type=\"widget\" data-e-type=\"widget\" data-widget_type=\"text-editor.default\">\n\t\t\t\t<div class=\"elementor-widget-container\">\n\t\t\t\t\t\t\t\t\t<ul>\n \t<li>Beibehaltung einer fairen, stabilen und nachhaltigen Besch\u00e4ftigungspolitik.<\/li>\n \t<li>seine Mitarbeiter in einem gesunden Arbeitsumfeld anzuziehen und zu halten.<\/li>\n \t<li>F\u00f6rderung und Verbesserung der Entwicklung ihrer Mitarbeiter.<\/li>\n \t<li>F\u00f6rderung eines hervorragenden Umfelds, in dem die Mitarbeiter ihre F\u00e4higkeiten voll entfalten k\u00f6nnen.<\/li>\n \t<li>F\u00f6rderung von Kreativit\u00e4t, Bef\u00e4higung und Verantwortung jedes Einzelnen, seine F\u00e4higkeiten zu erhalten und zu entwickeln.<\/li>\n \t<li>Sicherstellung der Ausbildung der n\u00e4chsten Generation von Fachkr\u00e4ften und damit Aufbau einer soliden und nachhaltigen Grundlage und von Know-how.<\/li>\n \t<li>Wahrung der Chancengleichheit und der sozialen Verantwortung, um eine vielf\u00e4ltige Belegschaft zu f\u00f6rdern.<\/li>\n \t<li>Sie sollen die M\u00f6glichkeit haben, an Projekten unterschiedlicher Gr\u00f6\u00dfe und Komplexit\u00e4t zu arbeiten.<\/li>\n<\/ul>\t\t\t\t\t\t\t\t<\/div>\n\t\t\t\t<\/div>\n\t\t<div class=\"elementor-element elementor-element-33d1e8b e-flex e-con-boxed e-con e-child\" data-id=\"33d1e8b\" data-element_type=\"container\" data-e-type=\"container\">\n\t\t\t\t\t<div class=\"e-con-inner\">\n\t\t\t\t<div class=\"elementor-element elementor-element-0445c02 elementor-widget elementor-widget-button\" data-id=\"0445c02\" data-element_type=\"widget\" data-e-type=\"widget\" data-widget_type=\"button.default\">\n\t\t\t\t<div class=\"elementor-widget-container\">\n\t\t\t\t\t\t\t\t\t<div class=\"elementor-button-wrapper\">\n\t\t\t\t\t<a class=\"elementor-button elementor-button-link elementor-size-sm\" href=\"https:\/\/www.hkm.ch\/de\/firma\/unsere-werte\/\">\n\t\t\t\t\t\t<span class=\"elementor-button-content-wrapper\">\n\t\t\t\t\t\t\t\t\t<span class=\"elementor-button-text\">Erfahren Sie mehr \u00fcber unsere Werte<\/span>\n\t\t\t\t\t<\/span>\n\t\t\t\t\t<\/a>\n\t\t\t\t<\/div>\n\t\t\t\t\t\t\t\t<\/div>\n\t\t\t\t<\/div>\n\t\t\t\t<div class=\"elementor-element elementor-element-764d8eb elementor-widget elementor-widget-button\" data-id=\"764d8eb\" data-element_type=\"widget\" data-e-type=\"widget\" data-widget_type=\"button.default\">\n\t\t\t\t<div class=\"elementor-widget-container\">\n\t\t\t\t\t\t\t\t\t<div class=\"elementor-button-wrapper\">\n\t\t\t\t\t<a class=\"elementor-button elementor-button-link elementor-size-sm\" href=\"https:\/\/www.hkm.ch\/de\/kontakt-formular\/\">\n\t\t\t\t\t\t<span class=\"elementor-button-content-wrapper\">\n\t\t\t\t\t\t\t\t\t<span class=\"elementor-button-text\">Kontaktieren Sie uns<\/span>\n\t\t\t\t\t<\/span>\n\t\t\t\t\t<\/a>\n\t\t\t\t<\/div>\n\t\t\t\t\t\t\t\t<\/div>\n\t\t\t\t<\/div>\n\t\t\t\t\t<\/div>\n\t\t\t\t<\/div>\n\t\t\t\t<\/div>\n\t\t\t\t\t<\/div>\n\t\t\t\t<\/div>\n\t\t\t\t\t<\/div>\n\t\t\t\t<\/div>\n\t\t\t\t<\/div>\n\t\t","protected":false},"excerpt":{"rendered":"<p>Vision \/ philosophie Das Leben im Unternehmen Bei HKM sind die Mitarbeiter ein wertvolles Gut, denn sie spielen eine zentrale Rolle bei der Realisierung der Projekte. Sie sorgen f\u00fcr eine konstante Qualit\u00e4t in allen Abteilungen und f\u00f6rdern gleichzeitig die Kundenzufriedenheit. Bei der Aus\u00fcbung seiner T\u00e4tigkeit ist HKM st\u00e4ndig bestrebt:\u00a0 Beibehaltung einer fairen, stabilen und nachhaltigen [&hellip;]<\/p>\n","protected":false},"author":1,"featured_media":0,"parent":2826,"menu_order":2,"comment_status":"closed","ping_status":"closed","template":"elementor_header_footer","meta":{"footnotes":""},"class_list":["post-2691","page","type-page","status-publish","hentry"],"yoast_head":"<!-- This site is optimized with the Yoast SEO plugin v27.4 - https:\/\/yoast.com\/product\/yoast-seo-wordpress\/ -->\n<title>Vision \/ Philosophie \u2013 HKM SA - Fribourg - Lausanne - Gen\u00e8ve - Neuch\u00e2tel<\/title>\n<meta name=\"description\" content=\"Die Unternehmensvision der HKM AG: Ein exzellentes Umfeld f\u00fcr die Mitarbeiter und Kundenzufriedenheit als Priorit\u00e4t\" \/>\n<meta name=\"robots\" content=\"index, follow, max-snippet:-1, max-image-preview:large, max-video-preview:-1\" \/>\n<link rel=\"canonical\" href=\"https:\/\/www.hkm.ch\/de\/firma\/vision-philosophie\/\" \/>\n<meta property=\"og:locale\" content=\"de_DE\" \/>\n<meta property=\"og:type\" content=\"article\" \/>\n<meta property=\"og:title\" content=\"Vision \/ Philosophie \u2013 HKM SA - Fribourg - Lausanne - Gen\u00e8ve - Neuch\u00e2tel\" \/>\n<meta property=\"og:description\" content=\"Die Unternehmensvision der HKM AG: Ein exzellentes Umfeld f\u00fcr die Mitarbeiter und Kundenzufriedenheit als Priorit\u00e4t\" \/>\n<meta property=\"og:url\" content=\"https:\/\/www.hkm.ch\/de\/firma\/vision-philosophie\/\" \/>\n<meta property=\"og:site_name\" content=\"HKM SA\" \/>\n<meta property=\"article:modified_time\" content=\"2025-07-22T06:26:53+00:00\" \/>\n<meta name=\"twitter:card\" content=\"summary_large_image\" \/>\n<meta name=\"twitter:label1\" content=\"Gesch\u00e4tzte Lesezeit\" \/>\n\t<meta name=\"twitter:data1\" content=\"1\u00a0Minute\" \/>\n<script type=\"application\/ld+json\" class=\"yoast-schema-graph\">{\"@context\":\"https:\\\/\\\/schema.org\",\"@graph\":[{\"@type\":\"WebPage\",\"@id\":\"https:\\\/\\\/www.hkm.ch\\\/de\\\/firma\\\/vision-philosophie\\\/\",\"url\":\"https:\\\/\\\/www.hkm.ch\\\/de\\\/firma\\\/vision-philosophie\\\/\",\"name\":\"Vision \\\/ Philosophie \u2013 HKM SA - Fribourg - Lausanne - Gen\u00e8ve - Neuch\u00e2tel\",\"isPartOf\":{\"@id\":\"https:\\\/\\\/www.hkm.ch\\\/de\\\/#website\"},\"datePublished\":\"2024-01-08T16:52:02+00:00\",\"dateModified\":\"2025-07-22T06:26:53+00:00\",\"description\":\"Die Unternehmensvision der HKM AG: Ein exzellentes Umfeld f\u00fcr die Mitarbeiter und Kundenzufriedenheit als Priorit\u00e4t\",\"breadcrumb\":{\"@id\":\"https:\\\/\\\/www.hkm.ch\\\/de\\\/firma\\\/vision-philosophie\\\/#breadcrumb\"},\"inLanguage\":\"de\",\"potentialAction\":[{\"@type\":\"ReadAction\",\"target\":[\"https:\\\/\\\/www.hkm.ch\\\/de\\\/firma\\\/vision-philosophie\\\/\"]}]},{\"@type\":\"BreadcrumbList\",\"@id\":\"https:\\\/\\\/www.hkm.ch\\\/de\\\/firma\\\/vision-philosophie\\\/#breadcrumb\",\"itemListElement\":[{\"@type\":\"ListItem\",\"position\":1,\"name\":\"Accueil\",\"item\":\"https:\\\/\\\/www.hkm.ch\\\/de\\\/\"},{\"@type\":\"ListItem\",\"position\":2,\"name\":\"firma\",\"item\":\"https:\\\/\\\/www.hkm.ch\\\/de\\\/firma\\\/\"},{\"@type\":\"ListItem\",\"position\":3,\"name\":\"Vision \\\/ Philosophie\"}]},{\"@type\":\"WebSite\",\"@id\":\"https:\\\/\\\/www.hkm.ch\\\/de\\\/#website\",\"url\":\"https:\\\/\\\/www.hkm.ch\\\/de\\\/\",\"name\":\"HKM SA\",\"description\":\"\",\"publisher\":{\"@id\":\"https:\\\/\\\/www.hkm.ch\\\/de\\\/#organization\"},\"potentialAction\":[{\"@type\":\"SearchAction\",\"target\":{\"@type\":\"EntryPoint\",\"urlTemplate\":\"https:\\\/\\\/www.hkm.ch\\\/de\\\/?s={search_term_string}\"},\"query-input\":{\"@type\":\"PropertyValueSpecification\",\"valueRequired\":true,\"valueName\":\"search_term_string\"}}],\"inLanguage\":\"de\"},{\"@type\":\"Organization\",\"@id\":\"https:\\\/\\\/www.hkm.ch\\\/de\\\/#organization\",\"name\":\"HKM SA\",\"url\":\"https:\\\/\\\/www.hkm.ch\\\/de\\\/\",\"logo\":{\"@type\":\"ImageObject\",\"inLanguage\":\"de\",\"@id\":\"https:\\\/\\\/www.hkm.ch\\\/de\\\/#\\\/schema\\\/logo\\\/image\\\/\",\"url\":\"https:\\\/\\\/www.hkm.ch\\\/wp-content\\\/uploads\\\/2023\\\/11\\\/logo-hkm-sa.webp\",\"contentUrl\":\"https:\\\/\\\/www.hkm.ch\\\/wp-content\\\/uploads\\\/2023\\\/11\\\/logo-hkm-sa.webp\",\"width\":250,\"height\":59,\"caption\":\"HKM SA\"},\"image\":{\"@id\":\"https:\\\/\\\/www.hkm.ch\\\/de\\\/#\\\/schema\\\/logo\\\/image\\\/\"}}]}<\/script>\n<!-- \/ Yoast SEO plugin. -->","yoast_head_json":{"title":"Vision \/ Philosophie \u2013 HKM SA - Fribourg - Lausanne - Gen\u00e8ve - Neuch\u00e2tel","description":"Die Unternehmensvision der HKM AG: Ein exzellentes Umfeld f\u00fcr die Mitarbeiter und Kundenzufriedenheit als Priorit\u00e4t","robots":{"index":"index","follow":"follow","max-snippet":"max-snippet:-1","max-image-preview":"max-image-preview:large","max-video-preview":"max-video-preview:-1"},"canonical":"https:\/\/www.hkm.ch\/de\/firma\/vision-philosophie\/","og_locale":"de_DE","og_type":"article","og_title":"Vision \/ Philosophie \u2013 HKM SA - Fribourg - Lausanne - Gen\u00e8ve - Neuch\u00e2tel","og_description":"Die Unternehmensvision der HKM AG: Ein exzellentes Umfeld f\u00fcr die Mitarbeiter und Kundenzufriedenheit als Priorit\u00e4t","og_url":"https:\/\/www.hkm.ch\/de\/firma\/vision-philosophie\/","og_site_name":"HKM SA","article_modified_time":"2025-07-22T06:26:53+00:00","twitter_card":"summary_large_image","twitter_misc":{"Gesch\u00e4tzte Lesezeit":"1\u00a0Minute"},"schema":{"@context":"https:\/\/schema.org","@graph":[{"@type":"WebPage","@id":"https:\/\/www.hkm.ch\/de\/firma\/vision-philosophie\/","url":"https:\/\/www.hkm.ch\/de\/firma\/vision-philosophie\/","name":"Vision \/ Philosophie \u2013 HKM SA - Fribourg - Lausanne - Gen\u00e8ve - Neuch\u00e2tel","isPartOf":{"@id":"https:\/\/www.hkm.ch\/de\/#website"},"datePublished":"2024-01-08T16:52:02+00:00","dateModified":"2025-07-22T06:26:53+00:00","description":"Die Unternehmensvision der HKM AG: Ein exzellentes Umfeld f\u00fcr die Mitarbeiter und Kundenzufriedenheit als Priorit\u00e4t","breadcrumb":{"@id":"https:\/\/www.hkm.ch\/de\/firma\/vision-philosophie\/#breadcrumb"},"inLanguage":"de","potentialAction":[{"@type":"ReadAction","target":["https:\/\/www.hkm.ch\/de\/firma\/vision-philosophie\/"]}]},{"@type":"BreadcrumbList","@id":"https:\/\/www.hkm.ch\/de\/firma\/vision-philosophie\/#breadcrumb","itemListElement":[{"@type":"ListItem","position":1,"name":"Accueil","item":"https:\/\/www.hkm.ch\/de\/"},{"@type":"ListItem","position":2,"name":"firma","item":"https:\/\/www.hkm.ch\/de\/firma\/"},{"@type":"ListItem","position":3,"name":"Vision \/ Philosophie"}]},{"@type":"WebSite","@id":"https:\/\/www.hkm.ch\/de\/#website","url":"https:\/\/www.hkm.ch\/de\/","name":"HKM SA","description":"","publisher":{"@id":"https:\/\/www.hkm.ch\/de\/#organization"},"potentialAction":[{"@type":"SearchAction","target":{"@type":"EntryPoint","urlTemplate":"https:\/\/www.hkm.ch\/de\/?s={search_term_string}"},"query-input":{"@type":"PropertyValueSpecification","valueRequired":true,"valueName":"search_term_string"}}],"inLanguage":"de"},{"@type":"Organization","@id":"https:\/\/www.hkm.ch\/de\/#organization","name":"HKM SA","url":"https:\/\/www.hkm.ch\/de\/","logo":{"@type":"ImageObject","inLanguage":"de","@id":"https:\/\/www.hkm.ch\/de\/#\/schema\/logo\/image\/","url":"https:\/\/www.hkm.ch\/wp-content\/uploads\/2023\/11\/logo-hkm-sa.webp","contentUrl":"https:\/\/www.hkm.ch\/wp-content\/uploads\/2023\/11\/logo-hkm-sa.webp","width":250,"height":59,"caption":"HKM SA"},"image":{"@id":"https:\/\/www.hkm.ch\/de\/#\/schema\/logo\/image\/"}}]}},"_links":{"self":[{"href":"https:\/\/www.hkm.ch\/de\/wp-json\/wp\/v2\/pages\/2691","targetHints":{"allow":["GET"]}}],"collection":[{"href":"https:\/\/www.hkm.ch\/de\/wp-json\/wp\/v2\/pages"}],"about":[{"href":"https:\/\/www.hkm.ch\/de\/wp-json\/wp\/v2\/types\/page"}],"author":[{"embeddable":true,"href":"https:\/\/www.hkm.ch\/de\/wp-json\/wp\/v2\/users\/1"}],"replies":[{"embeddable":true,"href":"https:\/\/www.hkm.ch\/de\/wp-json\/wp\/v2\/comments?post=2691"}],"version-history":[{"count":14,"href":"https:\/\/www.hkm.ch\/de\/wp-json\/wp\/v2\/pages\/2691\/revisions"}],"predecessor-version":[{"id":4025,"href":"https:\/\/www.hkm.ch\/de\/wp-json\/wp\/v2\/pages\/2691\/revisions\/4025"}],"up":[{"embeddable":true,"href":"https:\/\/www.hkm.ch\/de\/wp-json\/wp\/v2\/pages\/2826"}],"wp:attachment":[{"href":"https:\/\/www.hkm.ch\/de\/wp-json\/wp\/v2\/media?parent=2691"}],"curies":[{"name":"wp","href":"https:\/\/api.w.org\/{rel}","templated":true}]}}