{"id":2690,"date":"2024-01-08T17:55:15","date_gmt":"2024-01-08T16:55:15","guid":{"rendered":"https:\/\/www.hkm.ch\/nos-valeurs\/"},"modified":"2025-07-22T08:30:56","modified_gmt":"2025-07-22T06:30:56","slug":"unsere-werte","status":"publish","type":"page","link":"https:\/\/www.hkm.ch\/de\/firma\/unsere-werte\/","title":{"rendered":"Unsere Werte"},"content":{"rendered":"\t\t<div data-elementor-type=\"wp-page\" data-elementor-id=\"2690\" class=\"elementor elementor-2690 elementor-1362\" data-elementor-post-type=\"page\">\n\t\t\t\t<div class=\"elementor-element elementor-element-c79bd71 e-flex e-con-boxed e-con e-parent\" data-id=\"c79bd71\" data-element_type=\"container\" data-e-type=\"container\" data-settings=\"{&quot;background_background&quot;:&quot;classic&quot;}\">\n\t\t\t\t\t<div class=\"e-con-inner\">\n\t\t\t\t\t<\/div>\n\t\t\t\t<\/div>\n\t\t<div class=\"elementor-element elementor-element-ee1efd2 e-flex e-con-boxed e-con e-parent\" data-id=\"ee1efd2\" data-element_type=\"container\" data-e-type=\"container\">\n\t\t\t\t\t<div class=\"e-con-inner\">\n\t\t\t\t<div class=\"elementor-element elementor-element-3d4d3a2 elementor-widget elementor-widget-heading\" data-id=\"3d4d3a2\" data-element_type=\"widget\" data-e-type=\"widget\" data-widget_type=\"heading.default\">\n\t\t\t\t<div class=\"elementor-widget-container\">\n\t\t\t\t\t<h1 class=\"elementor-heading-title elementor-size-default\">Unsere Werte<\/h1>\t\t\t\t<\/div>\n\t\t\t\t<\/div>\n\t\t<div class=\"elementor-element elementor-element-d7f2b40 e-flex e-con-boxed e-con e-child\" data-id=\"d7f2b40\" data-element_type=\"container\" data-e-type=\"container\">\n\t\t\t\t\t<div class=\"e-con-inner\">\n\t\t<div class=\"elementor-element elementor-element-4aee554 e-con-full e-flex e-con e-child\" data-id=\"4aee554\" data-element_type=\"container\" data-e-type=\"container\">\n\t\t\t\t<div class=\"elementor-element elementor-element-cfb916e elementor-widget elementor-widget-heading\" data-id=\"cfb916e\" data-element_type=\"widget\" data-e-type=\"widget\" data-widget_type=\"heading.default\">\n\t\t\t\t<div class=\"elementor-widget-container\">\n\t\t\t\t\t<h2 class=\"elementor-heading-title elementor-size-default\">QUALIT\u00c4T<\/h2>\t\t\t\t<\/div>\n\t\t\t\t<\/div>\n\t\t\t\t<div class=\"elementor-element elementor-element-502a6ae elementor-widget elementor-widget-text-editor\" data-id=\"502a6ae\" data-element_type=\"widget\" data-e-type=\"widget\" data-widget_type=\"text-editor.default\">\n\t\t\t\t<div class=\"elementor-widget-container\">\n\t\t\t\t\t\t\t\t\t<p>Wir sind bestrebt, exklusive Produkte aus der Schweiz und aus Europa anzubieten, die von unserem eigenen erfahrenen und leidenschaftlichen Montageservice in hoher Qualit\u00e4t ausgef\u00fchrt werden.\u00a0<\/p>\t\t\t\t\t\t\t\t<\/div>\n\t\t\t\t<\/div>\n\t\t\t\t<\/div>\n\t\t<div class=\"elementor-element elementor-element-c6f0888 e-con-full e-flex e-con e-child\" data-id=\"c6f0888\" data-element_type=\"container\" data-e-type=\"container\">\n\t\t\t\t<div class=\"elementor-element elementor-element-b1df00a elementor-widget elementor-widget-heading\" data-id=\"b1df00a\" data-element_type=\"widget\" data-e-type=\"widget\" data-widget_type=\"heading.default\">\n\t\t\t\t<div class=\"elementor-widget-container\">\n\t\t\t\t\t<h2 class=\"elementor-heading-title elementor-size-default\">VERGN\u00dcGEN<\/h2>\t\t\t\t<\/div>\n\t\t\t\t<\/div>\n\t\t\t\t<div class=\"elementor-element elementor-element-b52d1d8 elementor-widget elementor-widget-text-editor\" data-id=\"b52d1d8\" data-element_type=\"widget\" data-e-type=\"widget\" data-widget_type=\"text-editor.default\">\n\t\t\t\t<div class=\"elementor-widget-container\">\n\t\t\t\t\t\t\t\t\t<p>Von der Freude unserer Kunden, die zum ersten Mal ihren Fu\u00dfboden betreten, bis zur Freude unserer Mitarbeiter, die dank unseres famili\u00e4ren und menschlichen Managements jeden Tag zur Arbeit kommen.\u00a0<\/p>\t\t\t\t\t\t\t\t<\/div>\n\t\t\t\t<\/div>\n\t\t\t\t<\/div>\n\t\t<div class=\"elementor-element elementor-element-c30decb e-con-full e-flex e-con e-child\" data-id=\"c30decb\" data-element_type=\"container\" data-e-type=\"container\">\n\t\t\t\t<div class=\"elementor-element elementor-element-0156cfd elementor-widget elementor-widget-heading\" data-id=\"0156cfd\" data-element_type=\"widget\" data-e-type=\"widget\" data-widget_type=\"heading.default\">\n\t\t\t\t<div class=\"elementor-widget-container\">\n\t\t\t\t\t<h2 class=\"elementor-heading-title elementor-size-default\">ANN\u00c4HERUNG<\/h2>\t\t\t\t<\/div>\n\t\t\t\t<\/div>\n\t\t\t\t<div class=\"elementor-element elementor-element-036a638 elementor-widget elementor-widget-text-editor\" data-id=\"036a638\" data-element_type=\"widget\" data-e-type=\"widget\" data-widget_type=\"text-editor.default\">\n\t\t\t\t<div class=\"elementor-widget-container\">\n\t\t\t\t\t\t\t\t\t<p>Die Wahl der N\u00e4he und Erreichbarkeit unserer Ausstellungsr\u00e4ume in vier Kantonen der Westschweiz entspricht unserer Strategie, einen pers\u00f6nlichen und professionellen Service anzubieten.\u00a0<\/p>\t\t\t\t\t\t\t\t<\/div>\n\t\t\t\t<\/div>\n\t\t\t\t<\/div>\n\t\t<div class=\"elementor-element elementor-element-03688e6 e-con-full e-flex e-con e-child\" data-id=\"03688e6\" data-element_type=\"container\" data-e-type=\"container\">\n\t\t\t\t<div class=\"elementor-element elementor-element-bc07391 elementor-widget elementor-widget-heading\" data-id=\"bc07391\" data-element_type=\"widget\" data-e-type=\"widget\" data-widget_type=\"heading.default\">\n\t\t\t\t<div class=\"elementor-widget-container\">\n\t\t\t\t\t<h2 class=\"elementor-heading-title elementor-size-default\">KUNDENZUFRIEDENHEIT<\/h2>\t\t\t\t<\/div>\n\t\t\t\t<\/div>\n\t\t\t\t<div class=\"elementor-element elementor-element-d5ee2cd elementor-widget elementor-widget-text-editor\" data-id=\"d5ee2cd\" data-element_type=\"widget\" data-e-type=\"widget\" data-widget_type=\"text-editor.default\">\n\t\t\t\t<div class=\"elementor-widget-container\">\n\t\t\t\t\t\t\t\t\t<p>Die Zufriedenheit unserer Kunden ist unsere gr\u00f6\u00dfte Belohnung f\u00fcr eine gut ausgef\u00fchrte Arbeit. Sie treibt uns jeden Tag ein bisschen mehr zu H\u00f6chstleistungen an.\u00a0<\/p>\t\t\t\t\t\t\t\t<\/div>\n\t\t\t\t<\/div>\n\t\t\t\t<\/div>\n\t\t<div class=\"elementor-element elementor-element-5242089 e-con-full e-flex e-con e-child\" data-id=\"5242089\" data-element_type=\"container\" data-e-type=\"container\">\n\t\t\t\t<div class=\"elementor-element elementor-element-d33d89e elementor-widget elementor-widget-heading\" data-id=\"d33d89e\" data-element_type=\"widget\" data-e-type=\"widget\" data-widget_type=\"heading.default\">\n\t\t\t\t<div class=\"elementor-widget-container\">\n\t\t\t\t\t<h2 class=\"elementor-heading-title elementor-size-default\">TEAMGEIST<\/h2>\t\t\t\t<\/div>\n\t\t\t\t<\/div>\n\t\t\t\t<div class=\"elementor-element elementor-element-5d0845b elementor-widget elementor-widget-text-editor\" data-id=\"5d0845b\" data-element_type=\"widget\" data-e-type=\"widget\" data-widget_type=\"text-editor.default\">\n\t\t\t\t<div class=\"elementor-widget-container\">\n\t\t\t\t\t\t\t\t\t<p>Unser Erfolg gr\u00fcndet sich auf unsere Mitarbeiter! HKM ist eine gro\u00dfe Familie, egal in welcher Position. Die freundschaftliche Atmosph\u00e4re unter unseren Mitarbeitern schafft einen nat\u00fcrlichen Geist der gegenseitigen Unterst\u00fctzung und ist eine unserer St\u00e4rken.\u00a0<\/p>\t\t\t\t\t\t\t\t<\/div>\n\t\t\t\t<\/div>\n\t\t\t\t<\/div>\n\t\t<div class=\"elementor-element elementor-element-21b937b e-flex e-con-boxed e-con e-child\" data-id=\"21b937b\" data-element_type=\"container\" data-e-type=\"container\">\n\t\t\t\t\t<div class=\"e-con-inner\">\n\t\t\t\t<div class=\"elementor-element elementor-element-76d425c elementor-widget elementor-widget-button\" data-id=\"76d425c\" data-element_type=\"widget\" data-e-type=\"widget\" data-widget_type=\"button.default\">\n\t\t\t\t<div class=\"elementor-widget-container\">\n\t\t\t\t\t\t\t\t\t<div class=\"elementor-button-wrapper\">\n\t\t\t\t\t<a class=\"elementor-button elementor-button-link elementor-size-sm\" href=\"https:\/\/www.hkm.ch\/de\/karriere\/berufe-die-wir-ausbilden\/\">\n\t\t\t\t\t\t<span class=\"elementor-button-content-wrapper\">\n\t\t\t\t\t\t\t\t\t<span class=\"elementor-button-text\">Unsere Ausbildungen<\/span>\n\t\t\t\t\t<\/span>\n\t\t\t\t\t<\/a>\n\t\t\t\t<\/div>\n\t\t\t\t\t\t\t\t<\/div>\n\t\t\t\t<\/div>\n\t\t\t\t<div class=\"elementor-element elementor-element-d781db0 elementor-widget elementor-widget-button\" data-id=\"d781db0\" data-element_type=\"widget\" data-e-type=\"widget\" data-widget_type=\"button.default\">\n\t\t\t\t<div class=\"elementor-widget-container\">\n\t\t\t\t\t\t\t\t\t<div class=\"elementor-button-wrapper\">\n\t\t\t\t\t<a class=\"elementor-button elementor-button-link elementor-size-sm\" href=\"https:\/\/www.hkm.ch\/de\/kontakt-formular\/\">\n\t\t\t\t\t\t<span class=\"elementor-button-content-wrapper\">\n\t\t\t\t\t\t\t\t\t<span class=\"elementor-button-text\">Kontaktieren Sie uns<\/span>\n\t\t\t\t\t<\/span>\n\t\t\t\t\t<\/a>\n\t\t\t\t<\/div>\n\t\t\t\t\t\t\t\t<\/div>\n\t\t\t\t<\/div>\n\t\t\t\t\t<\/div>\n\t\t\t\t<\/div>\n\t\t\t\t\t<\/div>\n\t\t\t\t<\/div>\n\t\t\t\t\t<\/div>\n\t\t\t\t<\/div>\n\t\t\t\t<\/div>\n\t\t","protected":false},"excerpt":{"rendered":"<p>Unsere Werte QUALIT\u00c4T Wir sind bestrebt, exklusive Produkte aus der Schweiz und aus Europa anzubieten, die von unserem eigenen erfahrenen und leidenschaftlichen Montageservice in hoher Qualit\u00e4t ausgef\u00fchrt werden.\u00a0 VERGN\u00dcGEN Von der Freude unserer Kunden, die zum ersten Mal ihren Fu\u00dfboden betreten, bis zur Freude unserer Mitarbeiter, die dank unseres famili\u00e4ren und menschlichen Managements jeden Tag [&hellip;]<\/p>\n","protected":false},"author":1,"featured_media":0,"parent":2826,"menu_order":3,"comment_status":"closed","ping_status":"closed","template":"elementor_header_footer","meta":{"footnotes":""},"class_list":["post-2690","page","type-page","status-publish","hentry"],"yoast_head":"<!-- This site is optimized with the Yoast SEO plugin v27.4 - https:\/\/yoast.com\/product\/yoast-seo-wordpress\/ -->\n<title>Unsere Werte \u2013 HKM SA - Fribourg - Lausanne - Gen\u00e8ve - Neuch\u00e2tel<\/title>\n<meta name=\"description\" content=\"Wir sind spezialisiert auf Bodenbel\u00e4ge, Parkett, Terrassen, Insektengitter, Sonnenschutz, Vorh\u00e4nge, Doppelb\u00f6den, versetzbare W\u00e4nde etc. HKM steht Ihnen zur Seite, um Sie zufrieden zu stellen\" \/>\n<meta name=\"robots\" content=\"index, follow, max-snippet:-1, max-image-preview:large, max-video-preview:-1\" \/>\n<link rel=\"canonical\" href=\"https:\/\/www.hkm.ch\/de\/firma\/unsere-werte\/\" \/>\n<meta property=\"og:locale\" content=\"de_DE\" \/>\n<meta property=\"og:type\" content=\"article\" \/>\n<meta property=\"og:title\" content=\"Unsere Werte \u2013 HKM SA - Fribourg - Lausanne - Gen\u00e8ve - Neuch\u00e2tel\" \/>\n<meta property=\"og:description\" content=\"Wir sind spezialisiert auf Bodenbel\u00e4ge, Parkett, Terrassen, Insektengitter, Sonnenschutz, Vorh\u00e4nge, Doppelb\u00f6den, versetzbare W\u00e4nde etc. HKM steht Ihnen zur Seite, um Sie zufrieden zu stellen\" \/>\n<meta property=\"og:url\" content=\"https:\/\/www.hkm.ch\/de\/firma\/unsere-werte\/\" \/>\n<meta property=\"og:site_name\" content=\"HKM SA\" \/>\n<meta property=\"article:modified_time\" content=\"2025-07-22T06:30:56+00:00\" \/>\n<meta name=\"twitter:card\" content=\"summary_large_image\" \/>\n<meta name=\"twitter:label1\" content=\"Gesch\u00e4tzte Lesezeit\" \/>\n\t<meta name=\"twitter:data1\" content=\"1\u00a0Minute\" \/>\n<script type=\"application\/ld+json\" class=\"yoast-schema-graph\">{\"@context\":\"https:\\\/\\\/schema.org\",\"@graph\":[{\"@type\":\"WebPage\",\"@id\":\"https:\\\/\\\/www.hkm.ch\\\/de\\\/firma\\\/unsere-werte\\\/\",\"url\":\"https:\\\/\\\/www.hkm.ch\\\/de\\\/firma\\\/unsere-werte\\\/\",\"name\":\"Unsere Werte \u2013 HKM SA - Fribourg - Lausanne - Gen\u00e8ve - Neuch\u00e2tel\",\"isPartOf\":{\"@id\":\"https:\\\/\\\/www.hkm.ch\\\/de\\\/#website\"},\"datePublished\":\"2024-01-08T16:55:15+00:00\",\"dateModified\":\"2025-07-22T06:30:56+00:00\",\"description\":\"Wir sind spezialisiert auf Bodenbel\u00e4ge, Parkett, Terrassen, Insektengitter, Sonnenschutz, Vorh\u00e4nge, Doppelb\u00f6den, versetzbare W\u00e4nde etc. HKM steht Ihnen zur Seite, um Sie zufrieden zu stellen\",\"breadcrumb\":{\"@id\":\"https:\\\/\\\/www.hkm.ch\\\/de\\\/firma\\\/unsere-werte\\\/#breadcrumb\"},\"inLanguage\":\"de\",\"potentialAction\":[{\"@type\":\"ReadAction\",\"target\":[\"https:\\\/\\\/www.hkm.ch\\\/de\\\/firma\\\/unsere-werte\\\/\"]}]},{\"@type\":\"BreadcrumbList\",\"@id\":\"https:\\\/\\\/www.hkm.ch\\\/de\\\/firma\\\/unsere-werte\\\/#breadcrumb\",\"itemListElement\":[{\"@type\":\"ListItem\",\"position\":1,\"name\":\"Accueil\",\"item\":\"https:\\\/\\\/www.hkm.ch\\\/de\\\/\"},{\"@type\":\"ListItem\",\"position\":2,\"name\":\"firma\",\"item\":\"https:\\\/\\\/www.hkm.ch\\\/de\\\/firma\\\/\"},{\"@type\":\"ListItem\",\"position\":3,\"name\":\"Unsere Werte\"}]},{\"@type\":\"WebSite\",\"@id\":\"https:\\\/\\\/www.hkm.ch\\\/de\\\/#website\",\"url\":\"https:\\\/\\\/www.hkm.ch\\\/de\\\/\",\"name\":\"HKM SA\",\"description\":\"\",\"publisher\":{\"@id\":\"https:\\\/\\\/www.hkm.ch\\\/de\\\/#organization\"},\"potentialAction\":[{\"@type\":\"SearchAction\",\"target\":{\"@type\":\"EntryPoint\",\"urlTemplate\":\"https:\\\/\\\/www.hkm.ch\\\/de\\\/?s={search_term_string}\"},\"query-input\":{\"@type\":\"PropertyValueSpecification\",\"valueRequired\":true,\"valueName\":\"search_term_string\"}}],\"inLanguage\":\"de\"},{\"@type\":\"Organization\",\"@id\":\"https:\\\/\\\/www.hkm.ch\\\/de\\\/#organization\",\"name\":\"HKM SA\",\"url\":\"https:\\\/\\\/www.hkm.ch\\\/de\\\/\",\"logo\":{\"@type\":\"ImageObject\",\"inLanguage\":\"de\",\"@id\":\"https:\\\/\\\/www.hkm.ch\\\/de\\\/#\\\/schema\\\/logo\\\/image\\\/\",\"url\":\"https:\\\/\\\/www.hkm.ch\\\/wp-content\\\/uploads\\\/2023\\\/11\\\/logo-hkm-sa.webp\",\"contentUrl\":\"https:\\\/\\\/www.hkm.ch\\\/wp-content\\\/uploads\\\/2023\\\/11\\\/logo-hkm-sa.webp\",\"width\":250,\"height\":59,\"caption\":\"HKM SA\"},\"image\":{\"@id\":\"https:\\\/\\\/www.hkm.ch\\\/de\\\/#\\\/schema\\\/logo\\\/image\\\/\"}}]}<\/script>\n<!-- \/ Yoast SEO plugin. -->","yoast_head_json":{"title":"Unsere Werte \u2013 HKM SA - Fribourg - Lausanne - Gen\u00e8ve - Neuch\u00e2tel","description":"Wir sind spezialisiert auf Bodenbel\u00e4ge, Parkett, Terrassen, Insektengitter, Sonnenschutz, Vorh\u00e4nge, Doppelb\u00f6den, versetzbare W\u00e4nde etc. HKM steht Ihnen zur Seite, um Sie zufrieden zu stellen","robots":{"index":"index","follow":"follow","max-snippet":"max-snippet:-1","max-image-preview":"max-image-preview:large","max-video-preview":"max-video-preview:-1"},"canonical":"https:\/\/www.hkm.ch\/de\/firma\/unsere-werte\/","og_locale":"de_DE","og_type":"article","og_title":"Unsere Werte \u2013 HKM SA - Fribourg - Lausanne - Gen\u00e8ve - Neuch\u00e2tel","og_description":"Wir sind spezialisiert auf Bodenbel\u00e4ge, Parkett, Terrassen, Insektengitter, Sonnenschutz, Vorh\u00e4nge, Doppelb\u00f6den, versetzbare W\u00e4nde etc. HKM steht Ihnen zur Seite, um Sie zufrieden zu stellen","og_url":"https:\/\/www.hkm.ch\/de\/firma\/unsere-werte\/","og_site_name":"HKM SA","article_modified_time":"2025-07-22T06:30:56+00:00","twitter_card":"summary_large_image","twitter_misc":{"Gesch\u00e4tzte Lesezeit":"1\u00a0Minute"},"schema":{"@context":"https:\/\/schema.org","@graph":[{"@type":"WebPage","@id":"https:\/\/www.hkm.ch\/de\/firma\/unsere-werte\/","url":"https:\/\/www.hkm.ch\/de\/firma\/unsere-werte\/","name":"Unsere Werte \u2013 HKM SA - Fribourg - Lausanne - Gen\u00e8ve - Neuch\u00e2tel","isPartOf":{"@id":"https:\/\/www.hkm.ch\/de\/#website"},"datePublished":"2024-01-08T16:55:15+00:00","dateModified":"2025-07-22T06:30:56+00:00","description":"Wir sind spezialisiert auf Bodenbel\u00e4ge, Parkett, Terrassen, Insektengitter, Sonnenschutz, Vorh\u00e4nge, Doppelb\u00f6den, versetzbare W\u00e4nde etc. HKM steht Ihnen zur Seite, um Sie zufrieden zu stellen","breadcrumb":{"@id":"https:\/\/www.hkm.ch\/de\/firma\/unsere-werte\/#breadcrumb"},"inLanguage":"de","potentialAction":[{"@type":"ReadAction","target":["https:\/\/www.hkm.ch\/de\/firma\/unsere-werte\/"]}]},{"@type":"BreadcrumbList","@id":"https:\/\/www.hkm.ch\/de\/firma\/unsere-werte\/#breadcrumb","itemListElement":[{"@type":"ListItem","position":1,"name":"Accueil","item":"https:\/\/www.hkm.ch\/de\/"},{"@type":"ListItem","position":2,"name":"firma","item":"https:\/\/www.hkm.ch\/de\/firma\/"},{"@type":"ListItem","position":3,"name":"Unsere Werte"}]},{"@type":"WebSite","@id":"https:\/\/www.hkm.ch\/de\/#website","url":"https:\/\/www.hkm.ch\/de\/","name":"HKM SA","description":"","publisher":{"@id":"https:\/\/www.hkm.ch\/de\/#organization"},"potentialAction":[{"@type":"SearchAction","target":{"@type":"EntryPoint","urlTemplate":"https:\/\/www.hkm.ch\/de\/?s={search_term_string}"},"query-input":{"@type":"PropertyValueSpecification","valueRequired":true,"valueName":"search_term_string"}}],"inLanguage":"de"},{"@type":"Organization","@id":"https:\/\/www.hkm.ch\/de\/#organization","name":"HKM SA","url":"https:\/\/www.hkm.ch\/de\/","logo":{"@type":"ImageObject","inLanguage":"de","@id":"https:\/\/www.hkm.ch\/de\/#\/schema\/logo\/image\/","url":"https:\/\/www.hkm.ch\/wp-content\/uploads\/2023\/11\/logo-hkm-sa.webp","contentUrl":"https:\/\/www.hkm.ch\/wp-content\/uploads\/2023\/11\/logo-hkm-sa.webp","width":250,"height":59,"caption":"HKM SA"},"image":{"@id":"https:\/\/www.hkm.ch\/de\/#\/schema\/logo\/image\/"}}]}},"_links":{"self":[{"href":"https:\/\/www.hkm.ch\/de\/wp-json\/wp\/v2\/pages\/2690","targetHints":{"allow":["GET"]}}],"collection":[{"href":"https:\/\/www.hkm.ch\/de\/wp-json\/wp\/v2\/pages"}],"about":[{"href":"https:\/\/www.hkm.ch\/de\/wp-json\/wp\/v2\/types\/page"}],"author":[{"embeddable":true,"href":"https:\/\/www.hkm.ch\/de\/wp-json\/wp\/v2\/users\/1"}],"replies":[{"embeddable":true,"href":"https:\/\/www.hkm.ch\/de\/wp-json\/wp\/v2\/comments?post=2690"}],"version-history":[{"count":12,"href":"https:\/\/www.hkm.ch\/de\/wp-json\/wp\/v2\/pages\/2690\/revisions"}],"predecessor-version":[{"id":4034,"href":"https:\/\/www.hkm.ch\/de\/wp-json\/wp\/v2\/pages\/2690\/revisions\/4034"}],"up":[{"embeddable":true,"href":"https:\/\/www.hkm.ch\/de\/wp-json\/wp\/v2\/pages\/2826"}],"wp:attachment":[{"href":"https:\/\/www.hkm.ch\/de\/wp-json\/wp\/v2\/media?parent=2690"}],"curies":[{"name":"wp","href":"https:\/\/api.w.org\/{rel}","templated":true}]}}